{"id":19047,"date":"2022-08-17T10:15:43","date_gmt":"2022-08-17T10:15:43","guid":{"rendered":"https:\/\/tthcompany.ma\/?post_type=product&#038;p=19047"},"modified":"2022-08-17T10:16:13","modified_gmt":"2022-08-17T10:16:13","slug":"xvr5116h-4kl-x","status":"publish","type":"product","link":"https:\/\/tthcompany.ma\/index.php\/product\/xvr5116h-4kl-x\/","title":{"rendered":"XVR5116H-4KL-X"},"content":{"rendered":"<div id=\"div_left\">\n<div class=\"div-drop\">\n<table id=\"table001\" class=\"NEW-TABLE TableOverride-1 tab-drag\">\n<tbody>\n<tr>\n<td colspan=\"60\">\n<h2><span style=\"font-size: 14pt;\">Syst\u00e8me<\/span><\/h2>\n<\/td>\n<\/tr>\n<tr>\n<td colspan=\"18\">Processeur principal<\/td>\n<td colspan=\"42\">Processeur Embarqu\u00e9<\/td>\n<\/tr>\n<tr>\n<td colspan=\"18\">Syst\u00e8me op\u00e9rateur<\/td>\n<td colspan=\"42\">LINUX int\u00e9gr\u00e9<\/td>\n<\/tr>\n<tr>\n<td colspan=\"60\">\n<h2><span style=\"font-size: 14pt;\">Vid\u00e9o et audio<\/span><\/h2>\n<\/td>\n<\/tr>\n<tr>\n<td colspan=\"18\">Entr\u00e9e cam\u00e9ra analogique<\/td>\n<td colspan=\"42\">Canal 16, BNC<\/td>\n<\/tr>\n<tr>\n<td colspan=\"18\">Cam\u00e9ra HDCVI<\/td>\n<td colspan=\"42\">4K, 6MP, 4MP, 1080P @ 25 \/ 30fps, 720P @ 50 \/ 60fps, 720P @ 25 \/ 30fps<\/td>\n<\/tr>\n<tr>\n<td colspan=\"18\">Cam\u00e9ra AHD<\/td>\n<td colspan=\"42\">5MP, 4MP, 3MP, 1080P @ 25\/30, 720P @ 25 \/ 30fps<\/td>\n<\/tr>\n<tr>\n<td colspan=\"18\">Cam\u00e9ra TVI<\/td>\n<td colspan=\"42\">5MP, 4MP, 3MP, 1080P @ 25\/30, 720P @ 25 \/ 30fps<\/td>\n<\/tr>\n<tr>\n<td colspan=\"18\">Cam\u00e9ra CVBS<\/td>\n<td colspan=\"42\">PAL \/ NTSC<\/td>\n<\/tr>\n<tr>\n<td colspan=\"18\">Entr\u00e9e cam\u00e9ra IP<\/td>\n<td colspan=\"42\">16 + 8 canaux, chaque canal jusqu&#8217;\u00e0 8MP<\/td>\n<\/tr>\n<tr>\n<td colspan=\"18\">Audio In \/ Out<\/td>\n<td colspan=\"42\">1\/1, RCA<\/td>\n<\/tr>\n<tr>\n<td colspan=\"18\">Conversation \u00e0 double sens<\/td>\n<td colspan=\"42\">R\u00e9utilisation des entr\u00e9es \/ sorties audio, RCA<\/td>\n<\/tr>\n<tr>\n<td colspan=\"60\">\n<h2><span style=\"font-size: 14pt;\">Enregistrement<\/span><\/h2>\n<\/td>\n<\/tr>\n<tr>\n<td colspan=\"18\">Compression<\/td>\n<td colspan=\"42\">H.265 + \/ H.265 \/ H.264 + \/ H.264<\/td>\n<\/tr>\n<tr>\n<td colspan=\"18\">R\u00e9solution<\/td>\n<td colspan=\"42\">4K, 6MP, 5MP, 4MP, 3MP, 4M-N, 1080P, 720P, 960H, D1, CIF<\/td>\n<\/tr>\n<tr>\n<td colspan=\"18\">Taux d&#8217;enregistrement<\/td>\n<td colspan=\"42\">Flux principal: 4K (1 ~ 7fps);\u00a06MP (1 ~ 10fps);\u00a05MP (1 ~ 12fps);\u00a04MP \/ 3MP (1 ~ 15fps);\u00a04M-N \/ 1080P \/ 720P \/ 960H \/ D1 \/ CIF (1 ~ 25 \/ 30fps)<\/p>\n<p>Sub steram: 960H (1 ~ 15fps);<\/p>\n<p>D1 \/ CIF (1 ~ 25\u00a0<span lang=\"zh-CN\">\/\u00a0<\/span>30fps)<\/td>\n<\/tr>\n<tr>\n<td colspan=\"18\">D\u00e9bit binaire<\/td>\n<td colspan=\"42\">32Kbps ~ 6144Kbps par canal<\/td>\n<\/tr>\n<tr>\n<td colspan=\"18\">Mode d&#8217;enregistrement<\/td>\n<td colspan=\"42\">Manuel, Calendrier (G\u00e9n\u00e9ral, Continu), MD (D\u00e9tection vid\u00e9o: D\u00e9tection de mouvement, Perte vid\u00e9o, falsification), Alarme, Arr\u00eat<\/td>\n<\/tr>\n<tr>\n<td colspan=\"18\">Record Interval<\/td>\n<td colspan=\"42\">1 ~ 60 min (par d\u00e9faut: 60 min), pr\u00e9-enregistrement: 1 ~ 30 sec, post-enregistrement: 10 ~ 300 sec<\/td>\n<\/tr>\n<tr>\n<td colspan=\"18\">Compression audio<\/td>\n<td colspan=\"42\">AAC (uniquement pour le 1er canal), G.711A, G.711U, PCM<\/td>\n<\/tr>\n<tr>\n<td colspan=\"18\">Taux d&#8217;\u00e9chantillonnage audio<\/td>\n<td colspan=\"42\">8KHz, 16 bits par canal<\/td>\n<\/tr>\n<tr>\n<td colspan=\"18\">Bitrate audio<\/td>\n<td colspan=\"42\">64Kbps par canal<\/td>\n<\/tr>\n<tr>\n<td colspan=\"60\">\n<h2><span style=\"font-size: 14pt;\">Afficher<\/span><\/h2>\n<\/td>\n<\/tr>\n<tr>\n<td colspan=\"18\">Interface<\/td>\n<td colspan=\"42\">1 HDMI, 1 VGA<\/td>\n<\/tr>\n<tr>\n<td colspan=\"18\">R\u00e9solution<\/td>\n<td colspan=\"42\">HDMI: 3840 \u00d7 2160, 2560 \u00d7 1440\u00a0<span lang=\"zh-CN\">,\u00a0<\/span>1920 \u00d7 1080, 1280 \u00d7 1024, 1280 \u00d7 720<\/p>\n<p>VGA: 1920 \u00d7 1080, 1280 \u00d7 1024, 1280 \u00d7 720<\/td>\n<\/tr>\n<tr>\n<td colspan=\"18\">Affichage multi-\u00e9crans<\/td>\n<td colspan=\"42\">Lorsque le mode extension IP n&#8217;est pas activ\u00e9\u00a0<span lang=\"zh-CN\">:<\/span><\/p>\n<p>16CH: 1\/4\/8\/9\/16<\/p>\n<p>Lorsque le mode extension IP est activ\u00e9\u00a0<span lang=\"zh-CN\">:<\/span><\/p>\n<p>16CH: 1\/4\/8\/9\/16\/25<\/td>\n<\/tr>\n<tr>\n<td colspan=\"18\">OSD<\/td>\n<td colspan=\"42\">Titre de la cam\u00e9ra, Heure, Perte de la vid\u00e9o, Verrou de la cam\u00e9ra, D\u00e9tection de mouvement, Enregistrement<\/td>\n<\/tr>\n<tr>\n<td colspan=\"60\">\n<h2><span style=\"font-size: 14pt;\">R\u00e9seau<\/span><\/h2>\n<\/td>\n<\/tr>\n<tr>\n<td colspan=\"18\">Interface<\/td>\n<td colspan=\"42\">1 port RJ-45 (1000 M)<\/td>\n<\/tr>\n<tr>\n<td colspan=\"18\">Fonction r\u00e9seau<\/td>\n<td colspan=\"42\">HTTP, HTTPS, TCP \/ IP, IPv4 \/ IPv6, Wi-Fi, 3G \/ 4G\u00a0<span lang=\"zh-CN\">,\u00a0<\/span>UPnP, RTSP, UDP, SMTP, NTP, DHCP, DNS, Filtre IP, PPPoE, DDNS, FTP, Serveur d\u2019alarme, P2P, Recherche IP (Prise en charge de la cam\u00e9ra IP Dahua, DVR, NVS, etc.)<\/td>\n<\/tr>\n<tr>\n<td colspan=\"18\">Max.\u00a0Acc\u00e8s utilisateur<\/td>\n<td colspan=\"42\">128 utilisateurs<\/td>\n<\/tr>\n<tr>\n<td colspan=\"18\">T\u00e9l\u00e9phone intelligent<\/td>\n<td colspan=\"42\">iPhone, iPad, Android<\/td>\n<\/tr>\n<tr>\n<td colspan=\"18\">L&#8217;interop\u00e9rabilit\u00e9<\/td>\n<td colspan=\"42\">ONVIF 16.12, conforme \u00e0 CGI<\/td>\n<\/tr>\n<\/tbody>\n<\/table>\n<\/div>\n<\/div>\n<div id=\"div_left\">\n<div class=\"div-drop\">\n<table id=\"table002\" class=\"NEW-TABLE TableOverride-1 tab-drag\" style=\"width: 100%;\">\n<tbody>\n<tr>\n<td style=\"width: 30.7134%;\" colspan=\"60\">\n<h2><span style=\"font-size: 14pt;\">D\u00e9tection vid\u00e9o et alarme<\/span><\/h2>\n<\/td>\n<\/tr>\n<tr>\n<td style=\"width: 14.7521%;\" colspan=\"18\">\u00c9v\u00e9nements d\u00e9clencheurs<\/td>\n<td style=\"width: 15.9613%;\" colspan=\"42\">Enregistrement, PTZ, Visite guid\u00e9e, Push vid\u00e9o, Email, FTP, Snapshot, Buzzer et Screen Tips<\/td>\n<\/tr>\n<tr>\n<td style=\"width: 14.7521%;\" colspan=\"18\">D\u00e9tection vid\u00e9o<\/td>\n<td style=\"width: 15.9613%;\" colspan=\"42\">D\u00e9tection de mouvement, zones MD: 396 (22 \u00d7 18), perte vid\u00e9o, alt\u00e9ration et diagnostic<\/td>\n<\/tr>\n<tr>\n<td style=\"width: 14.7521%;\" colspan=\"18\">Entr\u00e9e d&#8217;alarme<\/td>\n<td style=\"width: 15.9613%;\" colspan=\"42\">N \/ A<\/td>\n<\/tr>\n<tr>\n<td style=\"width: 14.7521%;\" colspan=\"18\">Sortie relais<\/td>\n<td style=\"width: 15.9613%;\" colspan=\"42\">N \/ A<\/td>\n<\/tr>\n<tr>\n<td style=\"width: 30.7134%;\" colspan=\"60\">\n<h2><span style=\"font-size: 14pt;\">Lire\u00a0\u00a0et sauvegarde<\/span><\/h2>\n<\/td>\n<\/tr>\n<tr>\n<td style=\"width: 14.7521%;\" colspan=\"18\">Lecture<\/td>\n<td style=\"width: 15.9613%;\" colspan=\"42\">16CH: 1\/4\/9\/16<\/td>\n<\/tr>\n<tr>\n<td style=\"width: 14.7521%;\" colspan=\"18\">Mode de recherche<\/td>\n<td style=\"width: 15.9613%;\" colspan=\"42\">Heure \/ Date, Alarme, MD et Recherche Exacte (pr\u00e9cision \u00e0 la seconde)<\/td>\n<\/tr>\n<tr>\n<td style=\"width: 14.7521%;\" colspan=\"18\">Fonction de lecture<\/td>\n<td style=\"width: 15.9613%;\" colspan=\"42\">Lecture, Pause, Arr\u00eat, Retour rapide, Lecture rapide, Lecture lente, Fichier suivant, Fichier pr\u00e9c\u00e9dent, Appareil photo pr\u00e9c\u00e9dent, Plein \u00e9cran, R\u00e9p\u00e9ter, Al\u00e9atoire, S\u00e9lection de sauvegarde, Zoom num\u00e9rique<\/td>\n<\/tr>\n<tr>\n<td style=\"width: 14.7521%;\" colspan=\"18\">Mode de sauvegarde<\/td>\n<td style=\"width: 15.9613%;\" colspan=\"42\">P\u00e9riph\u00e9rique USB \/ r\u00e9seau<\/td>\n<\/tr>\n<tr>\n<td style=\"width: 30.7134%;\" colspan=\"60\">\n<h2><span style=\"font-size: 14pt;\">Espace de rangement<\/span><\/h2>\n<\/td>\n<\/tr>\n<tr>\n<td style=\"width: 14.7521%;\" colspan=\"18\">Disque dur interne<\/td>\n<td style=\"width: 15.9613%;\" colspan=\"42\">1 port SATA, jusqu&#8217;\u00e0 10 To de capacit\u00e9<\/td>\n<\/tr>\n<tr>\n<td style=\"width: 14.7521%;\" colspan=\"18\">eSATA<\/td>\n<td style=\"width: 15.9613%;\" colspan=\"42\">N \/ A<\/td>\n<\/tr>\n<tr>\n<td style=\"width: 30.7134%;\" colspan=\"60\">\n<h2><span style=\"font-size: 14pt;\">Interface auxiliaire<\/span><\/h2>\n<\/td>\n<\/tr>\n<tr>\n<td style=\"width: 14.7521%;\" colspan=\"18\">USB<\/td>\n<td style=\"width: 15.9613%;\" colspan=\"42\">2 ports USB (1 USB 2.0, 1 USB 3.0)<\/td>\n<\/tr>\n<tr>\n<td style=\"width: 14.7521%;\" colspan=\"18\">RS232<\/td>\n<td style=\"width: 15.9613%;\" colspan=\"42\">N \/ A<\/td>\n<\/tr>\n<tr>\n<td style=\"width: 14.7521%;\" colspan=\"18\">RS485<\/td>\n<td style=\"width: 15.9613%;\" colspan=\"42\">1 port, pour le contr\u00f4le PTZ<\/td>\n<\/tr>\n<tr>\n<td style=\"width: 30.7134%;\" colspan=\"60\">\n<h2><span style=\"font-size: 14pt;\">\u00c9lectrique<\/span><\/h2>\n<\/td>\n<\/tr>\n<tr>\n<td style=\"width: 14.7521%;\" colspan=\"18\">Source de courant<\/td>\n<td style=\"width: 15.9613%;\" colspan=\"42\">16CH: DC12V \/ 3A<\/td>\n<\/tr>\n<tr>\n<td style=\"width: 14.7521%;\" colspan=\"18\">Consommation d&#8217;\u00e9nergie<\/p>\n<p>(sans disque dur)<\/td>\n<td style=\"width: 15.9613%;\" colspan=\"42\">16CH: &lt;20W<\/td>\n<\/tr>\n<tr>\n<td style=\"width: 30.7134%;\" colspan=\"60\">\n<h2><span style=\"font-size: 14pt;\">Construction<\/span><\/h2>\n<\/td>\n<\/tr>\n<tr>\n<td style=\"width: 14.7521%;\" colspan=\"18\">Dimensions<\/td>\n<td style=\"width: 15.9613%;\" colspan=\"42\">Mini 1U, 325mm \u00d7 255mm \u00d7 55mm (12.8 &#8220;x 10&#8221; x 2.2 &#8220;)<\/td>\n<\/tr>\n<tr>\n<td style=\"width: 14.7521%;\" colspan=\"18\">Poids net<\/p>\n<p>(sans disque dur)<\/td>\n<td style=\"width: 15.9613%;\" colspan=\"42\">16CH: 1,3 kg (2,9 lb)<\/td>\n<\/tr>\n<tr>\n<td style=\"width: 14.7521%;\" colspan=\"18\">Poids brut<\/td>\n<td style=\"width: 15.9613%;\" colspan=\"42\">16CH: 2,0 kg (4.4b)<\/td>\n<\/tr>\n<tr>\n<td style=\"width: 14.7521%;\" colspan=\"18\">Installation<\/td>\n<td style=\"width: 15.9613%;\" colspan=\"42\">Installation de bureau<\/td>\n<\/tr>\n<tr>\n<td style=\"width: 30.7134%;\" colspan=\"60\">\n<h2><span style=\"font-size: 14pt;\">Environnement<\/span><\/h2>\n<\/td>\n<\/tr>\n<tr>\n<td style=\"width: 14.7521%;\" colspan=\"18\">Des conditions de fonctionnement<\/td>\n<td style=\"width: 15.9613%;\" colspan=\"42\">-10 \u00b0 C ~ + 55 \u00b0 C, 10% ~ 90% HR<\/td>\n<\/tr>\n<tr>\n<td style=\"width: 14.7521%;\" colspan=\"18\">Conditions de stockage<\/td>\n<td style=\"width: 15.9613%;\" colspan=\"42\">-20 \u00b0 C ~ + 70 \u00b0 C, 0 ~ 90% HR<\/td>\n<\/tr>\n<tr>\n<td style=\"width: 30.7134%;\" colspan=\"60\">\n<h2><span style=\"font-size: 14pt;\">Assistance tierce<\/span><\/h2>\n<\/td>\n<\/tr>\n<tr>\n<td style=\"width: 14.7521%;\" colspan=\"18\">Assistance tierce<\/td>\n<td style=\"width: 15.9613%;\" colspan=\"42\">Dahua, Arecont Vision, AXIS, Bosch, Brickcom, Canon, CP Plus, Dynacolor, Honeywell, Panasonic, Pelco, Samsung, Sanyo, Sony, Videotec, Vivotek, etc.<\/td>\n<\/tr>\n<tr>\n<td style=\"width: 14.7521%;\" colspan=\"18\">Dimensions<\/td>\n<td style=\"width: 15.9613%;\" colspan=\"42\">Mini 1U, 325mm \u00d7 255mm \u00d7 55mm (12.8 &#8220;x 10&#8221; x 2.2 &#8220;)<\/td>\n<\/tr>\n<tr>\n<td style=\"width: 30.7134%;\" colspan=\"60\">\n<h2><span style=\"font-size: 14pt;\">Certifications<\/span><\/h2>\n<\/td>\n<\/tr>\n<tr>\n<td style=\"width: 14.7521%;\" colspan=\"18\" rowspan=\"3\">Certifications<\/td>\n<td style=\"width: 15.9613%;\" colspan=\"42\">FCC: Partie 15, sous-partie B<\/td>\n<\/tr>\n<tr>\n<td style=\"width: 15.9613%;\" colspan=\"42\">CE: CE-LVD: EN 60950-1 \/ IEC 60950-1<\/p>\n<p>CE-EMC: EN 61000-3-2, EN 61000-3-3, EN 55032, EN 50130, EN 55024<\/td>\n<\/tr>\n<tr>\n<td style=\"width: 15.9613%;\" colspan=\"42\">UL: UL 60950-1<\/td>\n<\/tr>\n<\/tbody>\n<\/table>\n<\/div>\n<\/div>\n","protected":false},"excerpt":{"rendered":"<h1 class=\"text\"><span style=\"color: #000000; font-family: georgia, palatino, serif;\"><strong><span style=\"font-size: 10pt;\">Enregistreur vid\u00e9o num\u00e9rique Mini Penta-brid 4K 16 canaux<\/span><\/strong><\/span><\/h1>\n<ul>\n<li>Compression vid\u00e9o double flux H.265 + \/ H.265<\/li>\n<li>Prise en charge des entr\u00e9es\u00a0vid\u00e9o\u00a0HDCVI \/ AHD \/ TVI \/ CVBS \/ IP<\/li>\n<li>Entr\u00e9es de cam\u00e9ra IP 24 canaux max, chaque canal jusqu&#8217;\u00e0 8 MP;\u00a0Max 48 \/ 96Mbps Bande passante entrante<\/li>\n<li>Recherche intelligente et syst\u00e8me vid\u00e9o intelligent<\/li>\n<\/ul>\n","protected":false},"featured_media":19100,"comment_status":"open","ping_status":"closed","template":"","meta":{"om_disable_all_campaigns":false,"_monsterinsights_skip_tracking":false,"_monsterinsights_sitenote_active":false,"_monsterinsights_sitenote_note":"","_monsterinsights_sitenote_category":0},"product_cat":[186,187,401],"product_tag":[204,205,206,260,207,208,261,262,209,210,263,264,211,228,212,213,265,214,229,191,192,215,193,216,195,218,240,196,272,197,198,219,199,220,241,200,201,222,323,280,281,223,282,644,255,283,284,285,257,286,224,225,287,288,289,226,290,291,292,645,646,647],"class_list":{"0":"post-19047","1":"product","2":"type-product","3":"status-publish","4":"has-post-thumbnail","6":"product_cat-produits-hdcvi","7":"product_cat-xvr","8":"product_cat-xvr-4k","9":"product_tag-afrique-du-sud","10":"product_tag-alarme","11":"product_tag-camera","12":"product_tag-camera-de-surveillance-tanger","13":"product_tag-camera-hdcvi","14":"product_tag-camera-ip","15":"product_tag-camera-ip-dahua","16":"product_tag-camera-maroc","17":"product_tag-camera-surveillance","18":"product_tag-camera-surveillance-afrique","19":"product_tag-camera-surveillance-avec-un-bon-prix","20":"product_tag-camera-surveillance-casablanca","21":"product_tag-camera-surveillance-dahua","22":"product_tag-camera-surveillance-maroc","23":"product_tag-camera-surveillance-tanger","24":"product_tag-camera-dahua","25":"product_tag-control-dacces-tanger","26":"product_tag-dahua-afrique","27":"product_tag-dahua-agadir","28":"product_tag-dahua-algerie","29":"product_tag-dahua-assila","30":"product_tag-dahua-camera","31":"product_tag-dahua-casablanca","32":"product_tag-dahua-el-jadida","33":"product_tag-dahua-fes","34":"product_tag-dahua-hoceima","35":"product_tag-dahua-jadida","36":"product_tag-dahua-kenitra","37":"product_tag-dahua-laayoune","38":"product_tag-dahua-maroc","39":"product_tag-dahua-marrakech","40":"product_tag-dahua-meknas","41":"product_tag-dahua-meknes","42":"product_tag-dahua-nador","43":"product_tag-dahua-oujda","44":"product_tag-dahua-rabat","45":"product_tag-dahua-tanger","46":"product_tag-dahua-tetouan","47":"product_tag-dahua-tunisie","48":"product_tag-desenfumage-tanger","49":"product_tag-detection-incendie","50":"product_tag-disque-dur","51":"product_tag-distributeur-dahua","52":"product_tag-enregistreur-video-numerique","53":"product_tag-hdcvi","54":"product_tag-installation-alarme","55":"product_tag-installations-camera-de-surveillance-maroc","56":"product_tag-moniteur-dimage","57":"product_tag-nvr","58":"product_tag-pack-camera-de-surveillance","59":"product_tag-pack-camera-de-surveillance-dahua","60":"product_tag-pointeuse","61":"product_tag-porte-automatiques","62":"product_tag-portes-coup-feu-tanger","63":"product_tag-skydome-tanger","64":"product_tag-smart-lock","65":"product_tag-sprinkler-tanger","66":"product_tag-travaux-d-incendie-tanger","67":"product_tag-video-surveillance-tanger","68":"product_tag-xvr5108-16h-4kl-x","69":"product_tag-xvr5116h-4kl-x","70":"product_tag-xvr5116h-4kl-x-enregistreur-video-numerique-mini-penta-brid-4k-16-canaux","72":"first","73":"instock","74":"shipping-taxable","75":"purchasable","76":"product-type-simple","77":"add-to-wishlist-after_add_to_cart"},"aioseo_notices":[],"_links":{"self":[{"href":"https:\/\/tthcompany.ma\/index.php\/wp-json\/wp\/v2\/product\/19047","targetHints":{"allow":["GET"]}}],"collection":[{"href":"https:\/\/tthcompany.ma\/index.php\/wp-json\/wp\/v2\/product"}],"about":[{"href":"https:\/\/tthcompany.ma\/index.php\/wp-json\/wp\/v2\/types\/product"}],"replies":[{"embeddable":true,"href":"https:\/\/tthcompany.ma\/index.php\/wp-json\/wp\/v2\/comments?post=19047"}],"wp:featuredmedia":[{"embeddable":true,"href":"https:\/\/tthcompany.ma\/index.php\/wp-json\/wp\/v2\/media\/19100"}],"wp:attachment":[{"href":"https:\/\/tthcompany.ma\/index.php\/wp-json\/wp\/v2\/media?parent=19047"}],"wp:term":[{"taxonomy":"product_cat","embeddable":true,"href":"https:\/\/tthcompany.ma\/index.php\/wp-json\/wp\/v2\/product_cat?post=19047"},{"taxonomy":"product_tag","embeddable":true,"href":"https:\/\/tthcompany.ma\/index.php\/wp-json\/wp\/v2\/product_tag?post=19047"}],"curies":[{"name":"wp","href":"https:\/\/api.w.org\/{rel}","templated":true}]}}