{"id":19044,"date":"2022-08-17T10:15:43","date_gmt":"2022-08-17T10:15:43","guid":{"rendered":"https:\/\/tthcompany.ma\/?post_type=product&#038;p=19044"},"modified":"2022-08-17T10:16:11","modified_gmt":"2022-08-17T10:16:11","slug":"asr1102av2","status":"publish","type":"product","link":"https:\/\/tthcompany.ma\/index.php\/product\/asr1102av2\/","title":{"rendered":"ASR1102A(V2)"},"content":{"rendered":"<div class=\"div-drop\">\n<p class=\"title\">ASR1102A (V2)\u00a0Lecteur d&#8217;empreintes digitales RFID<\/p>\n<table id=\"table001\" class=\"NEW-TABLE TableOverride-1 tab-drag\">\n<tbody>\n<tr>\n<td colspan=\"3\">Sp\u00e9cifications techniques<\/td>\n<\/tr>\n<tr>\n<td>\n<h2><span style=\"font-size: 14pt;\">Mode<\/span><\/h2>\n<\/td>\n<td>ASR1102A (V2)<\/td>\n<td><\/td>\n<\/tr>\n<tr>\n<td colspan=\"3\">\n<h2><span style=\"font-size: 14pt;\">Syst\u00e8me<\/span><\/h2>\n<\/td>\n<\/tr>\n<tr>\n<td>Processeur principal<\/td>\n<td colspan=\"2\">8 bits<\/td>\n<\/tr>\n<tr>\n<td colspan=\"3\">\n<h2><span style=\"font-size: 14pt;\">Lis<\/span><\/h2>\n<\/td>\n<\/tr>\n<tr>\n<td>Format de lecture<\/td>\n<td>13,56 MHz<\/td>\n<td><\/td>\n<\/tr>\n<tr>\n<td>Plage de lecture<\/td>\n<td colspan=\"2\">6-8cm (max.)<\/td>\n<\/tr>\n<tr>\n<td>Temps de lecture<\/td>\n<td colspan=\"2\">&lt;0.1s<\/td>\n<\/tr>\n<tr>\n<td colspan=\"3\">\n<h2><span style=\"font-size: 14pt;\">Empreinte digitale<\/span><\/h2>\n<\/td>\n<\/tr>\n<tr>\n<td>Capacit\u00e9<\/td>\n<td colspan=\"2\">3000<\/td>\n<\/tr>\n<tr>\n<td>Temps de r\u00e9ponse<\/td>\n<td colspan=\"2\">\u22640.5s<\/td>\n<\/tr>\n<tr>\n<td>Temps de reconnaissance<\/td>\n<td colspan=\"2\">\u22641.5s<\/td>\n<\/tr>\n<tr>\n<td>LOIN<\/td>\n<td colspan=\"2\">\u22640,00004%<\/td>\n<\/tr>\n<tr>\n<td>FRR<\/td>\n<td colspan=\"2\">\u22640.15%<\/td>\n<\/tr>\n<tr>\n<td colspan=\"3\">\n<h2><span style=\"font-size: 14pt;\">Une fonction<\/span><\/h2>\n<\/td>\n<\/tr>\n<tr>\n<td>Alarme de sabotage<\/td>\n<td colspan=\"2\">Oui<\/td>\n<\/tr>\n<tr>\n<td colspan=\"3\">\n<h2><span style=\"font-size: 14pt;\">Interface<\/span><\/h2>\n<\/td>\n<\/tr>\n<tr>\n<td>Au contr\u00f4leur<\/td>\n<td colspan=\"2\">RS485<\/td>\n<\/tr>\n<tr>\n<td colspan=\"3\">\n<h2><span style=\"font-size: 14pt;\">G\u00e9n\u00e9ral<\/span><\/h2>\n<\/td>\n<\/tr>\n<tr>\n<td>Affichage LCD<\/td>\n<td colspan=\"2\">R\u00e9tro-\u00e9clairage bleu<\/td>\n<\/tr>\n<tr>\n<td>Tonalit\u00e9 sonore<\/td>\n<td colspan=\"2\">Avertisseur sonore<\/td>\n<\/tr>\n<\/tbody>\n<\/table>\n<\/div>\n<div class=\"div-drop\">\n<table id=\"table002\" class=\"\u57fa\u672c\u8868 tab-drag\">\n<tbody>\n<tr>\n<td>Source de courant<\/td>\n<td>9-15VDC \/ 100mA<\/td>\n<\/tr>\n<tr>\n<td>Environnement de travail<\/td>\n<td>-5 \u00b0 C- + 55 \u00b0 C<\/td>\n<\/tr>\n<tr>\n<td>Humidit\u00e9 de travail<\/td>\n<td>5% ~ 95%<\/td>\n<\/tr>\n<tr>\n<td>Dimension (L \u00d7 P \u00d7 H)<\/td>\n<td>165mm * 57mm * 29mm<\/td>\n<\/tr>\n<tr>\n<td>Poids<\/td>\n<td>0,25 kg<\/td>\n<\/tr>\n<\/tbody>\n<\/table>\n<\/div>\n","protected":false},"excerpt":{"rendered":"<h1 class=\"text\"><span style=\"color: #000000; font-size: 10pt; font-family: georgia, palatino, serif;\"><strong>Lecteur d&#8217;empreintes digitales RFID<\/strong><\/span><\/h1>\n<ul>\n<li>Protocole RS-485<\/li>\n<li>Carte IC (Mifare) par d\u00e9faut (\u00ab-D\u00bb signifie carte d&#8217;identit\u00e9 EM)<\/li>\n<li>Carte de support, empreinte digitale<\/li>\n<li>Capacit\u00e9 maximale de 3 000 empreintes digitales<\/li>\n<li>R\u00e9tro-\u00e9clairage bleu<\/li>\n<li>La fonction de surveillance permet \u00e0 l&#8217;appareil de rester \u00e0 l&#8217;arr\u00eat<\/li>\n<li>Bip et indicateur<\/li>\n<li>Installation en surface<\/li>\n<\/ul>\n","protected":false},"featured_media":19097,"comment_status":"open","ping_status":"closed","template":"","meta":{"om_disable_all_campaigns":false,"_monsterinsights_skip_tracking":false,"_monsterinsights_sitenote_active":false,"_monsterinsights_sitenote_note":"","_monsterinsights_sitenote_category":0},"product_cat":[598,638],"product_tag":[204,205,639,260,207,208,261,262,209,210,263,264,211,228,212,213,265,253,190,214,229,192,193,216,195,218,196,272,197,198,199,220,231,241,200,221,201,222,323,223,282,283,284,640,300,285,257,286,224,226,292],"class_list":{"0":"post-19044","1":"product","2":"type-product","3":"status-publish","4":"has-post-thumbnail","6":"product_cat-controle-dacces","7":"product_cat-lecteurs","8":"product_tag-afrique-du-sud","9":"product_tag-alarme","10":"product_tag-asr1102a-v2","11":"product_tag-camera-de-surveillance-tanger","12":"product_tag-camera-hdcvi","13":"product_tag-camera-ip","14":"product_tag-camera-ip-dahua","15":"product_tag-camera-maroc","16":"product_tag-camera-surveillance","17":"product_tag-camera-surveillance-afrique","18":"product_tag-camera-surveillance-avec-un-bon-prix","19":"product_tag-camera-surveillance-casablanca","20":"product_tag-camera-surveillance-dahua","21":"product_tag-camera-surveillance-maroc","22":"product_tag-camera-surveillance-tanger","23":"product_tag-camera-dahua","24":"product_tag-control-dacces-tanger","25":"product_tag-controle-dacces","26":"product_tag-dahua","27":"product_tag-dahua-afrique","28":"product_tag-dahua-agadir","29":"product_tag-dahua-assila","30":"product_tag-dahua-casablanca","31":"product_tag-dahua-el-jadida","32":"product_tag-dahua-fes","33":"product_tag-dahua-hoceima","34":"product_tag-dahua-kenitra","35":"product_tag-dahua-laayoune","36":"product_tag-dahua-maroc","37":"product_tag-dahua-marrakech","38":"product_tag-dahua-meknes","39":"product_tag-dahua-nador","40":"product_tag-dahua-nvr","41":"product_tag-dahua-oujda","42":"product_tag-dahua-rabat","43":"product_tag-dahua-sale","44":"product_tag-dahua-tanger","45":"product_tag-dahua-tetouan","46":"product_tag-dahua-tunisie","47":"product_tag-disque-dur","48":"product_tag-distributeur-dahua","49":"product_tag-installation-alarme","50":"product_tag-installations-camera-de-surveillance-maroc","51":"product_tag-lecteur-dempreintes-digitales-rfid","52":"product_tag-maroc","53":"product_tag-moniteur-dimage","54":"product_tag-nvr","55":"product_tag-pack-camera-de-surveillance","56":"product_tag-pack-camera-de-surveillance-dahua","57":"product_tag-smart-lock","58":"product_tag-video-surveillance-tanger","60":"first","61":"instock","62":"shipping-taxable","63":"purchasable","64":"product-type-simple","65":"add-to-wishlist-after_add_to_cart"},"aioseo_notices":[],"_links":{"self":[{"href":"https:\/\/tthcompany.ma\/index.php\/wp-json\/wp\/v2\/product\/19044","targetHints":{"allow":["GET"]}}],"collection":[{"href":"https:\/\/tthcompany.ma\/index.php\/wp-json\/wp\/v2\/product"}],"about":[{"href":"https:\/\/tthcompany.ma\/index.php\/wp-json\/wp\/v2\/types\/product"}],"replies":[{"embeddable":true,"href":"https:\/\/tthcompany.ma\/index.php\/wp-json\/wp\/v2\/comments?post=19044"}],"wp:featuredmedia":[{"embeddable":true,"href":"https:\/\/tthcompany.ma\/index.php\/wp-json\/wp\/v2\/media\/19097"}],"wp:attachment":[{"href":"https:\/\/tthcompany.ma\/index.php\/wp-json\/wp\/v2\/media?parent=19044"}],"wp:term":[{"taxonomy":"product_cat","embeddable":true,"href":"https:\/\/tthcompany.ma\/index.php\/wp-json\/wp\/v2\/product_cat?post=19044"},{"taxonomy":"product_tag","embeddable":true,"href":"https:\/\/tthcompany.ma\/index.php\/wp-json\/wp\/v2\/product_tag?post=19044"}],"curies":[{"name":"wp","href":"https:\/\/api.w.org\/{rel}","templated":true}]}}