{"id":19041,"date":"2022-08-17T10:15:43","date_gmt":"2022-08-17T10:15:43","guid":{"rendered":"https:\/\/tthcompany.ma\/?post_type=product&#038;p=19041"},"modified":"2023-09-26T15:07:20","modified_gmt":"2023-09-26T15:07:20","slug":"sd6al245u-hni-ir","status":"publish","type":"product","link":"https:\/\/tthcompany.ma\/index.php\/product\/sd6al245u-hni-ir\/","title":{"rendered":"SD6AL245U-HNI-IR"},"content":{"rendered":"<div id=\"div_left\">\n<div class=\"div-drop\">\n<table id=\"table001\" class=\"NEW-TABLE TableOverride-1 tab-drag\">\n<tbody>\n<tr>\n<td colspan=\"60\">\n<h4>Cam\u00e9ra<\/h4>\n<\/td>\n<\/tr>\n<tr>\n<td colspan=\"18\">Capteur d&#8217;image<\/td>\n<td colspan=\"42\">CMOS\u00a0STARVIS \u2122\u00a01 \/ 2,8 &#8220;<\/td>\n<\/tr>\n<tr>\n<td colspan=\"18\">Pixels efficaces<\/td>\n<td colspan=\"42\">1920 (H) x 1080 (V), 2 m\u00e9gapixels<\/td>\n<\/tr>\n<tr>\n<td colspan=\"18\">RAM \/ ROM<\/td>\n<td colspan=\"42\">1024 M \/ 128 M<\/td>\n<\/tr>\n<tr>\n<td colspan=\"18\">Syst\u00e8me de num\u00e9risation<\/td>\n<td colspan=\"42\">Progressive<\/td>\n<\/tr>\n<tr>\n<td colspan=\"18\">Vitesse d&#8217;obturation \u00e9lectronique<\/td>\n<td colspan=\"42\">1 \/ 1s ~ 1 \/ 30,000s<\/td>\n<\/tr>\n<tr>\n<td colspan=\"18\">Illumination minimale<\/td>\n<td colspan=\"42\">Couleur: 0.005Lux@F1.6;\u00a0B \/ W: 0,0005Lux@F1.6;\u00a00Lux@F1.6 (IR activ\u00e9)<\/td>\n<\/tr>\n<tr>\n<td colspan=\"18\">Ratio S \/ N<\/td>\n<td colspan=\"42\">Plus de 56dB<\/td>\n<\/tr>\n<tr>\n<td colspan=\"18\">Distance IR<\/td>\n<td colspan=\"42\">Distance jusqu&#8217;\u00e0\u00a0300m<\/td>\n<\/tr>\n<tr>\n<td colspan=\"18\">Contr\u00f4le IR On \/ Off<\/td>\n<td colspan=\"42\">Auto \/ Manuel<\/td>\n<\/tr>\n<tr>\n<td colspan=\"18\">LED IR<\/td>\n<td colspan=\"42\">1<\/td>\n<\/tr>\n<tr>\n<td colspan=\"18\">Essuie-glace<\/td>\n<td colspan=\"42\">Soutien<\/td>\n<\/tr>\n<tr>\n<td colspan=\"60\">\n<h4>Capture<\/h4>\n<\/td>\n<\/tr>\n<tr>\n<td colspan=\"18\">Distance focale<\/td>\n<td colspan=\"42\">3.95mm ~ 177.7mm<\/td>\n<\/tr>\n<tr>\n<td colspan=\"18\">Max.\u00a0Ouverture<\/td>\n<td colspan=\"42\">F1.6 ~ F4.95<\/td>\n<\/tr>\n<tr>\n<td colspan=\"18\">Angle de vue<\/td>\n<td colspan=\"42\">H: 70,3 \u00b0 ~ 1,8 \u00b0<\/td>\n<\/tr>\n<tr>\n<td colspan=\"18\">Zoom optique<\/td>\n<td colspan=\"42\">45x<\/td>\n<\/tr>\n<tr>\n<td colspan=\"18\">Contr\u00f4le de la mise au point<\/td>\n<td colspan=\"42\">Auto \/ Manuel<\/td>\n<\/tr>\n<tr>\n<td colspan=\"18\">Distance de mise au point proche<\/td>\n<td colspan=\"42\">100mm ~ 1000mm<\/td>\n<\/tr>\n<tr>\n<td colspan=\"60\">\n<h4>DORI Distance<\/h4>\n<\/td>\n<\/tr>\n<tr>\n<td colspan=\"60\">Remarque: la distance DORI est une \u00abproximit\u00e9 g\u00e9n\u00e9rale\u00bb de distance qui permet de d\u00e9terminer facilement la cam\u00e9ra qui convient \u00e0 vos besoins.\u00a0La distance DORI est calcul\u00e9e sur la base de la sp\u00e9cification du capteur et du r\u00e9sultat du test de laboratoire selon la norme EN 62676-4, qui d\u00e9finit les crit\u00e8res de d\u00e9tection, d&#8217;observation, de reconnaissance et d&#8217;identification, respectivement.<\/td>\n<\/tr>\n<tr>\n<td colspan=\"18\">D\u00e9tecter<\/td>\n<td colspan=\"14\">Observer<\/td>\n<td colspan=\"14\">Reconna\u00eetre<\/td>\n<td colspan=\"14\">Identifier<\/td>\n<\/tr>\n<tr>\n<td colspan=\"18\">2345m (7694ft)<\/td>\n<td colspan=\"14\">938m (3077ft)<\/td>\n<td colspan=\"14\">469m (1539ft)<\/td>\n<td colspan=\"14\">234m (768ft)<\/td>\n<\/tr>\n<tr>\n<td colspan=\"60\">\n<h4>PTZ<\/h4>\n<\/td>\n<\/tr>\n<tr>\n<td colspan=\"18\">Gamme Pan \/ Tilt<\/td>\n<td colspan=\"42\">P\u00a0an: 0 \u00b0 ~ 360 \u00b0 sans fin;\u00a0Inclinaison: -20 \u00b0 ~ 90 \u00b0, retournement automatique \u00e0 180 \u00b0<\/td>\n<\/tr>\n<tr>\n<td colspan=\"18\">Vitesse de contr\u00f4le manuel<\/td>\n<td colspan=\"42\">Casserole: 0,1 \u00b0 ~ 200 \u00b0 \/ s;\u00a0Inclinaison: 0.1 \u00b0 ~ 120 \u00b0 \/ s<\/td>\n<\/tr>\n<tr>\n<td colspan=\"18\">Vitesse pr\u00e9d\u00e9finie<\/td>\n<td colspan=\"42\">Pan: 240 \u00b0 \/ s;\u00a0Inclinaison: 200 \u00b0 \/ s<\/td>\n<\/tr>\n<tr>\n<td colspan=\"18\">Pr\u00e9r\u00e9glages<\/td>\n<td colspan=\"42\">300<\/td>\n<\/tr>\n<tr>\n<td colspan=\"18\">Mode PTZ<\/td>\n<td colspan=\"42\">5 motifs, 8 tours, panoramique automatique, balayage automatique<\/td>\n<\/tr>\n<tr>\n<td colspan=\"18\">Configuration de la vitesse<\/td>\n<td colspan=\"42\">Adaptation focale \u00e0 la vitesse focale humaine<\/td>\n<\/tr>\n<tr>\n<td colspan=\"18\">Action de mise en marche<\/td>\n<td colspan=\"42\">Restauration automatique \u00e0 l\u2019\u00e9tat pr\u00e9c\u00e9dent de la PTZ et de l\u2019objectif apr\u00e8s<\/p>\n<p>panne \u00e9lectrique<\/td>\n<\/tr>\n<tr>\n<td colspan=\"18\">Mouvement de ralenti<\/td>\n<td colspan=\"42\">Activer le pr\u00e9r\u00e9glage \/ num\u00e9risation \/ tour \/ motif s&#8217;il n&#8217;y a pas<\/p>\n<p>commande dans la p\u00e9riode sp\u00e9cifi\u00e9e<\/td>\n<\/tr>\n<tr>\n<td colspan=\"18\">Protocole<\/td>\n<td colspan=\"42\">DH-SD, Pelco-P \/ D (reconnaissance automatique)<\/td>\n<\/tr>\n<tr>\n<td colspan=\"60\">\n<h4>Intelligence<\/h4>\n<\/td>\n<\/tr>\n<tr>\n<td colspan=\"18\">D\u00e9clencheur d&#8217;\u00e9v\u00e9nement<\/td>\n<td colspan=\"42\">D\u00e9tection de mouvement, falsification vid\u00e9o, changement de sc\u00e8ne, d\u00e9connexion r\u00e9seau, conflit d&#8217;adresses IP, acc\u00e8s ill\u00e9gal, anomalie de stockage<\/td>\n<\/tr>\n<\/tbody>\n<\/table>\n<\/div>\n<\/div>\n<div id=\"div_left\">\n<div class=\"div-drop\">\n<table id=\"table002\" class=\"NEW-TABLE TableOverride-1 tab-drag\">\n<tbody>\n<tr>\n<td colspan=\"18\">Suivi automatique<\/td>\n<td colspan=\"42\">Soutien<\/td>\n<\/tr>\n<tr>\n<td colspan=\"18\">IVS<\/td>\n<td colspan=\"42\">Tripwire, Intrusion, Abandonn\u00e9 \/ Manquant<\/td>\n<\/tr>\n<tr>\n<td colspan=\"18\">Fonctions intelligentes avanc\u00e9es<\/td>\n<td colspan=\"42\">D\u00e9tection de visage, carte thermique<\/td>\n<\/tr>\n<tr>\n<td colspan=\"60\">\n<h4>Vid\u00e9o<\/h4>\n<\/td>\n<\/tr>\n<tr>\n<td colspan=\"18\">Compression<\/td>\n<td colspan=\"42\">H.265 + \/ H.265 \/ H.264 + \/ H.264<\/td>\n<\/tr>\n<tr>\n<td colspan=\"18\">Capacit\u00e9 de streaming<\/td>\n<td colspan=\"42\">3 flux<\/td>\n<\/tr>\n<tr>\n<td colspan=\"18\">R\u00e9solution<\/td>\n<td colspan=\"42\">1080P (1920 \u00d7 1080) \/ 1,3M (1280 \u00d7 960) \/ 720P (1280 \u00d7 720) \/ D1 (704 \u00d7 576\/704 \u00d7 480) \/ CIF (352 \u00d7 288\/352 \u00d7 240)<\/td>\n<\/tr>\n<tr>\n<td colspan=\"18\" rowspan=\"3\">Taux de trame<\/td>\n<td colspan=\"42\">Flux principal: 1080P \/ 1,3M \/ 720P (1 ~ 50 \/ 60fps)<\/td>\n<\/tr>\n<tr>\n<td colspan=\"42\">Sous flux1: D1 \/ CIF (1 ~ 25 \/ 30fps)<\/td>\n<\/tr>\n<tr>\n<td colspan=\"42\">Flux secondaire 2: 1080P \/ 1,3M \/ 720P \/ D1 \/ CIF (1 ~ 25 \/ 30fps)<\/td>\n<\/tr>\n<tr>\n<td colspan=\"18\">Contr\u00f4le du d\u00e9bit binaire<\/td>\n<td colspan=\"42\">CBR \/ VBR<\/td>\n<\/tr>\n<tr>\n<td colspan=\"18\">D\u00e9bit binaire<\/td>\n<td colspan=\"42\">H.265 \/ H.264: 448K ~ 8192Kbps<\/td>\n<\/tr>\n<tr>\n<td colspan=\"18\">Jour Nuit<\/td>\n<td colspan=\"42\">Auto (ICR) \/ Couleur \/ N \/ B<\/td>\n<\/tr>\n<tr>\n<td colspan=\"18\">Compensation de contre-jour<\/td>\n<td colspan=\"42\">BLC \/ HLC \/ WDR (120dB)<\/td>\n<\/tr>\n<tr>\n<td colspan=\"18\">Balance des blancs<\/td>\n<td colspan=\"42\">Auto, ATW, int\u00e9rieur, ext\u00e9rieur, manuel<\/td>\n<\/tr>\n<tr>\n<td colspan=\"18\">Prendre le contr\u00f4le<\/td>\n<td colspan=\"42\">Auto \/ Manuel<\/td>\n<\/tr>\n<tr>\n<td colspan=\"18\">R\u00e9duction de bruit<\/td>\n<td colspan=\"42\">Ultra DNR (2D \/ 3D)<\/td>\n<\/tr>\n<tr>\n<td colspan=\"18\">D\u00e9tection de mouvement<\/td>\n<td colspan=\"42\">Soutien<\/td>\n<\/tr>\n<tr>\n<td colspan=\"18\">R\u00e9gion d&#8217;int\u00e9r\u00eat<\/td>\n<td colspan=\"42\">Soutien<\/td>\n<\/tr>\n<tr>\n<td colspan=\"18\">Stabilisation \u00e9lectronique de l&#8217;image (EIS)<\/td>\n<td colspan=\"42\">Soutien<\/td>\n<\/tr>\n<tr>\n<td colspan=\"18\">D\u00e9sembuage<\/td>\n<td colspan=\"42\">Soutien<\/td>\n<\/tr>\n<tr>\n<td colspan=\"18\">Zoom num\u00e9rique<\/td>\n<td colspan=\"42\">16x<\/td>\n<\/tr>\n<tr>\n<td colspan=\"18\">Flip<\/td>\n<td colspan=\"42\">180 \u00b0<\/td>\n<\/tr>\n<tr>\n<td colspan=\"18\">Masquage de confidentialit\u00e9<\/td>\n<td colspan=\"42\">Jusqu&#8217;\u00e0 24 zones<\/td>\n<\/tr>\n<tr>\n<td colspan=\"60\">\n<h4>l&#8217;audio<\/h4>\n<\/td>\n<\/tr>\n<tr>\n<td colspan=\"18\">Compression<\/td>\n<td colspan=\"42\">G.711a \/ G.711Mu \/ AAC \/ G.722 \/ G.726 \/ G.729 \/ MPEG2-L2<\/td>\n<\/tr>\n<tr>\n<td colspan=\"60\">\n<h4>R\u00e9seau<\/h4>\n<\/td>\n<\/tr>\n<tr>\n<td colspan=\"18\">Ethernet<\/td>\n<td colspan=\"42\">RJ-45 (10Base-T \/ 100Base-TX)<\/td>\n<\/tr>\n<tr>\n<td colspan=\"18\">Protocole<\/td>\n<td colspan=\"42\">IPv4 \/ IPv6, HTTP, HTTPS, SSL, TCP \/ IP, UDP, UPnP,<\/p>\n<p>ICMP, IGMP, SNMP, RTSP, RTP, SMTP, NTP, DHCP,<\/p>\n<p>DNS, PPPOE, DDNS, FTP,\u00a0Filtre IP, QoS, Bonjour, 802.1x<\/td>\n<\/tr>\n<tr>\n<td colspan=\"18\">L&#8217;interop\u00e9rabilit\u00e9<\/td>\n<td colspan=\"42\">Profil ONVIF S &amp; G, API<\/td>\n<\/tr>\n<tr>\n<td colspan=\"18\">M\u00e9thode de streaming<\/td>\n<td colspan=\"42\">Unicast \/ Multicast<\/td>\n<\/tr>\n<tr>\n<td colspan=\"18\">Max.\u00a0Acc\u00e8s utilisateur<\/td>\n<td colspan=\"42\">20 utilisateurs<\/td>\n<\/tr>\n<tr>\n<td colspan=\"18\">Stockage de bord<\/td>\n<td colspan=\"42\">NAS (stockage en r\u00e9seau), PC local pour enregistrement instantan\u00e9, carte Micro SD 256 Go<\/td>\n<\/tr>\n<tr>\n<td colspan=\"18\">Web Viewer<\/td>\n<td colspan=\"42\">IE, Chrome, Firefox, Safari<\/td>\n<\/tr>\n<tr>\n<td colspan=\"18\">Logiciel de gestion<\/td>\n<td colspan=\"42\">Smart PSS, DSS, DMSS<\/td>\n<\/tr>\n<tr>\n<td colspan=\"18\">T\u00e9l\u00e9phone intelligent<\/td>\n<td colspan=\"42\">IOS, Android<\/td>\n<\/tr>\n<\/tbody>\n<\/table>\n<\/div>\n<\/div>\n<div id=\"div_left\">\n<div class=\"div-drop\">\n<table id=\"table004\" class=\"NEW-TABLE TableOverride-1 tab-drag\">\n<tbody>\n<tr>\n<td colspan=\"60\">\n<h4>Certifications<\/h4>\n<\/td>\n<\/tr>\n<tr>\n<td colspan=\"18\">Certifications<\/td>\n<td colspan=\"42\">CE: EN55032 \/ EN55024 \/ EN50130-4<\/p>\n<p>FCC: Part15 subpartB, ANSI C63.4- 2014<\/td>\n<\/tr>\n<tr>\n<td colspan=\"60\">\n<h4>Interface<\/h4>\n<\/td>\n<\/tr>\n<tr>\n<td colspan=\"18\">Interface vid\u00e9o<\/td>\n<td colspan=\"42\">1 port (BNC, 1.0V [pp], 75\u03a9)<\/td>\n<\/tr>\n<tr>\n<td colspan=\"18\">RS485<\/td>\n<td colspan=\"42\">1<\/td>\n<\/tr>\n<tr>\n<td colspan=\"18\">Audio I \/ O<\/td>\n<td colspan=\"42\">1\u00a0<span lang=\"zh-CN\">\/1<\/span><\/td>\n<\/tr>\n<tr>\n<td colspan=\"18\">Alarme I \/ O<\/td>\n<td colspan=\"42\">7\u00a0<span lang=\"zh-CN\">\/2<\/span><\/td>\n<\/tr>\n<tr>\n<td colspan=\"60\">\n<h4>\u00c9lectrique<\/h4>\n<\/td>\n<\/tr>\n<tr>\n<td colspan=\"18\">Source de courant<\/td>\n<td colspan=\"42\">AC24V \/ 3A (\u00b1 25%), Salut-PoE<\/td>\n<\/tr>\n<tr>\n<td colspan=\"18\">Consommation d&#8217;\u00e9nergie<\/td>\n<td colspan=\"42\">24W, 38W (IR allum\u00e9)<\/td>\n<\/tr>\n<tr>\n<td colspan=\"60\">\n<h4>Environnement<\/h4>\n<\/td>\n<\/tr>\n<tr>\n<td colspan=\"18\">Des conditions de fonctionnement<\/td>\n<td colspan=\"42\">-40 \u00b0 C ~ 60 \u00b0 C \/ moins de 95% HR<\/td>\n<\/tr>\n<tr>\n<td colspan=\"18\">Protection contre la p\u00e9n\u00e9tration<\/td>\n<td colspan=\"42\">IP67<\/td>\n<\/tr>\n<tr>\n<td colspan=\"18\">R\u00e9sistance vandale<\/td>\n<td colspan=\"42\">N \/ A<\/td>\n<\/tr>\n<tr>\n<td colspan=\"60\">\n<h4>Construction<\/h4>\n<\/td>\n<\/tr>\n<tr>\n<td colspan=\"18\">Enveloppe<\/td>\n<td colspan=\"42\">M\u00e9tal<\/td>\n<\/tr>\n<tr>\n<td colspan=\"18\">Dimensions<\/td>\n<td colspan=\"42\">240 (mm) x 357 (mm)<\/td>\n<\/tr>\n<tr>\n<td colspan=\"18\">Poids net<\/td>\n<td colspan=\"42\">6,75 kg (14,88 lb)<\/td>\n<\/tr>\n<tr>\n<td colspan=\"18\">Poids brut<\/td>\n<td colspan=\"42\">10,5 kg (23,15 lb)<\/td>\n<\/tr>\n<\/tbody>\n<\/table>\n<\/div>\n<\/div>\n<div id=\"gtx-trans\" style=\"position: absolute; left: 42px; top: 533.266px;\"><\/div>\n","protected":false},"excerpt":{"rendered":"<p class=\"text\" data-v-c786ec5e=\"\"><span style=\"color: #000000;\"><strong>Cam\u00e9ra r\u00e9seau PTZ Starlight IR 2MP 45x<\/strong><\/span><\/p>\n<ul>\n<li>1 \/ 2,8 &#8220;CMOS STARVIS \u2122 2M\u00e9gapixels<\/li>\n<li>Zoom optique puissant 45x<\/li>\n<li>Max.\u00a050 \/ 60fps @ 1080P<\/li>\n<li>Suivi automatique et IVS<\/li>\n<li>Support Hi-PoE<\/li>\n<li>Distance IR jusqu&#8217;\u00e0 300 m<\/li>\n<li>IP67<\/li>\n<\/ul>\n","protected":false},"featured_media":19094,"comment_status":"open","ping_status":"closed","template":"","meta":{"om_disable_all_campaigns":false,"_monsterinsights_skip_tracking":false,"_monsterinsights_sitenote_active":false,"_monsterinsights_sitenote_note":"","_monsterinsights_sitenote_category":0},"product_cat":[462,303,302,363],"product_tag":[204,205,206,260,208,261,262,631,209,210,263,264,211,228,212,213,265,190,214,229,191,193,216,195,218,196,272,197,198,219,199,220,241,200,201,222,280,281,282,283,284,285,1093,286,224,225,287,288,632,289,226,290,291,292],"class_list":{"0":"post-19041","1":"product","2":"type-product","3":"status-publish","4":"has-post-thumbnail","6":"product_cat-2mp-speed-dome","7":"product_cat-cameras-ip","8":"product_cat-produits-ip","9":"product_cat-speed-dome","10":"product_tag-afrique-du-sud","11":"product_tag-alarme","12":"product_tag-camera","13":"product_tag-camera-de-surveillance-tanger","14":"product_tag-camera-ip","15":"product_tag-camera-ip-dahua","16":"product_tag-camera-maroc","17":"product_tag-camera-sd6al245u-hni-ir-distance-ir-jusqua-300-m-dahua-maroc","18":"product_tag-camera-surveillance","19":"product_tag-camera-surveillance-afrique","20":"product_tag-camera-surveillance-avec-un-bon-prix","21":"product_tag-camera-surveillance-casablanca","22":"product_tag-camera-surveillance-dahua","23":"product_tag-camera-surveillance-maroc","24":"product_tag-camera-surveillance-tanger","25":"product_tag-camera-dahua","26":"product_tag-control-dacces-tanger","27":"product_tag-dahua","28":"product_tag-dahua-afrique","29":"product_tag-dahua-agadir","30":"product_tag-dahua-algerie","31":"product_tag-dahua-casablanca","32":"product_tag-dahua-el-jadida","33":"product_tag-dahua-fes","34":"product_tag-dahua-hoceima","35":"product_tag-dahua-kenitra","36":"product_tag-dahua-laayoune","37":"product_tag-dahua-maroc","38":"product_tag-dahua-marrakech","39":"product_tag-dahua-meknas","40":"product_tag-dahua-meknes","41":"product_tag-dahua-nador","42":"product_tag-dahua-oujda","43":"product_tag-dahua-rabat","44":"product_tag-dahua-tanger","45":"product_tag-dahua-tetouan","46":"product_tag-desenfumage-tanger","47":"product_tag-detection-incendie","48":"product_tag-distributeur-dahua","49":"product_tag-installation-alarme","50":"product_tag-installations-camera-de-surveillance-maroc","51":"product_tag-moniteur-dimage","52":"product_tag-onstuck","53":"product_tag-pack-camera-de-surveillance","54":"product_tag-pack-camera-de-surveillance-dahua","55":"product_tag-pointeuse","56":"product_tag-porte-automatiques","57":"product_tag-portes-coup-feu-tanger","58":"product_tag-sd6al245u-hni-ir","59":"product_tag-skydome-tanger","60":"product_tag-smart-lock","61":"product_tag-sprinkler-tanger","62":"product_tag-travaux-d-incendie-tanger","63":"product_tag-video-surveillance-tanger","64":"ts_product_brand-dahua","66":"first","67":"instock","68":"shipping-taxable","69":"purchasable","70":"product-type-simple","71":"add-to-wishlist-after_add_to_cart"},"aioseo_notices":[],"_links":{"self":[{"href":"https:\/\/tthcompany.ma\/index.php\/wp-json\/wp\/v2\/product\/19041","targetHints":{"allow":["GET"]}}],"collection":[{"href":"https:\/\/tthcompany.ma\/index.php\/wp-json\/wp\/v2\/product"}],"about":[{"href":"https:\/\/tthcompany.ma\/index.php\/wp-json\/wp\/v2\/types\/product"}],"replies":[{"embeddable":true,"href":"https:\/\/tthcompany.ma\/index.php\/wp-json\/wp\/v2\/comments?post=19041"}],"wp:featuredmedia":[{"embeddable":true,"href":"https:\/\/tthcompany.ma\/index.php\/wp-json\/wp\/v2\/media\/19094"}],"wp:attachment":[{"href":"https:\/\/tthcompany.ma\/index.php\/wp-json\/wp\/v2\/media?parent=19041"}],"wp:term":[{"taxonomy":"product_cat","embeddable":true,"href":"https:\/\/tthcompany.ma\/index.php\/wp-json\/wp\/v2\/product_cat?post=19041"},{"taxonomy":"product_tag","embeddable":true,"href":"https:\/\/tthcompany.ma\/index.php\/wp-json\/wp\/v2\/product_tag?post=19041"}],"curies":[{"name":"wp","href":"https:\/\/api.w.org\/{rel}","templated":true}]}}