{"id":19035,"date":"2022-08-17T10:15:42","date_gmt":"2022-08-17T10:15:42","guid":{"rendered":"https:\/\/tthcompany.ma\/?post_type=product&#038;p=19035"},"modified":"2023-12-20T11:52:39","modified_gmt":"2023-12-20T11:52:39","slug":"pfs4210-8gt-150","status":"publish","type":"product","link":"https:\/\/tthcompany.ma\/index.php\/product\/pfs4210-8gt-150\/","title":{"rendered":"DH-PFS4210-8GT-150"},"content":{"rendered":"<p class=\"title\">PFS4210-8GT-150 8-Port PoE Gigabit Managed Switch<\/p>\n<div id=\"div_left\">\n<div class=\"div-drop\">\n<table id=\"table001\" class=\"NEW-TABLE TableOverride-1 tab-drag\">\n<tbody>\n<tr>\n<td colspan=\"60\">\n<h4>Sp\u00e9ci\ufb01cation technique<\/h4>\n<\/td>\n<\/tr>\n<tr>\n<td colspan=\"18\">Mod\u00e8le<\/td>\n<td colspan=\"42\">DH-PFS4210-8GT-150<\/td>\n<\/tr>\n<tr>\n<td colspan=\"18\">Port Ethernet<\/td>\n<td colspan=\"42\">8 * 10\/100\/1000 Base-T (alimentation PoE)<\/p>\n<p>2 * 100\/1000 Base-X<\/td>\n<\/tr>\n<tr>\n<td colspan=\"18\">Console s\u00e9rie RS232<\/td>\n<td colspan=\"42\">1 * connecteur RS232 en RJ45 avec c\u00e2ble de console, 115,2 kbps, 8, N, 1<\/td>\n<\/tr>\n<tr>\n<td colspan=\"18\">Consommation d&#8217;\u00e9nergie PoE<\/td>\n<td colspan=\"42\">Chaque puissance \u226430W, Total\u2264150W<\/td>\n<\/tr>\n<tr>\n<td colspan=\"18\">Protocole PoE<\/td>\n<td colspan=\"42\">IEEE802.3af, IEEE802.3at<\/td>\n<\/tr>\n<tr>\n<td colspan=\"18\">Capacit\u00e9 de commutation<\/td>\n<td colspan=\"42\">20 Gbps<\/td>\n<\/tr>\n<tr>\n<td colspan=\"18\">Taux de transfert de paquets<\/td>\n<td colspan=\"42\">14.88Mpps<\/td>\n<\/tr>\n<tr>\n<td colspan=\"18\">M\u00e9moire tampon de paquets<\/td>\n<td colspan=\"42\">4Mo<\/td>\n<\/tr>\n<tr>\n<td colspan=\"18\">Humidit\u00e9 d&#8217;application<\/td>\n<td colspan=\"42\">5% ~ 95%<\/td>\n<\/tr>\n<tr>\n<td colspan=\"18\">Puissance<\/td>\n<td colspan=\"42\">AC100-240V, 50 \/ 60Hz<\/td>\n<\/tr>\n<tr>\n<td colspan=\"18\">Protection contre la foudre<\/td>\n<td colspan=\"42\">Mode commun 2KV<\/p>\n<p>Mode diff\u00e9rentiel 1KV<\/td>\n<\/tr>\n<tr>\n<td colspan=\"18\">Temp\u00e9rature de fonctionnement<\/td>\n<td colspan=\"42\">0 \u00b0 C ~ 45 \u00b0 C<\/td>\n<\/tr>\n<tr>\n<td colspan=\"18\">Dimension (L \u00d7 P \u00d7 H)<\/td>\n<td colspan=\"42\">340mm x200mm x44mm<\/td>\n<\/tr>\n<\/tbody>\n<\/table>\n<\/div>\n<\/div>\n<div id=\"div_left\">\n<div class=\"div-drop\">\n<table id=\"table002\" class=\"NEW-TABLE TableOverride-1 tab-drag\">\n<tbody>\n<tr>\n<td colspan=\"60\">\n<h4>Accessoires<\/h4>\n<\/td>\n<\/tr>\n<tr>\n<td colspan=\"18\">Mod\u00e8le<\/td>\n<td colspan=\"42\"><\/td>\n<\/tr>\n<tr>\n<td colspan=\"18\">PFT3950<\/td>\n<td colspan=\"42\">1,25 G 850 nm, 500 m, LC, multi-mode<\/td>\n<\/tr>\n<tr>\n<td colspan=\"18\">PFT3960<\/td>\n<td colspan=\"42\">1,25 G 1310 \/ 1550nm, 20 km, LC, monomode<\/td>\n<\/tr>\n<tr>\n<td colspan=\"18\">PFT3970<\/td>\n<td colspan=\"42\">1.25G 1550 \/ 1310nm, 20 km, LC, monomode<\/td>\n<\/tr>\n<\/tbody>\n<\/table>\n<\/div>\n<\/div>\n<div id=\"div_left\">\n<div class=\"div-drop\">\n<table id=\"table003\" class=\"NEW-TABLE TableOverride-1 tab-drag\">\n<tbody>\n<tr>\n<td colspan=\"60\">\n<h4>Caract\u00e9ristiques du service<\/h4>\n<\/td>\n<\/tr>\n<tr>\n<td colspan=\"18\" rowspan=\"2\">Syst\u00e8me<\/td>\n<td colspan=\"42\">Nom d&#8217;utilisateur \/ mot de passe: admin \/ admin<\/td>\n<\/tr>\n<tr>\n<td colspan=\"42\">Adresse IP: 192.168.1.110\/24<\/td>\n<\/tr>\n<tr>\n<td colspan=\"18\">PoE Budget<\/td>\n<td colspan=\"42\">Total\u2264150W<\/td>\n<\/tr>\n<tr>\n<td colspan=\"18\">Table MAC<\/td>\n<td colspan=\"42\">8K<\/td>\n<\/tr>\n<tr>\n<td colspan=\"18\">NTP<\/td>\n<td colspan=\"42\">Soutien<\/td>\n<\/tr>\n<tr>\n<td colspan=\"18\" rowspan=\"2\">DHCP<\/td>\n<td colspan=\"42\">Soutien DHCP client \/ serveur<\/td>\n<\/tr>\n<tr>\n<td colspan=\"42\">Soutien DHCP snooping<\/td>\n<\/tr>\n<tr>\n<td colspan=\"18\">VLAN<\/td>\n<td colspan=\"42\">VLAN standard 802.1Q<\/td>\n<\/tr>\n<tr>\n<td colspan=\"18\">Agr\u00e9gation Portuaire<\/td>\n<td colspan=\"42\">Agr\u00e9gation manuelle \/ LACP<\/td>\n<\/tr>\n<tr>\n<td colspan=\"18\">En miroir<\/td>\n<td colspan=\"42\">Mise en miroir de plusieurs \u00e0 un<\/td>\n<\/tr>\n<tr>\n<td colspan=\"18\">Contr\u00f4le de flux<\/td>\n<td colspan=\"42\">Semi-duplex bas\u00e9 sur le contr\u00f4le du type de contre-pression;<\/p>\n<p>F\u00a0ull duplex sur la\u00a0base de trame PAUSE<\/td>\n<\/tr>\n<tr>\n<td colspan=\"18\">Multidiffusion<\/td>\n<td colspan=\"42\">IGMP Snooping v1 \/ v2 \/ v3<\/td>\n<\/tr>\n<tr>\n<td colspan=\"18\">Fonctions de s\u00e9curit\u00e9<\/td>\n<td colspan=\"42\">Gestion des utilisateurs, SSH, HTTPS, SNMP v1 \/ v2 \/ v3, ROMN, ACL, protection de la source IP, inspection ARP, 802.1x, protection contre les boucles<\/td>\n<\/tr>\n<tr>\n<td colspan=\"18\">Spanning Tree<\/td>\n<td colspan=\"42\">Soutien STP \/ RSTP \/ MSTP<\/td>\n<\/tr>\n<tr>\n<td colspan=\"18\">LLDP<\/td>\n<td colspan=\"42\">Soutien<\/td>\n<\/tr>\n<tr>\n<td colspan=\"18\">Table MAC<\/td>\n<td colspan=\"42\">Supporte la configuration de la table d&#8217;adresses MAC<\/td>\n<\/tr>\n<tr>\n<td colspan=\"18\">QoS<\/td>\n<td colspan=\"42\">Supporte la base de QoS sur CoS \/ DPL \/ PCP \/ DEI<\/p>\n<p>Chaque port supporte 8 files d&#8217;attente de sortie<\/p>\n<p>Soutenir la mise en forme de port<\/p>\n<p>Prise en charge du marquage du port<\/p>\n<p>Supporte la base de QoS sur DSCP<\/td>\n<\/tr>\n<tr>\n<td colspan=\"18\">Entretien du syst\u00e8me<\/td>\n<td colspan=\"42\">Soutenir le t\u00e9l\u00e9chargement du fichier de configuration<\/p>\n<p>Soutenir le t\u00e9l\u00e9chargement de paquets mis \u00e0 jour<\/p>\n<p>Journal du syst\u00e8me<\/td>\n<\/tr>\n<tr>\n<td colspan=\"18\">La gestion du r\u00e9seau<\/td>\n<td colspan=\"42\">WEB (protocole http), s\u00e9rie, SNMP<\/td>\n<\/tr>\n<\/tbody>\n<\/table>\n<\/div>\n<\/div>\n","protected":false},"excerpt":{"rendered":"<p><span style=\"color: #000000;\"><strong>8-Port PoE Gigabit Managed Switch<\/strong><\/span><\/p>\n<ul>\n<li>Commutateur PoE de gestion de r\u00e9seau de couche 2<\/li>\n<li>Prise en charge des normes IEEE802.3af et IEEE802.3at<\/li>\n<li>Redondance du r\u00e9seau: STP \/ RSTP \/ MSTP<\/li>\n<li>Prise en charge d&#8217;IPv4 \/ IPv6 et DHCP<\/li>\n<li>Gestion de r\u00e9seau bas\u00e9e sur SNMP<\/li>\n<li>Configuration: Web, Telnet, Commande CLI<\/li>\n<li>QoS (IEEE802.1p \/ 1Q), CoS \/ ToS pour accro\u00eetre le d\u00e9terminisme<\/li>\n<li>S\u00e9curit\u00e9 r\u00e9seau am\u00e9lior\u00e9e avec IEEE802.1X, SNMP v1 \/ v2c \/ v3, HTTPS et SSH \/ SSL<\/li>\n<li>M\u00e9moire cache de donn\u00e9es volumineuse (4M), transmission en temps r\u00e9el<\/li>\n<li>Etude et vieillissement automatiques de MAC, capacit\u00e9 de liste d\u2019adresses MAC de 8K<\/li>\n<li>Conception \u00e0 haute protection CEM<\/li>\n<\/ul>\n","protected":false},"featured_media":19068,"comment_status":"open","ping_status":"closed","template":"","meta":{"om_disable_all_campaigns":false,"_monsterinsights_skip_tracking":false,"_monsterinsights_sitenote_active":false,"_monsterinsights_sitenote_note":"","_monsterinsights_sitenote_category":0},"product_cat":[302,330],"product_tag":[204,205,206,260,207,208,261,262,209,210,263,264,211,228,212,213,265,214,229,191,193,216,195,218,196,272,197,198,199,220,241,200,201,222,280,281,223,282,283,284,285,257,1093,286,224,615,616,225,287,288,289,226,290,617,291,292],"class_list":{"0":"post-19035","1":"product","2":"type-product","3":"status-publish","4":"has-post-thumbnail","6":"product_cat-produits-ip","7":"product_cat-switch-poe","8":"product_tag-afrique-du-sud","9":"product_tag-alarme","10":"product_tag-camera","11":"product_tag-camera-de-surveillance-tanger","12":"product_tag-camera-hdcvi","13":"product_tag-camera-ip","14":"product_tag-camera-ip-dahua","15":"product_tag-camera-maroc","16":"product_tag-camera-surveillance","17":"product_tag-camera-surveillance-afrique","18":"product_tag-camera-surveillance-avec-un-bon-prix","19":"product_tag-camera-surveillance-casablanca","20":"product_tag-camera-surveillance-dahua","21":"product_tag-camera-surveillance-maroc","22":"product_tag-camera-surveillance-tanger","23":"product_tag-camera-dahua","24":"product_tag-control-dacces-tanger","25":"product_tag-dahua-afrique","26":"product_tag-dahua-agadir","27":"product_tag-dahua-algerie","28":"product_tag-dahua-casablanca","29":"product_tag-dahua-el-jadida","30":"product_tag-dahua-fes","31":"product_tag-dahua-hoceima","32":"product_tag-dahua-kenitra","33":"product_tag-dahua-laayoune","34":"product_tag-dahua-maroc","35":"product_tag-dahua-marrakech","36":"product_tag-dahua-meknes","37":"product_tag-dahua-nador","38":"product_tag-dahua-oujda","39":"product_tag-dahua-rabat","40":"product_tag-dahua-tanger","41":"product_tag-dahua-tetouan","42":"product_tag-desenfumage-tanger","43":"product_tag-detection-incendie","44":"product_tag-disque-dur","45":"product_tag-distributeur-dahua","46":"product_tag-installation-alarme","47":"product_tag-installations-camera-de-surveillance-maroc","48":"product_tag-moniteur-dimage","49":"product_tag-nvr","50":"product_tag-onstuck","51":"product_tag-pack-camera-de-surveillance","52":"product_tag-pack-camera-de-surveillance-dahua","53":"product_tag-pfs4210-8gt-150","54":"product_tag-pfs4210-8gt-150-commutateur-gere-poe-gigabit-a-8-ports","55":"product_tag-pointeuse","56":"product_tag-porte-automatiques","57":"product_tag-portes-coup-feu-tanger","58":"product_tag-skydome-tanger","59":"product_tag-smart-lock","60":"product_tag-sprinkler-tanger","61":"product_tag-switch-pfs4210-8gt-150","62":"product_tag-travaux-d-incendie-tanger","63":"product_tag-video-surveillance-tanger","64":"ts_product_brand-dahua","66":"first","67":"instock","68":"shipping-taxable","69":"purchasable","70":"product-type-simple","71":"add-to-wishlist-after_add_to_cart"},"aioseo_notices":[],"_links":{"self":[{"href":"https:\/\/tthcompany.ma\/index.php\/wp-json\/wp\/v2\/product\/19035","targetHints":{"allow":["GET"]}}],"collection":[{"href":"https:\/\/tthcompany.ma\/index.php\/wp-json\/wp\/v2\/product"}],"about":[{"href":"https:\/\/tthcompany.ma\/index.php\/wp-json\/wp\/v2\/types\/product"}],"replies":[{"embeddable":true,"href":"https:\/\/tthcompany.ma\/index.php\/wp-json\/wp\/v2\/comments?post=19035"}],"wp:featuredmedia":[{"embeddable":true,"href":"https:\/\/tthcompany.ma\/index.php\/wp-json\/wp\/v2\/media\/19068"}],"wp:attachment":[{"href":"https:\/\/tthcompany.ma\/index.php\/wp-json\/wp\/v2\/media?parent=19035"}],"wp:term":[{"taxonomy":"product_cat","embeddable":true,"href":"https:\/\/tthcompany.ma\/index.php\/wp-json\/wp\/v2\/product_cat?post=19035"},{"taxonomy":"product_tag","embeddable":true,"href":"https:\/\/tthcompany.ma\/index.php\/wp-json\/wp\/v2\/product_tag?post=19035"}],"curies":[{"name":"wp","href":"https:\/\/api.w.org\/{rel}","templated":true}]}}