{"id":19029,"date":"2022-08-17T10:15:42","date_gmt":"2022-08-17T10:15:42","guid":{"rendered":"https:\/\/tthcompany.ma\/?post_type=product&#038;p=19029"},"modified":"2022-08-17T10:15:52","modified_gmt":"2022-08-17T10:15:52","slug":"pfm920i-6un-c","status":"publish","type":"product","link":"https:\/\/tthcompany.ma\/index.php\/product\/pfm920i-6un-c\/","title":{"rendered":"PFM920I-6UN-C"},"content":{"rendered":"<table class=\"ke-zeroborder\" border=\"0\" width=\"100%\" cellspacing=\"1\" cellpadding=\"0\">\n<tbody>\n<tr>\n<td colspan=\"2\" valign=\"top\" width=\"191.4px\"><b>Mod\u00e8le<\/b><\/td>\n<td valign=\"top\" width=\"155.9px\"><strong>DH-PFM920I-6UN-C<\/strong><\/td>\n<td valign=\"top\" width=\"155.95px\"><\/td>\n<\/tr>\n<tr>\n<td colspan=\"4\" valign=\"top\" width=\"503.25px\"><b>Structure<\/b><\/td>\n<\/tr>\n<tr>\n<td rowspan=\"2\" valign=\"top\" width=\"70.9px\">Conducteur<\/td>\n<td valign=\"top\" width=\"120.5px\">Mat\u00e9riel<\/td>\n<td colspan=\"2\" valign=\"top\" width=\"311.85px\">OFC (cuivre sans oxyg\u00e8ne)<\/td>\n<\/tr>\n<tr>\n<td valign=\"top\" width=\"120.5px\">Structure<\/td>\n<td colspan=\"2\" valign=\"top\" width=\"311.85px\">4P * 0.53 \u00b1 0.01mm<\/td>\n<\/tr>\n<tr>\n<td rowspan=\"4\" valign=\"top\" width=\"70.9px\">Isolation<\/td>\n<td valign=\"top\" width=\"120.5px\">Mat\u00e9riel<\/td>\n<td colspan=\"2\" valign=\"top\" width=\"311.85px\">PEHD<\/td>\n<\/tr>\n<tr>\n<td valign=\"top\" width=\"120.5px\">Min.\u00a0\u00e9paisseur moyenne<\/td>\n<td colspan=\"2\" valign=\"top\" width=\"311.85px\">0.21mm<\/td>\n<\/tr>\n<tr>\n<td valign=\"top\" width=\"120.5px\">Diam\u00e8tre<\/td>\n<td colspan=\"2\" valign=\"top\" width=\"311.85px\">0.95mm0.05mm<\/td>\n<\/tr>\n<tr>\n<td valign=\"top\" width=\"120.5px\">Couleur (4 paires)<\/td>\n<td colspan=\"2\" valign=\"top\" width=\"311.85px\">Orange, blanc \/ orange;\u00a0vert, blanc \/ vert;<br \/>\nbleu, blanc \/ bleu;\u00a0marron, blanc \/ marron<\/td>\n<\/tr>\n<tr>\n<td colspan=\"2\" valign=\"top\" width=\"191.4px\">Corde de d\u00e9chirure<\/td>\n<td colspan=\"2\" valign=\"top\" width=\"311.85px\">Oui<\/td>\n<\/tr>\n<tr>\n<td rowspan=\"5\" valign=\"top\" width=\"70.9px\">Veste<\/td>\n<td valign=\"top\" width=\"120.5px\">Mat\u00e9riel<\/td>\n<td valign=\"top\" width=\"155.9px\">PVC, r\u00e9pondre \u00e0 l&#8217;exigence de la classe E CPR<\/td>\n<td valign=\"top\" width=\"155.95px\"><\/td>\n<\/tr>\n<tr>\n<td valign=\"top\" width=\"120.5px\">Min.\u00a0\u00e9paisseur moyenne<\/td>\n<td colspan=\"2\" valign=\"top\" width=\"311.85px\">0.40mm<\/td>\n<\/tr>\n<tr>\n<td valign=\"top\" width=\"120.5px\">Diam\u00e8tre<\/td>\n<td colspan=\"2\" valign=\"top\" width=\"311.85px\">6.0 \u00b1 0.50mm<\/td>\n<\/tr>\n<tr>\n<td valign=\"top\" width=\"120.5px\">surface<\/td>\n<td colspan=\"2\" valign=\"top\" width=\"311.85px\">Lisse, plein et serr\u00e9<\/td>\n<\/tr>\n<tr>\n<td valign=\"top\" width=\"120.5px\">Couleur<\/td>\n<td colspan=\"2\" valign=\"top\" width=\"311.85px\">blanc<\/td>\n<\/tr>\n<tr>\n<td rowspan=\"4\" valign=\"top\" width=\"70.9px\">G\u00e9n\u00e9ral<\/td>\n<td valign=\"top\" width=\"120.5px\">Longueur<\/td>\n<td colspan=\"2\" valign=\"top\" width=\"311.85px\">305m (1000.66ft)<\/td>\n<\/tr>\n<tr>\n<td valign=\"top\" width=\"120.5px\">NW<\/td>\n<td colspan=\"2\" valign=\"top\" width=\"311.85px\">11,25 kg (24,8 lb)<\/td>\n<\/tr>\n<tr>\n<td valign=\"top\" width=\"120.5px\">Dimension d&#8217;emballage<\/td>\n<td colspan=\"2\" valign=\"top\" width=\"311.85px\">412mmx412mmx215mm (16.22 &#8220;x16.22&#8221; x8.46 &#8220;)<\/td>\n<\/tr>\n<tr>\n<td valign=\"top\" width=\"120.5px\">Poids (avec emballage)<\/td>\n<td colspan=\"2\" valign=\"top\" width=\"311.85px\">12,75 kg (28,11 lb)<\/td>\n<\/tr>\n<tr>\n<td colspan=\"4\" valign=\"top\" width=\"503.25px\"><b>Propri\u00e9t\u00e9s m\u00e9caniques<\/b><\/td>\n<\/tr>\n<tr>\n<td rowspan=\"3\" valign=\"top\" width=\"70.9px\">Isolation<\/td>\n<td valign=\"top\" width=\"120.5px\">R\u00e9sistance \u00e0 la traction<\/td>\n<td colspan=\"2\" valign=\"top\" width=\"311.85px\">\u226516MPa<\/td>\n<\/tr>\n<tr>\n<td valign=\"top\" width=\"120.5px\">Allongement \u00e0 la rupture<\/td>\n<td colspan=\"2\" valign=\"top\" width=\"311.85px\">\u2265300%<\/td>\n<\/tr>\n<tr>\n<td valign=\"top\" width=\"120.5px\">Propri\u00e9t\u00e9 Peeling<\/td>\n<td colspan=\"2\" valign=\"top\" width=\"311.85px\">Aucun dommage \u00e0 l&#8217;isolation ou au conducteur<\/td>\n<\/tr>\n<tr>\n<td rowspan=\"4\" valign=\"top\" width=\"70.9px\">Veste<\/td>\n<td valign=\"top\" width=\"120.5px\">R\u00e9sistance \u00e0 la traction<\/td>\n<td valign=\"top\" width=\"155.9px\">Avant le vieillissement: \u226513.5MPa<br \/>\nApr\u00e8s le vieillissement: \u226512.5MPa<\/td>\n<td valign=\"top\" width=\"155.95px\"><\/td>\n<\/tr>\n<tr>\n<td valign=\"top\" width=\"120.5px\">Allongement \u00e0 la rupture<\/td>\n<td valign=\"top\" width=\"155.9px\">Avant le vieillissement: \u2265150%<br \/>\nApr\u00e8s le vieillissement: \u2265125%<\/td>\n<td valign=\"top\" width=\"155.95px\"><\/td>\n<\/tr>\n<tr>\n<td valign=\"top\" width=\"120.5px\">Condition de vieillissement<\/td>\n<td colspan=\"2\" valign=\"top\" width=\"311.85px\">100 \u2103 * 24h * 7j<\/td>\n<\/tr>\n<tr>\n<td valign=\"top\" width=\"120.5px\">Propri\u00e9t\u00e9 Peeling<\/td>\n<td valign=\"top\" width=\"155.9px\">Aucun dommage \u00e0 l&#8217;isolation, flexion \u00e0 froid (-20 \u00b0 C * 4h), le diam\u00e8tre ext\u00e9rieur du c\u00e2ble est de 8 fois, sans fissure.<\/td>\n<td valign=\"top\" width=\"155.95px\"><\/td>\n<\/tr>\n<tr>\n<td colspan=\"4\" valign=\"top\" width=\"503.25px\"><b>Performance \u00e9lectrique (20)<\/b><\/td>\n<\/tr>\n<tr>\n<td colspan=\"2\" valign=\"top\" width=\"191.4px\">Imp\u00e9dance caract\u00e9ristique (1-250 MHz)<\/td>\n<td colspan=\"2\" valign=\"top\" width=\"311.85px\">100 \u00b1 15\u03a9<\/td>\n<\/tr>\n<tr>\n<td colspan=\"2\" valign=\"top\" width=\"191.4px\">R\u00e9sistance DC<\/td>\n<td colspan=\"2\" valign=\"top\" width=\"311.85px\">\u22649.38\u03a9 \/ 100m<\/td>\n<\/tr>\n<tr>\n<td colspan=\"2\" valign=\"top\" width=\"191.4px\">Max.\u00a0taux de d\u00e9s\u00e9quilibre du courant continu des paires de lignes<\/td>\n<td colspan=\"2\" valign=\"top\" width=\"311.85px\">\u22645%<\/td>\n<\/tr>\n<tr>\n<td colspan=\"2\" valign=\"top\" width=\"191.4px\">Temporisation<\/td>\n<td colspan=\"2\" valign=\"top\" width=\"311.85px\">\u226445ns \/ 100m<\/td>\n<\/tr>\n<tr>\n<td colspan=\"2\" valign=\"top\" width=\"191.4px\">Max.\u00a0capacit\u00e9 mutuelle<\/td>\n<td colspan=\"2\" valign=\"top\" width=\"311.85px\">5.6nF \/ 100m<\/td>\n<\/tr>\n<tr>\n<td colspan=\"2\" valign=\"top\" width=\"191.4px\">Min.\u00a0la resistance d&#8217;isolement<\/td>\n<td colspan=\"2\" valign=\"top\" width=\"311.85px\">5000M\u03a9 \u00b7 km<\/td>\n<\/tr>\n<\/tbody>\n<\/table>\n","protected":false},"excerpt":{"rendered":"<h1 class=\"text\"><span style=\"color: #000000; font-family: georgia, palatino, serif;\"><strong><span style=\"font-size: 10pt;\">C\u00e2ble CMU CPR E \/ UL 305m UTP CAT6<\/span><\/strong><\/span><\/h1>\n<ul>\n<li>305m UTP CAT6;<\/li>\n<li>Prise en charge de la transmission PoE longue distance;<\/li>\n<li>Excellent OFC avec une puret\u00e9 de 99,99% OFC (cuivre sans oxyg\u00e8ne);<\/li>\n<li>Gaine ext\u00e9rieure respectueuse de l&#8217;environnement, conforme \u00e0 la classe de r\u00e9animation CPR E \/ UL CM;<\/li>\n<li>Garantie de qualit\u00e9 irr\u00e9prochable pendant 10 ans.<\/li>\n<\/ul>\n","protected":false},"featured_media":19060,"comment_status":"open","ping_status":"closed","template":"","meta":{"om_disable_all_campaigns":false,"_monsterinsights_skip_tracking":false,"_monsterinsights_sitenote_active":false,"_monsterinsights_sitenote_note":"","_monsterinsights_sitenote_category":0},"product_cat":[583,587],"product_tag":[204,205,588,589,590,206,260,207,208,261,262,209,210,263,264,211,228,212,213,265,214,229,191,215,193,216,195,218,240,196,272,197,198,219,199,220,231,241,200,201,222,280,281,223,282,283,284,285,286,224,591,225,287,288,289,226,290,291,292,202],"class_list":{"0":"post-19029","1":"product","2":"type-product","3":"status-publish","4":"has-post-thumbnail","6":"product_cat-accessoires","7":"product_cat-cables-reseaux-cat-6","8":"product_tag-afrique-du-sud","9":"product_tag-alarme","10":"product_tag-cable","11":"product_tag-cable-cmu-cpr-e-ul-305m-utp-cat6","12":"product_tag-cable-pfm920i-6un-c-305m-utp-cat6-dahua-maroc","13":"product_tag-camera","14":"product_tag-camera-de-surveillance-tanger","15":"product_tag-camera-hdcvi","16":"product_tag-camera-ip","17":"product_tag-camera-ip-dahua","18":"product_tag-camera-maroc","19":"product_tag-camera-surveillance","20":"product_tag-camera-surveillance-afrique","21":"product_tag-camera-surveillance-avec-un-bon-prix","22":"product_tag-camera-surveillance-casablanca","23":"product_tag-camera-surveillance-dahua","24":"product_tag-camera-surveillance-maroc","25":"product_tag-camera-surveillance-tanger","26":"product_tag-camera-dahua","27":"product_tag-control-dacces-tanger","28":"product_tag-dahua-afrique","29":"product_tag-dahua-agadir","30":"product_tag-dahua-algerie","31":"product_tag-dahua-camera","32":"product_tag-dahua-casablanca","33":"product_tag-dahua-el-jadida","34":"product_tag-dahua-fes","35":"product_tag-dahua-hoceima","36":"product_tag-dahua-jadida","37":"product_tag-dahua-kenitra","38":"product_tag-dahua-laayoune","39":"product_tag-dahua-maroc","40":"product_tag-dahua-marrakech","41":"product_tag-dahua-meknas","42":"product_tag-dahua-meknes","43":"product_tag-dahua-nador","44":"product_tag-dahua-nvr","45":"product_tag-dahua-oujda","46":"product_tag-dahua-rabat","47":"product_tag-dahua-tanger","48":"product_tag-dahua-tetouan","49":"product_tag-desenfumage-tanger","50":"product_tag-detection-incendie","51":"product_tag-disque-dur","52":"product_tag-distributeur-dahua","53":"product_tag-installation-alarme","54":"product_tag-installations-camera-de-surveillance-maroc","55":"product_tag-moniteur-dimage","56":"product_tag-pack-camera-de-surveillance","57":"product_tag-pack-camera-de-surveillance-dahua","58":"product_tag-pfm920i-6un-c","59":"product_tag-pointeuse","60":"product_tag-porte-automatiques","61":"product_tag-portes-coup-feu-tanger","62":"product_tag-skydome-tanger","63":"product_tag-smart-lock","64":"product_tag-sprinkler-tanger","65":"product_tag-travaux-d-incendie-tanger","66":"product_tag-video-surveillance-tanger","67":"product_tag-x-securite","69":"first","70":"instock","71":"shipping-taxable","72":"purchasable","73":"product-type-simple","74":"add-to-wishlist-after_add_to_cart"},"aioseo_notices":[],"_links":{"self":[{"href":"https:\/\/tthcompany.ma\/index.php\/wp-json\/wp\/v2\/product\/19029","targetHints":{"allow":["GET"]}}],"collection":[{"href":"https:\/\/tthcompany.ma\/index.php\/wp-json\/wp\/v2\/product"}],"about":[{"href":"https:\/\/tthcompany.ma\/index.php\/wp-json\/wp\/v2\/types\/product"}],"replies":[{"embeddable":true,"href":"https:\/\/tthcompany.ma\/index.php\/wp-json\/wp\/v2\/comments?post=19029"}],"wp:featuredmedia":[{"embeddable":true,"href":"https:\/\/tthcompany.ma\/index.php\/wp-json\/wp\/v2\/media\/19060"}],"wp:attachment":[{"href":"https:\/\/tthcompany.ma\/index.php\/wp-json\/wp\/v2\/media?parent=19029"}],"wp:term":[{"taxonomy":"product_cat","embeddable":true,"href":"https:\/\/tthcompany.ma\/index.php\/wp-json\/wp\/v2\/product_cat?post=19029"},{"taxonomy":"product_tag","embeddable":true,"href":"https:\/\/tthcompany.ma\/index.php\/wp-json\/wp\/v2\/product_tag?post=19029"}],"curies":[{"name":"wp","href":"https:\/\/api.w.org\/{rel}","templated":true}]}}