{"id":19028,"date":"2022-08-17T10:15:42","date_gmt":"2022-08-17T10:15:42","guid":{"rendered":"https:\/\/tthcompany.ma\/?post_type=product&#038;p=19028"},"modified":"2022-08-17T10:15:51","modified_gmt":"2022-08-17T10:15:51","slug":"pfm905-e","status":"publish","type":"product","link":"https:\/\/tthcompany.ma\/index.php\/product\/pfm905-e\/","title":{"rendered":"PFM905-E"},"content":{"rendered":"<p class=\"title\">PFM905-E\u00a0Testeur de montage int\u00e9gr\u00e9<\/p>\n<table class=\"clicked ke-zeroborder\" border=\"0\" width=\"100%\" cellspacing=\"1\" cellpadding=\"0\">\n<tbody>\n<tr>\n<td valign=\"top\" width=\"127.6px\"><b>Mod\u00e8le<\/b><\/td>\n<td valign=\"top\" width=\"375.65px\"><b>DH-PFM905-E<\/b><\/td>\n<\/tr>\n<tr>\n<td colspan=\"2\" valign=\"top\" width=\"503.25px\"><b>Port physique<\/b><\/td>\n<\/tr>\n<tr>\n<td valign=\"top\" width=\"127.6px\">Port BNC<\/td>\n<td valign=\"top\" width=\"375.65px\">1 * entr\u00e9e vid\u00e9o analogique (HDCVI \/ TVI \/ AHD \/ CVBS), 1 * sortie vid\u00e9o analogique<\/td>\n<\/tr>\n<tr>\n<td valign=\"top\" width=\"127.6px\">Port de fonction<\/td>\n<td valign=\"top\" width=\"375.65px\">1 * sortie RS485, 1 * entr\u00e9e DC12V, 1 * sortie DC12V (alimentation), 1 * connecteur USB, 1 * entr\u00e9e audio 3,5 mm, 1 * bouton de r\u00e9initialisation<\/td>\n<\/tr>\n<tr>\n<td colspan=\"2\" valign=\"top\" width=\"503.25px\"><b>Test vid\u00e9o analogique<\/b><\/td>\n<\/tr>\n<tr>\n<td valign=\"top\" width=\"127.6px\">Format<\/td>\n<td valign=\"top\" width=\"375.65px\">HDCVI \/ AHD \/ TVI \/ CVBS<\/td>\n<\/tr>\n<tr>\n<td valign=\"top\" width=\"127.6px\">Test de cam\u00e9ra HDCVI<\/td>\n<td valign=\"top\" width=\"375.65px\">Entr\u00e9e BNC 1 canal, r\u00e9solution maximale:<br \/>\nprise en charge 1280x720P 25\/30\/50 \/ 60fps;\u00a01920x1080P 25\/30 images par seconde;\u00a02560x1440P 25 \/ 30fps<\/td>\n<\/tr>\n<tr>\n<td valign=\"top\" width=\"127.6px\">Test de la cam\u00e9ra TVI<\/td>\n<td valign=\"top\" width=\"375.65px\">Entr\u00e9e BNC 1 canal, r\u00e9solution maximale:<br \/>\nprise en charge 1280x720P 25\/30\/50 \/ 60fps;\u00a01920x1080P 25fps \/ 30fps;\u00a02048&#215;1536 18\/25 \/ 30fps;\u00a02560X1440 15\/25 \/ 30fps;2592X1944 12 \/ 20fps<\/td>\n<\/tr>\n<tr>\n<td valign=\"top\" width=\"127.6px\">Test de cam\u00e9ra AHD<\/td>\n<td valign=\"top\" width=\"375.65px\">Entr\u00e9e BNC 1 canal, r\u00e9solution maximale:<br \/>\nprise en charge 1280x720P 25fps \/ 30fps;\u00a01920x1080P 25fps \/ 30fps;\u00a02560x1440P 15fps \/ 18fps \/ 25fps \/ 30fps;<\/td>\n<\/tr>\n<tr>\n<td valign=\"top\" width=\"127.6px\">Test de cam\u00e9ra CVBS<\/td>\n<td valign=\"top\" width=\"375.65px\">Entr\u00e9e BNC 1 canal, sortie BNC 1 canal, prend en charge le format PAL \/ NTSC (adaptation automatique)<\/td>\n<\/tr>\n<tr>\n<td valign=\"top\" width=\"127.6px\">Test de la cam\u00e9ra<\/td>\n<td valign=\"top\" width=\"375.65px\">Vid\u00e9o en temps r\u00e9el, contr\u00f4le PTZ coaxial HD, contr\u00f4le RS485, test audio, affichage de la portion \u00e0 8 niveaux prise en charge, capture instantan\u00e9e, enregistrement d&#8217;une vid\u00e9o, affichage d&#8217;une photo et lecture de la vid\u00e9o<\/td>\n<\/tr>\n<tr>\n<td colspan=\"2\" valign=\"top\" width=\"503.25px\"><b>Contr\u00f4le PTZ<\/b><\/td>\n<\/tr>\n<tr>\n<td valign=\"top\" width=\"127.6px\">Protocole<\/td>\n<td valign=\"top\" width=\"375.65px\">Compatible avec plus de 30 protocoles tels que Pelco-D \/ P, Samsung, Panasonic, Lilin, Yaan, etc.<\/td>\n<\/tr>\n<tr>\n<td valign=\"top\" width=\"127.6px\">D\u00e9bit en bauds<\/td>\n<td valign=\"top\" width=\"375.65px\">150, 300, 600, 1200, 2400, 4800, 9600, 19200 bps<\/td>\n<\/tr>\n<tr>\n<td colspan=\"2\" valign=\"top\" width=\"503.25px\"><b>Outils<\/b><\/td>\n<\/tr>\n<tr>\n<td valign=\"top\" width=\"127.6px\">DMM (multim\u00e8tre num\u00e9rique)<\/td>\n<td valign=\"top\" width=\"375.65px\">Test de tension AC \/ DC, test de courant AC \/ DC, test de r\u00e9sistance, test de capacit\u00e9, test de chute de tension directe de diode, test ouvert et court<\/td>\n<\/tr>\n<tr>\n<td valign=\"top\" width=\"127.6px\">Moniteur de donn\u00e9es<\/td>\n<td valign=\"top\" width=\"375.65px\">Capture et analyse les donn\u00e9es de commande du dispositif de contr\u00f4le via RS485<\/td>\n<\/tr>\n<tr>\n<td valign=\"top\" width=\"127.6px\">Lampe de poche LED<\/td>\n<td valign=\"top\" width=\"375.65px\">2 * 35lm LED, astigmatisme<\/td>\n<\/tr>\n<tr>\n<td valign=\"top\" width=\"127.6px\">Test audio<\/td>\n<td valign=\"top\" width=\"375.65px\">Le port audio 3,5 mm est utilis\u00e9 pour tester les microphones ou autres p\u00e9riph\u00e9riques audio<\/td>\n<\/tr>\n<tr>\n<td valign=\"top\" width=\"127.6px\">stockage USB<\/td>\n<td valign=\"top\" width=\"375.65px\">Le port micro USB peut \u00eatre utilis\u00e9 pour les p\u00e9riph\u00e9riques de stockage USB<\/td>\n<\/tr>\n<tr>\n<td valign=\"top\" width=\"127.6px\">Mise \u00e0 niveau du syst\u00e8me<\/td>\n<td valign=\"top\" width=\"375.65px\">Le testeur peut \u00eatre mis \u00e0 niveau en ligne via PC<\/td>\n<\/tr>\n<tr>\n<td colspan=\"2\" valign=\"top\" width=\"503.25px\"><b>Informations syst\u00e8me<\/b><\/td>\n<\/tr>\n<tr>\n<td valign=\"top\" width=\"127.6px\">\u00c9cran<\/td>\n<td valign=\"top\" width=\"375.65px\">R\u00e9solution 4.0 pouces TFT 800xRGBx480 (WVGA), 16,7Mcolor,<br \/>\nluminosit\u00e9 du r\u00e9tro\u00e9clairage r\u00e9glable<\/td>\n<\/tr>\n<tr>\n<td valign=\"top\" width=\"127.6px\">Capacit\u00e9 de stockage<\/td>\n<td valign=\"top\" width=\"375.65px\">Flash int\u00e9gr\u00e9 8G<\/td>\n<\/tr>\n<tr>\n<td valign=\"top\" width=\"127.6px\">Configuration de l&#8217;op\u00e9ration<\/td>\n<td valign=\"top\" width=\"375.65px\">Prise en charge d&#8217;une vari\u00e9t\u00e9 de langues, telles que l&#8217;anglais, le chinois, l&#8217;espagnol, le fran\u00e7ais, le russe, etc.<\/td>\n<\/tr>\n<tr>\n<td valign=\"top\" width=\"127.6px\">Mise hors tension automatique<\/td>\n<td valign=\"top\" width=\"375.65px\">D\u00e9sactiver \/ 5 ~ 60 minutes<\/td>\n<\/tr>\n<tr>\n<td valign=\"top\" width=\"127.6px\">Tonalit\u00e9 de clavier<\/td>\n<td valign=\"top\" width=\"375.65px\">Activer d\u00e9sactiver<\/td>\n<\/tr>\n<tr>\n<td colspan=\"2\" valign=\"top\" width=\"503.25px\"><b>Puissance<\/b><\/td>\n<\/tr>\n<tr>\n<td valign=\"top\" width=\"127.6px\">Chargeur<\/td>\n<td valign=\"top\" width=\"375.65px\">Charge de puissance 12V \/ 1A<\/td>\n<\/tr>\n<tr>\n<td valign=\"top\" width=\"127.6px\">Batterie<\/td>\n<td valign=\"top\" width=\"375.65px\">Batterie lithium ionique polym\u00e8re 7.4V, capacit\u00e9 10.4Wh<\/td>\n<\/tr>\n<tr>\n<td valign=\"top\" width=\"127.6px\">Rechargeable<\/td>\n<td valign=\"top\" width=\"375.65px\">Apr\u00e8s avoir charg\u00e9 2 heures, temps de travail normal 5 heures<\/td>\n<\/tr>\n<tr>\n<td valign=\"top\" width=\"127.6px\">Sortie DC12V<\/td>\n<td valign=\"top\" width=\"375.65px\">Max.\u00a0Sortie DC12V 1A<\/td>\n<\/tr>\n<tr>\n<td colspan=\"2\" valign=\"top\" width=\"503.25px\"><strong>Plus<\/strong><\/td>\n<\/tr>\n<tr>\n<td valign=\"top\" width=\"127.6px\">Temp\u00e9rature de fonctionnement<\/td>\n<td valign=\"top\" width=\"375.65px\">-10 ~ + 55 (+ 14 ~ + 131)<\/td>\n<\/tr>\n<tr>\n<td valign=\"top\" width=\"127.6px\">Humidit\u00e9 de travail<\/td>\n<td valign=\"top\" width=\"375.65px\">30% ~ 90%<\/td>\n<\/tr>\n<tr>\n<td valign=\"top\" width=\"127.6px\">Enveloppe<\/td>\n<td valign=\"top\" width=\"375.65px\">Plastiques<\/td>\n<\/tr>\n<tr>\n<td valign=\"top\" width=\"127.6px\">Dimensions<\/td>\n<td valign=\"top\" width=\"375.65px\">175mmx113mmx37mm (6.89 &#8220;x4.45&#8221; x1.46 &#8220;)<\/td>\n<\/tr>\n<tr>\n<td valign=\"top\" width=\"127.6px\">Poids net<\/td>\n<td valign=\"top\" width=\"375.65px\">0,4 kg (0,88 lb)<\/td>\n<\/tr>\n<tr>\n<td valign=\"top\" width=\"127.6px\">Dimensions de l&#8217;emballage<\/td>\n<td valign=\"top\" width=\"375.65px\">275mmx170mmx116mm (10.83 &#8220;x6.69&#8221; x4.57 &#8220;)<\/td>\n<\/tr>\n<tr>\n<td valign=\"top\" width=\"127.6px\">Poids brut<\/td>\n<td valign=\"top\" width=\"375.65px\">1,2 kg (2,65 lb)<\/td>\n<\/tr>\n<tr>\n<td colspan=\"2\" valign=\"top\" width=\"503.25px\"><b>Certifications<\/b><\/td>\n<\/tr>\n<tr>\n<td valign=\"top\" width=\"127.6px\">Certifications<\/td>\n<td valign=\"top\" width=\"375.65px\">CE \/ FCC<\/td>\n<\/tr>\n<\/tbody>\n<\/table>\n","protected":false},"excerpt":{"rendered":"<p class=\"text\" data-v-c786ec5e=\"\">Testeur de montage int\u00e9gr\u00e9<\/p>\n<ul>\n<li>\u00c9cran IPS 4 \u201d, r\u00e9solution 800 * 480, 16,7 millions de couleurs;<\/li>\n<li>Prise en charge HDCVI \/ AHD \/ TVI \/ CVBS;<\/li>\n<li>Prise en charge du contr\u00f4le RS485 PTZ;<\/li>\n<li>Prise en charge du test audio et de la fonction multim\u00e8tre num\u00e9rique;<\/li>\n<li>Prise en charge de la sortie d&#8217;alimentation DC12V \/ 1A;<\/li>\n<li>Double lampe torche \u00e0 LED;<\/li>\n<li>Batterie lithium polym\u00e8re rempla\u00e7able de 7,4V \/ 10,4Wh, qui peut durer 5 heures en utilisation normale.<\/li>\n<\/ul>\n","protected":false},"featured_media":19059,"comment_status":"open","ping_status":"closed","template":"","meta":{"om_disable_all_campaigns":false,"_monsterinsights_skip_tracking":false,"_monsterinsights_sitenote_active":false,"_monsterinsights_sitenote_note":"","_monsterinsights_sitenote_category":0},"product_cat":[583,584],"product_tag":[204,205,260,207,208,261,262,209,210,263,264,211,228,212,213,265,214,229,191,193,216,195,218,196,272,197,198,199,220,231,241,200,201,222,280,281,282,283,284,285,286,224,585,586,225,287,288,289,226,290,291,292],"class_list":{"0":"post-19028","1":"product","2":"type-product","3":"status-publish","4":"has-post-thumbnail","6":"product_cat-accessoires","7":"product_cat-testeurs","8":"product_tag-afrique-du-sud","9":"product_tag-alarme","10":"product_tag-camera-de-surveillance-tanger","11":"product_tag-camera-hdcvi","12":"product_tag-camera-ip","13":"product_tag-camera-ip-dahua","14":"product_tag-camera-maroc","15":"product_tag-camera-surveillance","16":"product_tag-camera-surveillance-afrique","17":"product_tag-camera-surveillance-avec-un-bon-prix","18":"product_tag-camera-surveillance-casablanca","19":"product_tag-camera-surveillance-dahua","20":"product_tag-camera-surveillance-maroc","21":"product_tag-camera-surveillance-tanger","22":"product_tag-camera-dahua","23":"product_tag-control-dacces-tanger","24":"product_tag-dahua-afrique","25":"product_tag-dahua-agadir","26":"product_tag-dahua-algerie","27":"product_tag-dahua-casablanca","28":"product_tag-dahua-el-jadida","29":"product_tag-dahua-fes","30":"product_tag-dahua-hoceima","31":"product_tag-dahua-kenitra","32":"product_tag-dahua-laayoune","33":"product_tag-dahua-maroc","34":"product_tag-dahua-marrakech","35":"product_tag-dahua-meknes","36":"product_tag-dahua-nador","37":"product_tag-dahua-nvr","38":"product_tag-dahua-oujda","39":"product_tag-dahua-rabat","40":"product_tag-dahua-tanger","41":"product_tag-dahua-tetouan","42":"product_tag-desenfumage-tanger","43":"product_tag-detection-incendie","44":"product_tag-distributeur-dahua","45":"product_tag-installation-alarme","46":"product_tag-installations-camera-de-surveillance-maroc","47":"product_tag-moniteur-dimage","48":"product_tag-pack-camera-de-surveillance","49":"product_tag-pack-camera-de-surveillance-dahua","50":"product_tag-pfm905-e","51":"product_tag-pfm905-e-testeur-de-montage-integre","52":"product_tag-pointeuse","53":"product_tag-porte-automatiques","54":"product_tag-portes-coup-feu-tanger","55":"product_tag-skydome-tanger","56":"product_tag-smart-lock","57":"product_tag-sprinkler-tanger","58":"product_tag-travaux-d-incendie-tanger","59":"product_tag-video-surveillance-tanger","61":"first","62":"instock","63":"shipping-taxable","64":"purchasable","65":"product-type-simple","66":"add-to-wishlist-after_add_to_cart"},"aioseo_notices":[],"_links":{"self":[{"href":"https:\/\/tthcompany.ma\/index.php\/wp-json\/wp\/v2\/product\/19028","targetHints":{"allow":["GET"]}}],"collection":[{"href":"https:\/\/tthcompany.ma\/index.php\/wp-json\/wp\/v2\/product"}],"about":[{"href":"https:\/\/tthcompany.ma\/index.php\/wp-json\/wp\/v2\/types\/product"}],"replies":[{"embeddable":true,"href":"https:\/\/tthcompany.ma\/index.php\/wp-json\/wp\/v2\/comments?post=19028"}],"wp:featuredmedia":[{"embeddable":true,"href":"https:\/\/tthcompany.ma\/index.php\/wp-json\/wp\/v2\/media\/19059"}],"wp:attachment":[{"href":"https:\/\/tthcompany.ma\/index.php\/wp-json\/wp\/v2\/media?parent=19028"}],"wp:term":[{"taxonomy":"product_cat","embeddable":true,"href":"https:\/\/tthcompany.ma\/index.php\/wp-json\/wp\/v2\/product_cat?post=19028"},{"taxonomy":"product_tag","embeddable":true,"href":"https:\/\/tthcompany.ma\/index.php\/wp-json\/wp\/v2\/product_tag?post=19028"}],"curies":[{"name":"wp","href":"https:\/\/api.w.org\/{rel}","templated":true}]}}