{"id":18994,"date":"2022-08-17T10:15:18","date_gmt":"2022-08-17T10:15:18","guid":{"rendered":"https:\/\/tthcompany.ma\/?post_type=product&#038;p=18994"},"modified":"2022-08-17T10:15:39","modified_gmt":"2022-08-17T10:15:39","slug":"vtk-vto6210b-vth1560b","status":"publish","type":"product","link":"https:\/\/tthcompany.ma\/index.php\/product\/vtk-vto6210b-vth1560b\/","title":{"rendered":"VTK-VTO6210B-VTH1560B"},"content":{"rendered":"<div class=\"div-drop\">\n<table id=\"table001\" class=\"NEW-TABLE TableOverride-1 tab-drag\">\n<tbody>\n<tr>\n<td colspan=\"2\">\n<h4>Station vid\u00e9o ext\u00e9rieure<\/h4>\n<\/td>\n<\/tr>\n<tr>\n<td>Mod\u00e8le<\/td>\n<td>VTO6210B<\/td>\n<\/tr>\n<tr>\n<td colspan=\"2\">\n<h4>Syst\u00e8me<\/h4>\n<\/td>\n<\/tr>\n<tr>\n<td>Processeur principal<\/td>\n<td>Micro processeur embarqu\u00e9<\/td>\n<\/tr>\n<tr>\n<td>Le syst\u00e8me d&#8217;exploitation<\/td>\n<td>Syst\u00e8me d&#8217;exploitation Linux int\u00e9gr\u00e9<\/td>\n<\/tr>\n<tr>\n<td colspan=\"2\">\n<h4>Vid\u00e9o<\/h4>\n<\/td>\n<\/tr>\n<tr>\n<td>Compression de vid\u00e9o<\/td>\n<td>H.264<\/td>\n<\/tr>\n<tr>\n<td>Capteur d&#8217;image<\/td>\n<td>CMOS 1\/4 \u201d1MP<\/td>\n<\/tr>\n<tr>\n<td>Lentille<\/td>\n<td>3.6mm<\/td>\n<\/tr>\n<tr>\n<td>Angle de vue<\/td>\n<td>D: 70 \u00b0 H: 60 \u00b0<\/td>\n<\/tr>\n<tr>\n<td>Jour Nuit<\/td>\n<td>Image en couleur<\/td>\n<\/tr>\n<tr>\n<td colspan=\"2\">\n<h4>l&#8217;audio<\/h4>\n<\/td>\n<\/tr>\n<tr>\n<td>Compression audio<\/td>\n<td>G.711<\/td>\n<\/tr>\n<tr>\n<td>Entr\u00e9e audio<\/td>\n<td>Micro omnidirectionnel<\/td>\n<\/tr>\n<tr>\n<td>Sortie audio<\/td>\n<td>Haut-parleur int\u00e9gr\u00e9<\/td>\n<\/tr>\n<tr>\n<td>Talk bidirectionnel<\/td>\n<td>Prise en charge de la conversation bidirectionnelle bidirectionnelle<\/td>\n<\/tr>\n<tr>\n<td colspan=\"2\">\n<h4>Mode de fonctionnement<\/h4>\n<\/td>\n<\/tr>\n<tr>\n<td>Clavier<\/td>\n<td>Bouton tactile simple<\/td>\n<\/tr>\n<tr>\n<td>Lecteur<\/td>\n<td>Carte Mifare<\/td>\n<\/tr>\n<tr>\n<td colspan=\"2\">\n<h4>Interface<\/h4>\n<\/td>\n<\/tr>\n<tr>\n<td>Contr\u00f4le de porte<\/td>\n<td>2 (1 sortie de verrouillage principal, 1 sortie \u00e9tendue par le module de contr\u00f4le d&#8217;acc\u00e8s)<\/td>\n<\/tr>\n<tr>\n<td>Entr\u00e9e d&#8217;alarme<\/td>\n<td>2 (bouton de d\u00e9verrouillage 1ch, retour 1ch)<\/td>\n<\/tr>\n<tr>\n<td>RS485<\/td>\n<td>1<\/td>\n<\/tr>\n<tr>\n<td colspan=\"2\">\n<h4>R\u00e9seau<\/h4>\n<\/td>\n<\/tr>\n<tr>\n<td>Ethernet<\/td>\n<td>10M \/ 100Mbps auto-adaptatif<\/td>\n<\/tr>\n<\/tbody>\n<\/table>\n<\/div>\n<div class=\"div-drop\">\n<table id=\"table002\" class=\"NEW-TABLE TableOverride-1 tab-drag table-border\">\n<tbody>\n<tr>\n<td>Protocole de r\u00e9seau<\/td>\n<td>TCP \/ IP<\/td>\n<\/tr>\n<tr>\n<td colspan=\"2\">\n<h4>G\u00e9n\u00e9ral<\/h4>\n<\/td>\n<\/tr>\n<tr>\n<td>Protection contre la p\u00e9n\u00e9tration<\/td>\n<td>IP65<\/td>\n<\/tr>\n<tr>\n<td>Commutateur de sabotage<\/td>\n<td>1<\/td>\n<\/tr>\n<tr>\n<td>Installation<\/td>\n<td>Surface<\/td>\n<\/tr>\n<tr>\n<td>Mat\u00e9riel<\/td>\n<td>Verre tremp\u00e9<\/td>\n<\/tr>\n<tr>\n<td>Puissance<\/td>\n<td>DC 12V, ou fournir directement par VTNS1060A<\/td>\n<\/tr>\n<tr>\n<td>Consommation d&#8217;\u00e9nergie<\/td>\n<td>Veille \u22641W, travail \u226410W<\/td>\n<\/tr>\n<tr>\n<td>Temp\u00e9rature de fonctionnement<\/td>\n<td>\ufe6330 \u00b0 C ~ + 60 \u00b0 C<\/td>\n<\/tr>\n<tr>\n<td>Humidit\u00e9 relative<\/td>\n<td>10% ~ 90% HR<\/td>\n<\/tr>\n<tr>\n<td>Dimensions<\/td>\n<td>154.2mm \u00d7 114.2mm \u00d7 43.0mm<\/td>\n<\/tr>\n<tr>\n<td>Poids<\/td>\n<td>0,6 kg<\/td>\n<\/tr>\n<tr>\n<td colspan=\"2\">\n<h4>Moniteur vid\u00e9o int\u00e9rieur<\/h4>\n<\/td>\n<\/tr>\n<tr>\n<td>Mod\u00e8le<\/td>\n<td>VTH1560B<\/td>\n<\/tr>\n<tr>\n<td colspan=\"2\">\n<h4>Syst\u00e8me<\/h4>\n<\/td>\n<\/tr>\n<tr>\n<td>Processeur principal<\/td>\n<td>Micro Processus Embarqu\u00e9<\/td>\n<\/tr>\n<tr>\n<td>Le syst\u00e8me d&#8217;exploitation<\/td>\n<td>Syst\u00e8me d&#8217;exploitation Linux int\u00e9gr\u00e9<\/td>\n<\/tr>\n<tr>\n<td colspan=\"2\">\n<h4>Vid\u00e9o<\/h4>\n<\/td>\n<\/tr>\n<tr>\n<td>Compression de vid\u00e9o<\/td>\n<td>H.264<\/td>\n<\/tr>\n<tr>\n<td colspan=\"2\">\n<h4>l&#8217;audio<\/h4>\n<\/td>\n<\/tr>\n<tr>\n<td>Compression audio<\/td>\n<td>G.711<\/td>\n<\/tr>\n<tr>\n<td>Entr\u00e9e audio<\/td>\n<td>Microphone tous sens<\/td>\n<\/tr>\n<tr>\n<td>Sortie audio<\/td>\n<td>Haut-parleur int\u00e9gr\u00e9<\/td>\n<\/tr>\n<tr>\n<td>Talk bidirectionnel<\/td>\n<td>Prise en charge de la conversation bidirectionnelle bidirectionnelle<\/td>\n<\/tr>\n<tr>\n<td colspan=\"2\">\n<h4>Afficher<\/h4>\n<\/td>\n<\/tr>\n<\/tbody>\n<\/table>\n<\/div>\n<div class=\"div-drop\">\n<table id=\"table003\" class=\"NEW-TABLE TableOverride-1 tab-drag\">\n<tbody>\n<tr>\n<td>\u00c9cran LCD<\/td>\n<td>7 \u201c800&#215;480, capacitif<\/td>\n<\/tr>\n<tr>\n<td colspan=\"2\">Mode de fonctionnement<\/td>\n<\/tr>\n<tr>\n<td>Contribution<\/td>\n<td>Boutons tactiles<\/td>\n<\/tr>\n<tr>\n<td colspan=\"2\">\n<h4>Interface<\/h4>\n<\/td>\n<\/tr>\n<tr>\n<td>Entr\u00e9e d&#8217;alarme<\/td>\n<td>8<\/td>\n<\/tr>\n<tr>\n<td colspan=\"2\">\n<h4>R\u00e9seau<\/h4>\n<\/td>\n<\/tr>\n<tr>\n<td>Ethernet<\/td>\n<td>10M \/ 100Mbps auto-adaptatif<\/td>\n<\/tr>\n<tr>\n<td>Protocole de r\u00e9seau<\/td>\n<td>TCP \/ IP<\/td>\n<\/tr>\n<tr>\n<td colspan=\"2\">\n<h4>G\u00e9n\u00e9ral<\/h4>\n<\/td>\n<\/tr>\n<tr>\n<td>Emplacement m\u00e9moire<\/td>\n<td>Micro SD int\u00e9gr\u00e9, 4G<\/td>\n<\/tr>\n<tr>\n<td>Installation<\/td>\n<td>Affleurer<\/td>\n<\/tr>\n<tr>\n<td>Puissance<\/td>\n<td>DC 12V, ou fournir directement par VTNS1060A<\/td>\n<\/tr>\n<tr>\n<td>Consommation d&#8217;\u00e9nergie<\/td>\n<td>Veille \u22641.5W\u00a0<span lang=\"zh-CN\">,\u00a0<\/span>travail\u22647W<\/td>\n<\/tr>\n<tr>\n<td>Temp\u00e9rature de fonctionnement<\/td>\n<td>-10 \u00b0 C ~ + 55 \u00b0 C<\/td>\n<\/tr>\n<tr>\n<td>Humidit\u00e9 relative<\/td>\n<td>10% ~ 90% HR<\/td>\n<\/tr>\n<tr>\n<td>Dimensions<\/td>\n<td>221.2mm \u00d7 154.3mm \u00d7 24.2mm<\/td>\n<\/tr>\n<tr>\n<td>Poids<\/td>\n<td>0,8 kg<\/td>\n<\/tr>\n<\/tbody>\n<\/table>\n<\/div>\n","protected":false},"excerpt":{"rendered":"<p class=\"text\" data-v-c786ec5e=\"\"><span style=\"color: #000000;\"><strong>Kit IP 7 pouces<\/strong><\/span><\/p>\n<ul>\n<li>Cam\u00e9ra CMOS HD<\/li>\n<li>\u00c9cran tactile capacitif de 7 pouces, r\u00e9solution 800 \u00d7 480<\/li>\n<li>Surveillance IPC<\/li>\n<li>Int\u00e9gration d&#8217;alarme<\/li>\n<li>Commande \u00e0 2 portes<\/li>\n<li>Interphone \u00e0 distance avec application mobile<\/li>\n<\/ul>\n","protected":false},"featured_media":19023,"comment_status":"open","ping_status":"closed","template":"","meta":{"om_disable_all_campaigns":false,"_monsterinsights_skip_tracking":false,"_monsterinsights_sitenote_active":false,"_monsterinsights_sitenote_note":"","_monsterinsights_sitenote_category":0},"product_cat":[555],"product_tag":[204,205,206,260,207,208,261,262,209,210,263,264,211,228,212,213,265,214,229,239,193,216,217,195,218,196,272,197,198,199,220,231,241,200,201,222,280,281,223,282,283,284,300,285,257,286,224,225,287,288,289,226,290,291,292,560,561,202],"class_list":{"0":"post-18994","1":"product","2":"type-product","3":"status-publish","4":"has-post-thumbnail","6":"product_cat-videophone","7":"product_tag-afrique-du-sud","8":"product_tag-alarme","9":"product_tag-camera","10":"product_tag-camera-de-surveillance-tanger","11":"product_tag-camera-hdcvi","12":"product_tag-camera-ip","13":"product_tag-camera-ip-dahua","14":"product_tag-camera-maroc","15":"product_tag-camera-surveillance","16":"product_tag-camera-surveillance-afrique","17":"product_tag-camera-surveillance-avec-un-bon-prix","18":"product_tag-camera-surveillance-casablanca","19":"product_tag-camera-surveillance-dahua","20":"product_tag-camera-surveillance-maroc","21":"product_tag-camera-surveillance-tanger","22":"product_tag-camera-dahua","23":"product_tag-control-dacces-tanger","24":"product_tag-dahua-afrique","25":"product_tag-dahua-agadir","26":"product_tag-dahua-casa","27":"product_tag-dahua-casablanca","28":"product_tag-dahua-el-jadida","29":"product_tag-dahua-eljadida","30":"product_tag-dahua-fes","31":"product_tag-dahua-hoceima","32":"product_tag-dahua-kenitra","33":"product_tag-dahua-laayoune","34":"product_tag-dahua-maroc","35":"product_tag-dahua-marrakech","36":"product_tag-dahua-meknes","37":"product_tag-dahua-nador","38":"product_tag-dahua-nvr","39":"product_tag-dahua-oujda","40":"product_tag-dahua-rabat","41":"product_tag-dahua-tanger","42":"product_tag-dahua-tetouan","43":"product_tag-desenfumage-tanger","44":"product_tag-detection-incendie","45":"product_tag-disque-dur","46":"product_tag-distributeur-dahua","47":"product_tag-installation-alarme","48":"product_tag-installations-camera-de-surveillance-maroc","49":"product_tag-maroc","50":"product_tag-moniteur-dimage","51":"product_tag-nvr","52":"product_tag-pack-camera-de-surveillance","53":"product_tag-pack-camera-de-surveillance-dahua","54":"product_tag-pointeuse","55":"product_tag-porte-automatiques","56":"product_tag-portes-coup-feu-tanger","57":"product_tag-skydome-tanger","58":"product_tag-smart-lock","59":"product_tag-sprinkler-tanger","60":"product_tag-travaux-d-incendie-tanger","61":"product_tag-video-surveillance-tanger","62":"product_tag-vtk-vto6210b-vth1560b","63":"product_tag-vtk-vto6210b-vth1560b-kit-ip-7-pouces","64":"product_tag-x-securite","66":"first","67":"instock","68":"shipping-taxable","69":"purchasable","70":"product-type-simple","71":"add-to-wishlist-after_add_to_cart"},"aioseo_notices":[],"_links":{"self":[{"href":"https:\/\/tthcompany.ma\/index.php\/wp-json\/wp\/v2\/product\/18994","targetHints":{"allow":["GET"]}}],"collection":[{"href":"https:\/\/tthcompany.ma\/index.php\/wp-json\/wp\/v2\/product"}],"about":[{"href":"https:\/\/tthcompany.ma\/index.php\/wp-json\/wp\/v2\/types\/product"}],"replies":[{"embeddable":true,"href":"https:\/\/tthcompany.ma\/index.php\/wp-json\/wp\/v2\/comments?post=18994"}],"wp:featuredmedia":[{"embeddable":true,"href":"https:\/\/tthcompany.ma\/index.php\/wp-json\/wp\/v2\/media\/19023"}],"wp:attachment":[{"href":"https:\/\/tthcompany.ma\/index.php\/wp-json\/wp\/v2\/media?parent=18994"}],"wp:term":[{"taxonomy":"product_cat","embeddable":true,"href":"https:\/\/tthcompany.ma\/index.php\/wp-json\/wp\/v2\/product_cat?post=18994"},{"taxonomy":"product_tag","embeddable":true,"href":"https:\/\/tthcompany.ma\/index.php\/wp-json\/wp\/v2\/product_tag?post=18994"}],"curies":[{"name":"wp","href":"https:\/\/api.w.org\/{rel}","templated":true}]}}