{"id":18987,"date":"2022-08-17T10:15:18","date_gmt":"2022-08-17T10:15:18","guid":{"rendered":"https:\/\/tthcompany.ma\/?post_type=product&#038;p=18987"},"modified":"2022-08-17T10:15:33","modified_gmt":"2022-08-17T10:15:33","slug":"ipc-hfw2531t-zs-vfs","status":"publish","type":"product","link":"https:\/\/tthcompany.ma\/index.php\/product\/ipc-hfw2531t-zs-vfs\/","title":{"rendered":"IPC-HFW2531T-ZS\/VFS"},"content":{"rendered":"<div id=\"div_left\">\n<div class=\"div-drop\">\n<p class=\"title\">IPC-HFW2531T-ZS \/ VFS\u00a0Cam\u00e9ra r\u00e9seau Bullet IR 5MP WDR<\/p>\n<table id=\"table001\" class=\"NEW-TABLE TableOverride-1 tab-drag\">\n<tbody>\n<tr>\n<td colspan=\"60\">\n<h4>Cam\u00e9ra<\/h4>\n<\/td>\n<\/tr>\n<tr>\n<td colspan=\"18\">Capteur d&#8217;image<\/td>\n<td colspan=\"42\">CMOS progressive de 1 \/ 2,7 \u201d\u00e0 5 m\u00e9gapixels<\/td>\n<\/tr>\n<tr>\n<td colspan=\"18\">Pixels efficaces<\/td>\n<td colspan=\"42\">2592 (H) x 1944 (V)<\/td>\n<\/tr>\n<tr>\n<td colspan=\"18\">RAM \/ ROM<\/td>\n<td colspan=\"42\">512 Mo \/ 32 Mo<\/td>\n<\/tr>\n<tr>\n<td colspan=\"18\">Syst\u00e8me de num\u00e9risation<\/td>\n<td colspan=\"42\">Progressive<\/td>\n<\/tr>\n<tr>\n<td colspan=\"18\">Vitesse d&#8217;obturation \u00e9lectronique<\/td>\n<td colspan=\"42\">Auto \/ Manuel, 1\/3 \u00e0 1\/100 000<\/td>\n<\/tr>\n<tr>\n<td colspan=\"18\">Illumination minimale<\/td>\n<td colspan=\"42\">0.02Lux \/ F1.6 (Couleur, 1\/3 s, 30IRE)<\/p>\n<p>0.2Lux \/ F1.6 (Couleur, 1 \/ 30s, 30IRE)<\/p>\n<p>0Lux \/ F1.6 (IR activ\u00e9)<\/td>\n<\/tr>\n<tr>\n<td colspan=\"18\">Ratio S \/ N<\/td>\n<td colspan=\"42\">Plus que 50dB<\/td>\n<\/tr>\n<tr>\n<td colspan=\"18\">Distance IR<\/td>\n<td colspan=\"42\">Distance jusqu&#8217;\u00e0 60m<\/td>\n<\/tr>\n<tr>\n<td colspan=\"18\">Contr\u00f4le IR On \/ Off<\/td>\n<td colspan=\"42\">Auto \/ Manuel<\/td>\n<\/tr>\n<tr>\n<td colspan=\"18\">LED IR<\/td>\n<td colspan=\"42\">4<\/td>\n<\/tr>\n<tr>\n<td colspan=\"60\">\n<h4>Capture<\/h4>\n<\/td>\n<\/tr>\n<tr>\n<td colspan=\"18\">Type de lentille<\/td>\n<td colspan=\"42\">Motoris\u00e9 (-ZS), Manuel (-VFS)<\/td>\n<\/tr>\n<tr>\n<td colspan=\"18\">Type de montage<\/td>\n<td colspan=\"42\">Embarquement<\/td>\n<\/tr>\n<tr>\n<td colspan=\"18\">Distance focale<\/td>\n<td colspan=\"42\">2.7mm ~ 13.5mm<\/td>\n<\/tr>\n<tr>\n<td colspan=\"18\">Max.\u00a0Ouverture<\/td>\n<td colspan=\"42\">F1.4<\/td>\n<\/tr>\n<tr>\n<td colspan=\"18\">Angle de vue<\/td>\n<td colspan=\"42\">H: 95 \u00b0 ~ 27 \u00b0, V: 70 \u00b0 ~ 20 \u00b0<\/td>\n<\/tr>\n<tr>\n<td colspan=\"18\">Contr\u00f4le de la mise au point<\/td>\n<td colspan=\"42\">Motoris\u00e9 (-ZS), Manuel (-VFS)<\/td>\n<\/tr>\n<tr>\n<td colspan=\"18\">Distance de mise au point proche<\/td>\n<td colspan=\"42\">0.3m<\/td>\n<\/tr>\n<tr>\n<td colspan=\"18\" rowspan=\"3\">DORI Distance<\/td>\n<td colspan=\"8\">Lentille<\/td>\n<td colspan=\"8\">D\u00e9tecter<\/td>\n<td colspan=\"8\">Observer<\/td>\n<td colspan=\"8\">Reconna\u00eetre<\/td>\n<td colspan=\"10\">Identifier<\/td>\n<\/tr>\n<tr>\n<td colspan=\"8\">W<\/td>\n<td colspan=\"8\">64m (210t)<\/td>\n<td colspan=\"8\">26m<\/td>\n<td colspan=\"8\">13m (43ft)<\/td>\n<td colspan=\"10\">6m (20ft)<\/td>\n<\/tr>\n<tr>\n<td colspan=\"8\">T<\/td>\n<td colspan=\"8\">222m (728ft)<\/td>\n<td colspan=\"8\">89m (292ft)<\/td>\n<td colspan=\"8\">44m<\/td>\n<td colspan=\"10\">22m (72ft)<\/td>\n<\/tr>\n<tr>\n<td colspan=\"60\">\n<h4>PTZ<\/h4>\n<\/td>\n<\/tr>\n<tr>\n<td colspan=\"18\">Gamme Pan \/ Tilt<\/td>\n<td colspan=\"42\">Casserole: 0 \u00b0 ~ 360 \u00b0; Inclinaison: 0 \u00b0 ~ 90 \u00b0; Rotation: 0 \u00b0 ~ 360 \u00b0<\/td>\n<\/tr>\n<tr>\n<td colspan=\"60\">\n<h4>Intelligence<\/h4>\n<\/td>\n<\/tr>\n<tr>\n<td colspan=\"18\">D\u00e9clencheur d&#8217;\u00e9v\u00e9nement<\/td>\n<td colspan=\"42\">D\u00e9tection de mouvement, alt\u00e9ration vid\u00e9o, changement de sc\u00e8ne<\/p>\n<p>, D\u00e9connexion du r\u00e9seau, conflit d&#8217;adresses IP, acc\u00e8s ill\u00e9gal, anomalie de stockage<\/td>\n<\/tr>\n<tr>\n<td colspan=\"18\">IVS<\/td>\n<td colspan=\"42\">Tripwire, Intrusion<\/td>\n<\/tr>\n<tr>\n<td colspan=\"60\">\n<h4>Vid\u00e9o<\/h4>\n<\/td>\n<\/tr>\n<tr>\n<td colspan=\"18\">Compression<\/td>\n<td colspan=\"42\">H.265 \/ H.264H \/ MJPEG (sous-flux)<\/td>\n<\/tr>\n<tr>\n<td colspan=\"18\">Codec intelligent<\/td>\n<td colspan=\"42\">Soutien H.265 + \/ H.264 +<\/td>\n<\/tr>\n<tr>\n<td colspan=\"18\">Capacit\u00e9 de streaming<\/td>\n<td colspan=\"42\">2 flux<\/td>\n<\/tr>\n<tr>\n<td colspan=\"18\">R\u00e9solution<\/td>\n<td colspan=\"42\">5M (2592 \u00d7 1944) \/ 4M (2688&#215;1520) \/ 3M (2304 \u00d7 1296\/2<\/p>\n<p>048&#215;1536) \/ 1080P (1920 \u00d7 1080) \/ 720P (1280 \u00d7 720) \/<\/p>\n<p>D1 (704 \u00d7 576\/704 \u00d7 480) \/ VGA (640 \u00d7 480) \/<\/p>\n<p>CIF (352 \u00d7 288\/352 \u00d7 240)<\/td>\n<\/tr>\n<tr>\n<td colspan=\"18\" rowspan=\"2\">Taux de trame<\/td>\n<td colspan=\"42\">Flux principal: 5M (1 ~ 15fps) \/ 3M (1 ~ 25 \/ 30fps)<\/td>\n<\/tr>\n<tr>\n<td colspan=\"42\">Sous flux: D1 \/ CIF (1 ~ 25 \/ 30fps)<\/td>\n<\/tr>\n<tr>\n<td colspan=\"18\">Contr\u00f4le du d\u00e9bit binaire<\/td>\n<td colspan=\"42\">CBR \/ VBR<\/td>\n<\/tr>\n<\/tbody>\n<\/table>\n<\/div>\n<\/div>\n<div id=\"div_left\">\n<div class=\"div-drop\">\n<table id=\"table002\" class=\"NEW-TABLE TableOverride-1 tab-drag\">\n<tbody>\n<tr>\n<td colspan=\"18\">D\u00e9bit binaire<\/td>\n<td colspan=\"42\">H.265: 12K ~ 8448Kbps<\/p>\n<p>H.264: 32K ~ 10240Kbps<\/td>\n<\/tr>\n<tr>\n<td colspan=\"18\">Jour Nuit<\/td>\n<td colspan=\"42\">Auto (ICR) \/ Couleur \/ N \/ B<\/td>\n<\/tr>\n<tr>\n<td colspan=\"18\">Mode BLC<\/td>\n<td colspan=\"42\">BLC \/ HLC \/ WDR (120dB)<\/td>\n<\/tr>\n<tr>\n<td colspan=\"18\">Balance des blancs<\/td>\n<td colspan=\"42\">Auto \/ Naturel \/ Lampadaire \/ Ext\u00e9rieur \/ Manuel<\/td>\n<\/tr>\n<tr>\n<td colspan=\"18\">Prendre le contr\u00f4le<\/td>\n<td colspan=\"42\">Auto \/ Manuel<\/td>\n<\/tr>\n<tr>\n<td colspan=\"18\">R\u00e9duction de bruit<\/td>\n<td colspan=\"42\">DNR 3D<\/td>\n<\/tr>\n<tr>\n<td colspan=\"18\">D\u00e9tection de mouvement<\/td>\n<td colspan=\"42\">Arr\u00eat \/ Marche (4 zones, rectangle)<\/td>\n<\/tr>\n<tr>\n<td colspan=\"18\">R\u00e9gion d&#8217;int\u00e9r\u00eat<\/td>\n<td colspan=\"42\">Off \/ On (4 zones)<\/td>\n<\/tr>\n<tr>\n<td colspan=\"18\">Stabilisation\u00a0\u00e9lectronique de l&#8217;image\u00a0(EIS)<\/td>\n<td colspan=\"42\">N \/ A<\/td>\n<\/tr>\n<tr>\n<td colspan=\"18\">IR intelligent<\/td>\n<td colspan=\"42\">Soutien<\/td>\n<\/tr>\n<tr>\n<td colspan=\"18\">Zoom num\u00e9rique<\/td>\n<td colspan=\"42\">16x<\/td>\n<\/tr>\n<tr>\n<td colspan=\"18\">Flip<\/td>\n<td colspan=\"42\">0 \u00b0 \/ 90 \u00b0 \/ 180 \u00b0 \/ 270 \u00b0<\/td>\n<\/tr>\n<tr>\n<td colspan=\"18\">Miroir<\/td>\n<td colspan=\"42\">\u00c9teint allum\u00e9<\/td>\n<\/tr>\n<tr>\n<td colspan=\"18\">Masquage de confidentialit\u00e9<\/td>\n<td colspan=\"42\">Arr\u00eat \/ Marche (4 zones, rectangle)<\/td>\n<\/tr>\n<tr>\n<td colspan=\"60\">\n<h4>l&#8217;audio<\/h4>\n<\/td>\n<\/tr>\n<tr>\n<td colspan=\"18\">Compression<\/td>\n<td colspan=\"42\">G.711a \/ G.711Mu \/ AAC \/ G.726<\/td>\n<\/tr>\n<tr>\n<td colspan=\"60\">\n<h4>R\u00e9seau<\/h4>\n<\/td>\n<\/tr>\n<tr>\n<td colspan=\"18\">Ethernet<\/td>\n<td colspan=\"42\">RJ-45 (10 \/ 100Base-T)<\/td>\n<\/tr>\n<tr>\n<td colspan=\"18\">Protocole<\/td>\n<td colspan=\"42\">HTTP; HTTPS; TCP; ARP; RTSP; RTP; RTCP; UDP; SMTP;<\/p>\n<p>FTP; DHCP; DNS; DDNS; PPPoE; IPV4 \/ V6; QoS; UPnP;<\/p>\n<p>NTP; Bonjour; IEEE 802.1X; Multicast; ICMP; IGMP; TLS<\/td>\n<\/tr>\n<tr>\n<td colspan=\"18\">L&#8217;interop\u00e9rabilit\u00e9<\/td>\n<td colspan=\"42\">Profil ONVIF S &amp; G, API<\/td>\n<\/tr>\n<tr>\n<td colspan=\"18\">M\u00e9thode de streaming<\/td>\n<td colspan=\"42\">Unicast \/ Multicast<\/td>\n<\/tr>\n<tr>\n<td colspan=\"18\">Max.\u00a0Acc\u00e8s utilisateur<\/td>\n<td colspan=\"42\">10 utilisateurs \/ 20 utilisateurs<\/td>\n<\/tr>\n<tr>\n<td colspan=\"18\">Stockage de bord<\/td>\n<td colspan=\"42\">NAS<\/p>\n<p>PC local pour enregistrement instantan\u00e9<\/p>\n<p>Carte Micro SD 128 Go<\/td>\n<\/tr>\n<tr>\n<td colspan=\"18\">Web Viewer<\/td>\n<td colspan=\"42\">IE, Chrome, Firefox, Safari<\/td>\n<\/tr>\n<tr>\n<td colspan=\"18\">Logiciel de gestion<\/td>\n<td colspan=\"42\">Smart PSS, DSS, DMSS<\/td>\n<\/tr>\n<tr>\n<td colspan=\"18\">T\u00e9l\u00e9phone intelligent<\/td>\n<td colspan=\"42\">IOS, Android<\/td>\n<\/tr>\n<tr>\n<td colspan=\"60\">\n<h4>Certifications<\/h4>\n<\/td>\n<\/tr>\n<tr>\n<td colspan=\"18\">Certifications<\/td>\n<td colspan=\"42\">CE (EN 60950: 2000)<\/p>\n<p>UL: UL60950-1<\/p>\n<p>FCC: FCC Partie 15, sous-partie B<\/td>\n<\/tr>\n<tr>\n<td colspan=\"60\">\n<h4>Interface<\/h4>\n<\/td>\n<\/tr>\n<tr>\n<td colspan=\"18\">Interface vid\u00e9o<\/td>\n<td colspan=\"42\">N \/ A<\/td>\n<\/tr>\n<tr>\n<td colspan=\"18\">Interface audio<\/td>\n<td colspan=\"42\">N \/ A<\/td>\n<\/tr>\n<tr>\n<td colspan=\"18\">RS485<\/td>\n<td colspan=\"42\">N \/ A<\/td>\n<\/tr>\n<tr>\n<td colspan=\"18\">Alarme<\/td>\n<td colspan=\"42\">N \/ A<\/td>\n<\/tr>\n<tr>\n<td colspan=\"60\">\n<h4>\u00c9lectrique<\/h4>\n<\/td>\n<\/tr>\n<tr>\n<td colspan=\"18\">Source de courant<\/td>\n<td colspan=\"42\">DC12V, PoE + (IEEE 802.3at) (classe 4)<\/td>\n<\/tr>\n<tr>\n<td colspan=\"18\">Consommation d&#8217;\u00e9nergie<\/td>\n<td colspan=\"42\">&lt;15W (-ZS), &lt;13W (-VFS)<\/td>\n<\/tr>\n<\/tbody>\n<\/table>\n<\/div>\n<\/div>\n<div id=\"div_left\">\n<div class=\"div-drop\">\n<table id=\"table003\" class=\"NEW-TABLE TableOverride-1 tab-drag\">\n<tbody>\n<tr>\n<td colspan=\"60\">\n<h4>Environnement<\/h4>\n<\/td>\n<\/tr>\n<tr>\n<td colspan=\"18\">Des conditions de fonctionnement<\/td>\n<td colspan=\"42\">-30 \u00b0 C ~ + 60 \u00b0 C \/ moins de 95% d&#8217;humidit\u00e9 relative<\/td>\n<\/tr>\n<tr>\n<td colspan=\"18\">Conditions de stockage<\/td>\n<td colspan=\"42\">-30 \u00b0 C ~ + 60 \u00b0 C \/ moins de 95% d&#8217;humidit\u00e9 relative<\/td>\n<\/tr>\n<tr>\n<td colspan=\"18\">Protection contre la p\u00e9n\u00e9tration<\/td>\n<td colspan=\"42\">IP67<\/td>\n<\/tr>\n<tr>\n<td colspan=\"18\">R\u00e9sistance vandale<\/td>\n<td colspan=\"42\">N \/ A<\/td>\n<\/tr>\n<tr>\n<td colspan=\"60\">\n<h4>Construction<\/h4>\n<\/td>\n<\/tr>\n<tr>\n<td colspan=\"18\">Enveloppe<\/td>\n<td colspan=\"42\">M\u00e9tal<\/td>\n<\/tr>\n<tr>\n<td colspan=\"18\">Dimensions<\/td>\n<td colspan=\"42\">244,1 mm \u00d7 79 mm \u00d7 75,9 mm (9,61\u00a0&#8221;\u00a0\u00d7 3,11\u00a0&#8221;\u00a0\u00d7 2,99\u00a0&#8221;\u00a0)<\/td>\n<\/tr>\n<tr>\n<td colspan=\"18\">Poids net<\/td>\n<td colspan=\"42\">0,815 kg (1,80 lb)<\/td>\n<\/tr>\n<tr>\n<td colspan=\"18\">Poids brut<\/td>\n<td colspan=\"42\">1,08 kg (2,38 lb)<\/td>\n<\/tr>\n<\/tbody>\n<\/table>\n<\/div>\n<\/div>\n","protected":false},"excerpt":{"rendered":"<p class=\"text\" data-v-c786ec5e=\"\">Cam\u00e9ra r\u00e9seau Bullet IR 5MP WDR<\/p>\n<ul>\n<li>Encodage double flux H.265 &amp; H.264<\/li>\n<li>15fps @ 5M (2592 \u00d7 1944) &amp; 25 \/ 30fps @ 3M (2304 \u00d7 1296)<\/li>\n<li>WDR (120dB), Jour \/ Nuit (ICR ), 3DNR, AWB, AGC, BLC<\/li>\n<li>Surveillance de r\u00e9seaux multiples: Web Viewer, CMS (DSS \/ PSS) et DMSS<\/li>\n<li>Fente pour\u00a0carte Micro SD, jusqu\u2019\u00e0 128 Go<\/li>\n<li>Lentille varifocale de 2,7 ~ 13,5 mm<\/li>\n<li>Longueur maximum des LED IR 60 m<\/li>\n<li>IP67, PoE +<\/li>\n<\/ul>\n","protected":false},"featured_media":19014,"comment_status":"open","ping_status":"closed","template":"","meta":{"om_disable_all_campaigns":false,"_monsterinsights_skip_tracking":false,"_monsterinsights_sitenote_active":false,"_monsterinsights_sitenote_note":"","_monsterinsights_sitenote_category":0},"product_cat":[483,302],"product_tag":[204,205,206,260,208,261,262,210,263,264,211,228,212,213,265,190,214,229,191,193,216,195,218,196,272,197,198,219,199,220,231,241,200,201,222,280,281,223,282,283,284,547,285,257,286,224,225,287,288,289,226,290,291,292,202],"class_list":{"0":"post-18987","1":"product","2":"type-product","3":"status-publish","4":"has-post-thumbnail","6":"product_cat-cameras-5mp","7":"product_cat-produits-ip","8":"product_tag-afrique-du-sud","9":"product_tag-alarme","10":"product_tag-camera","11":"product_tag-camera-de-surveillance-tanger","12":"product_tag-camera-ip","13":"product_tag-camera-ip-dahua","14":"product_tag-camera-maroc","15":"product_tag-camera-surveillance-afrique","16":"product_tag-camera-surveillance-avec-un-bon-prix","17":"product_tag-camera-surveillance-casablanca","18":"product_tag-camera-surveillance-dahua","19":"product_tag-camera-surveillance-maroc","20":"product_tag-camera-surveillance-tanger","21":"product_tag-camera-dahua","22":"product_tag-control-dacces-tanger","23":"product_tag-dahua","24":"product_tag-dahua-afrique","25":"product_tag-dahua-agadir","26":"product_tag-dahua-algerie","27":"product_tag-dahua-casablanca","28":"product_tag-dahua-el-jadida","29":"product_tag-dahua-fes","30":"product_tag-dahua-hoceima","31":"product_tag-dahua-kenitra","32":"product_tag-dahua-laayoune","33":"product_tag-dahua-maroc","34":"product_tag-dahua-marrakech","35":"product_tag-dahua-meknas","36":"product_tag-dahua-meknes","37":"product_tag-dahua-nador","38":"product_tag-dahua-nvr","39":"product_tag-dahua-oujda","40":"product_tag-dahua-rabat","41":"product_tag-dahua-tanger","42":"product_tag-dahua-tetouan","43":"product_tag-desenfumage-tanger","44":"product_tag-detection-incendie","45":"product_tag-disque-dur","46":"product_tag-distributeur-dahua","47":"product_tag-installation-alarme","48":"product_tag-installations-camera-de-surveillance-maroc","49":"product_tag-ipc-hfw2531t-zs-vfs","50":"product_tag-moniteur-dimage","51":"product_tag-nvr","52":"product_tag-pack-camera-de-surveillance","53":"product_tag-pack-camera-de-surveillance-dahua","54":"product_tag-pointeuse","55":"product_tag-porte-automatiques","56":"product_tag-portes-coup-feu-tanger","57":"product_tag-skydome-tanger","58":"product_tag-smart-lock","59":"product_tag-sprinkler-tanger","60":"product_tag-travaux-d-incendie-tanger","61":"product_tag-video-surveillance-tanger","62":"product_tag-x-securite","64":"first","65":"instock","66":"shipping-taxable","67":"purchasable","68":"product-type-simple","69":"add-to-wishlist-after_add_to_cart"},"aioseo_notices":[],"_links":{"self":[{"href":"https:\/\/tthcompany.ma\/index.php\/wp-json\/wp\/v2\/product\/18987","targetHints":{"allow":["GET"]}}],"collection":[{"href":"https:\/\/tthcompany.ma\/index.php\/wp-json\/wp\/v2\/product"}],"about":[{"href":"https:\/\/tthcompany.ma\/index.php\/wp-json\/wp\/v2\/types\/product"}],"replies":[{"embeddable":true,"href":"https:\/\/tthcompany.ma\/index.php\/wp-json\/wp\/v2\/comments?post=18987"}],"wp:featuredmedia":[{"embeddable":true,"href":"https:\/\/tthcompany.ma\/index.php\/wp-json\/wp\/v2\/media\/19014"}],"wp:attachment":[{"href":"https:\/\/tthcompany.ma\/index.php\/wp-json\/wp\/v2\/media?parent=18987"}],"wp:term":[{"taxonomy":"product_cat","embeddable":true,"href":"https:\/\/tthcompany.ma\/index.php\/wp-json\/wp\/v2\/product_cat?post=18987"},{"taxonomy":"product_tag","embeddable":true,"href":"https:\/\/tthcompany.ma\/index.php\/wp-json\/wp\/v2\/product_tag?post=18987"}],"curies":[{"name":"wp","href":"https:\/\/api.w.org\/{rel}","templated":true}]}}