{"id":18985,"date":"2022-08-17T10:15:17","date_gmt":"2022-08-17T10:15:17","guid":{"rendered":"https:\/\/tthcompany.ma\/?post_type=product&#038;p=18985"},"modified":"2023-03-14T15:28:34","modified_gmt":"2023-03-14T15:28:34","slug":"ipc-hfw5631ep-ze","status":"publish","type":"product","link":"https:\/\/tthcompany.ma\/index.php\/product\/ipc-hfw5631ep-ze\/","title":{"rendered":"IPC-HFW5631EP-ZE"},"content":{"rendered":"<div id=\"div_left\">\n<div class=\"div-drop\">\n<p class=\"title\">IPC-HFW5631E-ZE Cam\u00e9ra r\u00e9seau Bullet IR 6MP WDR<\/p>\n<div id=\"div_left\">\n<div class=\"div-drop\">\n<table id=\"table001\" class=\"NEW-TABLE TableOverride-1 tab-drag\">\n<tbody>\n<tr>\n<td colspan=\"60\">\n<h2><span style=\"font-size: 14pt;\">Cam\u00e9ra<\/span><\/h2>\n<\/td>\n<\/tr>\n<tr>\n<td colspan=\"18\">Capteur d&#8217;image<\/td>\n<td colspan=\"42\">CMOS \u00e0 balayage progressif 1 \/ 2,9 &#8220;6 m\u00e9gapixels<\/td>\n<\/tr>\n<tr>\n<td colspan=\"18\">Pixels efficaces<\/td>\n<td colspan=\"42\">3072 (H) x2048 (V)<\/td>\n<\/tr>\n<tr>\n<td colspan=\"18\">RAM \/ ROM<\/td>\n<td colspan=\"42\">512 Mo \/ 32 Mo<\/td>\n<\/tr>\n<tr>\n<td colspan=\"18\">Syst\u00e8me de num\u00e9risation<\/td>\n<td colspan=\"42\">Progressive<\/td>\n<\/tr>\n<tr>\n<td colspan=\"18\">Vitesse d&#8217;obturation \u00e9lectronique<\/td>\n<td colspan=\"42\">Auto \/ Manuel, 1\/3 \u00e0 1\/100 000<\/td>\n<\/tr>\n<tr>\n<td colspan=\"18\">Illumination minimale<\/td>\n<td colspan=\"42\">0.03Lux \/ F1.4 (Couleur, 1\/3 s, 30IRE)<\/p>\n<p>0.3Lux \/ F1.4 (Couleur, 1 \/ 30s, 30IRE)<\/p>\n<p>0Lux \/ F1.4 (IR activ\u00e9)<\/td>\n<\/tr>\n<tr>\n<td colspan=\"18\">Ratio S \/ N<\/td>\n<td colspan=\"42\">Plus que 50dB<\/td>\n<\/tr>\n<tr>\n<td colspan=\"18\">Distance IR<\/td>\n<td colspan=\"42\">Distance jusqu&#8217;\u00e0 50m<\/td>\n<\/tr>\n<tr>\n<td colspan=\"18\">Contr\u00f4le IR On \/ Off<\/td>\n<td colspan=\"42\">Auto \/ Manuel<\/td>\n<\/tr>\n<tr>\n<td colspan=\"18\">LED IR<\/td>\n<td colspan=\"42\">4<\/td>\n<\/tr>\n<tr>\n<td colspan=\"60\">\n<h2><span style=\"font-size: 14pt;\">Capture<\/span><\/h2>\n<\/td>\n<\/tr>\n<tr>\n<td colspan=\"18\">Type de lentille<\/td>\n<td colspan=\"42\">Iris motoris\u00e9 \/ automatique (DC)<\/td>\n<\/tr>\n<tr>\n<td colspan=\"18\">Type de montage<\/td>\n<td colspan=\"42\">Embarquement<\/td>\n<\/tr>\n<tr>\n<td colspan=\"18\">Distance focale<\/td>\n<td colspan=\"42\">2.7mm ~ 13.5mm<\/td>\n<\/tr>\n<tr>\n<td colspan=\"18\">Max.\u00a0Ouverture<\/td>\n<td colspan=\"42\">F1.4<\/td>\n<\/tr>\n<tr>\n<td colspan=\"18\">Angle de vue<\/td>\n<td colspan=\"42\">H: 91 \u00b0 ~ 27 \u00b0, V: 58 \u00b0 ~ 18 \u00b0<\/td>\n<\/tr>\n<tr>\n<td colspan=\"18\">Zoom optique<\/td>\n<td colspan=\"42\">5x<\/td>\n<\/tr>\n<tr>\n<td colspan=\"18\">Contr\u00f4le de la mise au point<\/td>\n<td colspan=\"42\">Motoris\u00e9<\/td>\n<\/tr>\n<tr>\n<td colspan=\"18\">Distance de mise au point proche<\/td>\n<td colspan=\"42\">0.3m<\/td>\n<\/tr>\n<tr>\n<td colspan=\"18\" rowspan=\"3\">DORI Distance<\/td>\n<td colspan=\"8\">Lentille<\/td>\n<td colspan=\"8\">D\u00e9tecter<\/td>\n<td colspan=\"8\">Observer<\/td>\n<td colspan=\"8\">Reconna\u00eetre<\/td>\n<td colspan=\"10\">Identifier<\/td>\n<\/tr>\n<tr>\n<td colspan=\"8\">W<\/td>\n<td colspan=\"8\">79m (259 pieds)<\/td>\n<td colspan=\"8\">32m (105ft)<\/td>\n<td colspan=\"8\">16m (52ft)<\/td>\n<td colspan=\"10\">8m (41ft)<\/td>\n<\/tr>\n<tr>\n<td colspan=\"8\">T<\/td>\n<td colspan=\"8\">256m (840ft)<\/td>\n<td colspan=\"8\">102m (334ft)<\/td>\n<td colspan=\"8\">51m<\/td>\n<td colspan=\"10\">25m (84ft)<\/td>\n<\/tr>\n<tr>\n<td colspan=\"60\">\n<h2><span style=\"font-size: 14pt;\">Pan \/ Tilt \/ Rotation<\/span><\/h2>\n<\/td>\n<\/tr>\n<tr>\n<td colspan=\"18\">Pan \/ Tilt \/ Rotation Range<\/td>\n<td colspan=\"42\">Pan: 0\u02da ~ 360\u02da;\u00a0Inclinaison: 0\u02da ~ 90\u02da;\u00a0Rotation: 0\u02da ~ 360\u02da<\/td>\n<\/tr>\n<tr>\n<td colspan=\"60\">\n<h2><span style=\"font-size: 14pt;\">Intelligence<\/span><\/h2>\n<\/td>\n<\/tr>\n<tr>\n<td colspan=\"18\">IVS<\/td>\n<td colspan=\"42\">Tripwire, Intrusion, Objet abandonn\u00e9 \/ manquant<\/td>\n<\/tr>\n<tr>\n<td colspan=\"18\">Fonctions intelligentes avanc\u00e9es<\/td>\n<td colspan=\"42\">D\u00e9tection facial<\/td>\n<\/tr>\n<tr>\n<td colspan=\"60\">\n<h2><span style=\"font-size: 14pt;\">Vid\u00e9o<\/span><\/h2>\n<\/td>\n<\/tr>\n<tr>\n<td colspan=\"18\">Compression<\/td>\n<td colspan=\"42\">H.265 + \/ H.265 \/ H.264 + \/ H.264<\/td>\n<\/tr>\n<tr>\n<td colspan=\"18\">Capacit\u00e9 de streaming<\/td>\n<td colspan=\"42\">3 flux<\/td>\n<\/tr>\n<tr>\n<td colspan=\"18\">R\u00e9solution<\/td>\n<td colspan=\"42\">6M (3072 \u00d7 2048) \/ 5M (3072&#215;1728) \/ 5M (2592 \u00d7 1944) \/ 4M (2688 \u00d7 1520) \/ 3M (2048&#215;1536) \/ 3M (2304 \u00d7 1296) \/ 1080P (1920 \u00d7 1080) \/ 1,3M (1280&#215;960) \/ 720P (1280 \u00d7 720) \/ D1 (704 \u00d7 576\/704 \u00d7 480) \/<\/p>\n<p>VGA (640 \u00d7 480) \/ CIF (352 \u00d7 288\/352 \u00d7 240)<\/td>\n<\/tr>\n<tr>\n<td colspan=\"18\" rowspan=\"3\">Taux de trame<\/td>\n<td colspan=\"42\">Flux principal: 6M (1 ~ 20fps) \/ 4M (1 ~ 25 \/ 30fps)<\/td>\n<\/tr>\n<tr>\n<td colspan=\"42\">Sous flux: D1 (1 ~ 25 \/ 30fps)<\/td>\n<\/tr>\n<tr>\n<td colspan=\"42\">Troisi\u00e8me flux: 720p (1 ~ 25 \/ 30fps)<\/td>\n<\/tr>\n<tr>\n<td colspan=\"18\">Contr\u00f4le du d\u00e9bit binaire<\/td>\n<td colspan=\"42\">CBR \/ VBR<\/td>\n<\/tr>\n<tr>\n<td colspan=\"18\">D\u00e9bit binaire<\/td>\n<td colspan=\"42\">H.264: 24K ~ 10240Kbps H.265: 14K ~ 9984Kbps<\/td>\n<\/tr>\n<\/tbody>\n<\/table>\n<\/div>\n<\/div>\n<div id=\"div_left\">\n<div class=\"div-drop\">\n<table id=\"table002\" class=\"NEW-TABLE TableOverride-1 tab-drag\">\n<tbody>\n<tr>\n<td colspan=\"18\">Jour Nuit<\/td>\n<td colspan=\"42\">Auto (ICR) \/ Couleur \/ N \/ B<\/td>\n<\/tr>\n<tr>\n<td colspan=\"18\">Mode BLC<\/td>\n<td colspan=\"42\">BLC \/ HLC \/ WDR<\/td>\n<\/tr>\n<tr>\n<td colspan=\"18\">Balance des blancs<\/td>\n<td colspan=\"42\">Auto \/ Naturel \/ Lampadaire \/ Ext\u00e9rieur \/ Manuel<\/td>\n<\/tr>\n<tr>\n<td colspan=\"18\">Prendre le contr\u00f4le<\/td>\n<td colspan=\"42\">Auto \/ Manuel<\/td>\n<\/tr>\n<tr>\n<td colspan=\"18\">R\u00e9duction de bruit<\/td>\n<td colspan=\"42\">DNR 3D<\/td>\n<\/tr>\n<tr>\n<td colspan=\"18\">D\u00e9tection de mouvement<\/td>\n<td colspan=\"42\">Arr\u00eat \/ Marche (4 zones, rectangle)<\/td>\n<\/tr>\n<tr>\n<td colspan=\"18\">R\u00e9gion d&#8217;int\u00e9r\u00eat<\/td>\n<td colspan=\"42\">Off \/ On (4 zones)<\/td>\n<\/tr>\n<tr>\n<td colspan=\"18\">Stabilisation\u00a0\u00e9lectronique de l&#8217;image\u00a0(EIS)<\/td>\n<td colspan=\"42\">N \/ A<\/td>\n<\/tr>\n<tr>\n<td colspan=\"18\">IR intelligent<\/td>\n<td colspan=\"42\">Soutien<\/td>\n<\/tr>\n<tr>\n<td colspan=\"18\">D\u00e9sembuage<\/td>\n<td colspan=\"42\">N \/ A<\/td>\n<\/tr>\n<tr>\n<td colspan=\"18\">Zoom num\u00e9rique<\/td>\n<td colspan=\"42\">16x<\/td>\n<\/tr>\n<tr>\n<td colspan=\"18\">Flip<\/td>\n<td colspan=\"42\">0 \u00b0 \/ 90 \u00b0 \/ 180 \u00b0 \/ 270 \u00b0<\/td>\n<\/tr>\n<tr>\n<td colspan=\"18\">Miroir<\/td>\n<td colspan=\"42\">\u00c9teint allum\u00e9<\/td>\n<\/tr>\n<tr>\n<td colspan=\"18\">Masquage de confidentialit\u00e9<\/td>\n<td colspan=\"42\">Arr\u00eat \/ Marche (4 zones, rectangle)<\/td>\n<\/tr>\n<tr>\n<td colspan=\"60\">\n<h2><span style=\"font-size: 14pt;\">l&#8217;audio<\/span><\/h2>\n<\/td>\n<\/tr>\n<tr>\n<td colspan=\"18\">Compression<\/td>\n<td colspan=\"42\">G.711a \/ G.711Mu \/ AAC \/ G.726<\/td>\n<\/tr>\n<tr>\n<td colspan=\"60\">\n<h2><span style=\"font-size: 14pt;\">R\u00e9seau<\/span><\/h2>\n<\/td>\n<\/tr>\n<tr>\n<td colspan=\"18\">Ethernet<\/td>\n<td colspan=\"42\">RJ-45 (10 \/ 100Base-T)<\/td>\n<\/tr>\n<tr>\n<td colspan=\"18\">Protocole<\/td>\n<td colspan=\"42\">HTTP;\u00a0HTTPs;\u00a0TCP;\u00a0ARP;\u00a0RTSP;\u00a0RTP;\u00a0UDP;\u00a0SMTP;<\/p>\n<p>FTP;\u00a0DHCP;\u00a0DNS;\u00a0DDNS;\u00a0PPPOE;\u00a0IPv4 \/ v6;\u00a0QoS;<\/p>\n<p>UPnP; NTP;\u00a0Bonjour;\u00a0802.1x;\u00a0Multidiffusion;\u00a0ICMP;<\/p>\n<p>IGMP;\u00a0SNMP<\/td>\n<\/tr>\n<tr>\n<td colspan=\"18\">L&#8217;interop\u00e9rabilit\u00e9<\/td>\n<td colspan=\"42\">ONVIF, PSIA, CGI<\/td>\n<\/tr>\n<tr>\n<td colspan=\"18\">M\u00e9thode de streaming<\/td>\n<td colspan=\"42\">Unicast \/ Multicast<\/td>\n<\/tr>\n<tr>\n<td colspan=\"18\">Max.\u00a0Acc\u00e8s utilisateur<\/td>\n<td colspan=\"42\">10 utilisateurs \/ 20 utilisateurs<\/td>\n<\/tr>\n<tr>\n<td colspan=\"18\">Stockage de bord<\/td>\n<td colspan=\"42\">NAS<\/p>\n<p>PC local pour enregistrement instantan\u00e9<\/p>\n<p>Carte Mirco SD 128Go<\/td>\n<\/tr>\n<tr>\n<td colspan=\"18\">Web Viewer<\/td>\n<td colspan=\"42\">IE, Chrome, Firefox, Safari<\/td>\n<\/tr>\n<tr>\n<td colspan=\"18\">Logiciel de gestion<\/td>\n<td colspan=\"42\">Smart PSS, DSS, Easy4ip<\/td>\n<\/tr>\n<tr>\n<td colspan=\"18\">T\u00e9l\u00e9phone intelligent<\/td>\n<td colspan=\"42\">IOS, Android<\/td>\n<\/tr>\n<tr>\n<td colspan=\"60\">\n<h2><span style=\"font-size: 14pt;\">Certifications<\/span><\/h2>\n<\/td>\n<\/tr>\n<tr>\n<td colspan=\"18\">Certifications<\/td>\n<td colspan=\"42\">CE (EN 60950: 2000)<\/p>\n<p>UL: UL60950-1<\/p>\n<p>FCC: FCC Partie 15, sous-partie B<\/td>\n<\/tr>\n<tr>\n<td colspan=\"60\">\n<h2><span style=\"font-size: 14pt;\">Interface<\/span><\/h2>\n<\/td>\n<\/tr>\n<tr>\n<td colspan=\"18\">Interface vid\u00e9o<\/td>\n<td colspan=\"42\">N \/ A<\/td>\n<\/tr>\n<tr>\n<td colspan=\"18\">Interface audio<\/td>\n<td colspan=\"42\">1\/1 canal In \/ Out<\/td>\n<\/tr>\n<tr>\n<td colspan=\"18\">RS485<\/td>\n<td colspan=\"42\">N \/ A<\/td>\n<\/tr>\n<tr>\n<td colspan=\"18\">Alarme<\/td>\n<td colspan=\"42\">2 canaux en entr\u00e9e: 5mA 5VDC<\/p>\n<p>1 canal Out: 300mA 12VDC<\/td>\n<\/tr>\n<tr>\n<td colspan=\"60\">\n<h2><span style=\"font-size: 14pt;\">\u00c9lectrique<\/span><\/h2>\n<\/td>\n<\/tr>\n<tr>\n<td colspan=\"18\">Source de courant<\/td>\n<td colspan=\"42\">DC12V, PoE (802.3af) (classe 0)<\/td>\n<\/tr>\n<tr>\n<td colspan=\"18\">Consommation d&#8217;\u00e9nergie<\/td>\n<td colspan=\"42\">&lt;12.95W<\/td>\n<\/tr>\n<\/tbody>\n<\/table>\n<\/div>\n<\/div>\n<div id=\"div_left\">\n<div class=\"div-drop\">\n<table id=\"table004\" class=\"NEW-TABLE TableOverride-1 tab-drag\">\n<tbody>\n<tr>\n<td colspan=\"60\">\n<h2><span style=\"font-size: 12pt;\">Environnement<\/span><\/h2>\n<\/td>\n<\/tr>\n<tr>\n<td colspan=\"18\">Des conditions de fonctionnement<\/td>\n<td colspan=\"42\">-30 \u00b0 C ~ + 60 \u00b0 C \/ moins de 95% d&#8217;humidit\u00e9 relative<\/td>\n<\/tr>\n<tr>\n<td colspan=\"18\">Conditions de Strorage<\/td>\n<td colspan=\"42\">-30 \u00b0 C ~ + 60 \u00b0 C \/ moins de 95% d&#8217;humidit\u00e9 relative<\/td>\n<\/tr>\n<tr>\n<td colspan=\"18\">Protection contre la p\u00e9n\u00e9tration<\/td>\n<td colspan=\"42\">IP67<\/td>\n<\/tr>\n<tr>\n<td colspan=\"18\">R\u00e9sistance vandale<\/td>\n<td colspan=\"42\">IK10<\/td>\n<\/tr>\n<tr>\n<td colspan=\"60\">\n<h2><span style=\"font-size: 14pt;\">Construction<\/span><\/h2>\n<\/td>\n<\/tr>\n<tr>\n<td colspan=\"18\">Enveloppe<\/td>\n<td colspan=\"42\">M\u00e9tal<\/td>\n<\/tr>\n<tr>\n<td colspan=\"18\">Dimensions<\/td>\n<td colspan=\"42\">273,2 mm \u00d7 95,0 mm \u00d7 95,0 mm (10,76\u00a0\u201d\u00a0\u00d7 3,74\u00a0\u201d\u00a0\u00d7 3,74\u00a0\u201d\u00a0)<\/td>\n<\/tr>\n<tr>\n<td colspan=\"18\">Poids net<\/td>\n<td colspan=\"42\">1,11 kg (2,44 lb)<\/td>\n<\/tr>\n<tr>\n<td colspan=\"18\">Poids brut<\/td>\n<td colspan=\"42\">1,51 kg (3,33 lb)<\/td>\n<\/tr>\n<\/tbody>\n<\/table>\n<\/div>\n<\/div>\n<\/div>\n<\/div>\n<div id=\"div_left\"><\/div>\n","protected":false},"excerpt":{"rendered":"<h1 class=\"text\"><span style=\"color: #000000; font-size: 10pt; font-family: georgia, palatino, serif;\"><strong>Cam\u00e9ra r\u00e9seau Bullet IR 6MP WDR<\/strong><\/span><\/h1>\n<ul>\n<li>STARVIS \u2122 CMOS \u00e0 balayage progressif de\u00a06 m\u00e9gapixels<\/li>\n<li>\u00a0Encodage double flux H.265 &amp; H.264<\/li>\n<li>20 ips \u00e0 6 M (3072 \u00d7 2048), 25\/30 ips \u00e0 4 M (2688 \u00d7 1520)<\/li>\n<li>Jour \/ Nuit (ICR), 3DNR , AWB, AGC, BLC<\/li>\n<li>Surveillance de plusieurs r\u00e9seaux: afficheur Web, CMS (DSS \/ PSS) et DMSS<\/li>\n<li>Objectif motoris\u00e9 2,7 mm ~ 13,5 mm<\/li>\n<li>Max.\u00a0LED IR longueur 50m<\/li>\n<li>M\u00e9moire Micro SD, IP67, IK10, PoE<\/li>\n<\/ul>\n","protected":false},"featured_media":18950,"comment_status":"open","ping_status":"closed","template":"","meta":{"om_disable_all_campaigns":false,"_monsterinsights_skip_tracking":false,"_monsterinsights_sitenote_active":false,"_monsterinsights_sitenote_note":"","_monsterinsights_sitenote_category":0},"product_cat":[545,544,303,451,302,445],"product_tag":[204,205,206,260,207,208,261,262,209,210,263,264,211,228,212,213,265,190,214,229,191,192,215,193,216,195,218,240,196,272,197,198,199,220,231,241,200,201,222,323,223,282,255,283,284,300,285,257,286,224,225,226,292],"class_list":{"0":"post-18985","1":"product","2":"type-product","3":"status-publish","4":"has-post-thumbnail","6":"product_cat-6mp-serie-pro","7":"product_cat-6mp-zoom","8":"product_cat-cameras-ip","9":"product_cat-detection-facial","10":"product_cat-produits-ip","11":"product_cat-zoom-cameras-ip","12":"product_tag-afrique-du-sud","13":"product_tag-alarme","14":"product_tag-camera","15":"product_tag-camera-de-surveillance-tanger","16":"product_tag-camera-hdcvi","17":"product_tag-camera-ip","18":"product_tag-camera-ip-dahua","19":"product_tag-camera-maroc","20":"product_tag-camera-surveillance","21":"product_tag-camera-surveillance-afrique","22":"product_tag-camera-surveillance-avec-un-bon-prix","23":"product_tag-camera-surveillance-casablanca","24":"product_tag-camera-surveillance-dahua","25":"product_tag-camera-surveillance-maroc","26":"product_tag-camera-surveillance-tanger","27":"product_tag-camera-dahua","28":"product_tag-control-dacces-tanger","29":"product_tag-dahua","30":"product_tag-dahua-afrique","31":"product_tag-dahua-agadir","32":"product_tag-dahua-algerie","33":"product_tag-dahua-assila","34":"product_tag-dahua-camera","35":"product_tag-dahua-casablanca","36":"product_tag-dahua-el-jadida","37":"product_tag-dahua-fes","38":"product_tag-dahua-hoceima","39":"product_tag-dahua-jadida","40":"product_tag-dahua-kenitra","41":"product_tag-dahua-laayoune","42":"product_tag-dahua-maroc","43":"product_tag-dahua-marrakech","44":"product_tag-dahua-meknes","45":"product_tag-dahua-nador","46":"product_tag-dahua-nvr","47":"product_tag-dahua-oujda","48":"product_tag-dahua-rabat","49":"product_tag-dahua-tanger","50":"product_tag-dahua-tetouan","51":"product_tag-dahua-tunisie","52":"product_tag-disque-dur","53":"product_tag-distributeur-dahua","54":"product_tag-hdcvi","55":"product_tag-installation-alarme","56":"product_tag-installations-camera-de-surveillance-maroc","57":"product_tag-maroc","58":"product_tag-moniteur-dimage","59":"product_tag-nvr","60":"product_tag-pack-camera-de-surveillance","61":"product_tag-pack-camera-de-surveillance-dahua","62":"product_tag-pointeuse","63":"product_tag-smart-lock","64":"product_tag-video-surveillance-tanger","65":"ts_product_brand-dahua","67":"first","68":"instock","69":"shipping-taxable","70":"purchasable","71":"product-type-simple","72":"add-to-wishlist-after_add_to_cart"},"aioseo_notices":[],"_links":{"self":[{"href":"https:\/\/tthcompany.ma\/index.php\/wp-json\/wp\/v2\/product\/18985","targetHints":{"allow":["GET"]}}],"collection":[{"href":"https:\/\/tthcompany.ma\/index.php\/wp-json\/wp\/v2\/product"}],"about":[{"href":"https:\/\/tthcompany.ma\/index.php\/wp-json\/wp\/v2\/types\/product"}],"replies":[{"embeddable":true,"href":"https:\/\/tthcompany.ma\/index.php\/wp-json\/wp\/v2\/comments?post=18985"}],"wp:featuredmedia":[{"embeddable":true,"href":"https:\/\/tthcompany.ma\/index.php\/wp-json\/wp\/v2\/media\/18950"}],"wp:attachment":[{"href":"https:\/\/tthcompany.ma\/index.php\/wp-json\/wp\/v2\/media?parent=18985"}],"wp:term":[{"taxonomy":"product_cat","embeddable":true,"href":"https:\/\/tthcompany.ma\/index.php\/wp-json\/wp\/v2\/product_cat?post=18985"},{"taxonomy":"product_tag","embeddable":true,"href":"https:\/\/tthcompany.ma\/index.php\/wp-json\/wp\/v2\/product_tag?post=18985"}],"curies":[{"name":"wp","href":"https:\/\/api.w.org\/{rel}","templated":true}]}}