{"id":18979,"date":"2022-08-17T10:15:17","date_gmt":"2022-08-17T10:15:17","guid":{"rendered":"https:\/\/tthcompany.ma\/?post_type=product&#038;p=18979"},"modified":"2022-08-17T10:15:26","modified_gmt":"2022-08-17T10:15:26","slug":"sd22204i-gc","status":"publish","type":"product","link":"https:\/\/tthcompany.ma\/index.php\/product\/sd22204i-gc\/","title":{"rendered":"SD22204I-GC"},"content":{"rendered":"<div id=\"div_left\">\n<div class=\"div-drop\">\n<p class=\"title\">SD22204I-GC\u00a02MP 4x PTZ HDCVI Cam\u00e9ra<\/p>\n<table id=\"table001\" class=\"NEW-TABLE TableOverride-1 tab-drag\">\n<tbody>\n<tr>\n<td colspan=\"60\">\n<h2><span style=\"font-size: 14pt;\">Cam\u00e9ra<\/span><\/h2>\n<\/td>\n<\/tr>\n<tr>\n<td colspan=\"18\">Capteur d&#8217;image<\/td>\n<td colspan=\"42\">CMOS 1 \/ 2.7 \u201d<\/td>\n<\/tr>\n<tr>\n<td colspan=\"18\">Pixels efficaces<\/td>\n<td colspan=\"42\">1920 (H) x 1080 (V), 2 m\u00e9gapixels<\/td>\n<\/tr>\n<tr>\n<td colspan=\"18\">Syst\u00e8me de num\u00e9risation<\/td>\n<td colspan=\"42\">Progressive<\/td>\n<\/tr>\n<tr>\n<td colspan=\"18\">Vitesse d&#8217;obturation \u00e9lectronique<\/td>\n<td colspan=\"42\">PAL: 1\/3 \u00e0 1\/30 000<\/p>\n<p>NTSC: 1\/4 \u00e0 1\/30 000<\/td>\n<\/tr>\n<tr>\n<td colspan=\"18\">Illumination minimale<\/td>\n<td colspan=\"42\">Couleur: 0.05Lux@F1.6;\u00a0N \/ B: 0.005Lux@F1.6<\/td>\n<\/tr>\n<tr>\n<td colspan=\"18\">Ratio S \/ N<\/td>\n<td colspan=\"42\">Plus que 55dB<\/td>\n<\/tr>\n<tr>\n<td colspan=\"18\">Distance IR<\/td>\n<td colspan=\"42\">N \/ A<\/td>\n<\/tr>\n<tr>\n<td colspan=\"18\">Contr\u00f4le IR On \/ Off<\/td>\n<td colspan=\"42\">N \/ A<\/td>\n<\/tr>\n<tr>\n<td colspan=\"18\">LED IR<\/td>\n<td colspan=\"42\">N \/ A<\/td>\n<\/tr>\n<tr>\n<td colspan=\"60\">\n<h2><span style=\"font-size: 14pt;\">Capture<\/span><\/h2>\n<\/td>\n<\/tr>\n<tr>\n<td colspan=\"18\">Distance focale<\/td>\n<td colspan=\"42\">2.7mm ~ 11mm<\/td>\n<\/tr>\n<tr>\n<td colspan=\"18\">Max.\u00a0Ouverture<\/td>\n<td colspan=\"42\">F1.6<\/td>\n<\/tr>\n<tr>\n<td colspan=\"18\">Angle de vue<\/td>\n<td colspan=\"42\">H: 112,5 \u00b0 ~ 30 \u00b0<\/td>\n<\/tr>\n<tr>\n<td colspan=\"18\">Zoom optique<\/td>\n<td colspan=\"42\">4x<\/td>\n<\/tr>\n<tr>\n<td colspan=\"18\">Contr\u00f4le de la mise au point<\/td>\n<td colspan=\"42\">Auto \/ Manuel<\/td>\n<\/tr>\n<tr>\n<td colspan=\"18\">Distance de mise au point proche<\/td>\n<td colspan=\"42\">100mm ~ 1000mm<\/td>\n<\/tr>\n<tr>\n<td colspan=\"60\">\n<h2><span style=\"font-size: 14pt;\">DORI Distance<\/span><\/h2>\n<\/td>\n<\/tr>\n<tr>\n<td colspan=\"60\">Remarque: la distance DORI est une \u00abproximit\u00e9 g\u00e9n\u00e9rale\u00bb de distance qui permet de d\u00e9terminer facilement la cam\u00e9ra qui convient \u00e0 vos besoins.\u00a0La distance DORI est calcul\u00e9e sur la base de la sp\u00e9cification du capteur et du r\u00e9sultat du test de laboratoire selon la norme EN 62676-4, qui d\u00e9finit les crit\u00e8res de d\u00e9tection, d&#8217;observation, de reconnaissance et d&#8217;identification, respectivement.<\/td>\n<\/tr>\n<tr>\n<td colspan=\"18\">D\u00e9tecter<\/td>\n<td colspan=\"14\">Observer<\/td>\n<td colspan=\"14\">Reconna\u00eetre<\/td>\n<td colspan=\"14\">Identifier<\/td>\n<\/tr>\n<tr>\n<td colspan=\"18\">120m<\/td>\n<td colspan=\"14\">48m<\/td>\n<td colspan=\"14\">24m<\/td>\n<td colspan=\"14\">12m (39ft)<\/td>\n<\/tr>\n<tr>\n<td colspan=\"60\">\n<h2><span style=\"font-size: 14pt;\">PTZ<\/span><\/h2>\n<\/td>\n<\/tr>\n<tr>\n<td colspan=\"18\">Gamme Pan \/ Tilt<\/td>\n<td colspan=\"42\">Casserole: 0 \u00b0 ~ 355 \u00b0;\u00a0Inclinaison: 0 \u00b0 ~ 90 \u00b0<\/td>\n<\/tr>\n<tr>\n<td colspan=\"18\">Vitesse de contr\u00f4le manuel<\/td>\n<td colspan=\"42\">Casserole: 0,1 \u00b0 ~ 100 \u00b0 \/ s;\u00a0Inclinaison: 0.1 \u00b0 ~ 60 \u00b0 \/ s<\/td>\n<\/tr>\n<tr>\n<td colspan=\"18\">Vitesse pr\u00e9d\u00e9finie<\/td>\n<td colspan=\"42\">Casserole: 100 \u00b0 \/ s;\u00a0Inclinaison: 60 \u00b0 \/ s<\/td>\n<\/tr>\n<tr>\n<td colspan=\"18\">Pr\u00e9r\u00e9glages<\/td>\n<td colspan=\"42\">300<\/td>\n<\/tr>\n<tr>\n<td colspan=\"18\">Mode PTZ<\/td>\n<td colspan=\"42\">8 tour<\/td>\n<\/tr>\n<tr>\n<td colspan=\"18\">Configuration de la vitesse<\/td>\n<td colspan=\"42\">Adaptation focale \u00e0 la vitesse focale humaine<\/td>\n<\/tr>\n<tr>\n<td colspan=\"18\">Action de mise en marche<\/td>\n<td colspan=\"42\">R\u00e9tablissement automatique sur l&#8217;\u00e9tat ant\u00e9rieur de la PTZ et de l&#8217;objectif apr\u00e8s une panne de courant<\/td>\n<\/tr>\n<tr>\n<td colspan=\"18\">Mouvement de ralenti<\/td>\n<td colspan=\"42\">Activer Preset \/ Tour s&#8217;il n&#8217;y a pas de commande dans la p\u00e9riode sp\u00e9cifi\u00e9e<\/td>\n<\/tr>\n<tr>\n<td colspan=\"18\">Protocole<\/td>\n<td colspan=\"42\">DH-SD, Pelco-P \/ D (reconnaissance automatique)<\/td>\n<\/tr>\n<tr>\n<td colspan=\"60\">\n<h2><span style=\"font-size: 14pt;\">Vid\u00e9o<\/span><\/h2>\n<\/td>\n<\/tr>\n<tr>\n<td colspan=\"18\">R\u00e9solution<\/td>\n<td colspan=\"42\">1080P (1920 \u00d7 1080) \/ 720P (1280 \u00d7 720)<\/td>\n<\/tr>\n<tr>\n<td colspan=\"18\">Taux de trame<\/td>\n<td colspan=\"42\">25 \/ 30fps @ 1080p, 25\/30\/50 \/ 60fps @ 720p<\/td>\n<\/tr>\n<tr>\n<td colspan=\"18\">Sortie vid\u00e9o<\/td>\n<td colspan=\"42\">Sortie vid\u00e9o haute d\u00e9finition BNC 1 canal \/ sortie vid\u00e9o \u00e0 d\u00e9finition standard CVBS (commutable)<\/td>\n<\/tr>\n<\/tbody>\n<\/table>\n<\/div>\n<\/div>\n<div id=\"div_left\">\n<div class=\"div-drop\">\n<table id=\"table002\" class=\"NEW-TABLE TableOverride-1 tab-drag\">\n<tbody>\n<tr>\n<td colspan=\"18\">Jour Nuit<\/td>\n<td colspan=\"42\">Auto (ICR) \/ Couleur \/ N \/ B<\/td>\n<\/tr>\n<tr>\n<td colspan=\"18\">Menu OSD<\/td>\n<td colspan=\"42\">Soutien<\/td>\n<\/tr>\n<tr>\n<td colspan=\"18\">Compensation de contre-jour<\/td>\n<td colspan=\"42\">BLC \/ HLC \/ WDR (120dB)<\/td>\n<\/tr>\n<tr>\n<td colspan=\"18\">Balance des blancs<\/td>\n<td colspan=\"42\">Auto, ATW, int\u00e9rieur, ext\u00e9rieur, manuel<\/td>\n<\/tr>\n<tr>\n<td colspan=\"18\">Prendre le contr\u00f4le<\/td>\n<td colspan=\"42\">Auto \/ Manuel<\/td>\n<\/tr>\n<tr>\n<td colspan=\"18\">R\u00e9duction de bruit<\/td>\n<td colspan=\"42\">Ultra DNR (2D \/ 3D)<\/td>\n<\/tr>\n<tr>\n<td colspan=\"18\">Zoom num\u00e9rique<\/td>\n<td colspan=\"42\">16x<\/td>\n<\/tr>\n<tr>\n<td colspan=\"18\">Flip<\/td>\n<td colspan=\"42\">180 \u00b0<\/td>\n<\/tr>\n<tr>\n<td colspan=\"18\">Masquage de confidentialit\u00e9<\/td>\n<td colspan=\"42\">N \/ A<\/td>\n<\/tr>\n<tr>\n<td colspan=\"60\">\n<h2><span style=\"font-size: 14pt;\">Certifications<\/span><\/h2>\n<\/td>\n<\/tr>\n<tr>\n<td colspan=\"18\">Certifications<\/td>\n<td colspan=\"42\">CE: EN55032 \/ EN55024 \/ EN50130-4<\/p>\n<p>FCC: Part15 subpartB, ANSI C63.4- 2014<\/p>\n<p>UL: UL60950-1 + CAN \/ CSA C22.2\u00a0<span lang=\"zh-CN\">,\u00a0<\/span>No.60950-1<\/td>\n<\/tr>\n<tr>\n<td colspan=\"60\">\n<h2><span style=\"font-size: 14pt;\">Interface<\/span><\/h2>\n<\/td>\n<\/tr>\n<tr>\n<td colspan=\"18\">Interface vid\u00e9o<\/td>\n<td colspan=\"42\">1<\/td>\n<\/tr>\n<tr>\n<td colspan=\"18\">Interface audio<\/td>\n<td colspan=\"42\">N \/ A<\/td>\n<\/tr>\n<tr>\n<td colspan=\"18\">RS485<\/td>\n<td colspan=\"42\">1<\/td>\n<\/tr>\n<tr>\n<td colspan=\"18\">Alarme I \/ O<\/td>\n<td colspan=\"42\">N \/ A<\/td>\n<\/tr>\n<tr>\n<td colspan=\"60\">\n<h2><span style=\"font-size: 14pt;\">\u00c9lectrique<\/span><\/h2>\n<\/td>\n<\/tr>\n<tr>\n<td colspan=\"18\">Source de courant<\/td>\n<td colspan=\"42\">DC 12V \/ 1.5A<\/td>\n<\/tr>\n<tr>\n<td colspan=\"18\">Consommation d&#8217;\u00e9nergie<\/td>\n<td colspan=\"42\">10W<\/td>\n<\/tr>\n<tr>\n<td colspan=\"60\">\n<h2><span style=\"font-size: 14pt;\">Environnement<\/span><\/h2>\n<\/td>\n<\/tr>\n<tr>\n<td colspan=\"18\">Des conditions de fonctionnement<\/td>\n<td colspan=\"42\">-30 \u00b0 C \u00e0 60 \u00b0 C \/ moins de 95% HR<\/td>\n<\/tr>\n<tr>\n<td colspan=\"18\">Protection contre la p\u00e9n\u00e9tration<\/td>\n<td colspan=\"42\">IP66<\/td>\n<\/tr>\n<tr>\n<td colspan=\"18\">R\u00e9sistance vandale<\/td>\n<td colspan=\"42\">IK10<\/td>\n<\/tr>\n<tr>\n<td colspan=\"60\">\n<h2><span style=\"font-size: 14pt;\">Construction<\/span><\/h2>\n<\/td>\n<\/tr>\n<tr>\n<td colspan=\"18\">Enveloppe<\/td>\n<td colspan=\"42\">M\u00e9tal<\/td>\n<\/tr>\n<tr>\n<td colspan=\"18\">Dimensions<\/td>\n<td colspan=\"42\">122 (mm) x 89 (mm)<\/td>\n<\/tr>\n<tr>\n<td colspan=\"18\">Poids net<\/td>\n<td colspan=\"42\">0,6 kg (1,32 lb)<\/td>\n<\/tr>\n<tr>\n<td colspan=\"18\">Poids brut<\/td>\n<td colspan=\"42\">0,65 kg (1,43 lb)<\/td>\n<\/tr>\n<\/tbody>\n<\/table>\n<\/div>\n<\/div>\n","protected":false},"excerpt":{"rendered":"<h1><span style=\"color: #000000; font-family: georgia, palatino, serif;\"><strong><span style=\"font-size: 10pt;\">Cam\u00e9ra Dahua Speed D\u00f4me PTZ HDCVI 2MP 4x<\/span><\/strong><\/span><\/h1>\n<div data-v-c786ec5e=\"\">\n<ul>\n<li>1 \/ 2,7 &#8220;CMOS 2M\u00e9gapixels<\/li>\n<li>Zoom optique 4x puissant<\/li>\n<li>120dB vrai WDR, DNR 3D<\/li>\n<li>Max.\u00a025 \/ 30fps @ 1080P, 25\/30\/50 \/ 60fps @ 720P<\/li>\n<li>IP66, IK10<\/li>\n<\/ul>\n<\/div>\n<p><img decoding=\"async\" class=\"alignnone size-medium wp-image-5079\" src=\"http:\/\/tthcompany.com\/wp-content\/uploads\/2019\/05\/SD22204I-GC-300x32.png\" alt=\"Dahua Maroc CCTV SD22204I-GC\" width=\"300\" height=\"32\" \/><\/p>\n","protected":false},"featured_media":19008,"comment_status":"open","ping_status":"closed","template":"","meta":{"om_disable_all_campaigns":false,"_monsterinsights_skip_tracking":false,"_monsterinsights_sitenote_active":false,"_monsterinsights_sitenote_note":"","_monsterinsights_sitenote_category":0},"product_cat":[510,234,186,479],"product_tag":[204,205,206,260,207,208,261,262,209,210,263,264,211,228,212,213,265,190,214,229,266,215,230,193,267,216,268,195,218,269,196,270,271,272,197,198,219,199,220,231,273,241,200,274,275,201,276,277,222,278,279,280,281,223,282,255,283,284,300,285,257,286,224,225,287,288,531,532,289,226,290,291,292],"class_list":{"0":"post-18979","1":"product","2":"type-product","3":"status-publish","4":"has-post-thumbnail","6":"product_cat-2mp-sd","7":"product_cat-cameras-hdcvi","8":"product_cat-produits-hdcvi","9":"product_cat-speed-dome-cameras-hdcvi","10":"product_tag-afrique-du-sud","11":"product_tag-alarme","12":"product_tag-camera","13":"product_tag-camera-de-surveillance-tanger","14":"product_tag-camera-hdcvi","15":"product_tag-camera-ip","16":"product_tag-camera-ip-dahua","17":"product_tag-camera-maroc","18":"product_tag-camera-surveillance","19":"product_tag-camera-surveillance-afrique","20":"product_tag-camera-surveillance-avec-un-bon-prix","21":"product_tag-camera-surveillance-casablanca","22":"product_tag-camera-surveillance-dahua","23":"product_tag-camera-surveillance-maroc","24":"product_tag-camera-surveillance-tanger","25":"product_tag-camera-dahua","26":"product_tag-control-dacces-tanger","27":"product_tag-dahua","28":"product_tag-dahua-afrique","29":"product_tag-dahua-agadir","30":"product_tag-dahua-azrou","31":"product_tag-dahua-camera","32":"product_tag-dahua-camera-4mp","33":"product_tag-dahua-casablanca","34":"product_tag-dahua-dakhla","35":"product_tag-dahua-el-jadida","36":"product_tag-dahua-errachidia","37":"product_tag-dahua-fes","38":"product_tag-dahua-hoceima","39":"product_tag-dahua-ifrane","40":"product_tag-dahua-kenitra","41":"product_tag-dahua-khemisset","42":"product_tag-dahua-khouribga","43":"product_tag-dahua-laayoune","44":"product_tag-dahua-maroc","45":"product_tag-dahua-marrakech","46":"product_tag-dahua-meknas","47":"product_tag-dahua-meknes","48":"product_tag-dahua-nador","49":"product_tag-dahua-nvr","50":"product_tag-dahua-ouarzazate","51":"product_tag-dahua-oujda","52":"product_tag-dahua-rabat","53":"product_tag-dahua-safi","54":"product_tag-dahua-settat","55":"product_tag-dahua-tanger","56":"product_tag-dahua-taroudant","57":"product_tag-dahua-taza","58":"product_tag-dahua-tetouan","59":"product_tag-dahua-tiflet","60":"product_tag-dahua-tiznit","61":"product_tag-desenfumage-tanger","62":"product_tag-detection-incendie","63":"product_tag-disque-dur","64":"product_tag-distributeur-dahua","65":"product_tag-hdcvi","66":"product_tag-installation-alarme","67":"product_tag-installations-camera-de-surveillance-maroc","68":"product_tag-maroc","69":"product_tag-moniteur-dimage","70":"product_tag-nvr","71":"product_tag-pack-camera-de-surveillance","72":"product_tag-pack-camera-de-surveillance-dahua","73":"product_tag-pointeuse","74":"product_tag-porte-automatiques","75":"product_tag-portes-coup-feu-tanger","76":"product_tag-sd22204i-gc","77":"product_tag-sd22204i-gc-camera-2mp-4x-ptz-hdcvi","78":"product_tag-skydome-tanger","79":"product_tag-smart-lock","80":"product_tag-sprinkler-tanger","81":"product_tag-travaux-d-incendie-tanger","82":"product_tag-video-surveillance-tanger","84":"first","85":"instock","86":"shipping-taxable","87":"purchasable","88":"product-type-simple","89":"add-to-wishlist-after_add_to_cart"},"aioseo_notices":[],"_links":{"self":[{"href":"https:\/\/tthcompany.ma\/index.php\/wp-json\/wp\/v2\/product\/18979","targetHints":{"allow":["GET"]}}],"collection":[{"href":"https:\/\/tthcompany.ma\/index.php\/wp-json\/wp\/v2\/product"}],"about":[{"href":"https:\/\/tthcompany.ma\/index.php\/wp-json\/wp\/v2\/types\/product"}],"replies":[{"embeddable":true,"href":"https:\/\/tthcompany.ma\/index.php\/wp-json\/wp\/v2\/comments?post=18979"}],"wp:featuredmedia":[{"embeddable":true,"href":"https:\/\/tthcompany.ma\/index.php\/wp-json\/wp\/v2\/media\/19008"}],"wp:attachment":[{"href":"https:\/\/tthcompany.ma\/index.php\/wp-json\/wp\/v2\/media?parent=18979"}],"wp:term":[{"taxonomy":"product_cat","embeddable":true,"href":"https:\/\/tthcompany.ma\/index.php\/wp-json\/wp\/v2\/product_cat?post=18979"},{"taxonomy":"product_tag","embeddable":true,"href":"https:\/\/tthcompany.ma\/index.php\/wp-json\/wp\/v2\/product_tag?post=18979"}],"curies":[{"name":"wp","href":"https:\/\/api.w.org\/{rel}","templated":true}]}}