{"id":18978,"date":"2022-08-17T10:15:17","date_gmt":"2022-08-17T10:15:17","guid":{"rendered":"https:\/\/tthcompany.ma\/?post_type=product&#038;p=18978"},"modified":"2022-12-27T10:09:20","modified_gmt":"2022-12-27T10:09:20","slug":"hac-pfw3601-a180-ac24","status":"publish","type":"product","link":"https:\/\/tthcompany.ma\/index.php\/product\/hac-pfw3601-a180-ac24\/","title":{"rendered":"HAC-PFW3601-A180-AC24"},"content":{"rendered":"<div id=\"div_left\">\n<div class=\"div-drop\">\n<p class=\"title\">HAC-PFW3601-A180-AC24\u00a0Cam\u00e9ra panoramique infrarouge HDCVI multicapteurs 3X2MP<\/p>\n<table id=\"table001\" class=\"NEW-TABLE TableOverride-1 tab-drag\">\n<tbody>\n<tr>\n<td colspan=\"60\">\n<h2><span style=\"font-size: 14pt;\">Cam\u00e9ra<\/span><\/h2>\n<\/td>\n<\/tr>\n<tr>\n<td colspan=\"18\">Capteur d&#8217;image<\/td>\n<td colspan=\"42\">Trois\u00a0CMOS\u00a0STARVIS\u00a0MC\u00a01 \/ 2.8 &#8220;2MP<\/td>\n<\/tr>\n<tr>\n<td colspan=\"18\">Pixels effectifs (Panorama)<\/td>\n<td colspan=\"42\">4K (3840&#215;832) \/ 4M (2560&#215;554)<\/td>\n<\/tr>\n<tr>\n<td colspan=\"18\">Syst\u00e8me de num\u00e9risation<\/td>\n<td colspan=\"42\">Progressive<\/td>\n<\/tr>\n<tr>\n<td colspan=\"18\">Vitesse d&#8217;obturation \u00e9lectronique<\/td>\n<td colspan=\"42\">PAL: 1\/4 \u00e0 1\/100 000<\/p>\n<p>NTSC: 1\/3 \u00e0 1\/100 000<\/td>\n<\/tr>\n<tr>\n<td colspan=\"18\">Illumination minimale<\/td>\n<td colspan=\"42\">0.005Lux \/ F1.8 (Couleur), 30IRE, 0Lux \/ F1.8 (IR activ\u00e9)<\/td>\n<\/tr>\n<tr>\n<td colspan=\"18\">Ratio S \/ N<\/td>\n<td colspan=\"42\">Plus de 65dB<\/td>\n<\/tr>\n<tr>\n<td colspan=\"18\">Distance IR<\/td>\n<td colspan=\"42\">20m<\/td>\n<\/tr>\n<tr>\n<td colspan=\"18\">Contr\u00f4le IR On \/ Off<\/td>\n<td colspan=\"42\">Auto (ICR) \/ Couleur \/ N \/ B<\/td>\n<\/tr>\n<tr>\n<td colspan=\"18\">LED IR<\/td>\n<td colspan=\"42\">6<\/td>\n<\/tr>\n<tr>\n<td colspan=\"60\">\n<h2><span style=\"font-size: 14pt;\">Capture<\/span><\/h2>\n<\/td>\n<\/tr>\n<tr>\n<td colspan=\"18\">Type de lentille<\/td>\n<td colspan=\"42\">Objectif fixe \/ Iris fixe<\/td>\n<\/tr>\n<tr>\n<td colspan=\"18\">Type de montage<\/td>\n<td colspan=\"42\">Embarquement<\/td>\n<\/tr>\n<tr>\n<td colspan=\"18\">Distance focale<\/td>\n<td colspan=\"42\">3.6mm<\/td>\n<\/tr>\n<tr>\n<td colspan=\"18\">Ouverture maximale<\/td>\n<td colspan=\"42\">F1.8<\/td>\n<\/tr>\n<tr>\n<td colspan=\"18\">Angle de vue<\/td>\n<td colspan=\"42\">H: 180 \u00b0<\/td>\n<\/tr>\n<tr>\n<td colspan=\"18\">Contr\u00f4le de la mise au point<\/td>\n<td colspan=\"42\">N \/ A<\/td>\n<\/tr>\n<tr>\n<td colspan=\"18\">Distance de mise au point proche<\/td>\n<td colspan=\"42\">500mm<\/p>\n<p>19,7 &#8221;<\/td>\n<\/tr>\n<tr>\n<td colspan=\"60\">\n<h2><span style=\"font-size: 14pt;\">DORI Distance<\/span><\/h2>\n<\/td>\n<\/tr>\n<tr>\n<td colspan=\"60\">Remarque: la distance DORI est une \u00abproximit\u00e9 g\u00e9n\u00e9rale\u00bb de distance qui permet de d\u00e9terminer facilement la cam\u00e9ra qui convient \u00e0 vos besoins.\u00a0La distance DORI est calcul\u00e9e sur la base de la sp\u00e9cification du capteur et du r\u00e9sultat du test de laboratoire selon la norme EN 62676-4, qui d\u00e9finit les crit\u00e8res de d\u00e9tection, d&#8217;observation, de reconnaissance et d&#8217;identification, respectivement.<\/td>\n<\/tr>\n<tr>\n<td colspan=\"18\"><\/td>\n<td colspan=\"21\">DORI<\/p>\n<p>D\u00e9finition<\/td>\n<td colspan=\"21\">Distance<\/td>\n<\/tr>\n<tr>\n<td colspan=\"18\">D\u00e9tecter<\/td>\n<td colspan=\"21\">25px \/ m (8px \/ ft)<\/td>\n<td colspan=\"21\">50m<\/td>\n<\/tr>\n<tr>\n<td colspan=\"18\">Observer<\/td>\n<td colspan=\"21\">63px \/ m (19px \/ ft)<\/td>\n<td colspan=\"21\">20m (65ft)<\/td>\n<\/tr>\n<tr>\n<td colspan=\"18\">Reconna\u00eetre<\/td>\n<td colspan=\"21\">125px \/ m (38px \/ ft)<\/td>\n<td colspan=\"21\">10m<\/td>\n<\/tr>\n<tr>\n<td colspan=\"18\">Identifier<\/td>\n<td colspan=\"21\">250 px \/ m (76 px \/ ft)<\/td>\n<td colspan=\"21\">5m<\/td>\n<\/tr>\n<tr>\n<td colspan=\"60\">\n<h2><span style=\"font-size: 14pt;\">Pan \/ Tilt \/ Rotation<\/span><\/h2>\n<\/td>\n<\/tr>\n<tr>\n<td colspan=\"18\">Pan \/ Tilt \/ Rotation<\/td>\n<td colspan=\"42\">Pan: 0 \u00b0 ~ 360 \u00b0<\/p>\n<p>Inclinaison: 0 \u00b0 ~ 90 \u00b0<\/p>\n<p>Rotation: 0 \u00b0 ~ 360 \u00b0<\/td>\n<\/tr>\n<tr>\n<td colspan=\"60\">\n<h2><span style=\"font-size: 14pt;\">Vid\u00e9o<\/span><\/h2>\n<\/td>\n<\/tr>\n<tr>\n<td colspan=\"18\">R\u00e9solution<\/td>\n<td colspan=\"42\">4K (3840X2160) \/ 4MP (2560 \u00d7 1440)<\/td>\n<\/tr>\n<tr>\n<td colspan=\"18\">Taux de trame<\/td>\n<td colspan=\"42\">PAL: 3840 \u00d7 2160 \u00e0 12,5fps, 2560&#215;1440 \u00e0 25fps;<\/p>\n<p>NTSC: 3840 \u00d7 2160 \u00e0 15 ips, 2560&#215;1440 \u00e0 25 ips;<\/td>\n<\/tr>\n<tr>\n<td colspan=\"18\">Sortie vid\u00e9o<\/td>\n<td colspan=\"42\">Sortie vid\u00e9o panoramique HDCVI BNC 1 canal et sortie vid\u00e9o HDCVI 2MP BNC 3 canaux<\/td>\n<\/tr>\n<tr>\n<td colspan=\"18\">Jour Nuit<\/td>\n<td colspan=\"42\">Auto (\u00e9lectronique) \/ manuel<\/td>\n<\/tr>\n<tr>\n<td colspan=\"18\">Menu OSD<\/td>\n<td colspan=\"42\">Multi-langue<\/td>\n<\/tr>\n<tr>\n<td colspan=\"18\">Mode BLC<\/td>\n<td colspan=\"42\">BLC \/ HLC \/ WDR<\/td>\n<\/tr>\n<tr>\n<td colspan=\"18\">WDR<\/td>\n<td colspan=\"42\">120dB<\/td>\n<\/tr>\n<tr>\n<td colspan=\"18\">Prendre le contr\u00f4le<\/td>\n<td colspan=\"42\">AGC<\/td>\n<\/tr>\n<tr>\n<td colspan=\"18\">R\u00e9duction de bruit<\/td>\n<td colspan=\"42\">2D \/ 3D<\/td>\n<\/tr>\n<tr>\n<td colspan=\"18\">Balance des blancs<\/td>\n<td colspan=\"42\">Auto \/ Manuel<\/td>\n<\/tr>\n<tr>\n<td colspan=\"18\">IR intelligent<\/td>\n<td colspan=\"42\">Auto \/ Manuel<\/td>\n<\/tr>\n<\/tbody>\n<\/table>\n<\/div>\n<\/div>\n<div id=\"div_left\">\n<div class=\"div-drop\">\n<table id=\"table002\" class=\"NEW-TABLE TableOverride-1 tab-drag\">\n<tbody>\n<tr>\n<td colspan=\"60\">\n<h2><span style=\"font-size: 14pt;\">Certifications<\/span><\/h2>\n<\/td>\n<\/tr>\n<tr>\n<td colspan=\"18\">Certifications<\/td>\n<td colspan=\"42\">CE (EN55032, EN55024, EN50130-4)<\/p>\n<p>FCC (CFR 47 FCC Part 15, sous-partie B, ANSI C63.4-2014)<\/p>\n<p>UL (UL60950-1 + CAN \/ CSA C22.2 No.60950-1)<\/td>\n<\/tr>\n<tr>\n<td colspan=\"60\">\n<h2><span style=\"font-size: 14pt;\">Interface<\/span><\/h2>\n<\/td>\n<\/tr>\n<tr>\n<td colspan=\"18\">Alarme I \/ O<\/td>\n<td colspan=\"42\">2\/1<\/td>\n<\/tr>\n<tr>\n<td colspan=\"18\">Interface audio<\/td>\n<td colspan=\"42\">Entr\u00e9e audio \u00e0 1 canal (JACK)<\/td>\n<\/tr>\n<tr>\n<td colspan=\"18\">Interface de test<\/td>\n<td colspan=\"42\">Sortie vid\u00e9o CVBS 1 canal \u00e0 2 broches<\/td>\n<\/tr>\n<tr>\n<td colspan=\"18\">Interface de mise \u00e0 niveau<\/td>\n<td colspan=\"42\">Entr\u00e9e USB 1 canal 4 broches<\/td>\n<\/tr>\n<tr>\n<td colspan=\"18\">Commutateur de code<\/td>\n<td colspan=\"42\">1 commutateur de code physique (change la source vid\u00e9o pr\u00e9r\u00e9gl\u00e9e)<\/td>\n<\/tr>\n<tr>\n<td colspan=\"18\">Ensemble de menus<\/td>\n<td colspan=\"42\">1 bouton \u00e0 cinq directions<\/td>\n<\/tr>\n<tr>\n<td colspan=\"60\">\n<h2><span style=\"font-size: 14pt;\">\u00c9lectrique<\/span><\/h2>\n<\/td>\n<\/tr>\n<tr>\n<td colspan=\"18\">Source de courant<\/td>\n<td colspan=\"42\">24V AC \u00b1 25%<\/td>\n<\/tr>\n<tr>\n<td colspan=\"18\">Consommation d&#8217;\u00e9nergie<\/td>\n<td colspan=\"42\">24W<\/td>\n<\/tr>\n<tr>\n<td colspan=\"60\">\n<h2><span style=\"font-size: 14pt;\">Environnement<\/span><\/h2>\n<\/td>\n<\/tr>\n<tr>\n<td colspan=\"18\">Des conditions de fonctionnement<\/td>\n<td colspan=\"42\">-30 \u00b0 C ~ + 60 \u00b0 C \/ moins de 95% d&#8217;humidit\u00e9 relative<\/p>\n<p>* La mise en route doit \u00eatre effectu\u00e9e \u00e0 une temp\u00e9rature sup\u00e9rieure \u00e0 -30 \u00b0 C (-22 \u00b0 F)<\/td>\n<\/tr>\n<tr>\n<td colspan=\"18\">Conditions de stockage<\/td>\n<td colspan=\"42\">-30 \u00b0 C ~ + 60 \u00b0 C \/ moins de 95% d&#8217;humidit\u00e9 relative<\/td>\n<\/tr>\n<tr>\n<td colspan=\"18\">Protection d&#8217;entr\u00e9e et r\u00e9sistance au vandalisme<\/td>\n<td colspan=\"42\">IP67 et IK10<\/td>\n<\/tr>\n<tr>\n<td colspan=\"60\">\n<h2><span style=\"font-size: 14pt;\">Construction<\/span><\/h2>\n<\/td>\n<\/tr>\n<tr>\n<td colspan=\"18\">Enveloppe<\/td>\n<td colspan=\"42\">Aluminium<\/td>\n<\/tr>\n<tr>\n<td colspan=\"18\">Dimensions<\/td>\n<td colspan=\"42\">286mm x 119mmx 106mm (11.26 &#8220;\u00d7 4.68&#8221; \u00d7 4.19 &#8220;)<\/td>\n<\/tr>\n<tr>\n<td colspan=\"18\">Poids net<\/td>\n<td colspan=\"42\">2,05 kg (4,5 lb)<\/td>\n<\/tr>\n<tr>\n<td colspan=\"18\">Poids brut<\/td>\n<td colspan=\"42\">2,43 kg (5,36 lb)<\/td>\n<\/tr>\n<\/tbody>\n<\/table>\n<\/div>\n<\/div>\n","protected":false},"excerpt":{"rendered":"<h1 class=\"text\"><span style=\"font-size: 10pt; color: #000000;\"><strong>Cam\u00e9ra panoramique &#8220;Fisheye&#8221; infrarouge HDCVI multicapteurs 3X2MP<\/strong><\/span><\/h1>\n<ul>\n<li>Trois CMOS \u00e0 balayage progressif de 2 M\u00e9gapixels 1 \/ 2.8 \u201d<\/li>\n<li>1 vue panoramique et 3 sorties vid\u00e9o individuelles 2MP simultan\u00e9ment<\/li>\n<li>Max.\u00a015fps @ 4K, 25fps @ 4M<\/li>\n<li>120db true WDR, 2D &amp; 3D NR<\/li>\n<li>Technologie HDCVI Starlight<\/li>\n<li>Distance IR max. 20 m<\/li>\n<li>Protection\u00a0IP67 &amp; IK10<\/li>\n<li>Transmission jusqu&#8217;\u00e0 500 m avec c\u00e2ble coaxial RG59<\/li>\n<\/ul>\n","protected":false},"featured_media":19007,"comment_status":"open","ping_status":"closed","template":"","meta":{"om_disable_all_campaigns":false,"_monsterinsights_skip_tracking":false,"_monsterinsights_sitenote_active":false,"_monsterinsights_sitenote_note":"","_monsterinsights_sitenote_category":0},"product_cat":[528,234,186],"product_tag":[204,205,260,207,261,262,209,210,263,264,211,228,212,213,265,214,229,266,230,193,267,216,268,195,218,269,196,270,271,272,197,198,199,220,231,273,241,200,274,275,201,276,277,222,278,279,280,281,223,282,530,283,284,285,286,224,225,287,288,289,226,290,291,292],"class_list":{"0":"post-18978","1":"product","2":"type-product","3":"status-publish","4":"has-post-thumbnail","6":"product_cat-camera-panoramique","7":"product_cat-cameras-hdcvi","8":"product_cat-produits-hdcvi","9":"product_tag-afrique-du-sud","10":"product_tag-alarme","11":"product_tag-camera-de-surveillance-tanger","12":"product_tag-camera-hdcvi","13":"product_tag-camera-ip-dahua","14":"product_tag-camera-maroc","15":"product_tag-camera-surveillance","16":"product_tag-camera-surveillance-afrique","17":"product_tag-camera-surveillance-avec-un-bon-prix","18":"product_tag-camera-surveillance-casablanca","19":"product_tag-camera-surveillance-dahua","20":"product_tag-camera-surveillance-maroc","21":"product_tag-camera-surveillance-tanger","22":"product_tag-camera-dahua","23":"product_tag-control-dacces-tanger","24":"product_tag-dahua-afrique","25":"product_tag-dahua-agadir","26":"product_tag-dahua-azrou","27":"product_tag-dahua-camera-4mp","28":"product_tag-dahua-casablanca","29":"product_tag-dahua-dakhla","30":"product_tag-dahua-el-jadida","31":"product_tag-dahua-errachidia","32":"product_tag-dahua-fes","33":"product_tag-dahua-hoceima","34":"product_tag-dahua-ifrane","35":"product_tag-dahua-kenitra","36":"product_tag-dahua-khemisset","37":"product_tag-dahua-khouribga","38":"product_tag-dahua-laayoune","39":"product_tag-dahua-maroc","40":"product_tag-dahua-marrakech","41":"product_tag-dahua-meknes","42":"product_tag-dahua-nador","43":"product_tag-dahua-nvr","44":"product_tag-dahua-ouarzazate","45":"product_tag-dahua-oujda","46":"product_tag-dahua-rabat","47":"product_tag-dahua-safi","48":"product_tag-dahua-settat","49":"product_tag-dahua-tanger","50":"product_tag-dahua-taroudant","51":"product_tag-dahua-taza","52":"product_tag-dahua-tetouan","53":"product_tag-dahua-tiflet","54":"product_tag-dahua-tiznit","55":"product_tag-desenfumage-tanger","56":"product_tag-detection-incendie","57":"product_tag-disque-dur","58":"product_tag-distributeur-dahua","59":"product_tag-hac-pfw3601-a180-ac24","60":"product_tag-installation-alarme","61":"product_tag-installations-camera-de-surveillance-maroc","62":"product_tag-moniteur-dimage","63":"product_tag-pack-camera-de-surveillance","64":"product_tag-pack-camera-de-surveillance-dahua","65":"product_tag-pointeuse","66":"product_tag-porte-automatiques","67":"product_tag-portes-coup-feu-tanger","68":"product_tag-skydome-tanger","69":"product_tag-smart-lock","70":"product_tag-sprinkler-tanger","71":"product_tag-travaux-d-incendie-tanger","72":"product_tag-video-surveillance-tanger","74":"first","75":"instock","76":"shipping-taxable","77":"purchasable","78":"product-type-simple","79":"add-to-wishlist-after_add_to_cart"},"aioseo_notices":[],"_links":{"self":[{"href":"https:\/\/tthcompany.ma\/index.php\/wp-json\/wp\/v2\/product\/18978","targetHints":{"allow":["GET"]}}],"collection":[{"href":"https:\/\/tthcompany.ma\/index.php\/wp-json\/wp\/v2\/product"}],"about":[{"href":"https:\/\/tthcompany.ma\/index.php\/wp-json\/wp\/v2\/types\/product"}],"replies":[{"embeddable":true,"href":"https:\/\/tthcompany.ma\/index.php\/wp-json\/wp\/v2\/comments?post=18978"}],"wp:featuredmedia":[{"embeddable":true,"href":"https:\/\/tthcompany.ma\/index.php\/wp-json\/wp\/v2\/media\/19007"}],"wp:attachment":[{"href":"https:\/\/tthcompany.ma\/index.php\/wp-json\/wp\/v2\/media?parent=18978"}],"wp:term":[{"taxonomy":"product_cat","embeddable":true,"href":"https:\/\/tthcompany.ma\/index.php\/wp-json\/wp\/v2\/product_cat?post=18978"},{"taxonomy":"product_tag","embeddable":true,"href":"https:\/\/tthcompany.ma\/index.php\/wp-json\/wp\/v2\/product_tag?post=18978"}],"curies":[{"name":"wp","href":"https:\/\/api.w.org\/{rel}","templated":true}]}}