{"id":18975,"date":"2022-08-17T10:15:16","date_gmt":"2022-08-17T10:15:16","guid":{"rendered":"https:\/\/tthcompany.ma\/?post_type=product&#038;p=18975"},"modified":"2022-08-17T10:15:24","modified_gmt":"2022-08-17T10:15:24","slug":"hac-hdbw1400r-z-poc","status":"publish","type":"product","link":"https:\/\/tthcompany.ma\/index.php\/product\/hac-hdbw1400r-z-poc\/","title":{"rendered":"HAC-HDBW1400R-Z-POC"},"content":{"rendered":"<div id=\"div_left\">\n<div class=\"div-drop\">\n<p class=\"title\">HAC-HDBW1400R-Z-POC\u00a0Cam\u00e9ra d\u00f4me IR 4MP HDCVI POC<\/p>\n<table id=\"table001\" class=\"NEW-TABLE TableOverride-1 tab-drag\">\n<tbody>\n<tr>\n<td colspan=\"60\">\n<h2><span style=\"font-size: 14pt;\">Cam\u00e9ra<\/span><\/h2>\n<\/td>\n<\/tr>\n<tr>\n<td colspan=\"18\">Capteur d&#8217;image<\/td>\n<td colspan=\"42\">CMOS 1 \/ 2.7 &#8220;<\/td>\n<\/tr>\n<tr>\n<td colspan=\"18\">Pixels efficaces<\/td>\n<td colspan=\"42\">2560 (H) \u00d7 1440 (V), 4MP<\/td>\n<\/tr>\n<tr>\n<td colspan=\"18\">Syst\u00e8me de num\u00e9risation<\/td>\n<td colspan=\"42\">Progressive<\/td>\n<\/tr>\n<tr>\n<td colspan=\"18\">Vitesse d&#8217;obturation \u00e9lectronique<\/td>\n<td colspan=\"42\">PAL: 1\/25 ~ 1 \/ 100000s<\/p>\n<p>NTSC: 1\/30 ~ 1 \/ 100000s<\/td>\n<\/tr>\n<tr>\n<td colspan=\"18\">Illumination minimale<\/td>\n<td colspan=\"42\">0.03Lux \/ F1.8, 30IRE, 0Lux IR on<\/td>\n<\/tr>\n<tr>\n<td colspan=\"18\">Ratio S \/ N<\/td>\n<td colspan=\"42\">Plus de 65dB<\/td>\n<\/tr>\n<tr>\n<td colspan=\"18\">Distance IR<\/td>\n<td colspan=\"42\">Jusqu&#8217;\u00e0 30m<\/td>\n<\/tr>\n<tr>\n<td colspan=\"18\">Contr\u00f4le IR On \/ Off<\/td>\n<td colspan=\"42\">Auto \/ Manuel<\/td>\n<\/tr>\n<tr>\n<td colspan=\"18\">LED IR<\/td>\n<td colspan=\"42\">2<\/td>\n<\/tr>\n<tr>\n<td colspan=\"60\">\n<h2><span style=\"font-size: 14pt;\">Capture<\/span><\/h2>\n<\/td>\n<\/tr>\n<tr>\n<td colspan=\"18\">Type de lentille<\/td>\n<td colspan=\"42\">Objectif motoris\u00e9 \/ Iris fixe<\/td>\n<\/tr>\n<tr>\n<td colspan=\"18\">Type de montage<\/td>\n<td colspan=\"42\">Embarquement<\/td>\n<\/tr>\n<tr>\n<td colspan=\"18\">Distance focale<\/td>\n<td colspan=\"42\">2,7-12mm<\/td>\n<\/tr>\n<tr>\n<td colspan=\"18\">Ouverture maximale<\/td>\n<td colspan=\"42\">F1.8<\/td>\n<\/tr>\n<tr>\n<td colspan=\"18\">Angle de vue<\/td>\n<td colspan=\"42\">H: 92 \u00b0 ~ 29 \u00b0<\/p>\n<p>V: 49 \u00b0 ~ 16 \u00b0<\/td>\n<\/tr>\n<tr>\n<td colspan=\"18\">Contr\u00f4le de la mise au point<\/td>\n<td colspan=\"42\">Motoris\u00e9<\/td>\n<\/tr>\n<tr>\n<td colspan=\"18\">Distance de mise au point proche<\/td>\n<td colspan=\"42\">800mm<\/p>\n<p>31.50 &#8221;<\/td>\n<\/tr>\n<tr>\n<td colspan=\"60\">\n<h2><span style=\"font-size: 14pt;\">Pan \/ Tilt \/ Rotation<\/span><\/h2>\n<\/td>\n<\/tr>\n<tr>\n<td colspan=\"18\">Pan \/ Tilt \/ Rotation<\/td>\n<td colspan=\"42\">Pan: 0 \u00b0 ~ 355 \u00b0<\/p>\n<p>Inclinaison: 0 \u00b0 ~ 75 \u00b0<\/p>\n<p>Rotation: 0 \u00b0 ~ 355 \u00b0<\/td>\n<\/tr>\n<tr>\n<td colspan=\"60\">\n<h2><span style=\"font-size: 14pt;\">Vid\u00e9o<\/span><\/h2>\n<\/td>\n<\/tr>\n<tr>\n<td colspan=\"18\">R\u00e9solution<\/td>\n<td colspan=\"42\">4MP (2560 \u00d7 1440)<\/td>\n<\/tr>\n<tr>\n<td colspan=\"18\">Taux de trame<\/td>\n<td colspan=\"42\">25\/30 images par seconde \u00e0 4MP, 25\/30 images par seconde \u00e0 1080p<\/td>\n<\/tr>\n<tr>\n<td colspan=\"18\">Sortie vid\u00e9o<\/td>\n<td colspan=\"42\">Sortie vid\u00e9o haute d\u00e9finition BNC 1 canal \/ sortie vid\u00e9o CVBS (possibilit\u00e9 de commutation)<\/td>\n<\/tr>\n<tr>\n<td colspan=\"18\">Jour Nuit<\/td>\n<td colspan=\"42\">Auto (ICR) \/ Manuel<\/td>\n<\/tr>\n<tr>\n<td colspan=\"18\">Menu OSD<\/td>\n<td colspan=\"42\">Multi-langue<\/td>\n<\/tr>\n<tr>\n<td colspan=\"18\">Mode BLC<\/td>\n<td colspan=\"42\">BLC \/ HLC \/ DWDR<\/td>\n<\/tr>\n<tr>\n<td colspan=\"18\">WDR<\/td>\n<td colspan=\"42\">DWDR<\/td>\n<\/tr>\n<tr>\n<td colspan=\"18\">Prendre le contr\u00f4le<\/td>\n<td colspan=\"42\">AGC<\/td>\n<\/tr>\n<tr>\n<td colspan=\"18\">R\u00e9duction de bruit<\/td>\n<td colspan=\"42\">2D<\/td>\n<\/tr>\n<tr>\n<td colspan=\"18\">Balance des blancs<\/td>\n<td colspan=\"42\">Auto \/ Manuel<\/td>\n<\/tr>\n<tr>\n<td colspan=\"18\">IR intelligent<\/td>\n<td colspan=\"42\">Auto \/ Manuel<\/td>\n<\/tr>\n<\/tbody>\n<\/table>\n<\/div>\n<\/div>\n<div id=\"div_left\">\n<div class=\"div-drop\">\n<table id=\"table002\" class=\"NEW-TABLE TableOverride-1 tab-drag\" style=\"width: 100%;\">\n<tbody>\n<tr>\n<td style=\"width: 574.123%;\" colspan=\"60\">\n<h2><span style=\"font-size: 14pt;\">D\u00e9tecter Observer Reconna\u00eetre Identifier Distance<\/span><\/h2>\n<\/td>\n<\/tr>\n<tr>\n<td style=\"width: 574.123%;\" colspan=\"60\">Remarque: la distance DORI est une \u00abproximit\u00e9 g\u00e9n\u00e9rale\u00bb de distance qui permet de d\u00e9terminer facilement la cam\u00e9ra qui convient \u00e0 vos besoins.\u00a0La distance DORI est calcul\u00e9e sur la base de la sp\u00e9cification du capteur et du r\u00e9sultat du test de laboratoire selon la norme EN 62676-4, qui d\u00e9finit les crit\u00e8res de d\u00e9tection, d&#8217;observation, de reconnaissance et d&#8217;identification, respectivement.<\/td>\n<\/tr>\n<tr>\n<td style=\"width: 19.5889%;\" colspan=\"18\" rowspan=\"2\"><\/td>\n<td style=\"width: 183.676%;\" colspan=\"21\" rowspan=\"2\">DORI<\/p>\n<p>D\u00e9finition<\/td>\n<td style=\"width: 370.859%;\" colspan=\"21\">Distance<\/td>\n<\/tr>\n<tr>\n<td style=\"width: 286.094%;\" colspan=\"10\">Large<\/td>\n<td style=\"width: 84.7642%;\" colspan=\"11\">T\u00e9l\u00e9<\/td>\n<\/tr>\n<tr>\n<td style=\"width: 19.5889%;\" colspan=\"18\">D\u00e9tecter<\/td>\n<td style=\"width: 74.0024%;\" colspan=\"14\">25px \/ m (8px \/ ft)<\/td>\n<td style=\"width: 238.573%;\" colspan=\"14\">67m (220ft)<\/td>\n<td style=\"width: 241.959%;\" colspan=\"14\">198m<\/td>\n<\/tr>\n<tr>\n<td style=\"width: 19.5889%;\" colspan=\"18\">Observer<\/td>\n<td style=\"width: 74.0024%;\" colspan=\"14\">63px \/ m (19px \/ ft)<\/td>\n<td style=\"width: 238.573%;\" colspan=\"14\">27m (89ft)<\/td>\n<td style=\"width: 241.959%;\" colspan=\"14\">79m (259 pieds)<\/td>\n<\/tr>\n<tr>\n<td style=\"width: 19.5889%;\" colspan=\"18\">Reconna\u00eetre<\/td>\n<td style=\"width: 74.0024%;\" colspan=\"14\">125px \/ m (38px \/ ft)<\/td>\n<td style=\"width: 238.573%;\" colspan=\"14\">13m (43ft)<\/td>\n<td style=\"width: 241.959%;\" colspan=\"14\">39m (128ft)<\/td>\n<\/tr>\n<tr>\n<td style=\"width: 19.5889%;\" colspan=\"18\">Identifier<\/td>\n<td style=\"width: 74.0024%;\" colspan=\"14\">250 px \/ m (76 px \/ ft)<\/td>\n<td style=\"width: 238.573%;\" colspan=\"14\">7m (22ft)<\/td>\n<td style=\"width: 241.959%;\" colspan=\"14\">19m<\/td>\n<\/tr>\n<\/tbody>\n<\/table>\n<\/div>\n<\/div>\n<div id=\"div_left\">\n<div class=\"div-drop\">\n<table id=\"table003\" class=\"NEW-TABLE TableOverride-1 tab-drag\">\n<tbody>\n<tr>\n<td colspan=\"60\">\n<h2><span style=\"font-size: 14pt;\">Certifications<\/span><\/h2>\n<\/td>\n<\/tr>\n<tr>\n<td colspan=\"18\">Certifications<\/td>\n<td colspan=\"42\">CE (EN55032, EN55024, EN50130-4)<\/p>\n<p>FCC (CFR 47 FCC Part 15, sous-partie B, ANSI C63.4-2014)<\/p>\n<p>UL (UL60950-1 + CAN \/ CSA C22.2 No.60950-1)<\/td>\n<\/tr>\n<tr>\n<td colspan=\"60\">\n<h2><span style=\"font-size: 14pt;\">Interface<\/span><\/h2>\n<\/td>\n<\/tr>\n<tr>\n<td colspan=\"18\">Interface audio<\/td>\n<td colspan=\"42\">N \/ A<\/td>\n<\/tr>\n<tr>\n<td colspan=\"60\">\n<h2><span style=\"font-size: 14pt;\">\u00c9lectrique<\/span><\/h2>\n<\/td>\n<\/tr>\n<tr>\n<td colspan=\"18\">Source de courant<\/td>\n<td colspan=\"42\">POC \/ 12V DC \u00b1 30%<\/td>\n<\/tr>\n<tr>\n<td colspan=\"18\">Consommation d&#8217;\u00e9nergie<\/td>\n<td colspan=\"42\">Max 5.4W (12V DC, IR allum\u00e9)<\/td>\n<\/tr>\n<tr>\n<td colspan=\"60\">\n<h2><span style=\"font-size: 14pt;\">Environnement<\/span><\/h2>\n<\/td>\n<\/tr>\n<tr>\n<td colspan=\"18\">Des conditions de fonctionnement<\/td>\n<td colspan=\"42\">-30 \u00b0 C ~ + 60 \u00b0 C \/ moins de 95% d&#8217;humidit\u00e9 relative<\/p>\n<p>* La mise en route doit \u00eatre effectu\u00e9e \u00e0 une temp\u00e9rature sup\u00e9rieure \u00e0 -30 \u00b0 C (-22 \u00b0 F)<\/td>\n<\/tr>\n<tr>\n<td colspan=\"18\">Conditions de stockage<\/td>\n<td colspan=\"42\">-30 \u00b0 C ~ + 60 \u00b0 C \/ moins de 95% d&#8217;humidit\u00e9 relative<\/td>\n<\/tr>\n<tr>\n<td colspan=\"18\">Protection d&#8217;entr\u00e9e et\u00a0r\u00e9sistance au vandalisme<\/td>\n<td colspan=\"42\">IP67 et IK10<\/td>\n<\/tr>\n<tr>\n<td colspan=\"60\">\n<h2><span style=\"font-size: 14pt;\">Construction<\/span><\/h2>\n<\/td>\n<\/tr>\n<tr>\n<td colspan=\"18\">Enveloppe<\/td>\n<td colspan=\"42\">Aluminium<\/td>\n<\/tr>\n<tr>\n<td colspan=\"18\">Dimensions<\/td>\n<td colspan=\"42\">\u03a6122mm \u00d7 88.9mm (\u03a64.8 &#8220;\u00d7 3.5&#8221;)<\/td>\n<\/tr>\n<tr>\n<td colspan=\"18\">Poids net<\/td>\n<td colspan=\"42\">0,60 kg (1,32 lb)<\/td>\n<\/tr>\n<tr>\n<td colspan=\"18\">Poids brut<\/td>\n<td colspan=\"42\">0,76 kg (1,68 lb)<\/td>\n<\/tr>\n<\/tbody>\n<\/table>\n<\/div>\n<\/div>\n","protected":false},"excerpt":{"rendered":"<h1 class=\"text\"><span style=\"color: #000000;\"><strong><span style=\"font-size: 10pt;\">Cam\u00e9ra d\u00f4me IR 4MP HDCVI POC Dahua\u00a0<\/span><\/strong><\/span><\/h1>\n<ul>\n<li>Max 30fps @\u00a04MP<\/li>\n<li>Sorties\u00a0HD et SD commutables<\/li>\n<li>Objectif motoris\u00e9 2,7-12mm<\/li>\n<li>Max.\u00a0Longueur IR 30m, IR intelligent<\/li>\n<li>IP67, IK10, POC \/ DC12V<\/li>\n<\/ul>\n","protected":false},"featured_media":19004,"comment_status":"open","ping_status":"closed","template":"","meta":{"om_disable_all_campaigns":false,"_monsterinsights_skip_tracking":false,"_monsterinsights_sitenote_active":false,"_monsterinsights_sitenote_note":"","_monsterinsights_sitenote_category":0},"product_cat":[235,234,186,438],"product_tag":[204,205,206,260,207,208,261,262,209,210,263,264,211,228,212,213,265,214,229,191,266,215,230,193,267,216,268,195,218,269,196,270,271,272,197,198,219,199,220,273,241,200,274,275,201,276,277,222,278,279,280,281,282,525,283,284,285,286,224,225,287,288,289,226,290,291,292],"class_list":{"0":"post-18975","1":"product","2":"type-product","3":"status-publish","4":"has-post-thumbnail","6":"product_cat-cameras-4mp","7":"product_cat-cameras-hdcvi","8":"product_cat-produits-hdcvi","9":"product_cat-zoom-cameras-4mp","10":"product_tag-afrique-du-sud","11":"product_tag-alarme","12":"product_tag-camera","13":"product_tag-camera-de-surveillance-tanger","14":"product_tag-camera-hdcvi","15":"product_tag-camera-ip","16":"product_tag-camera-ip-dahua","17":"product_tag-camera-maroc","18":"product_tag-camera-surveillance","19":"product_tag-camera-surveillance-afrique","20":"product_tag-camera-surveillance-avec-un-bon-prix","21":"product_tag-camera-surveillance-casablanca","22":"product_tag-camera-surveillance-dahua","23":"product_tag-camera-surveillance-maroc","24":"product_tag-camera-surveillance-tanger","25":"product_tag-camera-dahua","26":"product_tag-control-dacces-tanger","27":"product_tag-dahua-afrique","28":"product_tag-dahua-agadir","29":"product_tag-dahua-algerie","30":"product_tag-dahua-azrou","31":"product_tag-dahua-camera","32":"product_tag-dahua-camera-4mp","33":"product_tag-dahua-casablanca","34":"product_tag-dahua-dakhla","35":"product_tag-dahua-el-jadida","36":"product_tag-dahua-errachidia","37":"product_tag-dahua-fes","38":"product_tag-dahua-hoceima","39":"product_tag-dahua-ifrane","40":"product_tag-dahua-kenitra","41":"product_tag-dahua-khemisset","42":"product_tag-dahua-khouribga","43":"product_tag-dahua-laayoune","44":"product_tag-dahua-maroc","45":"product_tag-dahua-marrakech","46":"product_tag-dahua-meknas","47":"product_tag-dahua-meknes","48":"product_tag-dahua-nador","49":"product_tag-dahua-ouarzazate","50":"product_tag-dahua-oujda","51":"product_tag-dahua-rabat","52":"product_tag-dahua-safi","53":"product_tag-dahua-settat","54":"product_tag-dahua-tanger","55":"product_tag-dahua-taroudant","56":"product_tag-dahua-taza","57":"product_tag-dahua-tetouan","58":"product_tag-dahua-tiflet","59":"product_tag-dahua-tiznit","60":"product_tag-desenfumage-tanger","61":"product_tag-detection-incendie","62":"product_tag-distributeur-dahua","63":"product_tag-hac-hdbw1400r-z-poc","64":"product_tag-installation-alarme","65":"product_tag-installations-camera-de-surveillance-maroc","66":"product_tag-moniteur-dimage","67":"product_tag-pack-camera-de-surveillance","68":"product_tag-pack-camera-de-surveillance-dahua","69":"product_tag-pointeuse","70":"product_tag-porte-automatiques","71":"product_tag-portes-coup-feu-tanger","72":"product_tag-skydome-tanger","73":"product_tag-smart-lock","74":"product_tag-sprinkler-tanger","75":"product_tag-travaux-d-incendie-tanger","76":"product_tag-video-surveillance-tanger","78":"first","79":"instock","80":"shipping-taxable","81":"purchasable","82":"product-type-simple","83":"add-to-wishlist-after_add_to_cart"},"aioseo_notices":[],"_links":{"self":[{"href":"https:\/\/tthcompany.ma\/index.php\/wp-json\/wp\/v2\/product\/18975","targetHints":{"allow":["GET"]}}],"collection":[{"href":"https:\/\/tthcompany.ma\/index.php\/wp-json\/wp\/v2\/product"}],"about":[{"href":"https:\/\/tthcompany.ma\/index.php\/wp-json\/wp\/v2\/types\/product"}],"replies":[{"embeddable":true,"href":"https:\/\/tthcompany.ma\/index.php\/wp-json\/wp\/v2\/comments?post=18975"}],"wp:featuredmedia":[{"embeddable":true,"href":"https:\/\/tthcompany.ma\/index.php\/wp-json\/wp\/v2\/media\/19004"}],"wp:attachment":[{"href":"https:\/\/tthcompany.ma\/index.php\/wp-json\/wp\/v2\/media?parent=18975"}],"wp:term":[{"taxonomy":"product_cat","embeddable":true,"href":"https:\/\/tthcompany.ma\/index.php\/wp-json\/wp\/v2\/product_cat?post=18975"},{"taxonomy":"product_tag","embeddable":true,"href":"https:\/\/tthcompany.ma\/index.php\/wp-json\/wp\/v2\/product_tag?post=18975"}],"curies":[{"name":"wp","href":"https:\/\/api.w.org\/{rel}","templated":true}]}}