{"id":18968,"date":"2022-08-17T10:15:15","date_gmt":"2022-08-17T10:15:15","guid":{"rendered":"https:\/\/tthcompany.ma\/?post_type=product&#038;p=18968"},"modified":"2023-09-26T08:50:48","modified_gmt":"2023-09-26T08:50:48","slug":"hac-hdbw2241rp-z","status":"publish","type":"product","link":"https:\/\/tthcompany.ma\/index.php\/product\/hac-hdbw2241rp-z\/","title":{"rendered":"HAC-HDBW2241RP-Z"},"content":{"rendered":"<div id=\"div_left\">\n<div class=\"div-drop\">\n<table id=\"table001\" class=\"NEW-TABLE TableOverride-1 tab-drag\">\n<tbody>\n<tr>\n<td colspan=\"60\">\n<h2><span style=\"font-size: 14pt;\">Cam\u00e9ra<\/span><\/h2>\n<\/td>\n<\/tr>\n<tr>\n<td colspan=\"18\">Capteur d&#8217;image<\/td>\n<td colspan=\"42\">CMOS 1 \/ 2,8 &#8220;<\/td>\n<\/tr>\n<tr>\n<td colspan=\"18\">Pixels efficaces<\/td>\n<td colspan=\"42\">1920 (H) \u00d7 1080 (V), 2MP<\/td>\n<\/tr>\n<tr>\n<td colspan=\"18\">Syst\u00e8me de num\u00e9risation<\/td>\n<td colspan=\"42\">Progressive<\/td>\n<\/tr>\n<tr>\n<td colspan=\"18\">Vitesse d&#8217;obturation \u00e9lectronique<\/td>\n<td colspan=\"42\">PAL: 1 \/ 4s ~ 1 \/ 100000s<\/p>\n<p>NTSC: 1 \/ 3s ~ 1 \/ 100000s<\/td>\n<\/tr>\n<tr>\n<td colspan=\"18\">\u00c9clairage minimum<\/td>\n<td colspan=\"42\">0.004Lux \/ F1.6, 30IRE, 0Lux IR activ\u00e9<\/td>\n<\/tr>\n<tr>\n<td colspan=\"18\">Rapport S \/ N<\/td>\n<td colspan=\"42\">Plus de 65 dB<\/td>\n<\/tr>\n<tr>\n<td colspan=\"18\">Distance IR<\/td>\n<td colspan=\"42\">Jusqu&#8217;\u00e0 30 m (98 pieds)<\/td>\n<\/tr>\n<tr>\n<td colspan=\"18\">Contr\u00f4le marche \/ arr\u00eat infrarouge<\/td>\n<td colspan=\"42\">Auto \/ Manuel<\/td>\n<\/tr>\n<tr>\n<td colspan=\"18\">LED IR<\/td>\n<td colspan=\"42\">2<\/td>\n<\/tr>\n<tr>\n<td colspan=\"60\">\n<h2><span style=\"font-size: 14pt;\">Capture<\/span><\/h2>\n<\/td>\n<\/tr>\n<tr>\n<td colspan=\"18\">Type d&#8217;objectif<\/td>\n<td colspan=\"42\">Lentille motoris\u00e9e \/ Iris fixe<\/td>\n<\/tr>\n<tr>\n<td colspan=\"18\">Type de montage<\/td>\n<td colspan=\"42\">Embarquement<\/td>\n<\/tr>\n<tr>\n<td colspan=\"18\">Distance focale<\/td>\n<td colspan=\"42\">2,7-13,5 mm<\/td>\n<\/tr>\n<tr>\n<td colspan=\"18\">Ouverture max.<\/td>\n<td colspan=\"42\">F1.6<\/td>\n<\/tr>\n<tr>\n<td colspan=\"18\">Angle de vue<\/td>\n<td colspan=\"42\">H: 108,7 \u00b0 ~ 28,7 \u00b0<\/td>\n<\/tr>\n<tr>\n<td colspan=\"18\">Contr\u00f4le de la mise au point<\/td>\n<td colspan=\"42\">Auto \/ Manuel<\/td>\n<\/tr>\n<tr>\n<td colspan=\"18\">Distance de mise au point rapproch\u00e9e<\/td>\n<td colspan=\"42\">200 mm<\/p>\n<p>7.87 &#8221;<\/td>\n<\/tr>\n<tr>\n<td colspan=\"60\">\n<h2><span style=\"font-size: 14pt;\">Distance DORI<\/span><\/h2>\n<\/td>\n<\/tr>\n<tr>\n<td colspan=\"60\">Remarque: La distance DORI est une \u00abproximit\u00e9 g\u00e9n\u00e9rale\u00bb de la distance qui permet de localiser facilement la cam\u00e9ra adapt\u00e9e \u00e0 vos besoins.\u00a0La distance DORI est calcul\u00e9e sur la base des sp\u00e9cifications du capteur et du r\u00e9sultat du test de laboratoire selon EN 62676-4 qui d\u00e9finit les crit\u00e8res de d\u00e9tection, d&#8217;observation, de reconnaissance et d&#8217;identification respectivement.<\/td>\n<\/tr>\n<tr>\n<td colspan=\"18\" rowspan=\"2\"><\/td>\n<td colspan=\"21\" rowspan=\"2\">DORI<\/p>\n<p>D\u00e9finition<\/td>\n<td colspan=\"21\">Distance<\/td>\n<\/tr>\n<tr>\n<td colspan=\"10\">Large<\/td>\n<td colspan=\"11\">T\u00e9l\u00e9<\/td>\n<\/tr>\n<tr>\n<td colspan=\"18\">D\u00e9tecter<\/td>\n<td colspan=\"14\">25 px \/ m (8 px \/ ft)<\/td>\n<td colspan=\"14\">44 m (144 pieds)<\/td>\n<td colspan=\"14\">153 m (502 pieds)<\/td>\n<\/tr>\n<tr>\n<td colspan=\"18\">Observer<\/td>\n<td colspan=\"14\">63 px \/ m (19 px \/ ft)<\/td>\n<td colspan=\"14\">18 m (59 pieds)<\/td>\n<td colspan=\"14\">61 m (200 pieds)<\/td>\n<\/tr>\n<tr>\n<td colspan=\"18\">Reconna\u00eetre<\/td>\n<td colspan=\"14\">125 px \/ m (38 px \/ ft)<\/td>\n<td colspan=\"14\">9 m (30 pieds)<\/td>\n<td colspan=\"14\">31 m (102 pieds)<\/td>\n<\/tr>\n<tr>\n<td colspan=\"18\">Identifier<\/td>\n<td colspan=\"14\">250 px \/ m (76 px \/ ft)<\/td>\n<td colspan=\"14\">5 m (16 pi)<\/td>\n<td colspan=\"14\">15 m (49 pieds)<\/td>\n<\/tr>\n<tr>\n<td colspan=\"60\">\n<h2><span style=\"font-size: 14pt;\">Pan \/ Tilt \/ Rotation<\/span><\/h2>\n<\/td>\n<\/tr>\n<tr>\n<td colspan=\"18\">Pan \/ Tilt \/ Rotation<\/td>\n<td colspan=\"42\">Pan: 0 \u00b0 ~ 355 \u00b0<\/p>\n<p>Inclinaison: 0 \u00b0 ~ 75 \u00b0<\/p>\n<p>Rotation: 0 \u00b0 ~ 355 \u00b0<\/td>\n<\/tr>\n<tr>\n<td colspan=\"60\">\n<h2><span style=\"font-size: 14pt;\">Vid\u00e9o<\/span><\/h2>\n<\/td>\n<\/tr>\n<tr>\n<td colspan=\"18\">R\u00e9solution<\/td>\n<td colspan=\"42\">1080P (1920 \u00d7 1080)<\/td>\n<\/tr>\n<tr>\n<td colspan=\"18\">Fr\u00e9quence d&#8217;images<\/td>\n<td colspan=\"42\">25 \/ 30fps @ 1080P, 25\/30\/50 \/ 60fps @ 720P<\/td>\n<\/tr>\n<tr>\n<td colspan=\"18\">Sortie vid\u00e9o<\/td>\n<td colspan=\"42\">Sortie vid\u00e9o haute d\u00e9finition BNC \u00e0 1 canal \/ sortie vid\u00e9o CVBS (commutateur DIP)<\/td>\n<\/tr>\n<\/tbody>\n<\/table>\n<\/div>\n<\/div>\n<div id=\"div_left\">\n<div class=\"div-drop\">\n<table id=\"table002\" class=\"NEW-TABLE TableOverride-1 tab-drag\">\n<tbody>\n<tr>\n<td colspan=\"18\">Jour Nuit<\/td>\n<td colspan=\"42\">Auto (ICR) \/ Manuel<\/td>\n<\/tr>\n<tr>\n<td colspan=\"18\">Menu OSD<\/td>\n<td colspan=\"42\">Multi-langue<\/td>\n<\/tr>\n<tr>\n<td colspan=\"18\">Mode BLC<\/td>\n<td colspan=\"42\">BLC \/ HLC \/ WDR<\/td>\n<\/tr>\n<tr>\n<td colspan=\"18\">WDR<\/td>\n<td colspan=\"42\">120dB<\/td>\n<\/tr>\n<tr>\n<td colspan=\"18\">Prendre le contr\u00f4le<\/td>\n<td colspan=\"42\">AGC<\/td>\n<\/tr>\n<tr>\n<td colspan=\"18\">R\u00e9duction de bruit<\/td>\n<td colspan=\"42\">2D \/ 3D<\/td>\n<\/tr>\n<tr>\n<td colspan=\"18\">Balance des blancs<\/td>\n<td colspan=\"42\">Auto \/ Manuel<\/td>\n<\/tr>\n<tr>\n<td colspan=\"18\">Smart IR<\/td>\n<td colspan=\"42\">Auto \/ Manuel<\/td>\n<\/tr>\n<tr>\n<td colspan=\"60\">\n<h2><span style=\"font-size: 14pt;\">Certifications<\/span><\/h2>\n<\/td>\n<\/tr>\n<tr>\n<td colspan=\"18\">Certifications<\/td>\n<td colspan=\"42\">CE (EN55032, EN55024, EN50130-4)<\/p>\n<p>FCC (CFR 47 FCC Partie 15 sous-partie B, ANSI C63.4-2014)<\/p>\n<p>UL (UL60950-1 + CAN \/ CSA C22.2 No.60950-1)<\/td>\n<\/tr>\n<tr>\n<td colspan=\"60\">\n<h2><span style=\"font-size: 14pt;\">Interface<\/span><\/h2>\n<\/td>\n<\/tr>\n<tr>\n<td colspan=\"18\">Interface audio<\/td>\n<td colspan=\"42\">1<\/td>\n<\/tr>\n<tr>\n<td colspan=\"60\">\n<h2><span style=\"font-size: 14pt;\">\u00c9lectrique<\/span><\/h2>\n<\/td>\n<\/tr>\n<tr>\n<td colspan=\"18\">Source de courant<\/td>\n<td colspan=\"42\">12V DC \u00b1 30%<\/td>\n<\/tr>\n<tr>\n<td colspan=\"18\">Consommation d&#8217;\u00e9nergie<\/td>\n<td colspan=\"42\">Max.\u00a04.7W (12V DC, IR activ\u00e9)<\/td>\n<\/tr>\n<tr>\n<td colspan=\"60\">\n<h2><span style=\"font-size: 14pt;\">Environnement<\/span><\/h2>\n<\/td>\n<\/tr>\n<tr>\n<td colspan=\"18\">Des conditions de fonctionnement<\/td>\n<td colspan=\"42\">-30 \u00b0 C ~ + 60 \u00b0 C (-22 \u00b0 F ~ + 140 \u00b0 F) \/ Moins de 95% HR<\/p>\n<p>* Le d\u00e9marrage doit \u00eatre effectu\u00e9 \u00e0 plus de -30 \u00b0 C (-22 \u00b0 F)<\/td>\n<\/tr>\n<tr>\n<td colspan=\"18\">Conditions de stockage<\/td>\n<td colspan=\"42\">-30 \u00b0 C ~ + 60 \u00b0 C (-22 \u00b0 F ~ + 140 \u00b0 F) \/ Moins de 95% HR<\/td>\n<\/tr>\n<tr>\n<td colspan=\"18\">Protection contre les infiltrations et r\u00e9sistance au vandalisme<\/td>\n<td colspan=\"42\">IP67 et IK10<\/td>\n<\/tr>\n<tr>\n<td colspan=\"60\">\n<h2><span style=\"font-size: 14pt;\">Construction<\/span><\/h2>\n<\/td>\n<\/tr>\n<tr>\n<td colspan=\"18\">Enveloppe<\/td>\n<td colspan=\"42\">Aluminium<\/td>\n<\/tr>\n<tr>\n<td colspan=\"18\">Dimensions<\/td>\n<td colspan=\"42\">\u03a6122 mm \u00d7 88,9 mm (\u03a64,8 &#8220;\u00d7 3,5&#8221;)<\/td>\n<\/tr>\n<tr>\n<td colspan=\"18\">Poids net<\/td>\n<td colspan=\"42\">0,39 kg (0,85 lb)<\/td>\n<\/tr>\n<tr>\n<td colspan=\"18\">Poids brut<\/td>\n<td colspan=\"42\">0,49 kg (1,08 lb)<\/td>\n<\/tr>\n<\/tbody>\n<\/table>\n<\/div>\n<\/div>\n<div id=\"div_left\"><\/div>\n","protected":false},"excerpt":{"rendered":"<h1 class=\"text\"><span style=\"font-size: 10pt; color: #000000; font-family: georgia, palatino, serif;\"><strong>Cam\u00e9ra d\u00f4me IR Starlight HDCVI 2MP<\/strong><\/span><\/h1>\n<ul>\n<li>Starlight, 120 dB vrai WDR, 3DNR<\/li>\n<li>Max.\u00a030fps @ 1080P<\/li>\n<li>Sortie HD \/ SD commutable<\/li>\n<li>Interface d&#8217;entr\u00e9e\u00a0audio<\/li>\n<li>Objectif motoris\u00e9 2,7-13,5 mm<\/li>\n<li>Max.\u00a0Longueur IR 30m, Smart IR<\/li>\n<li>IP67, IK10, DC12V<\/li>\n<\/ul>\n","protected":false},"featured_media":18998,"comment_status":"open","ping_status":"closed","template":"","meta":{"om_disable_all_campaigns":false,"_monsterinsights_skip_tracking":false,"_monsterinsights_sitenote_active":false,"_monsterinsights_sitenote_note":"","_monsterinsights_sitenote_category":0},"product_cat":[251,234,186,1007,426],"product_tag":[204,205,1034,260,207,208,261,262,209,210,263,264,211,228,212,213,265,214,229,191,266,215,193,267,216,268,195,218,269,196,270,271,272,197,198,199,220,231,273,241,200,274,275,201,276,277,222,278,279,280,281,223,282,514,255,283,284,285,257,1093,286,224,225,287,288,289,226,290,291,292],"class_list":{"0":"post-18968","1":"product","2":"type-product","3":"status-publish","4":"has-post-thumbnail","6":"product_cat-cameras-2mp","7":"product_cat-cameras-hdcvi","8":"product_cat-produits-hdcvi","9":"product_cat-promo","10":"product_cat-zoom","11":"product_tag-afrique-du-sud","12":"product_tag-alarme","13":"product_tag-camera-de-surveillance","14":"product_tag-camera-de-surveillance-tanger","15":"product_tag-camera-hdcvi","16":"product_tag-camera-ip","17":"product_tag-camera-ip-dahua","18":"product_tag-camera-maroc","19":"product_tag-camera-surveillance","20":"product_tag-camera-surveillance-afrique","21":"product_tag-camera-surveillance-avec-un-bon-prix","22":"product_tag-camera-surveillance-casablanca","23":"product_tag-camera-surveillance-dahua","24":"product_tag-camera-surveillance-maroc","25":"product_tag-camera-surveillance-tanger","26":"product_tag-camera-dahua","27":"product_tag-control-dacces-tanger","28":"product_tag-dahua-afrique","29":"product_tag-dahua-agadir","30":"product_tag-dahua-algerie","31":"product_tag-dahua-azrou","32":"product_tag-dahua-camera","33":"product_tag-dahua-casablanca","34":"product_tag-dahua-dakhla","35":"product_tag-dahua-el-jadida","36":"product_tag-dahua-errachidia","37":"product_tag-dahua-fes","38":"product_tag-dahua-hoceima","39":"product_tag-dahua-ifrane","40":"product_tag-dahua-kenitra","41":"product_tag-dahua-khemisset","42":"product_tag-dahua-khouribga","43":"product_tag-dahua-laayoune","44":"product_tag-dahua-maroc","45":"product_tag-dahua-marrakech","46":"product_tag-dahua-meknes","47":"product_tag-dahua-nador","48":"product_tag-dahua-nvr","49":"product_tag-dahua-ouarzazate","50":"product_tag-dahua-oujda","51":"product_tag-dahua-rabat","52":"product_tag-dahua-safi","53":"product_tag-dahua-settat","54":"product_tag-dahua-tanger","55":"product_tag-dahua-taroudant","56":"product_tag-dahua-taza","57":"product_tag-dahua-tetouan","58":"product_tag-dahua-tiflet","59":"product_tag-dahua-tiznit","60":"product_tag-desenfumage-tanger","61":"product_tag-detection-incendie","62":"product_tag-disque-dur","63":"product_tag-distributeur-dahua","64":"product_tag-hac-hdbw2241r-z","65":"product_tag-hdcvi","66":"product_tag-installation-alarme","67":"product_tag-installations-camera-de-surveillance-maroc","68":"product_tag-moniteur-dimage","69":"product_tag-nvr","70":"product_tag-onstuck","71":"product_tag-pack-camera-de-surveillance","72":"product_tag-pack-camera-de-surveillance-dahua","73":"product_tag-pointeuse","74":"product_tag-porte-automatiques","75":"product_tag-portes-coup-feu-tanger","76":"product_tag-skydome-tanger","77":"product_tag-smart-lock","78":"product_tag-sprinkler-tanger","79":"product_tag-travaux-d-incendie-tanger","80":"product_tag-video-surveillance-tanger","81":"ts_product_brand-dahua","83":"first","84":"instock","85":"shipping-taxable","86":"purchasable","87":"product-type-simple","88":"add-to-wishlist-after_add_to_cart"},"aioseo_notices":[],"_links":{"self":[{"href":"https:\/\/tthcompany.ma\/index.php\/wp-json\/wp\/v2\/product\/18968","targetHints":{"allow":["GET"]}}],"collection":[{"href":"https:\/\/tthcompany.ma\/index.php\/wp-json\/wp\/v2\/product"}],"about":[{"href":"https:\/\/tthcompany.ma\/index.php\/wp-json\/wp\/v2\/types\/product"}],"replies":[{"embeddable":true,"href":"https:\/\/tthcompany.ma\/index.php\/wp-json\/wp\/v2\/comments?post=18968"}],"wp:featuredmedia":[{"embeddable":true,"href":"https:\/\/tthcompany.ma\/index.php\/wp-json\/wp\/v2\/media\/18998"}],"wp:attachment":[{"href":"https:\/\/tthcompany.ma\/index.php\/wp-json\/wp\/v2\/media?parent=18968"}],"wp:term":[{"taxonomy":"product_cat","embeddable":true,"href":"https:\/\/tthcompany.ma\/index.php\/wp-json\/wp\/v2\/product_cat?post=18968"},{"taxonomy":"product_tag","embeddable":true,"href":"https:\/\/tthcompany.ma\/index.php\/wp-json\/wp\/v2\/product_tag?post=18968"}],"curies":[{"name":"wp","href":"https:\/\/api.w.org\/{rel}","templated":true}]}}