{"id":18931,"date":"2022-08-17T10:14:53","date_gmt":"2022-08-17T10:14:53","guid":{"rendered":"https:\/\/tthcompany.ma\/?post_type=product&#038;p=18931"},"modified":"2025-05-31T20:10:21","modified_gmt":"2025-05-31T20:10:21","slug":"nvr5816-16p-4ks2e","status":"publish","type":"product","link":"https:\/\/tthcompany.ma\/index.php\/product\/nvr5816-16p-4ks2e\/","title":{"rendered":"NVR5816-16P-4KS2E"},"content":{"rendered":"<p>NVR5816-16P-4KS2E Enregistreur vid\u00e9o r\u00e9seau 16 Channel 2U 16PoE 4K &amp; H.265 Pro<\/p>\n<div id=\"div_left\">\n<div class=\"div-drop\">\n<table id=\"table001\" class=\"NEW-TABLE TableOverride-1 tab-drag\">\n<tbody>\n<tr>\n<td colspan=\"60\">\n<h5>Syst\u00e8me<\/h5>\n<\/td>\n<\/tr>\n<tr>\n<td colspan=\"18\">Processeur principal<\/td>\n<td colspan=\"42\">Processeur embarqu\u00e9 quadric\u0153ur<\/td>\n<\/tr>\n<tr>\n<td colspan=\"18\">Syst\u00e8me op\u00e9rateur<\/td>\n<td colspan=\"42\">LINUX int\u00e9gr\u00e9<\/td>\n<\/tr>\n<tr>\n<td colspan=\"60\">\n<h5>Audio et vid\u00e9o<\/h5>\n<\/td>\n<\/tr>\n<tr>\n<td colspan=\"18\">Entr\u00e9e de cam\u00e9ra IP<\/td>\n<td colspan=\"42\">Canal 16\/32\/64<\/td>\n<\/tr>\n<tr>\n<td colspan=\"18\">Conversation \u00e0 double sens<\/td>\n<td colspan=\"42\">Entr\u00e9e 1 canal, sortie 2 canaux, RCA<\/td>\n<\/tr>\n<tr>\n<td colspan=\"60\">\n<h5>Afficher<\/h5>\n<\/td>\n<\/tr>\n<tr>\n<td colspan=\"18\">Interface<\/td>\n<td colspan=\"42\">2 HDMI, 2 VGA<\/td>\n<\/tr>\n<tr>\n<td colspan=\"18\" rowspan=\"3\">R\u00e9solution<\/td>\n<td colspan=\"42\">HDMI1: 3840 \u00d7 2160, 1920 \u00d7 1080, 1280 \u00d7 1024,<\/p>\n<p>1280 \u00d7 720, 1024 \u00d7 768<\/td>\n<\/tr>\n<tr>\n<td colspan=\"42\">VGA1: 1920 \u00d7 1080, 1280 \u00d7 1024,<\/p>\n<p>1280 \u00d7 720, 1024 \u00d7 768<\/td>\n<\/tr>\n<tr>\n<td colspan=\"42\">HDMI2 \/ VGA2: 1920 \u00d7 1080<\/td>\n<\/tr>\n<tr>\n<td colspan=\"18\">Capacit\u00e9 de d\u00e9codage<\/td>\n<td colspan=\"42\">4 canaux @ 8MP (30 images par seconde), 16 canaux par 1080p (30 images par seconde)<\/td>\n<\/tr>\n<tr>\n<td colspan=\"18\">Affichage\u00a0multi-\u00e9crans<\/td>\n<td colspan=\"42\">1er \u00e9cran: 16CH: 1\/4\/8\/9\/16<\/p>\n<p>32CH: 1\/4\/8\/9\/16\/25\/36<\/p>\n<p>64CH: 1\/4\/8\/9\/16\/25\/36\/64<\/p>\n<p>2\u00e8me \u00e9cran: 1\/4\/8\/9\/16<\/td>\n<\/tr>\n<tr>\n<td colspan=\"18\">OSD<\/td>\n<td colspan=\"42\">Titre de la cam\u00e9ra, Heure, Verrou de la cam\u00e9ra, D\u00e9tection de mouvement, Enregistrement<\/td>\n<\/tr>\n<tr>\n<td colspan=\"60\">\n<h5>Enregistrement<\/h5>\n<\/td>\n<\/tr>\n<tr>\n<td colspan=\"18\">Compression<\/td>\n<td colspan=\"42\">Smart H.265 + \/ H.265 \/ Smart H.264 + \/ H.264 \/ MJPEG<\/td>\n<\/tr>\n<tr>\n<td colspan=\"18\">R\u00e9solution<\/td>\n<td colspan=\"42\">12MP, 8MP, 6MP, 5MP, 4MP, 3MP, 1080P, 1.3MP, 720P, D1 etc.<\/td>\n<\/tr>\n<tr>\n<td colspan=\"18\">D\u00e9bit binaire<\/td>\n<td colspan=\"42\">16Kbps ~ 20Mbps par canal<\/td>\n<\/tr>\n<tr>\n<td colspan=\"18\">Mode d&#8217;enregistrement<\/td>\n<td colspan=\"42\">Manuel, Programme (Normal, MD (D\u00e9tection de mouvement), Alarme, IVS), Arr\u00eater<\/td>\n<\/tr>\n<tr>\n<td colspan=\"18\">Record Interval<\/td>\n<td colspan=\"42\">1 ~ 120 min (par d\u00e9faut: 60 min), pr\u00e9-enregistrement: 1 ~ 30 sec, post-enregistrement: 10 ~ 300 sec<\/td>\n<\/tr>\n<tr>\n<td colspan=\"60\">\n<h5>D\u00e9tection vid\u00e9o et alarme<\/h5>\n<\/td>\n<\/tr>\n<tr>\n<td colspan=\"18\">\u00c9v\u00e9nements d\u00e9clencheurs<\/td>\n<td colspan=\"42\">Enregistrement, PTZ, Visite guid\u00e9e, Sortie d&#8217;alarme, Push vid\u00e9o, Email, Instantan\u00e9, Sonnerie et Conseils pour l&#8217;\u00e9cran<\/td>\n<\/tr>\n<tr>\n<td colspan=\"18\">D\u00e9tection vid\u00e9o<\/td>\n<td colspan=\"42\">D\u00e9tection de mouvement, zones MD: 396 (22 \u00d7 18), perte vid\u00e9o et alt\u00e9ration<\/td>\n<\/tr>\n<tr>\n<td colspan=\"18\">Entr\u00e9e d&#8217;alarme<\/td>\n<td colspan=\"42\">16 canaux<\/td>\n<\/tr>\n<tr>\n<td colspan=\"18\">Sortie relais<\/td>\n<td colspan=\"42\">6 canaux<\/td>\n<\/tr>\n<tr>\n<td colspan=\"60\">\n<h5>lire et sauvegarde<\/h5>\n<\/td>\n<\/tr>\n<tr>\n<td colspan=\"18\">Lecture synchronis\u00e9e<\/td>\n<td colspan=\"42\">1\/4\/9\/16<\/td>\n<\/tr>\n<tr>\n<td colspan=\"18\">Mode de recherche<\/td>\n<td colspan=\"42\">Heure \/ Date, Alarme, MD et Recherche Exacte (pr\u00e9cision \u00e0 la seconde)<\/td>\n<\/tr>\n<tr>\n<td colspan=\"18\">Fonction de lecture<\/td>\n<td colspan=\"42\">Lecture, Pause, Arr\u00eat, Retour rapide, Lecture rapide, Lecture lente, Fichier suivant, Fichier pr\u00e9c\u00e9dent, Appareil photo pr\u00e9c\u00e9dent, Appareil photo pr\u00e9c\u00e9dent, Plein \u00e9cran, S\u00e9lection de sauvegarde, Zoom num\u00e9rique<\/td>\n<\/tr>\n<tr>\n<td colspan=\"18\">Mode de sauvegarde<\/td>\n<td colspan=\"42\">P\u00e9riph\u00e9rique USB \/ r\u00e9seau \/ p\u00e9riph\u00e9rique eSATA<\/td>\n<\/tr>\n<tr>\n<td colspan=\"60\">\n<h5>Assistance tierce<\/h5>\n<\/td>\n<\/tr>\n<tr>\n<td colspan=\"18\">Assistance tierce<\/td>\n<td colspan=\"42\">Arecont Vision, Airlive, AXIS, Canon, Dynacolor, JVC, LG, Panasonic, Pelco, PSIA, Samsung, Sanyo, Sony, Watchnet et plus<\/td>\n<\/tr>\n<\/tbody>\n<\/table>\n<\/div>\n<\/div>\n<div id=\"div_left\">\n<div class=\"div-drop\">\n<table id=\"table002\" class=\"NEW-TABLE TableOverride-1 tab-drag\">\n<tbody>\n<tr>\n<td colspan=\"60\">\n<h5>R\u00e9seau<\/h5>\n<\/td>\n<\/tr>\n<tr>\n<td colspan=\"18\">Interface<\/td>\n<td colspan=\"42\">1 port RJ-45 (10\/100 \/ 1000Mbps)<\/td>\n<\/tr>\n<tr>\n<td colspan=\"18\">PoE<\/td>\n<td colspan=\"42\">16 ports (IEEE802.3af \/ at)<\/p>\n<p>1-8 ports supportent ePoE &amp; EoC<\/td>\n<\/tr>\n<tr>\n<td colspan=\"18\">Fonction r\u00e9seau<\/td>\n<td colspan=\"42\">HTTP, HTTPS, TCP \/ IP, IPv4 \/ IPv6, UPnP, SNMP, RTSP, UDP, SMTP, NTP, DHCP, DNS, Filtre IP, PPPoE, DDNS, FTP, Serveur d\u2019alarme, Recherche IP (Cam\u00e9ra IP Dahua prise en charge, DVR, NVS, etc.), P2P<\/td>\n<\/tr>\n<tr>\n<td colspan=\"18\">Max.\u00a0Acc\u00e8s utilisateur<\/td>\n<td colspan=\"42\">128 utilisateurs<\/td>\n<\/tr>\n<tr>\n<td colspan=\"18\">T\u00e9l\u00e9phone intelligent<\/td>\n<td colspan=\"42\">iPhone, iPad, Android<\/td>\n<\/tr>\n<tr>\n<td colspan=\"18\">L&#8217;interop\u00e9rabilit\u00e9<\/td>\n<td colspan=\"42\">ONVIF 2.4, SDK, CGI<\/td>\n<\/tr>\n<tr>\n<td colspan=\"60\">\n<h5>Espace d&#8217;enregistrement<\/h5>\n<\/td>\n<\/tr>\n<tr>\n<td colspan=\"18\">Disque dur interne<\/td>\n<td colspan=\"42\">8 ports SATA III, jusqu&#8217;\u00e0 10 To de capacit\u00e9 par disque dur<\/td>\n<\/tr>\n<tr>\n<td colspan=\"18\">eSATA<\/td>\n<td colspan=\"42\">1 eSATA<\/td>\n<\/tr>\n<tr>\n<td colspan=\"60\">\n<h5>Interface auxiliaire<\/h5>\n<\/td>\n<\/tr>\n<tr>\n<td colspan=\"18\">USB<\/td>\n<td colspan=\"42\">4 ports USB (2 arri\u00e8re USB 3.0, 2 avant USB 2.0)<\/td>\n<\/tr>\n<tr>\n<td colspan=\"18\">RS232<\/td>\n<td colspan=\"42\">1 port, pour communication PC et clavier<\/td>\n<\/tr>\n<tr>\n<td colspan=\"18\">RS485<\/td>\n<td colspan=\"42\">1 port, pour contr\u00f4le PTZ<\/td>\n<\/tr>\n<tr>\n<td colspan=\"60\">\n<h5>\u00c9lectrique<\/h5>\n<\/td>\n<\/tr>\n<tr>\n<td colspan=\"18\">Source de courant<\/td>\n<td colspan=\"42\">Simple, AC100V ~ 240V, 50 ~ 60 Hz<\/td>\n<\/tr>\n<tr>\n<td colspan=\"18\" rowspan=\"2\">Consommation d&#8217;\u00e9nergie<\/td>\n<td colspan=\"42\">NVR:\u00a0&lt;17.5W (sans disque dur)<\/td>\n<\/tr>\n<tr>\n<td colspan=\"42\">PoE: Max 25.5W pour un seul port<\/p>\n<p>Puissance nominale totale de 150W, contr\u00f4le de 80% pour la protection<\/td>\n<\/tr>\n<tr>\n<td colspan=\"18\">Ventilateur<\/td>\n<td colspan=\"42\">Ventilateur intelligent, ajuste automatiquement la vitesse de course<\/td>\n<\/tr>\n<tr>\n<td colspan=\"60\">\n<h5>Environnement<\/h5>\n<\/td>\n<\/tr>\n<tr>\n<td colspan=\"18\">Des conditions de fonctionnement<\/td>\n<td colspan=\"42\">-10 \u00b0 C ~ + 55 \u00b0 C (86 ~ 106 kpa)<\/td>\n<\/tr>\n<tr>\n<td colspan=\"18\">Conditions de stockage<\/td>\n<td colspan=\"42\">-20 \u00b0 C ~ + 70 \u00b0 C (0 ~ 90% HR)<\/td>\n<\/tr>\n<tr>\n<td colspan=\"60\">\n<h5>Construction<\/h5>\n<\/td>\n<\/tr>\n<tr>\n<td colspan=\"18\">Dimensions<\/td>\n<td colspan=\"42\">2U, 440 mm x 451,5 mm x 95 mm;<\/p>\n<p>(17.3 &#8220;x 17.8&#8221; x 3.7 &#8220;)<\/td>\n<\/tr>\n<tr>\n<td colspan=\"18\">Poids net<\/td>\n<td colspan=\"42\">7 kg (15,4 lb) (sans disque dur)<\/td>\n<\/tr>\n<tr>\n<td colspan=\"18\">Poids brut<\/td>\n<td colspan=\"42\">9,5 kg (20,94 lb) (sans disque dur)<\/td>\n<\/tr>\n<tr>\n<td colspan=\"18\">Installation<\/td>\n<td colspan=\"42\">Support mont\u00e9<\/td>\n<\/tr>\n<tr>\n<td colspan=\"60\">\n<h5>Certifications<\/h5>\n<\/td>\n<\/tr>\n<tr>\n<td colspan=\"18\">CE<\/td>\n<td colspan=\"42\">EN55032, EN55024, EN50130-4, EN60950-1<\/td>\n<\/tr>\n<tr>\n<td colspan=\"18\">FCC<\/td>\n<td colspan=\"42\">Partie 15, sous-partie B, ANSI C63.4-2014<\/td>\n<\/tr>\n<tr>\n<td colspan=\"18\">UL<\/td>\n<td colspan=\"42\">UL 60950-1<\/td>\n<\/tr>\n<\/tbody>\n<\/table>\n<\/div>\n<\/div>\n","protected":false},"excerpt":{"rendered":"<p class=\"text\" data-v-c786ec5e=\"\"><span style=\"color: #000000;\"><strong>Enregistreur vid\u00e9o r\u00e9seau 16 Channel 2U 16PoE 4K &amp; H.265 Pro<\/strong><\/span><\/p>\n<ul>\n<li>Smart H.265 + \/ H.265 \/ Smart H.264 + \/ H.264 \/ MJPEG<\/li>\n<li>Largeur de bande entrante maximale de 320 Mbps<\/li>\n<li>R\u00e9solution jusqu&#8217;\u00e0 12MP pour la pr\u00e9visualisation et la lecture<\/li>\n<li>Sortie vid\u00e9o simultan\u00e9e 2HDMI \/ 2VGA<\/li>\n<li>Prise en charge de 1 \u00e0 8 ports PoE 800m ePoE &amp; EoC<\/li>\n<\/ul>\n<p><img decoding=\"async\" class=\"alignnone size-medium wp-image-5438\" src=\"http:\/\/tthcompany.com\/wp-content\/uploads\/2019\/03\/NVR5416-16P-4KS2E-1-300x71.png\" alt=\"NVR Dahua\" width=\"300\" height=\"71\" \/><\/p>\n","protected":false},"featured_media":18957,"comment_status":"open","ping_status":"closed","template":"","meta":{"om_disable_all_campaigns":false,"_monsterinsights_skip_tracking":false,"_monsterinsights_sitenote_active":false,"_monsterinsights_sitenote_note":"","_monsterinsights_sitenote_category":0},"product_cat":[334,490,302],"product_tag":[204,205,206,260,207,208,261,262,209,210,263,264,211,228,212,213,265,214,229,266,193,267,216,268,195,218,269,196,270,271,272,197,198,199,220,231,273,241,200,274,275,201,276,277,222,278,279,280,281,282,283,284,285,493,1093,286,224,225,287,288,289,226,290,291,292],"class_list":{"0":"post-18931","1":"product","2":"type-product","3":"status-publish","4":"has-post-thumbnail","6":"product_cat-nvr-dahua","7":"product_cat-nvr-serie-pro","8":"product_cat-produits-ip","9":"product_tag-afrique-du-sud","10":"product_tag-alarme","11":"product_tag-camera","12":"product_tag-camera-de-surveillance-tanger","13":"product_tag-camera-hdcvi","14":"product_tag-camera-ip","15":"product_tag-camera-ip-dahua","16":"product_tag-camera-maroc","17":"product_tag-camera-surveillance","18":"product_tag-camera-surveillance-afrique","19":"product_tag-camera-surveillance-avec-un-bon-prix","20":"product_tag-camera-surveillance-casablanca","21":"product_tag-camera-surveillance-dahua","22":"product_tag-camera-surveillance-maroc","23":"product_tag-camera-surveillance-tanger","24":"product_tag-camera-dahua","25":"product_tag-control-dacces-tanger","26":"product_tag-dahua-afrique","27":"product_tag-dahua-agadir","28":"product_tag-dahua-azrou","29":"product_tag-dahua-casablanca","30":"product_tag-dahua-dakhla","31":"product_tag-dahua-el-jadida","32":"product_tag-dahua-errachidia","33":"product_tag-dahua-fes","34":"product_tag-dahua-hoceima","35":"product_tag-dahua-ifrane","36":"product_tag-dahua-kenitra","37":"product_tag-dahua-khemisset","38":"product_tag-dahua-khouribga","39":"product_tag-dahua-laayoune","40":"product_tag-dahua-maroc","41":"product_tag-dahua-marrakech","42":"product_tag-dahua-meknes","43":"product_tag-dahua-nador","44":"product_tag-dahua-nvr","45":"product_tag-dahua-ouarzazate","46":"product_tag-dahua-oujda","47":"product_tag-dahua-rabat","48":"product_tag-dahua-safi","49":"product_tag-dahua-settat","50":"product_tag-dahua-tanger","51":"product_tag-dahua-taroudant","52":"product_tag-dahua-taza","53":"product_tag-dahua-tetouan","54":"product_tag-dahua-tiflet","55":"product_tag-dahua-tiznit","56":"product_tag-desenfumage-tanger","57":"product_tag-detection-incendie","58":"product_tag-distributeur-dahua","59":"product_tag-installation-alarme","60":"product_tag-installations-camera-de-surveillance-maroc","61":"product_tag-moniteur-dimage","62":"product_tag-nvr5816-16p-4ks2e","63":"product_tag-onstuck","64":"product_tag-pack-camera-de-surveillance","65":"product_tag-pack-camera-de-surveillance-dahua","66":"product_tag-pointeuse","67":"product_tag-porte-automatiques","68":"product_tag-portes-coup-feu-tanger","69":"product_tag-skydome-tanger","70":"product_tag-smart-lock","71":"product_tag-sprinkler-tanger","72":"product_tag-travaux-d-incendie-tanger","73":"product_tag-video-surveillance-tanger","74":"ts_product_brand-dahua","76":"first","77":"instock","78":"shipping-taxable","79":"purchasable","80":"product-type-simple","81":"add-to-wishlist-after_add_to_cart"},"aioseo_notices":[],"_links":{"self":[{"href":"https:\/\/tthcompany.ma\/index.php\/wp-json\/wp\/v2\/product\/18931","targetHints":{"allow":["GET"]}}],"collection":[{"href":"https:\/\/tthcompany.ma\/index.php\/wp-json\/wp\/v2\/product"}],"about":[{"href":"https:\/\/tthcompany.ma\/index.php\/wp-json\/wp\/v2\/types\/product"}],"replies":[{"embeddable":true,"href":"https:\/\/tthcompany.ma\/index.php\/wp-json\/wp\/v2\/comments?post=18931"}],"wp:featuredmedia":[{"embeddable":true,"href":"https:\/\/tthcompany.ma\/index.php\/wp-json\/wp\/v2\/media\/18957"}],"wp:attachment":[{"href":"https:\/\/tthcompany.ma\/index.php\/wp-json\/wp\/v2\/media?parent=18931"}],"wp:term":[{"taxonomy":"product_cat","embeddable":true,"href":"https:\/\/tthcompany.ma\/index.php\/wp-json\/wp\/v2\/product_cat?post=18931"},{"taxonomy":"product_tag","embeddable":true,"href":"https:\/\/tthcompany.ma\/index.php\/wp-json\/wp\/v2\/product_tag?post=18931"}],"curies":[{"name":"wp","href":"https:\/\/api.w.org\/{rel}","templated":true}]}}