{"id":18928,"date":"2022-08-17T10:14:52","date_gmt":"2022-08-17T10:14:52","guid":{"rendered":"https:\/\/tthcompany.ma\/?post_type=product&#038;p=18928"},"modified":"2022-08-17T10:15:03","modified_gmt":"2022-08-17T10:15:03","slug":"ipc-hdbw1531ep","status":"publish","type":"product","link":"https:\/\/tthcompany.ma\/index.php\/product\/ipc-hdbw1531ep\/","title":{"rendered":"IPC-HDBW1531EP"},"content":{"rendered":"<p class=\"title\">IPC-HDBW1531E\u00a0Cam\u00e9ra r\u00e9seau mini-d\u00f4me IR 5MP WDR<\/p>\n<div id=\"div_left\">\n<div class=\"div-drop\">\n<table id=\"table001\" class=\"NEW-TABLE TableOverride-1 tab-drag\">\n<tbody>\n<tr>\n<td colspan=\"60\">\n<h2><span style=\"font-size: 14pt;\">Cam\u00e9ra<\/span><\/h2>\n<\/td>\n<\/tr>\n<tr>\n<td colspan=\"18\">Capteur d&#8217;image<\/td>\n<td colspan=\"42\">CMOS progressif de 1 \/ 2,7 \u201d5M\u00e9gapixels<\/td>\n<\/tr>\n<tr>\n<td colspan=\"18\">Pixels efficaces<\/td>\n<td colspan=\"42\">2592 (H) x 1944 (V)<\/td>\n<\/tr>\n<tr>\n<td colspan=\"18\">RAM \/ ROM<\/td>\n<td colspan=\"42\">512 Mo \/ 32 Mo<\/td>\n<\/tr>\n<tr>\n<td colspan=\"18\">Syst\u00e8me de num\u00e9risation<\/td>\n<td colspan=\"42\">Progressive<\/td>\n<\/tr>\n<tr>\n<td colspan=\"18\">Vitesse d&#8217;obturation \u00e9lectronique<\/td>\n<td colspan=\"42\">Auto \/ Manuel, 1\/3 \u00e0 1\/100 000<\/td>\n<\/tr>\n<tr>\n<td colspan=\"18\">Illumination minimale<\/td>\n<td colspan=\"42\">0.03Lux \/ F2.0 (Couleur, 1\/3 s, 30IRE)<\/p>\n<p>0.3Lux \/ 2.0 (Couleur, 1 \/ 30s, 30IRE)<\/p>\n<p>0Lux \/ F2.0 (IR activ\u00e9)<\/td>\n<\/tr>\n<tr>\n<td colspan=\"18\">Ratio S \/ N<\/td>\n<td colspan=\"42\">Plus que 50dB<\/td>\n<\/tr>\n<tr>\n<td colspan=\"18\">Distance IR<\/td>\n<td colspan=\"42\">Distance jusqu&#8217;\u00e0 30m<\/td>\n<\/tr>\n<tr>\n<td colspan=\"18\">Contr\u00f4le IR On \/ Off<\/td>\n<td colspan=\"42\">Auto \/ Manuel<\/td>\n<\/tr>\n<tr>\n<td colspan=\"18\">LED IR<\/td>\n<td colspan=\"42\">24<\/td>\n<\/tr>\n<tr>\n<td colspan=\"60\">\n<h2><span style=\"font-size: 14pt;\">Capture<\/span><\/h2>\n<\/td>\n<\/tr>\n<tr>\n<td colspan=\"18\">Type de lentille<\/td>\n<td colspan=\"42\">Fix\u00e9<\/td>\n<\/tr>\n<tr>\n<td colspan=\"18\">Type de montage<\/td>\n<td colspan=\"42\">Embarquement<\/td>\n<\/tr>\n<tr>\n<td colspan=\"18\">Distance focale<\/td>\n<td colspan=\"42\">2.8mm (3.6mm en option)<\/td>\n<\/tr>\n<tr>\n<td colspan=\"18\">Max.\u00a0Ouverture<\/td>\n<td colspan=\"42\">F2.0 \/ F2.0<\/td>\n<\/tr>\n<tr>\n<td colspan=\"18\">Angle de vue<\/td>\n<td colspan=\"42\">H: 96 \u00b0 \/ 78 \u00b0, V: 70 \u00b0 \/ 58 \u00b0<\/td>\n<\/tr>\n<tr>\n<td colspan=\"18\">Contr\u00f4le de la mise au point<\/td>\n<td colspan=\"42\">Fix\u00e9<\/td>\n<\/tr>\n<tr>\n<td colspan=\"18\">Distance de mise au point proche<\/td>\n<td colspan=\"42\">N \/ A<\/td>\n<\/tr>\n<tr>\n<td colspan=\"18\" rowspan=\"3\">DORI Distance<\/td>\n<td colspan=\"8\">Lentille<\/td>\n<td colspan=\"8\">D\u00e9tecter<\/td>\n<td colspan=\"8\">Observer<\/td>\n<td colspan=\"8\">Reconna\u00eetre<\/td>\n<td colspan=\"10\">Identifier<\/td>\n<\/tr>\n<tr>\n<td colspan=\"8\">2,8 mm<\/td>\n<td colspan=\"8\">63 (207 pieds)<\/td>\n<td colspan=\"8\">25 (82 pieds)<\/td>\n<td colspan=\"8\">13 (43 pieds)<\/td>\n<td colspan=\"10\">6 (20 pieds)<\/td>\n<\/tr>\n<tr>\n<td colspan=\"8\">3,6 mm<\/td>\n<td colspan=\"8\">80 (262 pieds)<\/td>\n<td colspan=\"8\">32 (105 pieds)<\/td>\n<td colspan=\"8\">16 (52 pieds)<\/td>\n<td colspan=\"10\">8 (26 pieds)<\/td>\n<\/tr>\n<tr>\n<td colspan=\"60\">\n<h2><span style=\"font-size: 14pt;\">PTZ<\/span><\/h2>\n<\/td>\n<\/tr>\n<tr>\n<td colspan=\"18\">Gamme Pan \/ Tilt<\/td>\n<td colspan=\"42\">Casserole: 0 \u00b0 ~ 355 \u00b0; Inclinaison: 0 \u00b0 ~ 65 \u00b0; Rotation: 0 \u00b0 ~ 355 \u00b0<\/td>\n<\/tr>\n<tr>\n<td colspan=\"60\">\n<h2><span style=\"font-size: 14pt;\">Intelligence<\/span><\/h2>\n<\/td>\n<\/tr>\n<tr>\n<td colspan=\"18\">D\u00e9clencheur d&#8217;\u00e9v\u00e9nement<\/td>\n<td colspan=\"42\">D\u00e9tection de mouvement, falsification vid\u00e9o, changement de sc\u00e8ne, d\u00e9connexion de r\u00e9seau, conflit d&#8217;adresses IP, acc\u00e8s ill\u00e9gal, anomalie de stockage<\/td>\n<\/tr>\n<tr>\n<td colspan=\"18\">IVS<\/td>\n<td colspan=\"42\">Tripwire, Intrusion<\/td>\n<\/tr>\n<tr>\n<td colspan=\"60\">\n<h2><span style=\"font-size: 14pt;\">Vid\u00e9o<\/span><\/h2>\n<\/td>\n<\/tr>\n<tr>\n<td colspan=\"18\">Compression<\/td>\n<td colspan=\"42\">H.265 \/ H.264H \/ MJPEG (sous-flux)<\/td>\n<\/tr>\n<tr>\n<td colspan=\"18\">Codec intelligent<\/td>\n<td colspan=\"42\">Soutien H.265 + \/ H.264 +<\/td>\n<\/tr>\n<tr>\n<td colspan=\"18\">Capacit\u00e9 de streaming<\/td>\n<td colspan=\"42\">2 flux<\/td>\n<\/tr>\n<tr>\n<td colspan=\"18\">R\u00e9solution<\/td>\n<td colspan=\"42\">5M (2592 \u00d7 1944) \/ 4M (2688&#215;1520) \/ 3M (2304 \u00d7 1296\u00a0<span lang=\"zh-CN\">\/\u00a0<\/span>2048&#215;1536) \/ 1080P (1920 \u00d7 1080) \/ 720P (1280 \u00d7 720) \/<\/p>\n<p>D1 (704 \u00d7 576\/704 \u00d7 480) \/ VGA (640 \u00d7 480) \/ CIF (352 \u00d7 288\/352 \u00d7 240)<\/td>\n<\/tr>\n<tr>\n<td colspan=\"18\" rowspan=\"2\">Taux de trame<\/td>\n<td colspan=\"42\">Strwam principale: 5M (1 ~ 15fps) \/ 3M (1 ~ 25 \/ 30fps)<\/td>\n<\/tr>\n<tr>\n<td colspan=\"42\">Sous flux: D1 (1 ~ 25 \/ 30fps)<\/td>\n<\/tr>\n<tr>\n<td colspan=\"18\">Contr\u00f4le du d\u00e9bit binaire<\/td>\n<td colspan=\"42\">CBR \/ VBR<\/td>\n<\/tr>\n<\/tbody>\n<\/table>\n<\/div>\n<\/div>\n<div id=\"div_left\">\n<div class=\"div-drop\">\n<table id=\"table002\" class=\"NEW-TABLE TableOverride-1 tab-drag\">\n<tbody>\n<tr>\n<td colspan=\"18\">D\u00e9bit binaire<\/td>\n<td colspan=\"42\">H.265: 12K ~ 8448Kbps<\/p>\n<p>H.264: 32K ~ 10240Kbps<\/td>\n<\/tr>\n<tr>\n<td colspan=\"18\">Jour Nuit<\/td>\n<td colspan=\"42\">Auto (ICR) \/ Couleur \/ N \/ B<\/td>\n<\/tr>\n<tr>\n<td colspan=\"18\">Mode BLC<\/td>\n<td colspan=\"42\">BLC \/ HLC \/ WDR (120dB)<\/td>\n<\/tr>\n<tr>\n<td colspan=\"18\">Balance des blancs<\/td>\n<td colspan=\"42\">Auto \/ Naturel \/ Lampadaire \/ Ext\u00e9rieur \/ Manuel<\/td>\n<\/tr>\n<tr>\n<td colspan=\"18\">Prendre le contr\u00f4le<\/td>\n<td colspan=\"42\">Auto \/ Manuel<\/td>\n<\/tr>\n<tr>\n<td colspan=\"18\">R\u00e9duction de bruit<\/td>\n<td colspan=\"42\">DNR 3D<\/td>\n<\/tr>\n<tr>\n<td colspan=\"18\">D\u00e9tection de mouvement<\/td>\n<td colspan=\"42\">Arr\u00eat \/ Marche (4 zones, rectangle)<\/td>\n<\/tr>\n<tr>\n<td colspan=\"18\">R\u00e9gion d&#8217;int\u00e9r\u00eat<\/td>\n<td colspan=\"42\">Off \/ On (4 Zone)<\/td>\n<\/tr>\n<tr>\n<td colspan=\"18\">Stabilisation\u00a0\u00e9lectronique de l&#8217;image\u00a0(EIS)<\/td>\n<td colspan=\"42\">N \/ A<\/td>\n<\/tr>\n<tr>\n<td colspan=\"18\">IR intelligent<\/td>\n<td colspan=\"42\">Soutien<\/td>\n<\/tr>\n<tr>\n<td colspan=\"18\">Zoom num\u00e9rique<\/td>\n<td colspan=\"42\">16x<\/td>\n<\/tr>\n<tr>\n<td colspan=\"18\">Flip<\/td>\n<td colspan=\"42\">0 \u00b0 \/ 90 \u00b0 \/ 180 \u00b0 \/ 270 \u00b0<\/td>\n<\/tr>\n<tr>\n<td colspan=\"18\">Miroir<\/td>\n<td colspan=\"42\">\u00c9teint allum\u00e9<\/td>\n<\/tr>\n<tr>\n<td colspan=\"18\">Masquage de confidentialit\u00e9<\/td>\n<td colspan=\"42\">Arr\u00eat \/ Marche (4 zones, rectangle)<\/td>\n<\/tr>\n<tr>\n<td colspan=\"60\">\n<h2><span style=\"font-size: 14pt;\">l&#8217;audio<\/span><\/h2>\n<\/td>\n<\/tr>\n<tr>\n<td colspan=\"18\">Compression<\/td>\n<td colspan=\"42\">N \/ A<\/td>\n<\/tr>\n<tr>\n<td colspan=\"60\">\n<h2><span style=\"font-size: 14pt;\">R\u00e9seau<\/span><\/h2>\n<\/td>\n<\/tr>\n<tr>\n<td colspan=\"18\">Ethernet<\/td>\n<td colspan=\"42\">RJ-45 (10 \/ 100Base-T)<\/td>\n<\/tr>\n<tr>\n<td colspan=\"18\">Protocole<\/td>\n<td colspan=\"42\">HTTP; HTTPS; TCP; ARP; RTSP; RTP; RTCP; UDP; SMTP;<\/p>\n<p>FTP; DHCP; DNS; DDNS; PPPoE; IPV4 \/ V6; QoS; UPnP;<\/p>\n<p>NTP; Bonjour; IEEE 802.1X; Multicast; ICMP; IGMP; TLS<\/td>\n<\/tr>\n<tr>\n<td colspan=\"18\">L&#8217;interop\u00e9rabilit\u00e9<\/td>\n<td colspan=\"42\">Profil ONVIF S &amp; G, API<\/td>\n<\/tr>\n<tr>\n<td colspan=\"18\">M\u00e9thode de streaming<\/td>\n<td colspan=\"42\">Unicast \/ Multicast<\/td>\n<\/tr>\n<tr>\n<td colspan=\"18\">Max.\u00a0Acc\u00e8s utilisateur<\/td>\n<td colspan=\"42\">10 utilisateurs \/ 20 utilisateurs<\/td>\n<\/tr>\n<tr>\n<td colspan=\"18\">Stockage de bord<\/td>\n<td colspan=\"42\">NAS<\/p>\n<p>PC local pour enregistrement instantan\u00e9<\/td>\n<\/tr>\n<tr>\n<td colspan=\"18\">Web Viewer<\/td>\n<td colspan=\"42\">IE, Chrome, Firefox, Safari<\/td>\n<\/tr>\n<tr>\n<td colspan=\"18\">Logiciel de gestion<\/td>\n<td colspan=\"42\">Smart PSS, DSS, DMSS<\/td>\n<\/tr>\n<tr>\n<td colspan=\"18\">T\u00e9l\u00e9phone intelligent<\/td>\n<td colspan=\"42\">IOS, Android<\/td>\n<\/tr>\n<tr>\n<td colspan=\"60\">\n<h2><span style=\"font-size: 14pt;\">Certifications<\/span><\/h2>\n<\/td>\n<\/tr>\n<tr>\n<td colspan=\"18\">Certifications<\/td>\n<td colspan=\"42\">CE (EN 60950: 2000)<\/p>\n<p>UL: UL60950-1<\/p>\n<p>FCC: FCC Partie 15, sous-partie B<\/td>\n<\/tr>\n<tr>\n<td colspan=\"60\">\n<h2><span style=\"font-size: 14pt;\">Interface<\/span><\/h2>\n<\/td>\n<\/tr>\n<tr>\n<td colspan=\"18\">Interface vid\u00e9o<\/td>\n<td colspan=\"42\">N \/ A<\/td>\n<\/tr>\n<tr>\n<td colspan=\"18\">Interface audio<\/td>\n<td colspan=\"42\">N \/ A<\/td>\n<\/tr>\n<tr>\n<td colspan=\"18\">RS485<\/td>\n<td colspan=\"42\">N \/ A<\/td>\n<\/tr>\n<tr>\n<td colspan=\"18\">Alarme<\/td>\n<td colspan=\"42\">N \/ A<\/td>\n<\/tr>\n<tr>\n<td colspan=\"60\">\n<h2><span style=\"font-size: 14pt;\">\u00c9lectrique<\/span><\/h2>\n<\/td>\n<\/tr>\n<tr>\n<td colspan=\"18\">Source de courant<\/td>\n<td colspan=\"42\">DC12V, PoE (IEEE 802.3af) (classe 0)<\/td>\n<\/tr>\n<tr>\n<td colspan=\"18\">Consommation d&#8217;\u00e9nergie<\/td>\n<td colspan=\"42\">&lt;6W<\/td>\n<\/tr>\n<\/tbody>\n<\/table>\n<\/div>\n<\/div>\n<div id=\"div_left\">\n<div class=\"div-drop\">\n<table id=\"table003\" class=\"NEW-TABLE TableOverride-1 tab-drag\">\n<tbody>\n<tr>\n<td colspan=\"60\">\n<h2><span style=\"font-size: 14pt;\">Environnement<\/span><\/h2>\n<\/td>\n<\/tr>\n<tr>\n<td colspan=\"18\">Des conditions de fonctionnement<\/td>\n<td colspan=\"42\">-30 \u00b0 C ~ + 60 \u00b0 C \/ moins de 95% d&#8217;humidit\u00e9 relative<\/td>\n<\/tr>\n<tr>\n<td colspan=\"18\">Conditions de vol<\/td>\n<td colspan=\"42\">-30 \u00b0 C ~ + 60 \u00b0 C \/ moins de 95% d&#8217;humidit\u00e9 relative<\/td>\n<\/tr>\n<tr>\n<td colspan=\"18\">Protection contre la p\u00e9n\u00e9tration<\/td>\n<td colspan=\"42\">IP67<\/td>\n<\/tr>\n<tr>\n<td colspan=\"18\">R\u00e9sistance vandale<\/td>\n<td colspan=\"42\">IK10<\/td>\n<\/tr>\n<tr>\n<td colspan=\"60\">\n<h2><span style=\"font-size: 14pt;\">Construction<\/span><\/h2>\n<\/td>\n<\/tr>\n<tr>\n<td colspan=\"18\">Enveloppe<\/td>\n<td colspan=\"42\">M\u00e9tal<\/td>\n<\/tr>\n<tr>\n<td colspan=\"18\">Dimensions<\/td>\n<td colspan=\"42\">109.9mm \u00d7 81mm (4.33 &#8220;x 3.19&#8221;)<\/td>\n<\/tr>\n<tr>\n<td colspan=\"18\">Poids net<\/td>\n<td colspan=\"42\">0,34 kg (0,75 lb)<\/td>\n<\/tr>\n<tr>\n<td colspan=\"18\">Poids brut<\/td>\n<td colspan=\"42\">0,47 kg (1,04 lb)<\/td>\n<\/tr>\n<\/tbody>\n<\/table>\n<\/div>\n<\/div>\n","protected":false},"excerpt":{"rendered":"<h1 class=\"text\"><span style=\"color: #000000; font-size: 10pt; font-family: georgia, palatino, serif;\"><strong>Cam\u00e9ra r\u00e9seau mini-d\u00f4me IR 5MP WDR<\/strong><\/span><\/h1>\n<ul>\n<li>1 \/ 2,7 \u201dCMOS progressive 5M\u00e9gapixels<\/li>\n<li>Encodage double flux H.265 &amp; H.264<\/li>\n<li>15fps @ 5M (2592 \u00d7 1944) &amp; 25 \/ 30fps @ 3M (2304 \u00d7 1296)<\/li>\n<li>WDR (120dB), Jour \/ Nuit (ICR) , 3DNR, AWB, AGC, BLC<\/li>\n<li>Surveillance de r\u00e9seaux multiples: Web Viewer, CMS (DSS \/ PSS) et DMSS<\/li>\n<li>Objectif\u00a0fixe de 2,8 mm (3,6 mm en option)<\/li>\n<li>Longueur maximale des LED IR 30m<\/li>\n<li>IP67, IK10, PoE<\/li>\n<\/ul>\n<p><img decoding=\"async\" class=\"alignnone size-medium wp-image-5339\" src=\"http:\/\/tthcompany.com\/wp-content\/uploads\/2019\/03\/DH-IPC-HDBW1531EP-300x32.png\" alt=\"DH-IPC-HDBW1531EP Camera IP Dahua 5mp\" width=\"300\" height=\"32\" \/><\/p>\n","protected":false},"featured_media":18954,"comment_status":"open","ping_status":"closed","template":"","meta":{"om_disable_all_campaigns":false,"_monsterinsights_skip_tracking":false,"_monsterinsights_sitenote_active":false,"_monsterinsights_sitenote_note":"","_monsterinsights_sitenote_category":0},"product_cat":[304,483,303,302,484],"product_tag":[204,205,206,309,260,207,208,261,262,209,210,263,264,211,228,212,213,265,214,229,266,193,267,216,268,195,218,269,196,270,271,272,197,198,199,220,273,241,200,274,275,201,276,277,222,278,279,280,281,282,283,284,489,285,286,224,225,287,288,289,226,290,291,292],"class_list":{"0":"post-18928","1":"product","2":"type-product","3":"status-publish","4":"has-post-thumbnail","6":"product_cat-camera-fixe","7":"product_cat-cameras-5mp","8":"product_cat-cameras-ip","9":"product_cat-produits-ip","10":"product_cat-serie-lite-cameras-5mp","11":"product_tag-afrique-du-sud","12":"product_tag-alarme","13":"product_tag-camera","14":"product_tag-camera-5mp","15":"product_tag-camera-de-surveillance-tanger","16":"product_tag-camera-hdcvi","17":"product_tag-camera-ip","18":"product_tag-camera-ip-dahua","19":"product_tag-camera-maroc","20":"product_tag-camera-surveillance","21":"product_tag-camera-surveillance-afrique","22":"product_tag-camera-surveillance-avec-un-bon-prix","23":"product_tag-camera-surveillance-casablanca","24":"product_tag-camera-surveillance-dahua","25":"product_tag-camera-surveillance-maroc","26":"product_tag-camera-surveillance-tanger","27":"product_tag-camera-dahua","28":"product_tag-control-dacces-tanger","29":"product_tag-dahua-afrique","30":"product_tag-dahua-agadir","31":"product_tag-dahua-azrou","32":"product_tag-dahua-casablanca","33":"product_tag-dahua-dakhla","34":"product_tag-dahua-el-jadida","35":"product_tag-dahua-errachidia","36":"product_tag-dahua-fes","37":"product_tag-dahua-hoceima","38":"product_tag-dahua-ifrane","39":"product_tag-dahua-kenitra","40":"product_tag-dahua-khemisset","41":"product_tag-dahua-khouribga","42":"product_tag-dahua-laayoune","43":"product_tag-dahua-maroc","44":"product_tag-dahua-marrakech","45":"product_tag-dahua-meknes","46":"product_tag-dahua-nador","47":"product_tag-dahua-ouarzazate","48":"product_tag-dahua-oujda","49":"product_tag-dahua-rabat","50":"product_tag-dahua-safi","51":"product_tag-dahua-settat","52":"product_tag-dahua-tanger","53":"product_tag-dahua-taroudant","54":"product_tag-dahua-taza","55":"product_tag-dahua-tetouan","56":"product_tag-dahua-tiflet","57":"product_tag-dahua-tiznit","58":"product_tag-desenfumage-tanger","59":"product_tag-detection-incendie","60":"product_tag-distributeur-dahua","61":"product_tag-installation-alarme","62":"product_tag-installations-camera-de-surveillance-maroc","63":"product_tag-ipc-hdbw1531e","64":"product_tag-moniteur-dimage","65":"product_tag-pack-camera-de-surveillance","66":"product_tag-pack-camera-de-surveillance-dahua","67":"product_tag-pointeuse","68":"product_tag-porte-automatiques","69":"product_tag-portes-coup-feu-tanger","70":"product_tag-skydome-tanger","71":"product_tag-smart-lock","72":"product_tag-sprinkler-tanger","73":"product_tag-travaux-d-incendie-tanger","74":"product_tag-video-surveillance-tanger","76":"first","77":"instock","78":"shipping-taxable","79":"purchasable","80":"product-type-simple","81":"add-to-wishlist-after_add_to_cart"},"aioseo_notices":[],"_links":{"self":[{"href":"https:\/\/tthcompany.ma\/index.php\/wp-json\/wp\/v2\/product\/18928","targetHints":{"allow":["GET"]}}],"collection":[{"href":"https:\/\/tthcompany.ma\/index.php\/wp-json\/wp\/v2\/product"}],"about":[{"href":"https:\/\/tthcompany.ma\/index.php\/wp-json\/wp\/v2\/types\/product"}],"replies":[{"embeddable":true,"href":"https:\/\/tthcompany.ma\/index.php\/wp-json\/wp\/v2\/comments?post=18928"}],"wp:featuredmedia":[{"embeddable":true,"href":"https:\/\/tthcompany.ma\/index.php\/wp-json\/wp\/v2\/media\/18954"}],"wp:attachment":[{"href":"https:\/\/tthcompany.ma\/index.php\/wp-json\/wp\/v2\/media?parent=18928"}],"wp:term":[{"taxonomy":"product_cat","embeddable":true,"href":"https:\/\/tthcompany.ma\/index.php\/wp-json\/wp\/v2\/product_cat?post=18928"},{"taxonomy":"product_tag","embeddable":true,"href":"https:\/\/tthcompany.ma\/index.php\/wp-json\/wp\/v2\/product_tag?post=18928"}],"curies":[{"name":"wp","href":"https:\/\/api.w.org\/{rel}","templated":true}]}}