{"id":18926,"date":"2022-08-17T10:14:52","date_gmt":"2022-08-17T10:14:52","guid":{"rendered":"https:\/\/tthcompany.ma\/?post_type=product&#038;p=18926"},"modified":"2022-08-17T10:15:02","modified_gmt":"2022-08-17T10:15:02","slug":"sd59430i-hc","status":"publish","type":"product","link":"https:\/\/tthcompany.ma\/index.php\/product\/sd59430i-hc\/","title":{"rendered":"SD59430I-HC"},"content":{"rendered":"<p class=\"title\">SD59430I-HC-S2\u00a0Cam\u00e9ra PTZ HDCVI 4MP 30x IR<\/p>\n<div id=\"div_left\">\n<div class=\"div-drop\">\n<table id=\"table001\" class=\"NEW-TABLE TableOverride-1 tab-drag\">\n<tbody>\n<tr>\n<td colspan=\"60\">\n<h2><span style=\"font-size: 14pt;\">Cam\u00e9ra<\/span><\/h2>\n<\/td>\n<\/tr>\n<tr>\n<td colspan=\"18\">Capteur d&#8217;image<\/td>\n<td colspan=\"42\">CMOS 1\/3 \u201d<\/td>\n<\/tr>\n<tr>\n<td colspan=\"18\">Pixels efficaces<\/td>\n<td colspan=\"42\">2592 (H) x 1520 (V), 4 m\u00e9gapixels<\/td>\n<\/tr>\n<tr>\n<td colspan=\"18\">Syst\u00e8me de num\u00e9risation<\/td>\n<td colspan=\"42\">Progressive<\/td>\n<\/tr>\n<tr>\n<td colspan=\"18\">Vitesse d&#8217;obturation \u00e9lectronique<\/td>\n<td colspan=\"42\">PAL: 1\/3 \u00e0 1\/30 000<\/p>\n<p>NTSC: 1\/4 \u00e0 1\/30 000<\/td>\n<\/tr>\n<tr>\n<td colspan=\"18\">Illumination minimale<\/td>\n<td colspan=\"42\">Couleur: 0.05Lux@F1.6;\u00a00Lux@F1.6 (IR activ\u00e9)<\/td>\n<\/tr>\n<tr>\n<td colspan=\"18\">Ratio S \/ N<\/td>\n<td colspan=\"42\">Plus que 55dB<\/td>\n<\/tr>\n<tr>\n<td colspan=\"18\">Distance IR<\/td>\n<td colspan=\"42\">Distance jusqu&#8217;\u00e0 100m<\/td>\n<\/tr>\n<tr>\n<td colspan=\"18\">Contr\u00f4le IR On \/ Off<\/td>\n<td colspan=\"42\">Auto \/ Manuel<\/td>\n<\/tr>\n<tr>\n<td colspan=\"18\">LED IR<\/td>\n<td colspan=\"42\">4<\/td>\n<\/tr>\n<tr>\n<td colspan=\"60\">\n<h2><span style=\"font-size: 14pt;\">Capture<\/span><\/h2>\n<\/td>\n<\/tr>\n<tr>\n<td colspan=\"18\">Distance focale<\/td>\n<td colspan=\"42\">4.5mm ~ 135mm<\/td>\n<\/tr>\n<tr>\n<td colspan=\"18\">Max.\u00a0Ouverture<\/td>\n<td colspan=\"42\">F1.6 ~ F4.4<\/td>\n<\/tr>\n<tr>\n<td colspan=\"18\">Angle de vue<\/td>\n<td colspan=\"42\">H: 60 \u00b0 ~ 2.2 \u00b0<\/td>\n<\/tr>\n<tr>\n<td colspan=\"18\">Zoom optique<\/td>\n<td colspan=\"42\">30x<\/td>\n<\/tr>\n<tr>\n<td colspan=\"18\">Contr\u00f4le de la mise au point<\/td>\n<td colspan=\"42\">Auto \/ Manuel<\/td>\n<\/tr>\n<tr>\n<td colspan=\"18\">Distance de mise au point proche<\/td>\n<td colspan=\"42\">100mm ~ 1000mm<\/td>\n<\/tr>\n<tr>\n<td colspan=\"60\">\n<h2><span style=\"font-size: 14pt;\">DORI Distance<\/span><\/h2>\n<\/td>\n<\/tr>\n<tr>\n<td colspan=\"60\">Remarque: la distance DORI est une \u00abproximit\u00e9 g\u00e9n\u00e9rale\u00bb qui permet de d\u00e9terminer facilement la cam\u00e9ra qui convient \u00e0 vos besoins.\u00a0La distance DORI est calcul\u00e9e sur la base de la sp\u00e9cification du capteur et du r\u00e9sultat du test de laboratoire selon la norme EN 62676-4, qui d\u00e9finit respectivement les crit\u00e8res de d\u00e9tection, d&#8217;observation, de reconnaissance et d&#8217;identification.<\/td>\n<\/tr>\n<tr>\n<td colspan=\"18\">\n<h5>D\u00e9tecter<\/h5>\n<\/td>\n<td colspan=\"14\">\n<h5>Observer<\/h5>\n<\/td>\n<td colspan=\"14\">\n<h5>Reconna\u00eetre<\/h5>\n<\/td>\n<td colspan=\"14\">\n<h5>Identifier<\/h5>\n<\/td>\n<\/tr>\n<tr>\n<td colspan=\"18\">2700m (8858ft)<\/td>\n<td colspan=\"14\">1080m (3543ft)<\/td>\n<td colspan=\"14\">540m (1772ft)<\/td>\n<td colspan=\"14\">270m<\/td>\n<\/tr>\n<tr>\n<td colspan=\"60\">\n<h2><span style=\"font-size: 14pt;\">PTZ<\/span><\/h2>\n<\/td>\n<\/tr>\n<tr>\n<td colspan=\"18\">Gamme Pan \/ Tilt<\/td>\n<td colspan=\"42\">Casserole: 0 \u00b0 ~ 360 \u00b0 sans fin;\u00a0Inclinaison: -15 \u00b0 \u00e0 90 \u00b0, retournement automatique \u00e0 180 \u00b0<\/td>\n<\/tr>\n<tr>\n<td colspan=\"18\">Vitesse de contr\u00f4le manuel<\/td>\n<td colspan=\"42\">Casserole: 0,1 \u00b0 ~ 300 \u00b0 \/ s;\u00a0Inclinaison: 0.1 \u00b0 ~ 200 \u00b0 \/ s<\/td>\n<\/tr>\n<tr>\n<td colspan=\"18\">Vitesse pr\u00e9d\u00e9finie<\/td>\n<td colspan=\"42\">Casserole: 400 \u00b0 \/ s;\u00a0Inclinaison: 300 \u00b0 \/ s<\/td>\n<\/tr>\n<tr>\n<td colspan=\"18\">Pr\u00e9r\u00e9glages<\/td>\n<td colspan=\"42\">300<\/td>\n<\/tr>\n<tr>\n<td colspan=\"18\">Mode PTZ<\/td>\n<td colspan=\"42\">5 motifs, 8 tours, panoramique automatique, balayage automatique<\/td>\n<\/tr>\n<tr>\n<td colspan=\"18\">Configuration de la vitesse<\/td>\n<td colspan=\"42\">Adaptation focale \u00e0 la distance focale humaine<\/td>\n<\/tr>\n<tr>\n<td colspan=\"18\">Action de mise en marche<\/td>\n<td colspan=\"42\">R\u00e9tablissement automatique du statut PTZ et de l&#8217;objectif pr\u00e9c\u00e9dent apr\u00e8s une panne de courant<\/td>\n<\/tr>\n<tr>\n<td colspan=\"18\">Mouvement de ralenti<\/td>\n<td colspan=\"42\">Activer Preset \/ Scan \/ Tour \/ Pattern s&#8217;il n&#8217;y a pas de commande dans la p\u00e9riode sp\u00e9cifi\u00e9e<\/td>\n<\/tr>\n<tr>\n<td colspan=\"18\">Protocole<\/td>\n<td colspan=\"42\">DH-SD, Pelco-P \/ D (reconnaissance automatique)<\/td>\n<\/tr>\n<tr>\n<td colspan=\"60\">\n<h2><span style=\"font-size: 14pt;\">Vid\u00e9o<\/span><\/h2>\n<\/td>\n<\/tr>\n<tr>\n<td colspan=\"18\">R\u00e9solution<\/td>\n<td colspan=\"42\">4M (2592&#215;1520) \/ 1080P (1920 \u00d7 1080) \/ 720P (1280 \u00d7 720)<\/td>\n<\/tr>\n<tr>\n<td colspan=\"18\">Taux de trame<\/td>\n<td colspan=\"42\">25 \/ 30fps @ 4M \/ 1080P, 25\/30\/50 \/ 60fps @ 720P<\/td>\n<\/tr>\n<tr>\n<td colspan=\"18\">Sortie vid\u00e9o<\/td>\n<td colspan=\"42\">Sortie vid\u00e9o haute d\u00e9finition BNC 1 canal \/ sortie vid\u00e9o \u00e0 d\u00e9finition standard CVBS (commutable)<\/td>\n<\/tr>\n<\/tbody>\n<\/table>\n<\/div>\n<\/div>\n<div id=\"div_left\">\n<div class=\"div-drop\">\n<table id=\"table002\" class=\"NEW-TABLE TableOverride-1 tab-drag\">\n<tbody>\n<tr>\n<td colspan=\"18\">Jour Nuit<\/td>\n<td colspan=\"42\">Auto (ICR) \/ Couleur \/ N \/ B<\/td>\n<\/tr>\n<tr>\n<td colspan=\"18\">Menu OSD<\/td>\n<td colspan=\"42\">Soutien<\/td>\n<\/tr>\n<tr>\n<td colspan=\"18\">Compensation de contre-jour<\/td>\n<td colspan=\"42\">BLC \/ HLC \/ WDR (120dB)<\/td>\n<\/tr>\n<tr>\n<td colspan=\"18\">Balance des blancs<\/td>\n<td colspan=\"42\">Auto, ATW, int\u00e9rieur, ext\u00e9rieur, manuel<\/td>\n<\/tr>\n<tr>\n<td colspan=\"18\">Prendre le contr\u00f4le<\/td>\n<td colspan=\"42\">Auto \/ Manuel<\/td>\n<\/tr>\n<tr>\n<td colspan=\"18\">R\u00e9duction de bruit<\/td>\n<td colspan=\"42\">Ultra DNR (2D \/ 3D)<\/td>\n<\/tr>\n<tr>\n<td colspan=\"18\">D\u00e9sembuage<\/td>\n<td colspan=\"42\">Soutien<\/td>\n<\/tr>\n<tr>\n<td colspan=\"18\">Zoom num\u00e9rique<\/td>\n<td colspan=\"42\">16x<\/td>\n<\/tr>\n<tr>\n<td colspan=\"18\">Flip<\/td>\n<td colspan=\"42\">180 \u00b0<\/td>\n<\/tr>\n<tr>\n<td colspan=\"18\">Masquage de confidentialit\u00e9<\/td>\n<td colspan=\"42\">Jusqu&#8217;\u00e0 24 zones<\/td>\n<\/tr>\n<tr>\n<td colspan=\"60\">\n<h2><span style=\"font-size: 14pt;\">Certifications<\/span><\/h2>\n<\/td>\n<\/tr>\n<tr>\n<td colspan=\"18\">Certifications<\/td>\n<td colspan=\"42\">CE: EN55032 \/ EN55024 \/ EN50130-4<\/p>\n<p>FCC: Part15 subpartB, ANSI C63.4- 2014<\/p>\n<p>UL: UL60950-1 + CAN \/ CSA C22.2\u00a0<span lang=\"zh-CN\">,\u00a0<\/span>No.60950-1<\/td>\n<\/tr>\n<tr>\n<td colspan=\"60\">\n<h2><span style=\"font-size: 14pt;\">Interface<\/span><\/h2>\n<\/td>\n<\/tr>\n<tr>\n<td colspan=\"18\">Interface vid\u00e9o<\/td>\n<td colspan=\"42\">1<\/td>\n<\/tr>\n<tr>\n<td colspan=\"18\">Interface audio<\/td>\n<td colspan=\"42\">1 canal dans<\/td>\n<\/tr>\n<tr>\n<td colspan=\"18\">RS485<\/td>\n<td colspan=\"42\">1<\/td>\n<\/tr>\n<tr>\n<td colspan=\"18\">Alarme I \/ O<\/td>\n<td colspan=\"42\">2\/1<\/td>\n<\/tr>\n<tr>\n<td colspan=\"60\">\n<h2><span style=\"font-size: 14pt;\">\u00c9lectrique<\/span><\/h2>\n<\/td>\n<\/tr>\n<tr>\n<td colspan=\"18\">Source de courant<\/td>\n<td colspan=\"42\">AC24V \/ 3A (\u00b1 10%)<\/td>\n<\/tr>\n<tr>\n<td colspan=\"18\">Consommation d&#8217;\u00e9nergie<\/td>\n<td colspan=\"42\">13W, 23W (IR allum\u00e9)<\/td>\n<\/tr>\n<tr>\n<td colspan=\"60\">\n<h2><span style=\"font-size: 14pt;\">Environnement<\/span><\/h2>\n<\/td>\n<\/tr>\n<tr>\n<td colspan=\"18\">Des conditions de fonctionnement<\/td>\n<td colspan=\"42\">-40 \u00b0 C ~ 70 \u00b0 C \/ moins de 95% HR<\/td>\n<\/tr>\n<tr>\n<td colspan=\"18\">Protection contre la p\u00e9n\u00e9tration<\/td>\n<td colspan=\"42\">IP66<\/td>\n<\/tr>\n<tr>\n<td colspan=\"18\">R\u00e9sistance vandale<\/td>\n<td colspan=\"42\">N \/ A<\/td>\n<\/tr>\n<tr>\n<td colspan=\"60\">\n<h2><span style=\"font-size: 14pt;\">Construction<\/span><\/h2>\n<\/td>\n<\/tr>\n<tr>\n<td colspan=\"18\">Enveloppe<\/td>\n<td colspan=\"42\">M\u00e9tal<\/td>\n<\/tr>\n<tr>\n<td colspan=\"18\">Dimensions<\/td>\n<td colspan=\"42\">186 (mm) x 309 (mm)<\/td>\n<\/tr>\n<tr>\n<td colspan=\"18\">Poids net<\/td>\n<td colspan=\"42\">3,5 kg (7,72 lb)<\/td>\n<\/tr>\n<tr>\n<td colspan=\"18\">Poids brut<\/td>\n<td colspan=\"42\">6,8 kg (14,99 lb)<\/td>\n<\/tr>\n<\/tbody>\n<\/table>\n<\/div>\n<\/div>\n<div id=\"gtx-trans\" style=\"position: absolute; left: 64px; top: 70.4491px;\">\n<div class=\"gtx-trans-icon\"><\/div>\n<\/div>\n","protected":false},"excerpt":{"rendered":"<h1 class=\"text\"><span style=\"color: #000000; font-size: 10pt; font-family: georgia, palatino, serif;\"><strong>Cam\u00e9ra Dahua Speed D\u00f4me 4MP 30x IR PTZ HDCVI<\/strong><\/span><\/h1>\n<ul>\n<li>1\/3 \u201dCMOS 4M\u00e9gapixels<\/li>\n<li>Zoom optique puissant 30x<\/li>\n<li>Vrai WDR 120 dB, DNR 3D<\/li>\n<li>Max.\u00a025 \/ 30fps @ 4M \/ 1080P, 25\/30\/50 \/ 60fps @ 720P<\/li>\n<li>Distance IR jusqu&#8217;\u00e0 100 m<\/li>\n<li>IP66<\/li>\n<\/ul>\n<p><img decoding=\"async\" class=\"alignnone size-medium wp-image-5078\" src=\"http:\/\/tthcompany.com\/wp-content\/uploads\/2019\/03\/SD59430I-HC-S2-300x32.png\" alt=\"Dahua Algerie Maroc Tunisie SD59430I-HC-S2\" width=\"300\" height=\"32\" \/><\/p>\n<div id=\"gtx-trans\" style=\"position: absolute; left: 326px; top: 16.3982px;\">\n<div class=\"gtx-trans-icon\"><\/div>\n<\/div>\n","protected":false},"featured_media":18952,"comment_status":"open","ping_status":"closed","template":"","meta":{"om_disable_all_campaigns":false,"_monsterinsights_skip_tracking":false,"_monsterinsights_sitenote_active":false,"_monsterinsights_sitenote_note":"","_monsterinsights_sitenote_category":0},"product_cat":[480,234,186,479],"product_tag":[204,205,206,260,207,208,261,262,481,209,210,263,264,211,228,212,213,265,214,229,266,215,193,267,216,268,195,218,269,196,270,271,272,197,198,219,199,220,273,241,200,274,275,201,276,277,222,278,279,280,281,223,282,283,284,285,257,286,224,225,287,288,482,289,226,290,291,292],"class_list":{"0":"post-18926","1":"product","2":"type-product","3":"status-publish","4":"has-post-thumbnail","6":"product_cat-4mp-sd","7":"product_cat-cameras-hdcvi","8":"product_cat-produits-hdcvi","9":"product_cat-speed-dome-cameras-hdcvi","10":"product_tag-afrique-du-sud","11":"product_tag-alarme","12":"product_tag-camera","13":"product_tag-camera-de-surveillance-tanger","14":"product_tag-camera-hdcvi","15":"product_tag-camera-ip","16":"product_tag-camera-ip-dahua","17":"product_tag-camera-maroc","18":"product_tag-camera-ptz","19":"product_tag-camera-surveillance","20":"product_tag-camera-surveillance-afrique","21":"product_tag-camera-surveillance-avec-un-bon-prix","22":"product_tag-camera-surveillance-casablanca","23":"product_tag-camera-surveillance-dahua","24":"product_tag-camera-surveillance-maroc","25":"product_tag-camera-surveillance-tanger","26":"product_tag-camera-dahua","27":"product_tag-control-dacces-tanger","28":"product_tag-dahua-afrique","29":"product_tag-dahua-agadir","30":"product_tag-dahua-azrou","31":"product_tag-dahua-camera","32":"product_tag-dahua-casablanca","33":"product_tag-dahua-dakhla","34":"product_tag-dahua-el-jadida","35":"product_tag-dahua-errachidia","36":"product_tag-dahua-fes","37":"product_tag-dahua-hoceima","38":"product_tag-dahua-ifrane","39":"product_tag-dahua-kenitra","40":"product_tag-dahua-khemisset","41":"product_tag-dahua-khouribga","42":"product_tag-dahua-laayoune","43":"product_tag-dahua-maroc","44":"product_tag-dahua-marrakech","45":"product_tag-dahua-meknas","46":"product_tag-dahua-meknes","47":"product_tag-dahua-nador","48":"product_tag-dahua-ouarzazate","49":"product_tag-dahua-oujda","50":"product_tag-dahua-rabat","51":"product_tag-dahua-safi","52":"product_tag-dahua-settat","53":"product_tag-dahua-tanger","54":"product_tag-dahua-taroudant","55":"product_tag-dahua-taza","56":"product_tag-dahua-tetouan","57":"product_tag-dahua-tiflet","58":"product_tag-dahua-tiznit","59":"product_tag-desenfumage-tanger","60":"product_tag-detection-incendie","61":"product_tag-disque-dur","62":"product_tag-distributeur-dahua","63":"product_tag-installation-alarme","64":"product_tag-installations-camera-de-surveillance-maroc","65":"product_tag-moniteur-dimage","66":"product_tag-nvr","67":"product_tag-pack-camera-de-surveillance","68":"product_tag-pack-camera-de-surveillance-dahua","69":"product_tag-pointeuse","70":"product_tag-porte-automatiques","71":"product_tag-portes-coup-feu-tanger","72":"product_tag-sd59430i-hc-s2","73":"product_tag-skydome-tanger","74":"product_tag-smart-lock","75":"product_tag-sprinkler-tanger","76":"product_tag-travaux-d-incendie-tanger","77":"product_tag-video-surveillance-tanger","79":"first","80":"instock","81":"shipping-taxable","82":"purchasable","83":"product-type-simple","84":"add-to-wishlist-after_add_to_cart"},"aioseo_notices":[],"_links":{"self":[{"href":"https:\/\/tthcompany.ma\/index.php\/wp-json\/wp\/v2\/product\/18926","targetHints":{"allow":["GET"]}}],"collection":[{"href":"https:\/\/tthcompany.ma\/index.php\/wp-json\/wp\/v2\/product"}],"about":[{"href":"https:\/\/tthcompany.ma\/index.php\/wp-json\/wp\/v2\/types\/product"}],"replies":[{"embeddable":true,"href":"https:\/\/tthcompany.ma\/index.php\/wp-json\/wp\/v2\/comments?post=18926"}],"wp:featuredmedia":[{"embeddable":true,"href":"https:\/\/tthcompany.ma\/index.php\/wp-json\/wp\/v2\/media\/18952"}],"wp:attachment":[{"href":"https:\/\/tthcompany.ma\/index.php\/wp-json\/wp\/v2\/media?parent=18926"}],"wp:term":[{"taxonomy":"product_cat","embeddable":true,"href":"https:\/\/tthcompany.ma\/index.php\/wp-json\/wp\/v2\/product_cat?post=18926"},{"taxonomy":"product_tag","embeddable":true,"href":"https:\/\/tthcompany.ma\/index.php\/wp-json\/wp\/v2\/product_tag?post=18926"}],"curies":[{"name":"wp","href":"https:\/\/api.w.org\/{rel}","templated":true}]}}