{"id":18919,"date":"2022-08-17T10:14:51","date_gmt":"2022-08-17T10:14:51","guid":{"rendered":"https:\/\/tthcompany.ma\/?post_type=product&#038;p=18919"},"modified":"2022-08-17T10:14:57","modified_gmt":"2022-08-17T10:14:57","slug":"ipc-hfw1431sp","status":"publish","type":"product","link":"https:\/\/tthcompany.ma\/index.php\/product\/ipc-hfw1431sp\/","title":{"rendered":"IPC-HFW1431SP"},"content":{"rendered":"<div id=\"div_left\">\n<div class=\"div-drop\">\n<table id=\"table001\" class=\"NEW-TABLE TableOverride-1 tab-drag\">\n<tbody>\n<tr>\n<td colspan=\"60\">\n<h2><span style=\"font-size: 14pt;\">Cam\u00e9ra<\/span><\/h2>\n<\/td>\n<\/tr>\n<tr>\n<td colspan=\"18\">Capteur d&#8217;image<\/td>\n<td colspan=\"42\">CMOS progressif 1\/3 \u201d4 M\u00e9gapixels<\/td>\n<\/tr>\n<tr>\n<td colspan=\"18\">Pixels efficaces<\/td>\n<td colspan=\"42\">2688 (H) x1520 (V)<\/td>\n<\/tr>\n<tr>\n<td colspan=\"18\">RAM \/ ROM<\/td>\n<td colspan=\"42\">512 Mo \/ 32 Mo<\/td>\n<\/tr>\n<tr>\n<td colspan=\"18\">Syst\u00e8me de num\u00e9risation<\/td>\n<td colspan=\"42\">Progressive<\/td>\n<\/tr>\n<tr>\n<td colspan=\"18\">Vitesse d&#8217;obturation \u00e9lectronique<\/td>\n<td colspan=\"42\">Auto \/ Manuel, 1\/3 \u00e0 1\/100 000<\/td>\n<\/tr>\n<tr>\n<td colspan=\"18\">Illumination minimale<\/td>\n<td colspan=\"42\">0.08Lux \/ F2.0 (Couleur, 1\/3 s, 30IRE)<\/p>\n<p>0.3Lux \/ F2.0 (Couleur, 1 \/ 30s, 30IRE)<\/p>\n<p>0Lux \/ F2.0 (IR activ\u00e9)<\/td>\n<\/tr>\n<tr>\n<td colspan=\"18\">Ratio S \/ N<\/td>\n<td colspan=\"42\">Plus que 50dB<\/td>\n<\/tr>\n<tr>\n<td colspan=\"18\">Distance IR<\/td>\n<td colspan=\"42\">Distance jusqu&#8217;\u00e0 30m<\/td>\n<\/tr>\n<tr>\n<td colspan=\"18\">Contr\u00f4le IR On \/ Off<\/td>\n<td colspan=\"42\">Auto \/ Manuel<\/td>\n<\/tr>\n<tr>\n<td colspan=\"18\">LED IR<\/td>\n<td colspan=\"42\">18<\/td>\n<\/tr>\n<tr>\n<td colspan=\"60\">\n<h2><span style=\"font-size: 14pt;\">Capture<\/span><\/h2>\n<\/td>\n<\/tr>\n<tr>\n<td colspan=\"18\">Type de lentille<\/td>\n<td colspan=\"42\">Fix\u00e9<\/td>\n<\/tr>\n<tr>\n<td colspan=\"18\">Type de montage<\/td>\n<td colspan=\"42\">Embarquement<\/td>\n<\/tr>\n<tr>\n<td colspan=\"18\">Distance focale<\/td>\n<td colspan=\"42\">2,8 mm (3,6 mm en option)<\/td>\n<\/tr>\n<tr>\n<td colspan=\"18\">Max.\u00a0Ouverture<\/td>\n<td colspan=\"42\">F2.0 \/ F2.0<\/td>\n<\/tr>\n<tr>\n<td colspan=\"18\">Angle de vue<\/td>\n<td colspan=\"42\">H: 104 \u00b0 \/ 87 \u00b0, V: 57 \u00b0 \/ 48 \u00b0<\/td>\n<\/tr>\n<tr>\n<td colspan=\"18\">Contr\u00f4le de la mise au point<\/td>\n<td colspan=\"42\">Fix\u00e9<\/td>\n<\/tr>\n<tr>\n<td colspan=\"18\">Distance de mise au point proche<\/td>\n<td colspan=\"42\">N \/ A<\/td>\n<\/tr>\n<tr>\n<td colspan=\"18\" rowspan=\"3\">DORI Distance<\/td>\n<td colspan=\"8\">Lentille<\/td>\n<td colspan=\"8\">D\u00e9tecter<\/td>\n<td colspan=\"8\">Observer<\/td>\n<td colspan=\"8\">Reconna\u00eetre<\/td>\n<td colspan=\"10\">Identifier<\/td>\n<\/tr>\n<tr>\n<td colspan=\"8\">2,8 mm<\/td>\n<td colspan=\"8\">63m<\/td>\n<td colspan=\"8\">25m<\/td>\n<td colspan=\"8\">13m (43ft)<\/td>\n<td colspan=\"10\">6m (20ft)<\/td>\n<\/tr>\n<tr>\n<td colspan=\"8\">3,6 mm<\/td>\n<td colspan=\"8\">80m (262ft)<\/td>\n<td colspan=\"8\">32m (105ft)<\/td>\n<td colspan=\"8\">16m (52ft)<\/td>\n<td colspan=\"10\">8m (26ft)<\/td>\n<\/tr>\n<tr>\n<td colspan=\"60\">\n<h2><span style=\"font-size: 14pt;\">PTZ<\/span><\/h2>\n<\/td>\n<\/tr>\n<tr>\n<td colspan=\"18\">Gamme Pan \/ Tilt<\/td>\n<td colspan=\"42\">Panoramique: 0 \u00b0 ~ 360 \u00b0; Inclinaison: 0 \u00b0 ~ 90 \u00b0; Rotation: 0 \u00b0 ~ 360 \u00b0<\/td>\n<\/tr>\n<tr>\n<td colspan=\"60\">Intelligence<\/td>\n<\/tr>\n<tr>\n<td colspan=\"18\">D\u00e9clencheur d&#8217;\u00e9v\u00e9nement<\/td>\n<td colspan=\"42\">D\u00e9tection de mouvement, falsification vid\u00e9o, changement de sc\u00e8ne, d\u00e9connexion de r\u00e9seau, conflit d&#8217;adresses IP, acc\u00e8s ill\u00e9gal, anomalie de stockage<\/td>\n<\/tr>\n<tr>\n<td colspan=\"18\">IVS<\/td>\n<td colspan=\"42\">Tripwire, Intrusion<\/td>\n<\/tr>\n<tr>\n<td colspan=\"60\">\n<h2><span style=\"font-size: 14pt;\">Vid\u00e9o<\/span><\/h2>\n<\/td>\n<\/tr>\n<tr>\n<td colspan=\"18\">Compression<\/td>\n<td colspan=\"42\">H.265 \/ H.264H \/ MJPEG (sous-flux)<\/td>\n<\/tr>\n<tr>\n<td colspan=\"18\">Codec intelligent<\/td>\n<td colspan=\"42\">Soutien H.265 + \/ H.264 +<\/td>\n<\/tr>\n<tr>\n<td colspan=\"18\">Capacit\u00e9 de streaming<\/td>\n<td colspan=\"42\">2 flux<\/td>\n<\/tr>\n<tr>\n<td colspan=\"18\">R\u00e9solution<\/td>\n<td colspan=\"42\">4M (2688&#215;1520) \/ 3M (2304 \u00d7 1296) \/ 1080P (1920 \u00d7 1080) \/ 720P (1280 \u00d7 720) \/ VGA (640 \u00d7 480) \/ D1 (704 \u00d7 576\/704 \u00d7 480) \/ CIF (352 \u00d7 288 \/ 352 \u00d7 240)<\/td>\n<\/tr>\n<tr>\n<td colspan=\"18\" rowspan=\"2\">Taux de trame<\/td>\n<td colspan=\"42\">Flux principal: 4M (1 ~ 20fps) \/ 3M (1 ~ 25 \/ 30fps)<\/td>\n<\/tr>\n<tr>\n<td colspan=\"42\">Sous flux: D1 (1 ~ 25 \/ 30fps)<\/td>\n<\/tr>\n<tr>\n<td colspan=\"18\">Contr\u00f4le du d\u00e9bit binaire<\/td>\n<td colspan=\"42\">CBR \/ VBR<\/td>\n<\/tr>\n<\/tbody>\n<\/table>\n<\/div>\n<\/div>\n<div id=\"div_left\">\n<div class=\"div-drop\">\n<table id=\"table002\" class=\"NEW-TABLE TableOverride-1 tab-drag\">\n<tbody>\n<tr>\n<td colspan=\"18\">D\u00e9bit binaire<\/td>\n<td colspan=\"42\">H.265: 12K ~ 8448Kbps<\/p>\n<p>H.264: 32K ~ 10240Kbps<\/td>\n<\/tr>\n<tr>\n<td colspan=\"18\">Jour Nuit<\/td>\n<td colspan=\"42\">Auto (ICR) \/ Couleur \/ N \/ B<\/td>\n<\/tr>\n<tr>\n<td colspan=\"18\">Mode BLC<\/td>\n<td colspan=\"42\">BLC \/ HLC \/ WDR (120dB)<\/td>\n<\/tr>\n<tr>\n<td colspan=\"18\">Balance des blancs<\/td>\n<td colspan=\"42\">Auto \/ Naturel \/ Lampadaire \/ Ext\u00e9rieur \/ Manuel<\/td>\n<\/tr>\n<tr>\n<td colspan=\"18\">Prendre le contr\u00f4le<\/td>\n<td colspan=\"42\">Auto \/ Manuel<\/td>\n<\/tr>\n<tr>\n<td colspan=\"18\">R\u00e9duction de bruit<\/td>\n<td colspan=\"42\">DNR 3D<\/td>\n<\/tr>\n<tr>\n<td colspan=\"18\">D\u00e9tection de mouvement<\/td>\n<td colspan=\"42\">Arr\u00eat \/ Marche (4 zones, rectangle)<\/td>\n<\/tr>\n<tr>\n<td colspan=\"18\">R\u00e9gion d&#8217;int\u00e9r\u00eat<\/td>\n<td colspan=\"42\">Off \/ On (4 Zone)<\/td>\n<\/tr>\n<tr>\n<td colspan=\"18\">Stabilisation\u00a0\u00e9lectronique de l&#8217;image\u00a0(EIS)<\/td>\n<td colspan=\"42\">N \/ A<\/td>\n<\/tr>\n<tr>\n<td colspan=\"18\">IR intelligent<\/td>\n<td colspan=\"42\">Soutien<\/td>\n<\/tr>\n<tr>\n<td colspan=\"18\">Zoom num\u00e9rique<\/td>\n<td colspan=\"42\">16x<\/td>\n<\/tr>\n<tr>\n<td colspan=\"18\">Flip<\/td>\n<td colspan=\"42\">0 \u00b0 \/ 90 \u00b0 \/ 180 \u00b0 \/ 270 \u00b0<\/td>\n<\/tr>\n<tr>\n<td colspan=\"18\">Miroir<\/td>\n<td colspan=\"42\">\u00c9teint allum\u00e9<\/td>\n<\/tr>\n<tr>\n<td colspan=\"18\">Masquage de confidentialit\u00e9<\/td>\n<td colspan=\"42\">Arr\u00eat \/ Marche (4 zones, rectangle)<\/td>\n<\/tr>\n<tr>\n<td colspan=\"60\">\n<h2><span style=\"font-size: 14pt;\">l&#8217;audio<\/span><\/h2>\n<\/td>\n<\/tr>\n<tr>\n<td colspan=\"18\">Compression<\/td>\n<td colspan=\"42\">N \/ A<\/td>\n<\/tr>\n<tr>\n<td colspan=\"60\">\n<h2><span style=\"font-size: 14pt;\">R\u00e9seau<\/span><\/h2>\n<\/td>\n<\/tr>\n<tr>\n<td colspan=\"18\">Ethernet<\/td>\n<td colspan=\"42\">RJ-45 (10 \/ 100Base-T)<\/td>\n<\/tr>\n<tr>\n<td colspan=\"18\">Protocole<\/td>\n<td colspan=\"42\">HTTP; HTTPS; TCP; ARP; RTSP; RTP; RTCP; UDP; SMTP;<\/p>\n<p>FTP; DHCP; DNS; DDNS; PPPoE; IPV4 \/ V6; QoS; UPnP;<\/p>\n<p>NTP; Bonjour; IEEE 802.1X; Multicast; ICMP; IGMP; TLS<\/td>\n<\/tr>\n<tr>\n<td colspan=\"18\">L&#8217;interop\u00e9rabilit\u00e9<\/td>\n<td colspan=\"42\">Profil ONVIF S &amp; G, API<\/td>\n<\/tr>\n<tr>\n<td colspan=\"18\">M\u00e9thode de streaming<\/td>\n<td colspan=\"42\">Unicast \/ Multicast<\/td>\n<\/tr>\n<tr>\n<td colspan=\"18\">Max.\u00a0Acc\u00e8s utilisateur<\/td>\n<td colspan=\"42\">10 utilisateurs \/ 20 utilisateurs<\/td>\n<\/tr>\n<tr>\n<td colspan=\"18\">Stockage de bord<\/td>\n<td colspan=\"42\">NAS<\/p>\n<p>PC local pour enregistrement instantan\u00e9<\/td>\n<\/tr>\n<tr>\n<td colspan=\"18\">Web Viewer<\/td>\n<td colspan=\"42\">IE, Chrome, Firefox, Safari<\/td>\n<\/tr>\n<tr>\n<td colspan=\"18\">Logiciel de gestion<\/td>\n<td colspan=\"42\">Smart PSS, DSS, DMSS<\/td>\n<\/tr>\n<tr>\n<td colspan=\"18\">T\u00e9l\u00e9phone intelligent<\/td>\n<td colspan=\"42\">IOS, Android<\/td>\n<\/tr>\n<tr>\n<td colspan=\"60\">\n<h2><span style=\"font-size: 14pt;\">Certifications<\/span><\/h2>\n<\/td>\n<\/tr>\n<tr>\n<td colspan=\"18\">Certifications<\/td>\n<td colspan=\"42\">CE (EN 60950: 2000)<\/p>\n<p>UL: UL60950-1<\/p>\n<p>FCC: FCC Partie 15, sous-partie B<\/td>\n<\/tr>\n<tr>\n<td colspan=\"60\">\n<h2><span style=\"font-size: 14pt;\">Interface<\/span><\/h2>\n<\/td>\n<\/tr>\n<tr>\n<td colspan=\"18\">Interface vid\u00e9o<\/td>\n<td colspan=\"42\">N \/ A<\/td>\n<\/tr>\n<tr>\n<td colspan=\"18\">Interface audio<\/td>\n<td colspan=\"42\">N \/ A<\/td>\n<\/tr>\n<tr>\n<td colspan=\"18\">RS485<\/td>\n<td colspan=\"42\">N \/ A<\/td>\n<\/tr>\n<tr>\n<td colspan=\"18\">Alarme<\/td>\n<td colspan=\"42\">N \/ A<\/td>\n<\/tr>\n<tr>\n<td colspan=\"60\">\n<h2><span style=\"font-size: 14pt;\">\u00c9lectrique<\/span><\/h2>\n<\/td>\n<\/tr>\n<tr>\n<td colspan=\"18\">Source de courant<\/td>\n<td colspan=\"42\">DC12V, PoE (IEEE 802.3af) (classe 0)<\/td>\n<\/tr>\n<tr>\n<td colspan=\"18\">Consommation d&#8217;\u00e9nergie<\/td>\n<td colspan=\"42\">&lt;5.5W<\/td>\n<\/tr>\n<\/tbody>\n<\/table>\n<\/div>\n<\/div>\n<div id=\"div_left\">\n<div class=\"div-drop\">\n<table id=\"table003\" class=\"NEW-TABLE TableOverride-1 tab-drag\">\n<tbody>\n<tr>\n<td colspan=\"60\">\n<h2><span style=\"font-size: 14pt;\">Environnement<\/span><\/h2>\n<\/td>\n<\/tr>\n<tr>\n<td colspan=\"18\">Des conditions de fonctionnement<\/td>\n<td colspan=\"42\">-30 \u00b0 C ~ + 60 \u00b0 C \/ moins de 95% d&#8217;humidit\u00e9 relative<\/td>\n<\/tr>\n<tr>\n<td colspan=\"18\">Conditions de vol<\/td>\n<td colspan=\"42\">-30 \u00b0 C ~ + 60 \u00b0 C \/ moins de 95% d&#8217;humidit\u00e9 relative<\/td>\n<\/tr>\n<tr>\n<td colspan=\"18\">Protection contre la p\u00e9n\u00e9tration<\/td>\n<td colspan=\"42\">IP67<\/td>\n<\/tr>\n<tr>\n<td colspan=\"18\">R\u00e9sistance vandale<\/td>\n<td colspan=\"42\">N \/ A<\/td>\n<\/tr>\n<tr>\n<td colspan=\"60\">\n<h2><span style=\"font-size: 14pt;\">Construction<\/span><\/h2>\n<\/td>\n<\/tr>\n<tr>\n<td colspan=\"18\">Enveloppe<\/td>\n<td colspan=\"42\">M\u00e9tal + plastique<\/td>\n<\/tr>\n<tr>\n<td colspan=\"18\">Dimensions<\/td>\n<td colspan=\"42\">Mm70mm \u00d7 164.7mm (2.76&#8221;x6.49 &#8221;)<\/td>\n<\/tr>\n<tr>\n<td colspan=\"18\">Poids net<\/td>\n<td colspan=\"42\">0,38 kg (0,84 lb)<\/td>\n<\/tr>\n<tr>\n<td colspan=\"18\">Poids brut<\/td>\n<td colspan=\"42\">0,44 kg (0,97 lb)<\/td>\n<\/tr>\n<\/tbody>\n<\/table>\n<\/div>\n<\/div>\n<div id=\"gtx-trans\" style=\"position: absolute; left: 34px; top: 3431.94px;\">\n<div class=\"gtx-trans-icon\"><\/div>\n<\/div>\n","protected":false},"excerpt":{"rendered":"<h1 class=\"text\"><span style=\"color: #000000; font-size: 10pt;\"><strong>Cam\u00e9ra mini-balle infrarouge WDR 4MP<\/strong><\/span><\/h1>\n<ul>\n<li>1\/3 \u201dCMOS progressive 4M\u00e9gapixels<\/li>\n<li>Encodage double flux H.265 &amp; H.264<\/li>\n<li>20fps @ 4M (2688 \u00d7 1520) &amp; 25 \/ 30fps @ 3M (2304 \u00d7 1296)<\/li>\n<li>WDR (120dB), Jour \/ Nuit (ICR ), 3DNR, AWB, AGC, BLC<\/li>\n<li>Surveillance de plusieurs r\u00e9seaux: afficheur Web, CMS (DSS \/ PSS) et DMSS<\/li>\n<li>Objectif\u00a0fixe de 2,8 mm (3,6 mm en option)<\/li>\n<li>Longueur maximale des LED IR 30m<\/li>\n<li>IP67, Po<\/li>\n<\/ul>\n<p><img decoding=\"async\" class=\"alignnone size-medium wp-image-6155\" src=\"http:\/\/tthcompany.com\/wp-content\/uploads\/2019\/03\/20180205160252_78422-1-300x32.png\" alt=\"\" width=\"300\" height=\"32\" \/><\/p>\n","protected":false},"featured_media":18859,"comment_status":"open","ping_status":"closed","template":"","meta":{"om_disable_all_campaigns":false,"_monsterinsights_skip_tracking":false,"_monsterinsights_sitenote_active":false,"_monsterinsights_sitenote_note":"","_monsterinsights_sitenote_category":0},"product_cat":[304,319,303,302,465],"product_tag":[204,205,206,260,207,208,261,262,466,209,210,263,264,211,228,212,213,189,265,214,229,192,266,230,193,267,216,268,195,218,269,196,270,271,272,197,198,199,220,273,241,200,274,275,201,276,277,222,278,279,280,281,282,283,284,467,285,286,224,225,287,288,289,226,290,291,292],"class_list":{"0":"post-18919","1":"product","2":"type-product","3":"status-publish","4":"has-post-thumbnail","6":"product_cat-camera-fixe","7":"product_cat-cameras-4mp-camera-fixe","8":"product_cat-cameras-ip","9":"product_cat-produits-ip","10":"product_cat-serie-lite-cameras-4mp-camera-fixe","11":"product_tag-afrique-du-sud","12":"product_tag-alarme","13":"product_tag-camera","14":"product_tag-camera-de-surveillance-tanger","15":"product_tag-camera-hdcvi","16":"product_tag-camera-ip","17":"product_tag-camera-ip-dahua","18":"product_tag-camera-maroc","19":"product_tag-camera-mini-balle-infrarouge-wdr-4mp","20":"product_tag-camera-surveillance","21":"product_tag-camera-surveillance-afrique","22":"product_tag-camera-surveillance-avec-un-bon-prix","23":"product_tag-camera-surveillance-casablanca","24":"product_tag-camera-surveillance-dahua","25":"product_tag-camera-surveillance-maroc","26":"product_tag-camera-surveillance-tanger","27":"product_tag-camera-dahua","28":"product_tag-camera-dahua-sd59230t-hn","29":"product_tag-control-dacces-tanger","30":"product_tag-dahua-afrique","31":"product_tag-dahua-agadir","32":"product_tag-dahua-assila","33":"product_tag-dahua-azrou","34":"product_tag-dahua-camera-4mp","35":"product_tag-dahua-casablanca","36":"product_tag-dahua-dakhla","37":"product_tag-dahua-el-jadida","38":"product_tag-dahua-errachidia","39":"product_tag-dahua-fes","40":"product_tag-dahua-hoceima","41":"product_tag-dahua-ifrane","42":"product_tag-dahua-kenitra","43":"product_tag-dahua-khemisset","44":"product_tag-dahua-khouribga","45":"product_tag-dahua-laayoune","46":"product_tag-dahua-maroc","47":"product_tag-dahua-marrakech","48":"product_tag-dahua-meknes","49":"product_tag-dahua-nador","50":"product_tag-dahua-ouarzazate","51":"product_tag-dahua-oujda","52":"product_tag-dahua-rabat","53":"product_tag-dahua-safi","54":"product_tag-dahua-settat","55":"product_tag-dahua-tanger","56":"product_tag-dahua-taroudant","57":"product_tag-dahua-taza","58":"product_tag-dahua-tetouan","59":"product_tag-dahua-tiflet","60":"product_tag-dahua-tiznit","61":"product_tag-desenfumage-tanger","62":"product_tag-detection-incendie","63":"product_tag-distributeur-dahua","64":"product_tag-installation-alarme","65":"product_tag-installations-camera-de-surveillance-maroc","66":"product_tag-ipc-hfw1431s","67":"product_tag-moniteur-dimage","68":"product_tag-pack-camera-de-surveillance","69":"product_tag-pack-camera-de-surveillance-dahua","70":"product_tag-pointeuse","71":"product_tag-porte-automatiques","72":"product_tag-portes-coup-feu-tanger","73":"product_tag-skydome-tanger","74":"product_tag-smart-lock","75":"product_tag-sprinkler-tanger","76":"product_tag-travaux-d-incendie-tanger","77":"product_tag-video-surveillance-tanger","79":"first","80":"instock","81":"shipping-taxable","82":"purchasable","83":"product-type-simple","84":"add-to-wishlist-after_add_to_cart"},"aioseo_notices":[],"_links":{"self":[{"href":"https:\/\/tthcompany.ma\/index.php\/wp-json\/wp\/v2\/product\/18919","targetHints":{"allow":["GET"]}}],"collection":[{"href":"https:\/\/tthcompany.ma\/index.php\/wp-json\/wp\/v2\/product"}],"about":[{"href":"https:\/\/tthcompany.ma\/index.php\/wp-json\/wp\/v2\/types\/product"}],"replies":[{"embeddable":true,"href":"https:\/\/tthcompany.ma\/index.php\/wp-json\/wp\/v2\/comments?post=18919"}],"wp:featuredmedia":[{"embeddable":true,"href":"https:\/\/tthcompany.ma\/index.php\/wp-json\/wp\/v2\/media\/18859"}],"wp:attachment":[{"href":"https:\/\/tthcompany.ma\/index.php\/wp-json\/wp\/v2\/media?parent=18919"}],"wp:term":[{"taxonomy":"product_cat","embeddable":true,"href":"https:\/\/tthcompany.ma\/index.php\/wp-json\/wp\/v2\/product_cat?post=18919"},{"taxonomy":"product_tag","embeddable":true,"href":"https:\/\/tthcompany.ma\/index.php\/wp-json\/wp\/v2\/product_tag?post=18919"}],"curies":[{"name":"wp","href":"https:\/\/api.w.org\/{rel}","templated":true}]}}