{"id":18916,"date":"2022-08-17T10:14:51","date_gmt":"2022-08-17T10:14:51","guid":{"rendered":"https:\/\/tthcompany.ma\/?post_type=product&#038;p=18916"},"modified":"2022-08-17T10:14:55","modified_gmt":"2022-08-17T10:14:55","slug":"ipc-hdbw4231fp-as","status":"publish","type":"product","link":"https:\/\/tthcompany.ma\/index.php\/product\/ipc-hdbw4231fp-as\/","title":{"rendered":"IPC-HDBW4231FP-AS"},"content":{"rendered":"<div id=\"div_left\">\n<div class=\"div-drop\">\n<p class=\"title\">IPC-HDBW4231F-AS 2MP IR Mini Dome Network camera<\/p>\n<table id=\"table001\" class=\"NEW-TABLE TableOverride-1 tab-drag\">\n<tbody>\n<tr>\n<td colspan=\"60\">\n<h2><span style=\"font-size: 14pt;\">Cam\u00e9ra<\/span><\/h2>\n<\/td>\n<\/tr>\n<tr>\n<td colspan=\"18\">Capteur d&#8217;image<\/td>\n<td colspan=\"42\">CMOS \u00e0 balayage progressif 1 \/ 2,8 &#8220;, 2 M\u00e9gapixels<\/td>\n<\/tr>\n<tr>\n<td colspan=\"18\">Pixels efficaces<\/td>\n<td colspan=\"42\">1920 (H) x 1080 (V)<\/td>\n<\/tr>\n<tr>\n<td colspan=\"18\">RAM \/ ROM<\/td>\n<td colspan=\"42\">256 Mo \/ 32 Mo<\/td>\n<\/tr>\n<tr>\n<td colspan=\"18\">Syst\u00e8me de num\u00e9risation<\/td>\n<td colspan=\"42\">Progressive<\/td>\n<\/tr>\n<tr>\n<td colspan=\"18\">Vitesse d&#8217;obturation \u00e9lectronique<\/td>\n<td colspan=\"42\">Auto \/ Manuel, 1\/3 (4) ~ 1 \/ 100000s<\/td>\n<\/tr>\n<tr>\n<td colspan=\"18\">Illumination minimale<\/td>\n<td colspan=\"42\">0.009Lux \/ F2.0 (Couleur, 1\/3 s, 30IRE)<\/p>\n<p>0.07Lux \/ 2.0 (Couleur, 1 \/ 30s, 30IRE)<\/p>\n<p>0Lux \/ F2.0 (IR activ\u00e9)<\/td>\n<\/tr>\n<tr>\n<td colspan=\"18\">Ratio S \/ N<\/td>\n<td colspan=\"42\">Plus que 50dB<\/td>\n<\/tr>\n<tr>\n<td colspan=\"18\">Distance IR<\/td>\n<td colspan=\"42\">Distance jusqu&#8217;\u00e0 20m<\/td>\n<\/tr>\n<tr>\n<td colspan=\"18\">Contr\u00f4le IR On \/ Off<\/td>\n<td colspan=\"42\">Auto \/ Manuel<\/td>\n<\/tr>\n<tr>\n<td colspan=\"18\">LED IR<\/td>\n<td colspan=\"42\">dix<\/td>\n<\/tr>\n<tr>\n<td colspan=\"60\">\n<h2><span style=\"font-size: 14pt;\">Capture<\/span><\/h2>\n<\/td>\n<\/tr>\n<tr>\n<td colspan=\"18\">Type de lentille<\/td>\n<td colspan=\"42\">Fix\u00e9<\/td>\n<\/tr>\n<tr>\n<td colspan=\"18\">Type de montage<\/td>\n<td colspan=\"42\">Embarquement<\/td>\n<\/tr>\n<tr>\n<td colspan=\"18\">Distance focale<\/td>\n<td colspan=\"42\">2.8mm (3.6mm, 6mm en option)<\/td>\n<\/tr>\n<tr>\n<td colspan=\"18\">Max.\u00a0Ouverture<\/td>\n<td colspan=\"42\">F2.0 (F2.0, F2.0)<\/td>\n<\/tr>\n<tr>\n<td colspan=\"18\">Angle de vue<\/td>\n<td colspan=\"42\">H: 110 \u00b0 (87 \u00b0, 51 \u00b0), V: 58 \u00b0 (48 \u00b0, 30 \u00b0)<\/td>\n<\/tr>\n<tr>\n<td colspan=\"18\">Zoom optique<\/td>\n<td colspan=\"42\">N \/ A<\/td>\n<\/tr>\n<tr>\n<td colspan=\"18\">Contr\u00f4le de la mise au point<\/td>\n<td colspan=\"42\">Fix\u00e9<\/td>\n<\/tr>\n<tr>\n<td colspan=\"18\">Distance de mise au point proche<\/td>\n<td colspan=\"42\">N \/ A<\/td>\n<\/tr>\n<tr>\n<td colspan=\"18\" rowspan=\"4\">DORI Distance<\/td>\n<td colspan=\"8\">Lentille<\/td>\n<td colspan=\"8\">D\u00e9tecter<\/td>\n<td colspan=\"8\">Observer<\/td>\n<td colspan=\"8\">Reconna\u00eetre<\/td>\n<td colspan=\"10\">Identifier<\/td>\n<\/tr>\n<tr>\n<td colspan=\"8\">2,8 mm<\/td>\n<td colspan=\"8\">44m<\/td>\n<td colspan=\"8\">17m<\/td>\n<td colspan=\"8\">9m (30ft)<\/td>\n<td colspan=\"10\">4m (13ft)<\/td>\n<\/tr>\n<tr>\n<td colspan=\"8\">3,6 mm<\/td>\n<td colspan=\"8\">55m (180ft)<\/td>\n<td colspan=\"8\">22m (72ft)<\/td>\n<td colspan=\"8\">11m (36ft)<\/td>\n<td colspan=\"10\">6m (20ft)<\/td>\n<\/tr>\n<tr>\n<td colspan=\"8\">6,0 mm<\/td>\n<td colspan=\"8\">81m<\/td>\n<td colspan=\"8\">32m (105ft)<\/td>\n<td colspan=\"8\">16m (52ft)<\/td>\n<td colspan=\"10\">8m (26ft)<\/td>\n<\/tr>\n<tr>\n<td colspan=\"60\">\n<h2><span style=\"font-size: 14pt;\">Pan \/ Tilt \/ Rotation<\/span><\/h2>\n<\/td>\n<\/tr>\n<tr>\n<td colspan=\"18\">Plage Pan \/ Tilt \/ Rotation<\/td>\n<td colspan=\"42\">Pan: 0 ~ 60\u02da;\u00a0Inclinaison: 0\u02da ~ 80\u02da;\u00a0Rotation: 0\u02da ~ 360\u02da<\/td>\n<\/tr>\n<tr>\n<td colspan=\"60\">\n<h2><span style=\"font-size: 14pt;\">Intelligence<\/span><\/h2>\n<\/td>\n<\/tr>\n<tr>\n<td colspan=\"18\">IVS<\/td>\n<td colspan=\"42\">Tripwire, Intrusion, Objet abandonn\u00e9 \/ manquant<\/td>\n<\/tr>\n<tr>\n<td colspan=\"18\">Fonctions intelligentes avanc\u00e9es<\/td>\n<td colspan=\"42\">D\u00e9tection facial<\/td>\n<\/tr>\n<tr>\n<td colspan=\"60\">\n<h2><span style=\"font-size: 14pt;\">Vid\u00e9o<\/span><\/h2>\n<\/td>\n<\/tr>\n<tr>\n<td colspan=\"18\">Compression<\/td>\n<td colspan=\"42\">H.265 + \/ H.265 \/ H.264 + \/ H.264<\/td>\n<\/tr>\n<tr>\n<td colspan=\"18\">Capacit\u00e9 de streaming<\/td>\n<td colspan=\"42\">3 flux<\/td>\n<\/tr>\n<tr>\n<td colspan=\"18\">R\u00e9solution<\/td>\n<td colspan=\"42\">1080P (1920&#215;1080) \/ 1,3M (1280&#215;960) \/<\/p>\n<p>720P (1280 \u00d7 720) \/ D1 (704 \u00d7 576\/704 \u00d7 480) \/<\/p>\n<p>VGA (640 \u00d7 480) \/ CIF (352 \u00d7 288\/352 \u00d7 240)<\/td>\n<\/tr>\n<tr>\n<td colspan=\"18\" rowspan=\"3\">Taux de trame<\/td>\n<td colspan=\"42\">Flux principal: 1080p (1 ~ 50 \/ 60fps)<\/td>\n<\/tr>\n<tr>\n<td colspan=\"42\">Sous flux: D1 (1 ~ 50 \/ 60fps)<\/td>\n<\/tr>\n<tr>\n<td colspan=\"42\">Troisi\u00e8me flux: 1080p (1 ~ 25 \/ 30fps)<\/td>\n<\/tr>\n<tr>\n<td colspan=\"18\">Contr\u00f4le du d\u00e9bit binaire<\/td>\n<td colspan=\"42\">CBR \/ VBR<\/td>\n<\/tr>\n<tr>\n<td colspan=\"18\">D\u00e9bit binaire<\/td>\n<td colspan=\"42\">H.264: 24 ~ 9472Kbps<\/p>\n<p>H.265: 14 ~ 5632Kbps<\/td>\n<\/tr>\n<tr>\n<td colspan=\"18\">Jour Nuit<\/td>\n<td colspan=\"42\">Auto (ICR) \/ Couleur \/ N \/ B<\/td>\n<\/tr>\n<tr>\n<td colspan=\"18\">Mode BLC<\/td>\n<td colspan=\"42\">BLC \/ HLC \/ WDR (120dB)<\/td>\n<\/tr>\n<\/tbody>\n<\/table>\n<\/div>\n<\/div>\n<div id=\"div_left\">\n<div class=\"div-drop\">\n<table id=\"table002\" class=\"NEW-TABLE TableOverride-1 tab-drag\">\n<tbody>\n<tr>\n<td colspan=\"18\">Balance des blancs<\/td>\n<td colspan=\"42\">Auto \/ Naturel \/ Lampadaire \/ Ext\u00e9rieur \/ Manuel<\/td>\n<\/tr>\n<tr>\n<td colspan=\"18\">Prendre le contr\u00f4le<\/td>\n<td colspan=\"42\">Auto \/ Manuel<\/td>\n<\/tr>\n<tr>\n<td colspan=\"18\">R\u00e9duction de bruit<\/td>\n<td colspan=\"42\">DNR 3D<\/td>\n<\/tr>\n<tr>\n<td colspan=\"18\">D\u00e9tection de mouvement<\/td>\n<td colspan=\"42\">Arr\u00eat \/ Marche (4 zones, rectangle)<\/td>\n<\/tr>\n<tr>\n<td colspan=\"18\">R\u00e9gion d&#8217;int\u00e9r\u00eat<\/td>\n<td colspan=\"42\">Off \/ On (4 Zone)<\/td>\n<\/tr>\n<tr>\n<td colspan=\"18\">Stabilisation\u00a0\u00e9lectronique de l&#8217;image\u00a0(EIS)<\/td>\n<td colspan=\"42\">N \/ A<\/td>\n<\/tr>\n<tr>\n<td colspan=\"18\">IR intelligent<\/td>\n<td colspan=\"42\">Soutien<\/td>\n<\/tr>\n<tr>\n<td colspan=\"18\">D\u00e9sembuage<\/td>\n<td colspan=\"42\">N \/ A<\/td>\n<\/tr>\n<tr>\n<td colspan=\"18\">Zoom num\u00e9rique<\/td>\n<td colspan=\"42\">16x<\/td>\n<\/tr>\n<tr>\n<td colspan=\"18\">Flip<\/td>\n<td colspan=\"42\">0 \u00b0 \/ 90 \u00b0 \/ 180 \u00b0 \/ 270 \u00b0<\/td>\n<\/tr>\n<tr>\n<td colspan=\"18\">Miroir<\/td>\n<td colspan=\"42\">\u00c9teint allum\u00e9<\/td>\n<\/tr>\n<tr>\n<td colspan=\"18\">Masquage de confidentialit\u00e9<\/td>\n<td colspan=\"42\">Arr\u00eat \/ Marche (4 zones, rectangle)<\/td>\n<\/tr>\n<tr>\n<td colspan=\"60\">\n<h2><span style=\"font-size: 14pt;\">l&#8217;audio<\/span><\/h2>\n<\/td>\n<\/tr>\n<tr>\n<td colspan=\"18\">Compression<\/td>\n<td colspan=\"42\">G.711a \/ G.711Mu \/ AAC \/ G.726<\/td>\n<\/tr>\n<tr>\n<td colspan=\"60\">\n<h2><span style=\"font-size: 14pt;\">R\u00e9seau<\/span><\/h2>\n<\/td>\n<\/tr>\n<tr>\n<td colspan=\"18\">Ethernet<\/td>\n<td colspan=\"42\">RJ-45 (10 \/ 100Base-T)<\/td>\n<\/tr>\n<tr>\n<td colspan=\"18\">Protocole<\/td>\n<td colspan=\"42\">HTTP;\u00a0HTTPs;\u00a0TCP;\u00a0ARP;\u00a0RTSP;\u00a0RTP;\u00a0UDP;\u00a0SMTP;<\/p>\n<p>FTP;\u00a0DHCP;\u00a0DNS;\u00a0DDNS;\u00a0PPPOE;\u00a0IPv4 \/ v6;\u00a0QoS;<\/p>\n<p>UPnP; NTP;\u00a0Bonjour;\u00a0802.1x;\u00a0Multidiffusion;\u00a0ICMP;<\/p>\n<p>IGMP;\u00a0SNMP<\/td>\n<\/tr>\n<tr>\n<td colspan=\"18\">L&#8217;interop\u00e9rabilit\u00e9<\/td>\n<td colspan=\"42\">ONVIF, PSIA, CGI<\/td>\n<\/tr>\n<tr>\n<td colspan=\"18\">M\u00e9thode de streaming<\/td>\n<td colspan=\"42\">Unicast \/ Multicast<\/td>\n<\/tr>\n<tr>\n<td colspan=\"18\">Max.\u00a0Acc\u00e8s utilisateur<\/td>\n<td colspan=\"42\">10 utilisateurs \/ 20 utilisateurs<\/td>\n<\/tr>\n<tr>\n<td colspan=\"18\">Stockage de bord<\/td>\n<td colspan=\"42\">NAS<\/p>\n<p>PC local pour enregistrement instantan\u00e9<\/p>\n<p>Carte Mirco SD 128 Go<\/td>\n<\/tr>\n<tr>\n<td colspan=\"18\">Web Viewer<\/td>\n<td colspan=\"42\">IE, Chrome, Firefox, Safari<\/td>\n<\/tr>\n<tr>\n<td colspan=\"18\">Logiciel de gestion<\/td>\n<td colspan=\"42\">Smart PSS, DSS, Easy4ip<\/td>\n<\/tr>\n<tr>\n<td colspan=\"18\">T\u00e9l\u00e9phone intelligent<\/td>\n<td colspan=\"42\">IOS, Android<\/td>\n<\/tr>\n<tr>\n<td colspan=\"60\">\n<h2><span style=\"font-size: 14pt;\">Certifications<\/span><\/h2>\n<\/td>\n<\/tr>\n<tr>\n<td colspan=\"18\">Certifications<\/td>\n<td colspan=\"42\">CE (EN 60950: 2000)<\/p>\n<p>UL: UL60950-1<\/p>\n<p>FCC: FCC Partie 15, sous-partie B<\/td>\n<\/tr>\n<tr>\n<td colspan=\"60\">\n<h2><span style=\"font-size: 14pt;\">Interface<\/span><\/h2>\n<\/td>\n<\/tr>\n<tr>\n<td colspan=\"18\">Interface vid\u00e9o<\/td>\n<td colspan=\"42\">N \/ A<\/td>\n<\/tr>\n<tr>\n<td colspan=\"18\">Interface audio<\/td>\n<td colspan=\"42\">Mic int\u00e9gr\u00e9<\/td>\n<\/tr>\n<tr>\n<td colspan=\"18\">RS485<\/td>\n<td colspan=\"42\">N \/ A<\/td>\n<\/tr>\n<tr>\n<td colspan=\"18\">Alarme<\/td>\n<td colspan=\"42\">N \/ A<\/td>\n<\/tr>\n<tr>\n<td colspan=\"60\">\n<h2><span style=\"font-size: 14pt;\">\u00c9lectrique<\/span><\/h2>\n<\/td>\n<\/tr>\n<tr>\n<td colspan=\"18\">Source de courant<\/td>\n<td colspan=\"42\">DC12V, PoE (802.3af) (classe 0)<\/td>\n<\/tr>\n<tr>\n<td colspan=\"18\">Consommation d&#8217;\u00e9nergie<\/td>\n<td colspan=\"42\">&lt;4.5W<\/td>\n<\/tr>\n<\/tbody>\n<\/table>\n<\/div>\n<\/div>\n<div id=\"div_left\"><\/div>\n<div id=\"div_left\">\n<div class=\"div-drop\">\n<table id=\"table004\" class=\"NEW-TABLE TableOverride-1 tab-drag\">\n<tbody>\n<tr>\n<td colspan=\"60\">\n<h2><span style=\"font-size: 14pt;\">Environnement<\/span><\/h2>\n<\/td>\n<\/tr>\n<tr>\n<td colspan=\"18\">Des conditions de fonctionnement<\/td>\n<td colspan=\"42\">-30 \u00b0 C ~ + 60 \u00b0 C \/ moins de 95% d&#8217;humidit\u00e9 relative<\/td>\n<\/tr>\n<tr>\n<td colspan=\"18\">Conditions de Strorage<\/td>\n<td colspan=\"42\">-30 \u00b0 C ~ + 60 \u00b0 C \/ moins de 95% d&#8217;humidit\u00e9 relative<\/td>\n<\/tr>\n<tr>\n<td colspan=\"18\">Protection contre la p\u00e9n\u00e9tration<\/td>\n<td colspan=\"42\">IP67<\/td>\n<\/tr>\n<tr>\n<td colspan=\"18\">R\u00e9sistance vandale<\/td>\n<td colspan=\"42\">IK10<\/td>\n<\/tr>\n<tr>\n<td colspan=\"60\">\n<h2><span style=\"font-size: 14pt;\">Construction<\/span><\/h2>\n<\/td>\n<\/tr>\n<tr>\n<td colspan=\"18\">Enveloppe<\/td>\n<td colspan=\"42\">M\u00e9tal<\/td>\n<\/tr>\n<tr>\n<td colspan=\"18\">Dimensions<\/td>\n<td colspan=\"42\">106mm \u00d7 50.3mm (4.17\u00a0&#8221;\u00a0\u00d7 1.98\u00a0&#8221;\u00a0)<\/td>\n<\/tr>\n<tr>\n<td colspan=\"18\">Poids net<\/td>\n<td colspan=\"42\">0,4 kg (0,88 lb)<\/td>\n<\/tr>\n<tr>\n<td colspan=\"18\">Poids brut<\/td>\n<td colspan=\"42\">0,44 kg (0,97 lb)<\/td>\n<\/tr>\n<\/tbody>\n<\/table>\n<\/div>\n<\/div>\n<div id=\"gtx-trans\" style=\"position: absolute; left: 36px; top: 1101.58px;\">\n<div class=\"gtx-trans-icon\"><\/div>\n<\/div>\n","protected":false},"excerpt":{"rendered":"<h1 class=\"title\"><span style=\"color: #000000; font-family: georgia, palatino, serif;\"><strong><span style=\"font-size: 10pt;\">Cam\u00e9ra r\u00e9seau Mini D\u00f4me IR 2MP\u00a0 STARVIS \u2122 CMOS<\/span><\/strong><\/span><\/h1>\n<ul>\n<li>Codage\u00a0triple-vapeur H.265 &amp; H.264<\/li>\n<li>50 \/ 60fps @ 2M (1920 \u00d7 1080)<\/li>\n<li>D\u00e9tection intelligente prise en charge<\/li>\n<li>WDR (120dB), jour \/ nuit (ICR), 3DNR , AWB, AGC, BLC,<\/li>\n<li>Surveillance de r\u00e9seaux multiples: Web Viewer, CMS (DSS \/ PSS) et DMSS<\/li>\n<li>Objectif\u00a0fixe de\u00a02,8\u00a0mm (3,6 mm, 6 mm en option)<\/li>\n<li>Max.\u00a0LED IR longueur 20m<\/li>\n<li>M\u00e9moire Micro SD, IP67, IK10, PoE<\/li>\n<\/ul>\n<p><img decoding=\"async\" class=\"alignnone size-medium wp-image-5287\" src=\"http:\/\/tthcompany.com\/wp-content\/uploads\/2019\/03\/IPC-HDBW4231FP-AS-camera-ip-300x32.png\" alt=\"IPC-HDBW4231FP-AS camera ip\" width=\"300\" height=\"32\" \/><\/p>\n","protected":false},"featured_media":18943,"comment_status":"open","ping_status":"closed","template":"","meta":{"om_disable_all_campaigns":false,"_monsterinsights_skip_tracking":false,"_monsterinsights_sitenote_active":false,"_monsterinsights_sitenote_note":"","_monsterinsights_sitenote_category":0},"product_cat":[304,305,303,451,302,452],"product_tag":[204,205,206,260,207,208,261,262,209,210,263,264,211,228,212,213,189,265,190,214,229,266,215,410,230,193,267,216,268,195,218,269,196,270,271,272,197,198,199,220,273,241,200,274,275,201,276,277,222,278,279,282,283,284,459,285,286,224,225,226],"class_list":{"0":"post-18916","1":"product","2":"type-product","3":"status-publish","4":"has-post-thumbnail","6":"product_cat-camera-fixe","7":"product_cat-cameras-2mp-camera-fixe","8":"product_cat-cameras-ip","9":"product_cat-detection-facial","10":"product_cat-produits-ip","11":"product_cat-serie-pro-cameras-2mp-camera-fixe","12":"product_tag-afrique-du-sud","13":"product_tag-alarme","14":"product_tag-camera","15":"product_tag-camera-de-surveillance-tanger","16":"product_tag-camera-hdcvi","17":"product_tag-camera-ip","18":"product_tag-camera-ip-dahua","19":"product_tag-camera-maroc","20":"product_tag-camera-surveillance","21":"product_tag-camera-surveillance-afrique","22":"product_tag-camera-surveillance-avec-un-bon-prix","23":"product_tag-camera-surveillance-casablanca","24":"product_tag-camera-surveillance-dahua","25":"product_tag-camera-surveillance-maroc","26":"product_tag-camera-surveillance-tanger","27":"product_tag-camera-dahua","28":"product_tag-camera-dahua-sd59230t-hn","29":"product_tag-control-dacces-tanger","30":"product_tag-dahua","31":"product_tag-dahua-afrique","32":"product_tag-dahua-agadir","33":"product_tag-dahua-azrou","34":"product_tag-dahua-camera","35":"product_tag-dahua-camera-2mp","36":"product_tag-dahua-camera-4mp","37":"product_tag-dahua-casablanca","38":"product_tag-dahua-dakhla","39":"product_tag-dahua-el-jadida","40":"product_tag-dahua-errachidia","41":"product_tag-dahua-fes","42":"product_tag-dahua-hoceima","43":"product_tag-dahua-ifrane","44":"product_tag-dahua-kenitra","45":"product_tag-dahua-khemisset","46":"product_tag-dahua-khouribga","47":"product_tag-dahua-laayoune","48":"product_tag-dahua-maroc","49":"product_tag-dahua-marrakech","50":"product_tag-dahua-meknes","51":"product_tag-dahua-nador","52":"product_tag-dahua-ouarzazate","53":"product_tag-dahua-oujda","54":"product_tag-dahua-rabat","55":"product_tag-dahua-safi","56":"product_tag-dahua-settat","57":"product_tag-dahua-tanger","58":"product_tag-dahua-taroudant","59":"product_tag-dahua-taza","60":"product_tag-dahua-tetouan","61":"product_tag-dahua-tiflet","62":"product_tag-dahua-tiznit","63":"product_tag-distributeur-dahua","64":"product_tag-installation-alarme","65":"product_tag-installations-camera-de-surveillance-maroc","66":"product_tag-ipc-hdbw4231f-as","67":"product_tag-moniteur-dimage","68":"product_tag-pack-camera-de-surveillance","69":"product_tag-pack-camera-de-surveillance-dahua","70":"product_tag-pointeuse","71":"product_tag-smart-lock","73":"first","74":"instock","75":"shipping-taxable","76":"purchasable","77":"product-type-simple","78":"add-to-wishlist-after_add_to_cart"},"aioseo_notices":[],"_links":{"self":[{"href":"https:\/\/tthcompany.ma\/index.php\/wp-json\/wp\/v2\/product\/18916","targetHints":{"allow":["GET"]}}],"collection":[{"href":"https:\/\/tthcompany.ma\/index.php\/wp-json\/wp\/v2\/product"}],"about":[{"href":"https:\/\/tthcompany.ma\/index.php\/wp-json\/wp\/v2\/types\/product"}],"replies":[{"embeddable":true,"href":"https:\/\/tthcompany.ma\/index.php\/wp-json\/wp\/v2\/comments?post=18916"}],"wp:featuredmedia":[{"embeddable":true,"href":"https:\/\/tthcompany.ma\/index.php\/wp-json\/wp\/v2\/media\/18943"}],"wp:attachment":[{"href":"https:\/\/tthcompany.ma\/index.php\/wp-json\/wp\/v2\/media?parent=18916"}],"wp:term":[{"taxonomy":"product_cat","embeddable":true,"href":"https:\/\/tthcompany.ma\/index.php\/wp-json\/wp\/v2\/product_cat?post=18916"},{"taxonomy":"product_tag","embeddable":true,"href":"https:\/\/tthcompany.ma\/index.php\/wp-json\/wp\/v2\/product_tag?post=18916"}],"curies":[{"name":"wp","href":"https:\/\/api.w.org\/{rel}","templated":true}]}}