{"id":18913,"date":"2022-08-17T10:14:50","date_gmt":"2022-08-17T10:14:50","guid":{"rendered":"https:\/\/tthcompany.ma\/?post_type=product&#038;p=18913"},"modified":"2022-08-17T10:14:54","modified_gmt":"2022-08-17T10:14:54","slug":"hac-hfw2231r-z-ire6","status":"publish","type":"product","link":"https:\/\/tthcompany.ma\/index.php\/product\/hac-hfw2231r-z-ire6\/","title":{"rendered":"HAC-HFW2231R-Z-IRE6"},"content":{"rendered":"<table id=\"table001\" class=\"NEW-TABLE TableOverride-1 tab-drag\">\n<tbody>\n<tr>\n<td colspan=\"60\">\n<h4>Cam\u00e9ra<\/h4>\n<\/td>\n<\/tr>\n<tr>\n<td colspan=\"18\">Capteur d&#8217;image<\/td>\n<td colspan=\"42\">CMOS 1 \/ 2,8 &#8220;<\/td>\n<\/tr>\n<tr>\n<td colspan=\"18\">Pixels efficaces<\/td>\n<td colspan=\"42\">1937 (H) \u00d7 1097 (V), 2,1 MP<\/td>\n<\/tr>\n<tr>\n<td colspan=\"18\">Syst\u00e8me de num\u00e9risation<\/td>\n<td colspan=\"42\">Progressive<\/td>\n<\/tr>\n<tr>\n<td colspan=\"18\">Vitesse d&#8217;obturation \u00e9lectronique<\/td>\n<td colspan=\"42\">PAL: 1 \/ 4s ~ 1 \/ 100000s<\/p>\n<p>NTSC: 1 \/ 3s ~ 1 \/ 100000s<\/td>\n<\/tr>\n<tr>\n<td colspan=\"18\">Illumination minimum<\/td>\n<td colspan=\"42\">0.005Lux \/ F1.3, 30IRE, 0Lux IR activ\u00e9<\/td>\n<\/tr>\n<tr>\n<td colspan=\"18\">Rapport S \/ N<\/td>\n<td colspan=\"42\">Plus de 65 dB<\/td>\n<\/tr>\n<tr>\n<td colspan=\"18\">Distance IR<\/td>\n<td colspan=\"42\">Jusqu&#8217;\u00e0 60 m (197 pieds)<\/td>\n<\/tr>\n<tr>\n<td colspan=\"18\">Contr\u00f4le marche \/ arr\u00eat IR<\/td>\n<td colspan=\"42\">Auto \/ Manuel<\/td>\n<\/tr>\n<tr>\n<td colspan=\"18\">LED IR<\/td>\n<td colspan=\"42\">4<\/td>\n<\/tr>\n<tr>\n<td colspan=\"60\">Lentille<\/td>\n<\/tr>\n<tr>\n<td colspan=\"18\">Type de lentille<\/td>\n<td colspan=\"42\">Objectif motoris\u00e9 \/ iris fixe<\/td>\n<\/tr>\n<tr>\n<td colspan=\"18\">Type de montage<\/td>\n<td colspan=\"42\">Embarquement<\/td>\n<\/tr>\n<tr>\n<td colspan=\"18\">Distance focale<\/td>\n<td colspan=\"42\">2,7-13,5 mm (7-22 mm en option)<\/td>\n<\/tr>\n<tr>\n<td colspan=\"18\">Ouverture maximale<\/td>\n<td colspan=\"42\">F1.3<\/td>\n<\/tr>\n<tr>\n<td colspan=\"18\">Angle de vue<\/td>\n<td colspan=\"42\">H: 102 \u00b0 ~ 29 \u00b0 (40 \u00b0 ~ 17 \u00b0)<\/td>\n<\/tr>\n<tr>\n<td colspan=\"18\">Contr\u00f4le de la mise au point<\/td>\n<td colspan=\"42\">Auto \/ Manuel<\/td>\n<\/tr>\n<tr>\n<td colspan=\"18\">Distance de mise au point rapproch\u00e9e<\/td>\n<td colspan=\"42\">200 mm (1000 mm\u00a0)<\/p>\n<p>7,87 pouces (39,37 pouces)<\/td>\n<\/tr>\n<tr>\n<td colspan=\"60\">\n<h4>Distance DORI<\/h4>\n<\/td>\n<\/tr>\n<tr>\n<td colspan=\"60\">Remarque: la distance DORI est une \u00abproximit\u00e9 g\u00e9n\u00e9rale\u00bb de la distance qui permet de localiser facilement la cam\u00e9ra adapt\u00e9e \u00e0 vos besoins.\u00a0La distance DORI est calcul\u00e9e en fonction des sp\u00e9cifications du capteur et du r\u00e9sultat du test de laboratoire conform\u00e9ment \u00e0 la norme EN 62676-4 qui d\u00e9finit respectivement les crit\u00e8res de d\u00e9tection, d&#8217;observation, de reconnaissance et d&#8217;identification.<\/td>\n<\/tr>\n<tr>\n<td colspan=\"18\" rowspan=\"2\"><\/td>\n<td colspan=\"14\" rowspan=\"2\"><\/td>\n<td colspan=\"28\">Distance<\/td>\n<\/tr>\n<tr>\n<td colspan=\"14\">Large<\/td>\n<td colspan=\"14\">T\u00e9l\u00e9<\/td>\n<\/tr>\n<tr>\n<td colspan=\"18\">D\u00e9tecter<\/td>\n<td colspan=\"14\">25 px \/ m (8 px \/ pi)<\/td>\n<td colspan=\"14\">47m \/ 154 pieds<\/p>\n<p>(115 m \/ 377 pieds)<\/td>\n<td colspan=\"14\">153 m \/ 502 pieds<\/p>\n<p>(269 m \/ 883 pieds)<\/td>\n<\/tr>\n<tr>\n<td colspan=\"18\">Observer<\/td>\n<td colspan=\"14\">63 px \/ m (19 px \/ pi)<\/td>\n<td colspan=\"14\">19m \/ 62 pieds<\/p>\n<p>(46 m \/ 151 pieds)<\/td>\n<td colspan=\"14\">61m \/ 200 pieds<\/p>\n<p>(108 m \/ 354 pieds)<\/td>\n<\/tr>\n<tr>\n<td colspan=\"18\">Reconna\u00eetre<\/td>\n<td colspan=\"14\">125 px \/ m (38 px \/ pi)<\/td>\n<td colspan=\"14\">9m \/ 30 pieds<\/p>\n<p>(23 m \/ 75 pieds)<\/td>\n<td colspan=\"14\">31m \/ 102 pieds<\/p>\n<p>(54 m \/ 177 pieds)<\/td>\n<\/tr>\n<tr>\n<td colspan=\"18\">Identifier<\/td>\n<td colspan=\"14\">250 px \/ m (76 px \/ pi)<\/td>\n<td colspan=\"14\">5 m \/ 16 pieds<\/p>\n<p>(12 m \/ 39 pieds)<\/td>\n<td colspan=\"14\">15 m \/ 49 pieds<\/p>\n<p>(27 m \/ 89 pieds)<\/td>\n<\/tr>\n<tr>\n<td colspan=\"60\">\n<h4>Pan \/ Tilt \/ Rotation<\/h4>\n<\/td>\n<\/tr>\n<tr>\n<td colspan=\"18\">Pan \/ Tilt \/ Rotation<\/td>\n<td colspan=\"42\">Pan: 0 \u00b0 ~ 360 \u00b0<\/p>\n<p>Inclinaison: 0 \u00b0 ~ 87 \u00b0<\/p>\n<p>Rotation: 0 \u00b0 ~ 360 \u00b0<\/td>\n<\/tr>\n<tr>\n<td colspan=\"60\">Vid\u00e9o<\/td>\n<\/tr>\n<tr>\n<td colspan=\"18\">R\u00e9solution<\/td>\n<td colspan=\"42\">1080P (1920 \u00d7 1080)<\/td>\n<\/tr>\n<tr>\n<td colspan=\"18\">Fr\u00e9quence d&#8217;images<\/td>\n<td colspan=\"42\">25 \/ 30fps \u00e0 1080P, 25 \/ 30fps \u00e0 720P<\/td>\n<\/tr>\n<tr>\n<td colspan=\"18\">Sortie vid\u00e9o<\/td>\n<td colspan=\"42\">Sortie vid\u00e9o haute d\u00e9finition BNC 1 canal \/ sortie vid\u00e9o CVBS (peut basculer)<\/td>\n<\/tr>\n<tr>\n<td colspan=\"18\">Jour Nuit<\/td>\n<td colspan=\"42\">Auto (ICR) \/ Manuel<\/td>\n<\/tr>\n<tr>\n<td colspan=\"18\">Menu OSD<\/td>\n<td colspan=\"42\">Multi-langue<\/td>\n<\/tr>\n<tr>\n<td colspan=\"18\">Mode BLC<\/td>\n<td colspan=\"42\">BLC \/ HLC \/ WDR<\/td>\n<\/tr>\n<tr>\n<td colspan=\"18\">WDR<\/td>\n<td colspan=\"42\">120 dB<\/td>\n<\/tr>\n<tr>\n<td colspan=\"18\">Prendre le contr\u00f4le<\/td>\n<td colspan=\"42\">AGC<\/td>\n<\/tr>\n<tr>\n<td colspan=\"18\">R\u00e9duction de bruit<\/td>\n<td colspan=\"42\">2D \/ 3D<\/td>\n<\/tr>\n<tr>\n<td colspan=\"18\">Balance des blancs<\/td>\n<td colspan=\"42\">Auto \/ Manuel<\/td>\n<\/tr>\n<tr>\n<td colspan=\"18\">IR intelligent<\/td>\n<td colspan=\"42\">Auto \/ Manuel<\/td>\n<\/tr>\n<tr>\n<td colspan=\"60\">\n<h4>Certifications<\/h4>\n<\/td>\n<\/tr>\n<tr>\n<td colspan=\"18\">Certifications<\/td>\n<td colspan=\"42\">CE (EN55032, EN55024, EN50130-4)<\/p>\n<p>FCC (CFR 47 FCC partie 15 sous-partie B, ANSI C63.4-2014)<\/p>\n<p>UL (UL60950-1 + CAN \/ CSA C22.2 n \u00b0 60950-1)<\/td>\n<\/tr>\n<tr>\n<td colspan=\"60\">\n<h4>Interface<\/h4>\n<\/td>\n<\/tr>\n<tr>\n<td colspan=\"18\">Interface audio<\/td>\n<td colspan=\"42\">N \/ A<\/td>\n<\/tr>\n<tr>\n<td colspan=\"60\">\n<h4>\u00c9lectrique<\/h4>\n<\/td>\n<\/tr>\n<tr>\n<td colspan=\"18\">Source de courant<\/td>\n<td colspan=\"42\">12 V CC \u00b1 25%<\/td>\n<\/tr>\n<tr>\n<td colspan=\"18\">Consommation d&#8217;\u00e9nergie<\/td>\n<td colspan=\"42\">Max 10,1 W (12 V CC, IR activ\u00e9)<\/td>\n<\/tr>\n<tr>\n<td colspan=\"60\">\n<h4>Environnement<\/h4>\n<\/td>\n<\/tr>\n<tr>\n<td colspan=\"18\">Des conditions de fonctionnement<\/td>\n<td colspan=\"42\">-40 \u00b0 C ~ + 60 \u00b0 C (-40 \u00b0 F ~ + 140 \u00b0 F) \/ Moins de 90% HR<\/p>\n<p>* Le d\u00e9marrage doit \u00eatre effectu\u00e9 \u00e0 une temp\u00e9rature sup\u00e9rieure \u00e0 -40 \u00b0 C (-40 \u00b0 F)<\/td>\n<\/tr>\n<tr>\n<td colspan=\"18\">Conditions de stockage<\/td>\n<td colspan=\"42\">-40 \u00b0 C ~ + 60 \u00b0 C (-40 \u00b0 F ~ + 140 \u00b0 F) \/ Moins de 90% HR<\/td>\n<\/tr>\n<tr>\n<td colspan=\"18\">Protection contre les infiltrations et r\u00e9sistance au vandalisme<\/td>\n<td colspan=\"42\">IP67<\/td>\n<\/tr>\n<tr>\n<td colspan=\"60\">\n<h4>Construction<\/h4>\n<\/td>\n<\/tr>\n<tr>\n<td colspan=\"18\">Enveloppe<\/td>\n<td colspan=\"42\">Aluminium<\/td>\n<\/tr>\n<tr>\n<td colspan=\"18\">Dimensions<\/td>\n<td colspan=\"42\">213,0 mm \u00d7 90,4 mm \u00d7 90,4 mm (8,39 &#8220;\u00d7 3,56&#8221; \u00d7 3,56 &#8220;)<\/td>\n<\/tr>\n<tr>\n<td colspan=\"18\">Poids net<\/td>\n<td colspan=\"42\">0,61 kg (1,34 livre)<\/td>\n<\/tr>\n<tr>\n<td colspan=\"18\">Poids brut<\/td>\n<td colspan=\"42\">0,74 kg (1,63 lb)<\/td>\n<\/tr>\n<\/tbody>\n<\/table>\n","protected":false},"excerpt":{"rendered":"<p class=\"text\" data-v-2aedf454=\"\" data-gtm-vis-has-fired-10552706_181=\"1\" data-gtm-vis-has-fired-10552706_195=\"1\" data-gtm-vis-first-on-screen-10552706_184=\"265484\" data-gtm-vis-first-on-screen-10552706_196=\"265489\" data-gtm-vis-first-on-screen-10552706_217=\"265489\" data-gtm-vis-first-on-screen-10552706_194=\"265490\" data-gtm-vis-first-on-screen-10552706_192=\"265491\" data-gtm-vis-first-on-screen-10552706_193=\"265499\" data-gtm-vis-recent-on-screen-10552706_184=\"560500\" data-gtm-vis-total-visible-time-10552706_184=\"100\" data-gtm-vis-has-fired-10552706_184=\"1\" data-gtm-vis-recent-on-screen-10552706_217=\"560503\" data-gtm-vis-total-visible-time-10552706_217=\"100\" data-gtm-vis-has-fired-10552706_217=\"1\" data-gtm-vis-recent-on-screen-10552706_196=\"560505\" data-gtm-vis-total-visible-time-10552706_196=\"100\" data-gtm-vis-has-fired-10552706_196=\"1\" data-gtm-vis-recent-on-screen-10552706_194=\"560507\" data-gtm-vis-total-visible-time-10552706_194=\"100\" data-gtm-vis-has-fired-10552706_194=\"1\" data-gtm-vis-recent-on-screen-10552706_192=\"560508\" data-gtm-vis-total-visible-time-10552706_192=\"100\" data-gtm-vis-has-fired-10552706_192=\"1\" data-gtm-vis-recent-on-screen-10552706_193=\"560515\" data-gtm-vis-total-visible-time-10552706_193=\"100\" data-gtm-vis-has-fired-10552706_193=\"1\"><span style=\"color: #000000;\"><strong>Cam\u00e9ra Bullet IR Starlight HDCVI 2MP<\/strong><\/span><\/p>\n<ul>\n<li>Starlight, 120dB vrai WDR, 3DNR<\/li>\n<li>Max 30fps @ 1080P<\/li>\n<li>Sortie HD et SD commutable<\/li>\n<li>Objectif motoris\u00e9 2,7-13,5 mm (7-22 mm en option)<\/li>\n<li>Max. Longueur IR 60m, Smart IR<\/li>\n<li>IP67, DC12V<\/li>\n<\/ul>\n<p><img decoding=\"async\" class=\"alignnone size-medium wp-image-5245\" src=\"http:\/\/tthcompany.com\/wp-content\/uploads\/2019\/03\/zoom-pro-300x32.png\" alt=\"camera zoom\" width=\"300\" height=\"32\" \/><\/p>\n","protected":false},"featured_media":18863,"comment_status":"open","ping_status":"closed","template":"","meta":{"om_disable_all_campaigns":false,"_monsterinsights_skip_tracking":false,"_monsterinsights_sitenote_active":false,"_monsterinsights_sitenote_note":"","_monsterinsights_sitenote_category":0},"product_cat":[446,303,302,447,445],"product_tag":[204,205,206,260,207,208,261,448,262,209,210,263,264,211,228,212,213,189,265,214,229,191,266,230,193,267,216,268,195,218,269,196,270,271,272,197,198,199,220,273,241,200,274,275,201,276,277,222,278,279,280,281,282,283,284,449,450,285,286,224,225,287,288,289,226,290,291,292],"class_list":{"0":"post-18913","1":"product","2":"type-product","3":"status-publish","4":"has-post-thumbnail","6":"product_cat-2mp-zoom","7":"product_cat-cameras-ip","8":"product_cat-produits-ip","9":"product_cat-serie-lite-2mp-zoom","10":"product_cat-zoom-cameras-ip","11":"product_tag-afrique-du-sud","12":"product_tag-alarme","13":"product_tag-camera","14":"product_tag-camera-de-surveillance-tanger","15":"product_tag-camera-hdcvi","16":"product_tag-camera-ip","17":"product_tag-camera-ip-dahua","18":"product_tag-camera-ipc-hfw2231r-zs-vfs-ire6-dahua-afrique","19":"product_tag-camera-maroc","20":"product_tag-camera-surveillance","21":"product_tag-camera-surveillance-afrique","22":"product_tag-camera-surveillance-avec-un-bon-prix","23":"product_tag-camera-surveillance-casablanca","24":"product_tag-camera-surveillance-dahua","25":"product_tag-camera-surveillance-maroc","26":"product_tag-camera-surveillance-tanger","27":"product_tag-camera-dahua","28":"product_tag-camera-dahua-sd59230t-hn","29":"product_tag-control-dacces-tanger","30":"product_tag-dahua-afrique","31":"product_tag-dahua-agadir","32":"product_tag-dahua-algerie","33":"product_tag-dahua-azrou","34":"product_tag-dahua-camera-4mp","35":"product_tag-dahua-casablanca","36":"product_tag-dahua-dakhla","37":"product_tag-dahua-el-jadida","38":"product_tag-dahua-errachidia","39":"product_tag-dahua-fes","40":"product_tag-dahua-hoceima","41":"product_tag-dahua-ifrane","42":"product_tag-dahua-kenitra","43":"product_tag-dahua-khemisset","44":"product_tag-dahua-khouribga","45":"product_tag-dahua-laayoune","46":"product_tag-dahua-maroc","47":"product_tag-dahua-marrakech","48":"product_tag-dahua-meknes","49":"product_tag-dahua-nador","50":"product_tag-dahua-ouarzazate","51":"product_tag-dahua-oujda","52":"product_tag-dahua-rabat","53":"product_tag-dahua-safi","54":"product_tag-dahua-settat","55":"product_tag-dahua-tanger","56":"product_tag-dahua-taroudant","57":"product_tag-dahua-taza","58":"product_tag-dahua-tetouan","59":"product_tag-dahua-tiflet","60":"product_tag-dahua-tiznit","61":"product_tag-desenfumage-tanger","62":"product_tag-detection-incendie","63":"product_tag-distributeur-dahua","64":"product_tag-installation-alarme","65":"product_tag-installations-camera-de-surveillance-maroc","66":"product_tag-ipc-hfw2231r-zs-vfs-ire6","67":"product_tag-ipc-hfw2231r-zs-vfs-ire6-2","68":"product_tag-moniteur-dimage","69":"product_tag-pack-camera-de-surveillance","70":"product_tag-pack-camera-de-surveillance-dahua","71":"product_tag-pointeuse","72":"product_tag-porte-automatiques","73":"product_tag-portes-coup-feu-tanger","74":"product_tag-skydome-tanger","75":"product_tag-smart-lock","76":"product_tag-sprinkler-tanger","77":"product_tag-travaux-d-incendie-tanger","78":"product_tag-video-surveillance-tanger","80":"first","81":"instock","82":"shipping-taxable","83":"purchasable","84":"product-type-simple","85":"add-to-wishlist-after_add_to_cart"},"aioseo_notices":[],"_links":{"self":[{"href":"https:\/\/tthcompany.ma\/index.php\/wp-json\/wp\/v2\/product\/18913","targetHints":{"allow":["GET"]}}],"collection":[{"href":"https:\/\/tthcompany.ma\/index.php\/wp-json\/wp\/v2\/product"}],"about":[{"href":"https:\/\/tthcompany.ma\/index.php\/wp-json\/wp\/v2\/types\/product"}],"replies":[{"embeddable":true,"href":"https:\/\/tthcompany.ma\/index.php\/wp-json\/wp\/v2\/comments?post=18913"}],"wp:featuredmedia":[{"embeddable":true,"href":"https:\/\/tthcompany.ma\/index.php\/wp-json\/wp\/v2\/media\/18863"}],"wp:attachment":[{"href":"https:\/\/tthcompany.ma\/index.php\/wp-json\/wp\/v2\/media?parent=18913"}],"wp:term":[{"taxonomy":"product_cat","embeddable":true,"href":"https:\/\/tthcompany.ma\/index.php\/wp-json\/wp\/v2\/product_cat?post=18913"},{"taxonomy":"product_tag","embeddable":true,"href":"https:\/\/tthcompany.ma\/index.php\/wp-json\/wp\/v2\/product_tag?post=18913"}],"curies":[{"name":"wp","href":"https:\/\/api.w.org\/{rel}","templated":true}]}}