{"id":18901,"date":"2022-08-17T10:14:32","date_gmt":"2022-08-17T10:14:32","guid":{"rendered":"https:\/\/tthcompany.ma\/?post_type=product&#038;p=18901"},"modified":"2022-12-27T10:52:22","modified_gmt":"2022-12-27T10:52:22","slug":"ipc-hdbw1230ep","status":"publish","type":"product","link":"https:\/\/tthcompany.ma\/index.php\/product\/ipc-hdbw1230ep\/","title":{"rendered":"IPC-HDBW1230EP"},"content":{"rendered":"<p>IPC-HDBW1230E\u00a0Cam\u00e9ra r\u00e9seau mini-d\u00f4me IR 2MP<\/p>\n<div id=\"div_left\">\n<div class=\"div-drop\">\n<table id=\"table001\" class=\"NEW-TABLE TableOverride-1 tab-drag\">\n<tbody>\n<tr>\n<td colspan=\"60\">\n<h2><span style=\"font-size: 14pt;\">Cam\u00e9ra<\/span><\/h2>\n<\/td>\n<\/tr>\n<tr>\n<td colspan=\"18\">Capteur d&#8217;image<\/td>\n<td colspan=\"42\">CMOS progressif 1 \/ 2,7 \u201d2M\u00e9gapixels<\/td>\n<\/tr>\n<tr>\n<td colspan=\"18\">Pixels efficaces<\/td>\n<td colspan=\"42\">1920 (H) x 1080 (V)<\/td>\n<\/tr>\n<tr>\n<td colspan=\"18\">RAM \/ ROM<\/td>\n<td colspan=\"42\">256 Mo \/ 128 Mo<\/td>\n<\/tr>\n<tr>\n<td colspan=\"18\">Syst\u00e8me de num\u00e9risation<\/td>\n<td colspan=\"42\">Progressive<\/td>\n<\/tr>\n<tr>\n<td colspan=\"18\">Vitesse d&#8217;obturation \u00e9lectronique<\/td>\n<td colspan=\"42\">Auto \/ Manuel, 1\/3 \u00e0 1\/100 000<\/td>\n<\/tr>\n<tr>\n<td colspan=\"18\">Illumination minimale<\/td>\n<td colspan=\"42\">0.08Lux \/ F2.0 (Couleur, 1\/3 s, 30IRE)<\/p>\n<p>0.3Lux \/ F2.0 (Couleur, 1 \/ 30s, 30IRE)<\/p>\n<p>0Lux \/ F2.0 (IR activ\u00e9)<\/td>\n<\/tr>\n<tr>\n<td colspan=\"18\">Ratio S \/ N<\/td>\n<td colspan=\"42\">Plus que 50dB<\/td>\n<\/tr>\n<tr>\n<td colspan=\"18\">Distance IR<\/td>\n<td colspan=\"42\">Distance jusqu&#8217;\u00e0 30m<\/td>\n<\/tr>\n<tr>\n<td colspan=\"18\">Contr\u00f4le IR On \/ Off<\/td>\n<td colspan=\"42\">Auto \/ Manuel<\/td>\n<\/tr>\n<tr>\n<td colspan=\"18\">LED IR<\/td>\n<td colspan=\"42\">24<\/td>\n<\/tr>\n<tr>\n<td colspan=\"60\">\n<h2><span style=\"font-size: 14pt;\">Lentille<\/span><\/h2>\n<\/td>\n<\/tr>\n<tr>\n<td colspan=\"18\">Type de lentille<\/td>\n<td colspan=\"42\">Fix\u00e9<\/td>\n<\/tr>\n<tr>\n<td colspan=\"18\">Type de montage<\/td>\n<td colspan=\"42\">Embarquement<\/td>\n<\/tr>\n<tr>\n<td colspan=\"18\">Distance focale<\/td>\n<td colspan=\"42\">2,8 mm (3,6 mm en option)<\/td>\n<\/tr>\n<tr>\n<td colspan=\"18\">Max.\u00a0Ouverture<\/td>\n<td colspan=\"42\">F2.0 \/ F2.0<\/td>\n<\/tr>\n<tr>\n<td colspan=\"18\">Angle de vue<\/td>\n<td colspan=\"42\">H: 104 \u00b0 \/ 92 \u00b0, V: 55 \u00b0 \/ 50 \u00b0<\/td>\n<\/tr>\n<tr>\n<td colspan=\"18\">Contr\u00f4le de la mise au point<\/td>\n<td colspan=\"42\">Fix\u00e9<\/td>\n<\/tr>\n<tr>\n<td colspan=\"18\">Distance de mise au point proche<\/td>\n<td colspan=\"42\">0,6 m (0,9 m)<\/td>\n<\/tr>\n<tr>\n<td colspan=\"18\" rowspan=\"3\">DORI Distance<\/td>\n<td colspan=\"8\">Lentille<\/td>\n<td colspan=\"8\">D\u00e9tecter<\/td>\n<td colspan=\"8\">Observer<\/td>\n<td colspan=\"8\">Reconna\u00eetre<\/td>\n<td colspan=\"10\">Identifier<\/td>\n<\/tr>\n<tr>\n<td colspan=\"8\">2,8 mm<\/td>\n<td colspan=\"8\">40 (131 pieds)<\/td>\n<td colspan=\"8\">16 (52 pieds)<\/td>\n<td colspan=\"8\">8 (26 pieds)<\/td>\n<td colspan=\"10\">4 (13 pieds)<\/td>\n<\/tr>\n<tr>\n<td colspan=\"8\">3,6 mm<\/td>\n<td colspan=\"8\">53 (174 pieds)<\/td>\n<td colspan=\"8\">21 (69 pieds)<\/td>\n<td colspan=\"8\">11 (36 pieds)<\/td>\n<td colspan=\"10\">5 (16 pieds)<\/td>\n<\/tr>\n<tr>\n<td colspan=\"60\">\n<h2><span style=\"font-size: 14pt;\">PTZ<\/span><\/h2>\n<\/td>\n<\/tr>\n<tr>\n<td colspan=\"18\">Gamme Pan \/ Tilt<\/td>\n<td colspan=\"42\">Casserole: 0 \u00b0 ~ 355 \u00b0;\u00a0Inclinaison: 0 \u00b0 ~ 65 \u00b0;\u00a0Rotation: 0 \u00b0 ~ 355 \u00b0<\/td>\n<\/tr>\n<tr>\n<td colspan=\"60\">Intelligence<\/td>\n<\/tr>\n<tr>\n<td colspan=\"18\">D\u00e9clencheur d&#8217;\u00e9v\u00e9nement<\/td>\n<td colspan=\"42\">D\u00e9tection de mouvement, falsification vid\u00e9o, changement de sc\u00e8ne, d\u00e9connexion r\u00e9seau, conflit d&#8217;adresses IP, acc\u00e8s ill\u00e9gal, anomalie de stockage<\/td>\n<\/tr>\n<tr>\n<td colspan=\"18\">IVS<\/td>\n<td colspan=\"42\">Tripwire, Intrusion<\/td>\n<\/tr>\n<tr>\n<td colspan=\"60\">\n<h2><span style=\"font-size: 14pt;\">Vid\u00e9o<\/span><\/h2>\n<\/td>\n<\/tr>\n<tr>\n<td colspan=\"18\">Compression<\/td>\n<td colspan=\"42\">H.265 \/ H.264H \/ MJPEG (sous-flux)<\/td>\n<\/tr>\n<tr>\n<td colspan=\"18\">Codec intelligent<\/td>\n<td colspan=\"42\">Soutien H.265 + \/ H.264 +<\/td>\n<\/tr>\n<tr>\n<td colspan=\"18\">Capacit\u00e9 de streaming<\/td>\n<td colspan=\"42\">2 flux<\/td>\n<\/tr>\n<tr>\n<td colspan=\"18\">R\u00e9solution<\/td>\n<td colspan=\"42\">1080P (1920 \u00d7 1080) \/ 1,3M (1280 \u00d7 960) \/<\/p>\n<p>720P (1280 \u00d7 720) \/ D1 (704 \u00d7 576\/704 \u00d7 480) \/ VGA (640 \u00d7 480) \/ CIF (352 \u00d7 288\/352 \u00d7 240)<\/td>\n<\/tr>\n<tr>\n<td colspan=\"18\" rowspan=\"2\">Taux de trame<\/td>\n<td colspan=\"42\">Flux principal: 1080p (1 ~ 25 \/ 30fps)<\/td>\n<\/tr>\n<tr>\n<td colspan=\"42\">Sous flux: D1 (1 ~ 25 \/ 30fps)<\/td>\n<\/tr>\n<tr>\n<td colspan=\"18\">Contr\u00f4le du d\u00e9bit binaire<\/td>\n<td colspan=\"42\">CBR \/ VBR<\/td>\n<\/tr>\n<tr>\n<td colspan=\"18\">D\u00e9bit binaire<\/td>\n<td colspan=\"42\">H.265: 12K ~ 6400Kbps<\/p>\n<p>H.264: 32K ~ 10240Kbps<\/td>\n<\/tr>\n<\/tbody>\n<\/table>\n<\/div>\n<\/div>\n<div id=\"div_left\">\n<div class=\"div-drop\">\n<table id=\"table002\" class=\"NEW-TABLE TableOverride-1 tab-drag\">\n<tbody>\n<tr>\n<td colspan=\"18\">Jour Nuit<\/td>\n<td colspan=\"42\">Auto (ICR) \/ Couleur \/ N \/ B<\/td>\n<\/tr>\n<tr>\n<td colspan=\"18\">Mode BLC<\/td>\n<td colspan=\"42\">BLC \/ HLC \/ DWDR<\/td>\n<\/tr>\n<tr>\n<td colspan=\"18\">Balance des blancs<\/td>\n<td colspan=\"42\">Auto \/ Naturel \/ Lampadaire \/ Ext\u00e9rieur \/ Manuel<\/td>\n<\/tr>\n<tr>\n<td colspan=\"18\">Prendre le contr\u00f4le<\/td>\n<td colspan=\"42\">Auto \/ Manuel<\/td>\n<\/tr>\n<tr>\n<td colspan=\"18\">R\u00e9duction de bruit<\/td>\n<td colspan=\"42\">DNR 3D<\/td>\n<\/tr>\n<tr>\n<td colspan=\"18\">D\u00e9tection de mouvement<\/td>\n<td colspan=\"42\">Arr\u00eat \/ Marche (4 zones, rectangle)<\/td>\n<\/tr>\n<tr>\n<td colspan=\"18\">R\u00e9gion d&#8217;int\u00e9r\u00eat<\/td>\n<td colspan=\"42\">Off \/ On (4 Zone)<\/td>\n<\/tr>\n<tr>\n<td colspan=\"18\">Image \u00e9lectronique<\/td>\n<td colspan=\"42\">Soutien<\/td>\n<\/tr>\n<tr>\n<td colspan=\"18\">IR intelligent<\/td>\n<td colspan=\"42\">Soutien<\/td>\n<\/tr>\n<tr>\n<td colspan=\"18\">Zoom num\u00e9rique<\/td>\n<td colspan=\"42\">16x<\/td>\n<\/tr>\n<tr>\n<td colspan=\"18\">Flip<\/td>\n<td colspan=\"42\">0 \u00b0 \/ 90 \u00b0 \/ 180 \u00b0 \/ 270 \u00b0<\/td>\n<\/tr>\n<tr>\n<td colspan=\"18\">Miroir<\/td>\n<td colspan=\"42\">\u00c9teint allum\u00e9<\/td>\n<\/tr>\n<tr>\n<td colspan=\"18\">Masquage de confidentialit\u00e9<\/td>\n<td colspan=\"42\">Arr\u00eat \/ Marche (4 zones, rectangle)<\/td>\n<\/tr>\n<tr>\n<td colspan=\"60\">\n<h2><span style=\"font-size: 14pt;\">l&#8217;audio<\/span><\/h2>\n<\/td>\n<\/tr>\n<tr>\n<td colspan=\"18\">Compression<\/td>\n<td colspan=\"42\">N \/ A<\/td>\n<\/tr>\n<tr>\n<td colspan=\"60\">R\u00e9seau<\/td>\n<\/tr>\n<tr>\n<td colspan=\"18\">Ethernet<\/td>\n<td colspan=\"42\">RJ-45 (10 \/ 100Base-T)<\/td>\n<\/tr>\n<tr>\n<td colspan=\"18\">Protocole<\/td>\n<td colspan=\"42\">HTTP; HTTPs; TCP; ARP; RTSP; RTP; RTCP; UDP; SMTP;<\/p>\n<p>FTP; DHCP; DNS; DDNS; PPPoE; IPv4 \/ v6; QoS; UPnP;<\/p>\n<p>NTP; Bonjour; IEEE 802.1x; Multicast; ICMP; IGMP;<\/p>\n<p>TLS<\/td>\n<\/tr>\n<tr>\n<td colspan=\"18\">L&#8217;interop\u00e9rabilit\u00e9<\/td>\n<td colspan=\"42\">Profil ONVIF S &amp; G, API<\/td>\n<\/tr>\n<tr>\n<td colspan=\"18\">M\u00e9thode de streaming<\/td>\n<td colspan=\"42\">Unicast \/ Multicast<\/td>\n<\/tr>\n<tr>\n<td colspan=\"18\">Max.\u00a0Acc\u00e8s utilisateur<\/td>\n<td colspan=\"42\">10 utilisateurs \/ 20 utilisateurs<\/td>\n<\/tr>\n<tr>\n<td colspan=\"18\">Stockage de bord<\/td>\n<td colspan=\"42\">NAS<\/p>\n<p>PC local pour enregistrement instantan\u00e9<\/td>\n<\/tr>\n<tr>\n<td colspan=\"18\">Web Viewer<\/td>\n<td colspan=\"42\">IE, Chrome, Firefox, Safari<\/td>\n<\/tr>\n<tr>\n<td colspan=\"18\">Logiciel de gestion<\/td>\n<td colspan=\"42\">Smart PSS, DSS, DMSS<\/td>\n<\/tr>\n<tr>\n<td colspan=\"18\">T\u00e9l\u00e9phone intelligent<\/td>\n<td colspan=\"42\">IOS, Android<\/td>\n<\/tr>\n<tr>\n<td colspan=\"60\">\n<h2><span style=\"font-size: 14pt;\">Certifications<\/span><\/h2>\n<\/td>\n<\/tr>\n<tr>\n<td colspan=\"18\">Certifications<\/td>\n<td colspan=\"42\">CE (EN 60950: 2000)<\/p>\n<p>UL: UL60950-1<\/p>\n<p>FCC: FCC Partie 15, sous-partie B<\/td>\n<\/tr>\n<tr>\n<td colspan=\"60\">\n<h2><span style=\"font-size: 14pt;\">Interface<\/span><\/h2>\n<\/td>\n<\/tr>\n<tr>\n<td colspan=\"18\">Interface vid\u00e9o<\/td>\n<td colspan=\"42\">N \/ A<\/td>\n<\/tr>\n<tr>\n<td colspan=\"18\">Interface audio<\/td>\n<td colspan=\"42\">N \/ A<\/td>\n<\/tr>\n<tr>\n<td colspan=\"18\">RS485<\/td>\n<td colspan=\"42\">N \/ A<\/td>\n<\/tr>\n<tr>\n<td colspan=\"18\">Alarme<\/td>\n<td colspan=\"42\">N \/ A<\/td>\n<\/tr>\n<tr>\n<td colspan=\"60\">\n<h2><span style=\"font-size: 14pt;\">\u00c9lectrique<\/span><\/h2>\n<\/td>\n<\/tr>\n<tr>\n<td colspan=\"18\">Source de courant<\/td>\n<td colspan=\"42\">DC12V, PoE (802.3af) (classe 0)<\/td>\n<\/tr>\n<tr>\n<td colspan=\"18\">Consommation d&#8217;\u00e9nergie<\/td>\n<td colspan=\"42\">&lt;5.5W<\/td>\n<\/tr>\n<\/tbody>\n<\/table>\n<\/div>\n<\/div>\n<div id=\"div_left\">\n<div class=\"div-drop\">\n<table id=\"table003\" class=\"NEW-TABLE TableOverride-1 tab-drag\" style=\"width: 77%;\">\n<tbody>\n<tr>\n<td style=\"width: 79.8742%;\" colspan=\"60\">\n<h2><span style=\"font-size: 14pt;\">Environnement<\/span><\/h2>\n<\/td>\n<\/tr>\n<tr>\n<td style=\"width: 39.1509%;\" colspan=\"18\">Des conditions de fonctionnement<\/td>\n<td style=\"width: 40.7233%;\" colspan=\"42\">-30 \u00b0 C ~ + 60 \u00b0 C \/ moins de 95% d&#8217;humidit\u00e9 relative<\/td>\n<\/tr>\n<tr>\n<td style=\"width: 39.1509%;\" colspan=\"18\">Conditions de stockage<\/td>\n<td style=\"width: 40.7233%;\" colspan=\"42\">-30 \u00b0 C ~ + 60 \u00b0 C \/ moins de 95% d&#8217;humidit\u00e9 relative<\/td>\n<\/tr>\n<tr>\n<td style=\"width: 39.1509%;\" colspan=\"18\">Protection contre la p\u00e9n\u00e9tration<\/td>\n<td style=\"width: 40.7233%;\" colspan=\"42\">IP67<\/td>\n<\/tr>\n<tr>\n<td style=\"width: 39.1509%;\" colspan=\"18\">R\u00e9sistance vandale<\/td>\n<td style=\"width: 40.7233%;\" colspan=\"42\">IK10<\/td>\n<\/tr>\n<tr>\n<td style=\"width: 79.8742%;\" colspan=\"60\">\n<h2><span style=\"font-size: 14pt;\">Construction<\/span><\/h2>\n<\/td>\n<\/tr>\n<tr>\n<td style=\"width: 39.1509%;\" colspan=\"18\">Enveloppe<\/td>\n<td style=\"width: 40.7233%;\" colspan=\"42\">M\u00e9tal<\/td>\n<\/tr>\n<tr>\n<td style=\"width: 39.1509%;\" colspan=\"18\">Dimensions<\/td>\n<td style=\"width: 40.7233%;\" colspan=\"42\">109.9mm \u00d7 81mm (4.33 &#8220;x 3.19&#8221;)<\/td>\n<\/tr>\n<tr>\n<td style=\"width: 39.1509%;\" colspan=\"18\">Poids net<\/td>\n<td style=\"width: 40.7233%;\" colspan=\"42\">0,34 kg (0,75 lb)<\/td>\n<\/tr>\n<tr>\n<td style=\"width: 39.1509%;\" colspan=\"18\">Poids brut<\/td>\n<td style=\"width: 40.7233%;\" colspan=\"42\">0,47 kg (1,04 lb)<\/td>\n<\/tr>\n<\/tbody>\n<\/table>\n<\/div>\n<\/div>\n","protected":false},"excerpt":{"rendered":"<h1><span style=\"color: #000000; font-size: 10pt; font-family: georgia, palatino, serif;\"><strong>Cam\u00e9ra r\u00e9seau mini-d\u00f4me IR 2MP<\/strong><\/span><\/h1>\n<ul>\n<li class=\"desc\">1 \/ 2,7 &#8220;CMOS progressif 2M\u00e9gapixels<\/li>\n<li class=\"desc\">Encodage double flux H.265 &amp; H.264\u00a0&gt; 25\/30 ips<br \/>\n@ 1080P (1920&#215;1080)<\/li>\n<li class=\"desc\">DWDR, Jour \/ Nuit (ICR), 3DNR, AWB, AGC, BLC<\/li>\n<li class=\"desc\">Surveillance en r\u00e9seau multiple : Visionneuse Web, CMS (DSS \/ PSS) et DMSS<\/li>\n<li class=\"desc\">Objectif\u00a0fixe de\u00a02,8\u00a0mm (\u00a03,6\u00a0mm en option)<\/li>\n<li class=\"desc\">Longueur maximale de LED IR 30 m<\/li>\n<li class=\"desc\">IP67, IK10, PoE<\/li>\n<\/ul>\n","protected":false},"featured_media":18912,"comment_status":"open","ping_status":"closed","template":"","meta":{"om_disable_all_campaigns":false,"_monsterinsights_skip_tracking":false,"_monsterinsights_sitenote_active":false,"_monsterinsights_sitenote_note":"","_monsterinsights_sitenote_category":0},"product_cat":[304,305,303,302,440],"product_tag":[204,205,206,260,207,208,261,262,209,210,263,264,211,228,212,213,189,265,214,229,191,192,266,193,267,216,268,195,218,269,196,270,271,272,197,198,199,220,273,241,200,274,221,275,201,276,277,222,278,279,282,283,284,444,285,286,224,225,226,292],"class_list":{"0":"post-18901","1":"product","2":"type-product","3":"status-publish","4":"has-post-thumbnail","6":"product_cat-camera-fixe","7":"product_cat-cameras-2mp-camera-fixe","8":"product_cat-cameras-ip","9":"product_cat-produits-ip","10":"product_cat-serie-lite","11":"product_tag-afrique-du-sud","12":"product_tag-alarme","13":"product_tag-camera","14":"product_tag-camera-de-surveillance-tanger","15":"product_tag-camera-hdcvi","16":"product_tag-camera-ip","17":"product_tag-camera-ip-dahua","18":"product_tag-camera-maroc","19":"product_tag-camera-surveillance","20":"product_tag-camera-surveillance-afrique","21":"product_tag-camera-surveillance-avec-un-bon-prix","22":"product_tag-camera-surveillance-casablanca","23":"product_tag-camera-surveillance-dahua","24":"product_tag-camera-surveillance-maroc","25":"product_tag-camera-surveillance-tanger","26":"product_tag-camera-dahua","27":"product_tag-camera-dahua-sd59230t-hn","28":"product_tag-control-dacces-tanger","29":"product_tag-dahua-afrique","30":"product_tag-dahua-agadir","31":"product_tag-dahua-algerie","32":"product_tag-dahua-assila","33":"product_tag-dahua-azrou","34":"product_tag-dahua-casablanca","35":"product_tag-dahua-dakhla","36":"product_tag-dahua-el-jadida","37":"product_tag-dahua-errachidia","38":"product_tag-dahua-fes","39":"product_tag-dahua-hoceima","40":"product_tag-dahua-ifrane","41":"product_tag-dahua-kenitra","42":"product_tag-dahua-khemisset","43":"product_tag-dahua-khouribga","44":"product_tag-dahua-laayoune","45":"product_tag-dahua-maroc","46":"product_tag-dahua-marrakech","47":"product_tag-dahua-meknes","48":"product_tag-dahua-nador","49":"product_tag-dahua-ouarzazate","50":"product_tag-dahua-oujda","51":"product_tag-dahua-rabat","52":"product_tag-dahua-safi","53":"product_tag-dahua-sale","54":"product_tag-dahua-settat","55":"product_tag-dahua-tanger","56":"product_tag-dahua-taroudant","57":"product_tag-dahua-taza","58":"product_tag-dahua-tetouan","59":"product_tag-dahua-tiflet","60":"product_tag-dahua-tiznit","61":"product_tag-distributeur-dahua","62":"product_tag-installation-alarme","63":"product_tag-installations-camera-de-surveillance-maroc","64":"product_tag-ipc-hdbw1230e","65":"product_tag-moniteur-dimage","66":"product_tag-pack-camera-de-surveillance","67":"product_tag-pack-camera-de-surveillance-dahua","68":"product_tag-pointeuse","69":"product_tag-smart-lock","70":"product_tag-video-surveillance-tanger","71":"ts_product_brand-dahua","73":"first","74":"instock","75":"shipping-taxable","76":"purchasable","77":"product-type-simple","78":"add-to-wishlist-after_add_to_cart"},"aioseo_notices":[],"_links":{"self":[{"href":"https:\/\/tthcompany.ma\/index.php\/wp-json\/wp\/v2\/product\/18901","targetHints":{"allow":["GET"]}}],"collection":[{"href":"https:\/\/tthcompany.ma\/index.php\/wp-json\/wp\/v2\/product"}],"about":[{"href":"https:\/\/tthcompany.ma\/index.php\/wp-json\/wp\/v2\/types\/product"}],"replies":[{"embeddable":true,"href":"https:\/\/tthcompany.ma\/index.php\/wp-json\/wp\/v2\/comments?post=18901"}],"wp:featuredmedia":[{"embeddable":true,"href":"https:\/\/tthcompany.ma\/index.php\/wp-json\/wp\/v2\/media\/18912"}],"wp:attachment":[{"href":"https:\/\/tthcompany.ma\/index.php\/wp-json\/wp\/v2\/media?parent=18901"}],"wp:term":[{"taxonomy":"product_cat","embeddable":true,"href":"https:\/\/tthcompany.ma\/index.php\/wp-json\/wp\/v2\/product_cat?post=18901"},{"taxonomy":"product_tag","embeddable":true,"href":"https:\/\/tthcompany.ma\/index.php\/wp-json\/wp\/v2\/product_tag?post=18901"}],"curies":[{"name":"wp","href":"https:\/\/api.w.org\/{rel}","templated":true}]}}