{"id":18900,"date":"2022-08-17T10:14:32","date_gmt":"2022-08-17T10:14:32","guid":{"rendered":"https:\/\/tthcompany.ma\/?post_type=product&#038;p=18900"},"modified":"2023-09-26T11:01:14","modified_gmt":"2023-09-26T11:01:14","slug":"ipc-hdw1230sp","status":"publish","type":"product","link":"https:\/\/tthcompany.ma\/index.php\/product\/ipc-hdw1230sp\/","title":{"rendered":"IPC-HDW1230SP"},"content":{"rendered":"<div id=\"div_left\">\n<div class=\"div-drop\">\n<div id=\"div_left\">\n<div class=\"div-drop\">\n<table id=\"table001\" class=\"NEW-TABLE TableOverride-1 tab-drag\" style=\"width: 100%; height: 1550px;\">\n<tbody>\n<tr style=\"height: 75px;\">\n<td style=\"height: 75px;\" colspan=\"60\">\n<h2><span style=\"font-size: 14pt;\">Cam\u00e9ra<\/span><\/h2>\n<\/td>\n<\/tr>\n<tr style=\"height: 23px;\">\n<td style=\"height: 23px;\" colspan=\"18\">Capteur d&#8217;image<\/td>\n<td style=\"height: 23px;\" colspan=\"42\">CMOS progressif 1 \/ 2,7 \u201d2 m\u00e9gapixels<\/td>\n<\/tr>\n<tr style=\"height: 23px;\">\n<td style=\"height: 23px;\" colspan=\"18\">Pixels efficaces<\/td>\n<td style=\"height: 23px;\" colspan=\"42\">1920 (H) x1080 (V)<\/td>\n<\/tr>\n<tr style=\"height: 23px;\">\n<td style=\"height: 23px;\" colspan=\"18\">RAM \/ ROM<\/td>\n<td style=\"height: 23px;\" colspan=\"42\">256 Mo \/ 32 Mo<\/td>\n<\/tr>\n<tr style=\"height: 47px;\">\n<td style=\"height: 47px;\" colspan=\"18\">Syst\u00e8me de num\u00e9risation<\/td>\n<td style=\"height: 47px;\" colspan=\"42\">Progressive<\/td>\n<\/tr>\n<tr style=\"height: 47px;\">\n<td style=\"height: 47px;\" colspan=\"18\">Vitesse d&#8217;obturation \u00e9lectronique<\/td>\n<td style=\"height: 47px;\" colspan=\"42\">Auto \/ Manuel, 1\/3 ~ 1 \/ 100000s<\/td>\n<\/tr>\n<tr style=\"height: 135px;\">\n<td style=\"height: 135px;\" colspan=\"18\">\u00c9clairage minimum<\/td>\n<td style=\"height: 135px;\" colspan=\"42\">0.08Lux \/ F2.0 (Couleur, 1 \/ 3s, 30IRE)<\/p>\n<p>0.3Lux \/ F2.0 (couleur, 1 \/ 30s, 30IRE)<\/p>\n<p>0Lux \/ F2.0 (IR activ\u00e9)<\/td>\n<\/tr>\n<tr style=\"height: 23px;\">\n<td style=\"height: 23px;\" colspan=\"18\">Rapport S \/ N<\/td>\n<td style=\"height: 23px;\" colspan=\"42\">Plus de 50 dB<\/td>\n<\/tr>\n<tr style=\"height: 23px;\">\n<td style=\"height: 23px;\" colspan=\"18\">Distance IR<\/td>\n<td style=\"height: 23px;\" colspan=\"42\">Distance jusqu&#8217;\u00e0 30 m (98 pieds)<\/td>\n<\/tr>\n<tr style=\"height: 47px;\">\n<td style=\"height: 47px;\" colspan=\"18\">Contr\u00f4le marche \/ arr\u00eat infrarouge<\/td>\n<td style=\"height: 47px;\" colspan=\"42\">Auto \/ Manuel<\/td>\n<\/tr>\n<tr style=\"height: 23px;\">\n<td style=\"height: 23px;\" colspan=\"18\">LED IR<\/td>\n<td style=\"height: 23px;\" colspan=\"42\">12<\/td>\n<\/tr>\n<tr style=\"height: 75px;\">\n<td style=\"height: 75px;\" colspan=\"60\">\n<h2><span style=\"font-size: 14pt;\">Capture<\/span><\/h2>\n<\/td>\n<\/tr>\n<tr style=\"height: 23px;\">\n<td style=\"height: 23px;\" colspan=\"18\">Type d&#8217;objectif<\/td>\n<td style=\"height: 23px;\" colspan=\"42\">Fix\u00e9<\/td>\n<\/tr>\n<tr style=\"height: 23px;\">\n<td style=\"height: 23px;\" colspan=\"18\">Type de montage<\/td>\n<td style=\"height: 23px;\" colspan=\"42\">Embarquement<\/td>\n<\/tr>\n<tr style=\"height: 23px;\">\n<td style=\"height: 23px;\" colspan=\"18\">Distance focale<\/td>\n<td style=\"height: 23px;\" colspan=\"42\">2,8 mm (3,6 mm en option)<\/td>\n<\/tr>\n<tr style=\"height: 23px;\">\n<td style=\"height: 23px;\" colspan=\"18\">Max.\u00a0Ouverture<\/td>\n<td style=\"height: 23px;\" colspan=\"42\">F2.0 \/ F2.0<\/td>\n<\/tr>\n<tr style=\"height: 23px;\">\n<td style=\"height: 23px;\" colspan=\"18\">Angle de vue<\/td>\n<td style=\"height: 23px;\" colspan=\"42\">H: 104 \u00b0 \/ 92 \u00b0, V: 55 \u00b0 \/ 50 \u00b0<\/td>\n<\/tr>\n<tr style=\"height: 47px;\">\n<td style=\"height: 47px;\" colspan=\"18\">Contr\u00f4le de la mise au point<\/td>\n<td style=\"height: 47px;\" colspan=\"42\">Fix\u00e9<\/td>\n<\/tr>\n<tr style=\"height: 47px;\">\n<td style=\"height: 47px;\" colspan=\"18\">Distance de mise au point rapproch\u00e9e<\/td>\n<td style=\"height: 47px;\" colspan=\"42\">0,6 m (0,9 m)<\/td>\n<\/tr>\n<tr style=\"height: 23px;\">\n<td style=\"height: 69px;\" colspan=\"18\" rowspan=\"3\">Distance DORI<\/td>\n<td style=\"height: 23px;\" colspan=\"8\">Lentille<\/td>\n<td style=\"height: 23px;\" colspan=\"8\">D\u00e9tecter<\/td>\n<td style=\"height: 23px;\" colspan=\"8\">Observer<\/td>\n<td style=\"height: 23px;\" colspan=\"8\">Reconna\u00eetre<\/td>\n<td style=\"height: 23px;\" colspan=\"10\">Identifier<\/td>\n<\/tr>\n<tr style=\"height: 23px;\">\n<td style=\"height: 23px;\" colspan=\"8\">2,8 mm<\/td>\n<td style=\"height: 23px;\" colspan=\"8\">40 (131 pieds)<\/td>\n<td style=\"height: 23px;\" colspan=\"8\">16 (52 pieds)<\/td>\n<td style=\"height: 23px;\" colspan=\"8\">8 (26 pieds)<\/td>\n<td style=\"height: 23px;\" colspan=\"10\">4 (13 pieds)<\/td>\n<\/tr>\n<tr style=\"height: 23px;\">\n<td style=\"height: 23px;\" colspan=\"8\">3,6 mm<\/td>\n<td style=\"height: 23px;\" colspan=\"8\">53 (174 pieds)<\/td>\n<td style=\"height: 23px;\" colspan=\"8\">21 (69 pieds)<\/td>\n<td style=\"height: 23px;\" colspan=\"8\">11 (36 pieds)<\/td>\n<td style=\"height: 23px;\" colspan=\"10\">5 (16 pieds)<\/td>\n<\/tr>\n<tr style=\"height: 75px;\">\n<td style=\"height: 75px;\" colspan=\"60\">\n<h2><span style=\"font-size: 14pt;\">PTZ<\/span><\/h2>\n<\/td>\n<\/tr>\n<tr style=\"height: 23px;\">\n<td style=\"height: 23px;\" colspan=\"18\">Gamme Pan \/ Tilt<\/td>\n<td style=\"height: 23px;\" colspan=\"42\">Pan: 0 \u00b0 ~ 360 \u00b0; Inclinaison: 0 \u00b0 ~ 90 \u00b0; Rotation: 0 \u00b0 ~ 360 \u00b0<\/td>\n<\/tr>\n<tr style=\"height: 75px;\">\n<td style=\"height: 75px;\" colspan=\"60\">\n<h2><span style=\"font-size: 14pt;\">Intelligence<\/span><\/h2>\n<\/td>\n<\/tr>\n<tr style=\"height: 47px;\">\n<td style=\"height: 47px;\" colspan=\"18\">D\u00e9clencheur d&#8217;\u00e9v\u00e9nement<\/td>\n<td style=\"height: 47px;\" colspan=\"42\">D\u00e9tection de mouvement, alt\u00e9ration vid\u00e9o, changement de sc\u00e8ne, d\u00e9connexion du r\u00e9seau, conflit d&#8217;adresse IP, acc\u00e8s ill\u00e9gal, anomalie de stockage<\/td>\n<\/tr>\n<tr style=\"height: 23px;\">\n<td style=\"height: 23px;\" colspan=\"18\">IVS<\/td>\n<td style=\"height: 23px;\" colspan=\"42\">Tripwire, Intrusion<\/td>\n<\/tr>\n<tr style=\"height: 65px;\">\n<td style=\"height: 65px;\" colspan=\"60\">\n<h2><span style=\"font-size: 14pt;\">Vid\u00e9o<\/span><\/h2>\n<\/td>\n<\/tr>\n<tr style=\"height: 23px;\">\n<td style=\"height: 23px;\" colspan=\"18\">Compression<\/td>\n<td style=\"height: 23px;\" colspan=\"42\">H.265 \/ H.264H \/ MJPEG (sous-flux)<\/td>\n<\/tr>\n<tr style=\"height: 23px;\">\n<td style=\"height: 23px;\" colspan=\"18\">Codec intelligent<\/td>\n<td style=\"height: 23px;\" colspan=\"42\">Prise en charge H.265 + \/ H.264 +<\/td>\n<\/tr>\n<tr style=\"height: 47px;\">\n<td style=\"height: 47px;\" colspan=\"18\">Capacit\u00e9 de streaming<\/td>\n<td style=\"height: 47px;\" colspan=\"42\">2 flux<\/td>\n<\/tr>\n<tr style=\"height: 119px;\">\n<td style=\"height: 119px;\" colspan=\"18\">R\u00e9solution<\/td>\n<td style=\"height: 119px;\" colspan=\"42\">1080P (1920 \u00d7 1080) \/ 1,3 M (1280 \u00d7 960) \/<\/p>\n<p>720P (1280 \u00d7 720) \/ D1 (704 \u00d7 576\/704 \u00d7 480) \/ VGA (640 \u00d7 480) \/ CIF (352 \u00d7 288\/352 \u00d7 240)<\/td>\n<\/tr>\n<tr style=\"height: 23px;\">\n<td style=\"height: 46px;\" colspan=\"18\" rowspan=\"2\">Fr\u00e9quence d&#8217;images<\/td>\n<td style=\"height: 23px;\" colspan=\"42\">Flux principal: 1080P (1 ~ 25 \/ 30fps)<\/td>\n<\/tr>\n<tr style=\"height: 23px;\">\n<td style=\"height: 23px;\" colspan=\"42\">Sous-flux: D1 (1 ~ 25 \/ 30fps)<\/td>\n<\/tr>\n<tr style=\"height: 47px;\">\n<td style=\"height: 47px;\" colspan=\"18\">Contr\u00f4le du d\u00e9bit binaire<\/td>\n<td style=\"height: 47px;\" colspan=\"42\">CBR \/ VBR<\/td>\n<\/tr>\n<tr style=\"height: 95px;\">\n<td style=\"height: 95px;\" colspan=\"18\">D\u00e9bit binaire<\/td>\n<td style=\"height: 95px;\" colspan=\"42\">H.265: 12K ~ 6400Kbps<\/p>\n<p>H.264: 32K ~ 10240Kbps<\/td>\n<\/tr>\n<\/tbody>\n<\/table>\n<\/div>\n<\/div>\n<div id=\"div_left\">\n<div class=\"div-drop\">\n<table id=\"table002\" class=\"NEW-TABLE TableOverride-1 tab-drag\" style=\"width: 86.4522%; height: 1381px;\">\n<tbody>\n<tr style=\"height: 23px;\">\n<td style=\"height: 23px;\" colspan=\"18\">Jour Nuit<\/td>\n<td style=\"height: 23px;\" colspan=\"42\">Auto (ICR) \/ Couleur \/ N \/ B<\/td>\n<\/tr>\n<tr style=\"height: 23px;\">\n<td style=\"height: 23px;\" colspan=\"18\">Mode BLC<\/td>\n<td style=\"height: 23px;\" colspan=\"42\">BLC \/ HLC \/ DWDR<\/td>\n<\/tr>\n<tr style=\"height: 23px;\">\n<td style=\"height: 23px;\" colspan=\"18\">Balance des blancs<\/td>\n<td style=\"height: 23px;\" colspan=\"42\">Auto \/ Naturel \/ Lampadaire \/ Ext\u00e9rieur \/ Manuel<\/td>\n<\/tr>\n<tr style=\"height: 23px;\">\n<td style=\"height: 23px;\" colspan=\"18\">Prendre le contr\u00f4le<\/td>\n<td style=\"height: 23px;\" colspan=\"42\">Auto \/ Manuel<\/td>\n<\/tr>\n<tr style=\"height: 23px;\">\n<td style=\"height: 23px;\" colspan=\"18\">R\u00e9duction de bruit<\/td>\n<td style=\"height: 23px;\" colspan=\"42\">DNR 3D<\/td>\n<\/tr>\n<tr style=\"height: 23px;\">\n<td style=\"height: 23px;\" colspan=\"18\">D\u00e9tection de mouvement<\/td>\n<td style=\"height: 23px;\" colspan=\"42\">Arr\u00eat \/ Marche (4 zones, rectangle)<\/td>\n<\/tr>\n<tr style=\"height: 23px;\">\n<td style=\"height: 23px;\" colspan=\"18\">R\u00e9gion d&#8217;int\u00e9r\u00eat<\/td>\n<td style=\"height: 23px;\" colspan=\"42\">Arr\u00eat \/ Marche (4 zones)<\/td>\n<\/tr>\n<tr style=\"height: 23px;\">\n<td style=\"height: 23px;\" colspan=\"18\">Image \u00e9lectronique<\/td>\n<td style=\"height: 23px;\" colspan=\"42\">Soutien<\/td>\n<\/tr>\n<tr style=\"height: 23px;\">\n<td style=\"height: 23px;\" colspan=\"18\">Smart IR<\/td>\n<td style=\"height: 23px;\" colspan=\"42\">Soutien<\/td>\n<\/tr>\n<tr style=\"height: 23px;\">\n<td style=\"height: 23px;\" colspan=\"18\">Zoom num\u00e9rique<\/td>\n<td style=\"height: 23px;\" colspan=\"42\">16x<\/td>\n<\/tr>\n<tr style=\"height: 23px;\">\n<td style=\"height: 23px;\" colspan=\"18\">Retourner<\/td>\n<td style=\"height: 23px;\" colspan=\"42\">0 \u00b0 \/ 90 \u00b0 \/ 180 \u00b0 \/ 270 \u00b0<\/td>\n<\/tr>\n<tr style=\"height: 23px;\">\n<td style=\"height: 23px;\" colspan=\"18\">Miroir<\/td>\n<td style=\"height: 23px;\" colspan=\"42\">\u00c9teint allum\u00e9<\/td>\n<\/tr>\n<tr style=\"height: 23px;\">\n<td style=\"height: 23px;\" colspan=\"18\">Masquage de confidentialit\u00e9<\/td>\n<td style=\"height: 23px;\" colspan=\"42\">Arr\u00eat \/ Marche (4 zones, rectangle)<\/td>\n<\/tr>\n<tr style=\"height: 75px;\">\n<td style=\"height: 75px;\" colspan=\"60\">\n<h2><span style=\"font-size: 14pt;\">l&#8217;audio<\/span><\/h2>\n<\/td>\n<\/tr>\n<tr style=\"height: 23px;\">\n<td style=\"height: 23px;\" colspan=\"18\">Compression<\/td>\n<td style=\"height: 23px;\" colspan=\"42\">N \/ A<\/td>\n<\/tr>\n<tr style=\"height: 75px;\">\n<td style=\"height: 75px;\" colspan=\"60\">\n<h2><span style=\"font-size: 14pt;\">R\u00e9seau<\/span><\/h2>\n<\/td>\n<\/tr>\n<tr style=\"height: 23px;\">\n<td style=\"height: 23px;\" colspan=\"18\">Ethernet<\/td>\n<td style=\"height: 23px;\" colspan=\"42\">RJ-45 (10 \/ 100Base-T)<\/td>\n<\/tr>\n<tr style=\"height: 175px;\">\n<td style=\"height: 175px;\" colspan=\"18\">Protocole<\/td>\n<td style=\"height: 175px;\" colspan=\"42\">HTTP; HTTPs; TCP; ARP; RTSP; RTP; RTCP; UDP; SMTP;<\/p>\n<p>FTP; DHCP; DNS; DDNS; PPPoE; IPv4 \/ v6; QoS; UPnP;<\/p>\n<p>NTP; Bonjour; IEEE 802.1x; multidiffusion; ICMP; IGMP;<\/p>\n<p>TLS<\/td>\n<\/tr>\n<tr style=\"height: 23px;\">\n<td style=\"height: 23px;\" colspan=\"18\">L&#8217;interop\u00e9rabilit\u00e9<\/td>\n<td style=\"height: 23px;\" colspan=\"42\">Profil ONVIF S&amp;G, API<\/td>\n<\/tr>\n<tr style=\"height: 23px;\">\n<td style=\"height: 23px;\" colspan=\"18\">M\u00e9thode de diffusion<\/td>\n<td style=\"height: 23px;\" colspan=\"42\">Unicast \/ Multicast<\/td>\n<\/tr>\n<tr style=\"height: 23px;\">\n<td style=\"height: 23px;\" colspan=\"18\">Max.\u00a0Acc\u00e8s utilisateur<\/td>\n<td style=\"height: 23px;\" colspan=\"42\">10 utilisateurs \/ 20 utilisateurs<\/td>\n<\/tr>\n<tr style=\"height: 95px;\">\n<td style=\"height: 95px;\" colspan=\"18\">Stockage Edge<\/td>\n<td style=\"height: 95px;\" colspan=\"42\">NAS<\/p>\n<p>PC local pour un enregistrement instantan\u00e9<\/td>\n<\/tr>\n<tr style=\"height: 23px;\">\n<td style=\"height: 23px;\" colspan=\"18\">Visionneuse Web<\/td>\n<td style=\"height: 23px;\" colspan=\"42\">IE, Chrome, Firefox, Safari<\/td>\n<\/tr>\n<tr style=\"height: 23px;\">\n<td style=\"height: 23px;\" colspan=\"18\">Logiciel de gestion<\/td>\n<td style=\"height: 23px;\" colspan=\"42\">Smart PSS, DSS, DMSS<\/td>\n<\/tr>\n<tr style=\"height: 23px;\">\n<td style=\"height: 23px;\" colspan=\"18\">T\u00e9l\u00e9phone intelligent<\/td>\n<td style=\"height: 23px;\" colspan=\"42\">IOS, Android<\/td>\n<\/tr>\n<tr style=\"height: 75px;\">\n<td style=\"height: 75px;\" colspan=\"60\">\n<h2><span style=\"font-size: 14pt;\">Certifications<\/span><\/h2>\n<\/td>\n<\/tr>\n<tr style=\"height: 135px;\">\n<td style=\"height: 135px;\" colspan=\"18\">Certifications<\/td>\n<td style=\"height: 135px;\" colspan=\"42\">CE (EN 60950: 2000)<\/p>\n<p>UL: UL60950-1<\/p>\n<p>FCC: FCC partie 15 sous-partie B<\/td>\n<\/tr>\n<tr style=\"height: 65px;\">\n<td style=\"height: 65px;\" colspan=\"60\">\n<h2><span style=\"font-size: 14pt;\">Interface<\/span><\/h2>\n<\/td>\n<\/tr>\n<tr style=\"height: 23px;\">\n<td style=\"height: 23px;\" colspan=\"18\">Interface vid\u00e9o<\/td>\n<td style=\"height: 23px;\" colspan=\"42\">N \/ A<\/td>\n<\/tr>\n<tr style=\"height: 23px;\">\n<td style=\"height: 23px;\" colspan=\"18\">Interface audio<\/td>\n<td style=\"height: 23px;\" colspan=\"42\">N \/ A<\/td>\n<\/tr>\n<tr style=\"height: 23px;\">\n<td style=\"height: 23px;\" colspan=\"18\">RS485<\/td>\n<td style=\"height: 23px;\" colspan=\"42\">N \/ A<\/td>\n<\/tr>\n<tr style=\"height: 23px;\">\n<td style=\"height: 23px;\" colspan=\"18\">Alarme<\/td>\n<td style=\"height: 23px;\" colspan=\"42\">N \/ A<\/td>\n<\/tr>\n<tr style=\"height: 65px;\">\n<td style=\"height: 65px;\" colspan=\"60\">\n<h2><span style=\"font-size: 14pt;\">\u00c9lectrique<\/span><\/h2>\n<\/td>\n<\/tr>\n<tr style=\"height: 23px;\">\n<td style=\"height: 23px;\" colspan=\"18\">Source de courant<\/td>\n<td style=\"height: 23px;\" colspan=\"42\">DC12V\u00a0<span lang=\"zh-CN\">,\u00a0<\/span>PoE (802.3af) (classe 0)<\/td>\n<\/tr>\n<tr style=\"height: 23px;\">\n<td style=\"height: 23px;\" colspan=\"18\">Consommation d&#8217;\u00e9nergie<\/td>\n<td style=\"height: 23px;\" colspan=\"42\">&lt;5,5 W<\/td>\n<\/tr>\n<\/tbody>\n<\/table>\n<\/div>\n<\/div>\n<div id=\"div_left\">\n<div class=\"div-drop\">\n<table id=\"table003\" class=\"NEW-TABLE TableOverride-1 tab-drag\">\n<tbody>\n<tr>\n<td colspan=\"60\">\n<h2><span style=\"font-size: 14pt;\">Environnement<\/span><\/h2>\n<\/td>\n<\/tr>\n<tr>\n<td colspan=\"18\">Des conditions de fonctionnement<\/td>\n<td colspan=\"42\">-30 \u00b0 C ~ + 60 \u00b0 C (-22 \u00b0 F ~ + 140 \u00b0 F) \/ Moins de 95% HR<\/td>\n<\/tr>\n<tr>\n<td colspan=\"18\">Conditions de stockage<\/td>\n<td colspan=\"42\">-30 \u00b0 C ~ + 60 \u00b0 C (-22 \u00b0 F ~ + 140 \u00b0 F) \/ Moins de 95% HR<\/td>\n<\/tr>\n<tr>\n<td colspan=\"18\">Protection contre la p\u00e9n\u00e9tration<\/td>\n<td colspan=\"42\">IP67<\/td>\n<\/tr>\n<tr>\n<td colspan=\"18\">R\u00e9sistance au vandalisme<\/td>\n<td colspan=\"42\">N \/ A<\/td>\n<\/tr>\n<tr>\n<td colspan=\"60\">\n<h2><span style=\"font-size: 14pt;\">Construction<\/span><\/h2>\n<\/td>\n<\/tr>\n<tr>\n<td colspan=\"18\">Enveloppe<\/td>\n<td colspan=\"42\">M\u00e9tal + plastique<\/td>\n<\/tr>\n<tr>\n<td colspan=\"18\">Dimensions<\/td>\n<td colspan=\"42\">\u03a6108 mm \u00d7 84,9 mm (4,25 &#8220; x3,15 &#8221;)<\/td>\n<\/tr>\n<tr>\n<td colspan=\"18\">Poids net<\/td>\n<td colspan=\"42\">0,23 kg (0,51 lb)<\/td>\n<\/tr>\n<tr>\n<td colspan=\"18\">Poids brut<\/td>\n<td colspan=\"42\">0,387 kg (0,85 lb)<\/td>\n<\/tr>\n<\/tbody>\n<\/table>\n<\/div>\n<\/div>\n<\/div>\n<\/div>\n<div id=\"div_left\"><\/div>\n","protected":false},"excerpt":{"rendered":"<h1 class=\"text\"><span style=\"color: #000000; font-size: 10pt;\"><strong>Cam\u00e9ra r\u00e9seau IR Eyeball 2MP<\/strong><\/span><\/h1>\n<ul>\n<li>CMOS progressif 1 \/ 2,7 \u201d2 m\u00e9gapixels<\/li>\n<li>Encodage double flux H.265 et H.264<\/li>\n<li>25 \/ 30fps @ 1080P (1920&#215;1080)<\/li>\n<li>DWDR, Jour \/ Nuit (ICR), 3DNR, HLC, AGC, BLC<\/li>\n<li>Surveillance de r\u00e9seau multiple : Visionneuse Web, CMS (DSS \/ PSS) et DMSS<\/li>\n<li>Objectif fixe de 2,8 mm ( 3,6 mm en option)<\/li>\n<li>Longueur maximale des LED IR 30 m<\/li>\n<li>IP67, PoE<\/li>\n<\/ul>\n<p><img decoding=\"async\" class=\"alignnone size-medium wp-image-5234\" src=\"http:\/\/tthcompany.com\/wp-content\/uploads\/2019\/03\/camera-ip-2mp-300x32.png\" alt=\"camera ip 2mp dahua\" width=\"300\" height=\"32\" \/><\/p>\n","protected":false},"featured_media":18911,"comment_status":"open","ping_status":"closed","template":"","meta":{"om_disable_all_campaigns":false,"_monsterinsights_skip_tracking":false,"_monsterinsights_sitenote_active":false,"_monsterinsights_sitenote_note":"","_monsterinsights_sitenote_category":0},"product_cat":[304,305,303,302,440],"product_tag":[204,205,260,207,208,261,262,441,209,210,263,264,211,228,212,213,189,265,190,214,229,191,266,215,193,267,216,217,268,195,218,269,196,270,271,272,197,198,199,220,273,241,200,274,275,201,276,277,222,278,279,280,281,282,283,284,442,443,285,1093,286,224,225,287,288,289,226,290,291,292],"class_list":{"0":"post-18900","1":"product","2":"type-product","3":"status-publish","4":"has-post-thumbnail","6":"product_cat-camera-fixe","7":"product_cat-cameras-2mp-camera-fixe","8":"product_cat-cameras-ip","9":"product_cat-produits-ip","10":"product_cat-serie-lite","11":"product_tag-afrique-du-sud","12":"product_tag-alarme","13":"product_tag-camera-de-surveillance-tanger","14":"product_tag-camera-hdcvi","15":"product_tag-camera-ip","16":"product_tag-camera-ip-dahua","17":"product_tag-camera-maroc","18":"product_tag-camera-reseau-eyeball-ir-2mp","19":"product_tag-camera-surveillance","20":"product_tag-camera-surveillance-afrique","21":"product_tag-camera-surveillance-avec-un-bon-prix","22":"product_tag-camera-surveillance-casablanca","23":"product_tag-camera-surveillance-dahua","24":"product_tag-camera-surveillance-maroc","25":"product_tag-camera-surveillance-tanger","26":"product_tag-camera-dahua","27":"product_tag-camera-dahua-sd59230t-hn","28":"product_tag-control-dacces-tanger","29":"product_tag-dahua","30":"product_tag-dahua-afrique","31":"product_tag-dahua-agadir","32":"product_tag-dahua-algerie","33":"product_tag-dahua-azrou","34":"product_tag-dahua-camera","35":"product_tag-dahua-casablanca","36":"product_tag-dahua-dakhla","37":"product_tag-dahua-el-jadida","38":"product_tag-dahua-eljadida","39":"product_tag-dahua-errachidia","40":"product_tag-dahua-fes","41":"product_tag-dahua-hoceima","42":"product_tag-dahua-ifrane","43":"product_tag-dahua-kenitra","44":"product_tag-dahua-khemisset","45":"product_tag-dahua-khouribga","46":"product_tag-dahua-laayoune","47":"product_tag-dahua-maroc","48":"product_tag-dahua-marrakech","49":"product_tag-dahua-meknes","50":"product_tag-dahua-nador","51":"product_tag-dahua-ouarzazate","52":"product_tag-dahua-oujda","53":"product_tag-dahua-rabat","54":"product_tag-dahua-safi","55":"product_tag-dahua-settat","56":"product_tag-dahua-tanger","57":"product_tag-dahua-taroudant","58":"product_tag-dahua-taza","59":"product_tag-dahua-tetouan","60":"product_tag-dahua-tiflet","61":"product_tag-dahua-tiznit","62":"product_tag-desenfumage-tanger","63":"product_tag-detection-incendie","64":"product_tag-distributeur-dahua","65":"product_tag-installation-alarme","66":"product_tag-installations-camera-de-surveillance-maroc","67":"product_tag-ipc-hdw1230s","68":"product_tag-max-ir-leds-length-30m","69":"product_tag-moniteur-dimage","70":"product_tag-onstuck","71":"product_tag-pack-camera-de-surveillance","72":"product_tag-pack-camera-de-surveillance-dahua","73":"product_tag-pointeuse","74":"product_tag-porte-automatiques","75":"product_tag-portes-coup-feu-tanger","76":"product_tag-skydome-tanger","77":"product_tag-smart-lock","78":"product_tag-sprinkler-tanger","79":"product_tag-travaux-d-incendie-tanger","80":"product_tag-video-surveillance-tanger","81":"ts_product_brand-dahua","83":"first","84":"instock","85":"shipping-taxable","86":"purchasable","87":"product-type-simple","88":"add-to-wishlist-after_add_to_cart"},"aioseo_notices":[],"_links":{"self":[{"href":"https:\/\/tthcompany.ma\/index.php\/wp-json\/wp\/v2\/product\/18900","targetHints":{"allow":["GET"]}}],"collection":[{"href":"https:\/\/tthcompany.ma\/index.php\/wp-json\/wp\/v2\/product"}],"about":[{"href":"https:\/\/tthcompany.ma\/index.php\/wp-json\/wp\/v2\/types\/product"}],"replies":[{"embeddable":true,"href":"https:\/\/tthcompany.ma\/index.php\/wp-json\/wp\/v2\/comments?post=18900"}],"wp:featuredmedia":[{"embeddable":true,"href":"https:\/\/tthcompany.ma\/index.php\/wp-json\/wp\/v2\/media\/18911"}],"wp:attachment":[{"href":"https:\/\/tthcompany.ma\/index.php\/wp-json\/wp\/v2\/media?parent=18900"}],"wp:term":[{"taxonomy":"product_cat","embeddable":true,"href":"https:\/\/tthcompany.ma\/index.php\/wp-json\/wp\/v2\/product_cat?post=18900"},{"taxonomy":"product_tag","embeddable":true,"href":"https:\/\/tthcompany.ma\/index.php\/wp-json\/wp\/v2\/product_tag?post=18900"}],"curies":[{"name":"wp","href":"https:\/\/api.w.org\/{rel}","templated":true}]}}