{"id":18888,"date":"2022-08-17T10:14:31","date_gmt":"2022-08-17T10:14:31","guid":{"rendered":"https:\/\/tthcompany.ma\/?post_type=product&#038;p=18888"},"modified":"2022-08-17T10:14:40","modified_gmt":"2022-08-17T10:14:40","slug":"xvr7104he-4kl-x","status":"publish","type":"product","link":"https:\/\/tthcompany.ma\/index.php\/product\/xvr7104he-4kl-x\/","title":{"rendered":"XVR7104HE-4KL-X"},"content":{"rendered":"<div id=\"div_left\">\n<div class=\"div-drop\">\n<div id=\"div_left\">\n<div class=\"div-drop\">\n<table id=\"table001\" class=\"NEW-TABLE TableOverride-1 tab-drag\">\n<tbody>\n<tr>\n<td colspan=\"60\">\n<h2><span style=\"font-size: 14pt;\">Syst\u00e8me<\/span><\/h2>\n<\/td>\n<\/tr>\n<tr>\n<td colspan=\"18\">Processeur principal<\/td>\n<td colspan=\"42\">Processeur int\u00e9gr\u00e9<\/td>\n<\/tr>\n<tr>\n<td colspan=\"18\">Syst\u00e8me op\u00e9rateur<\/td>\n<td colspan=\"42\">LINUX embarqu\u00e9<\/td>\n<\/tr>\n<tr>\n<td colspan=\"60\">\n<h2><span style=\"font-size: 14pt;\">Vid\u00e9o et audio<\/span><\/h2>\n<\/td>\n<\/tr>\n<tr>\n<td colspan=\"18\">Entr\u00e9e cam\u00e9ra analogique<\/td>\n<td colspan=\"42\">4 canaux, BNC<\/td>\n<\/tr>\n<tr>\n<td colspan=\"18\">Cam\u00e9ra HDCVI<\/td>\n<td colspan=\"42\">4K, 6MP, 4MP, 1080P @ 25 \/ 30fps, 720P @ 50 \/ 60fps, 720P @ 25 \/ 30fps<\/td>\n<\/tr>\n<tr>\n<td colspan=\"18\">Cam\u00e9ra AHD<\/td>\n<td colspan=\"42\">5MP, 4MP, 3MP, 1080P @ 25\/30, 720P @ 25 \/ 30fps<\/td>\n<\/tr>\n<tr>\n<td colspan=\"18\">Cam\u00e9ra TVI<\/td>\n<td colspan=\"42\">5MP, 4MP, 3MP, 1080P @ 25\/30, 720P @ 25 \/ 30fps<\/td>\n<\/tr>\n<tr>\n<td colspan=\"18\">Cam\u00e9ra CVBS<\/td>\n<td colspan=\"42\">PAL \/ NTSC<\/td>\n<\/tr>\n<tr>\n<td colspan=\"18\">Entr\u00e9e cam\u00e9ra IP<\/td>\n<td colspan=\"42\">4 + 4 canaux, chaque canal jusqu&#8217;\u00e0 8MP<\/td>\n<\/tr>\n<tr>\n<td colspan=\"18\">Entr\u00e9e \/ sortie audio<\/td>\n<td colspan=\"42\">Entr\u00e9e 4 canaux, sortie 1 canal, RCA<\/td>\n<\/tr>\n<tr>\n<td colspan=\"18\">Discussion bidirectionnelle<\/td>\n<td colspan=\"42\">R\u00e9utilisation de l&#8217;entr\u00e9e \/ sortie audio, RCA<\/td>\n<\/tr>\n<tr>\n<td colspan=\"60\">\n<h2><span style=\"font-size: 14pt;\">Enregistrement<\/span><\/h2>\n<\/td>\n<\/tr>\n<tr>\n<td colspan=\"18\">Compression<\/td>\n<td colspan=\"42\">H.265 + \/ H.265 \/ H.264 + \/ H.264<\/td>\n<\/tr>\n<tr>\n<td colspan=\"18\">R\u00e9solution<\/td>\n<td colspan=\"42\">4K, 6MP, 5MP, 4K-N, 4MP, 3MP, 4M-N, 1080P, 720P, 960H, D1, CIF<\/td>\n<\/tr>\n<tr>\n<td colspan=\"18\">Taux d&#8217;enregistrement<\/td>\n<td colspan=\"42\">Flux principal: le 1er canal 4K (1 ~ 7fps)\u00a0,\u00a06MP (1 ~ 10fps)\u00a0,\u00a05MP (1 ~ 12fps)\u00a0,\u00a04MP \/ 3MP (1 ~ 15fps), d&#8217;autres 4K-N (1 ~ 7fps), 4MP \/ 3MP ( 1 ~ 15fps);<\/p>\n<p>4M-N \/ 1080P \/ 720P \/ 960H \/ D1 \/ CIF (1 ~ 25 \/ 30fps)<\/p>\n<p>Sous Steram: 960H (1 ~ 15fps);<\/p>\n<p>D1 \/ CIF (1 ~ 25 \/ 30fps)<\/td>\n<\/tr>\n<tr>\n<td colspan=\"18\">D\u00e9bit binaire<\/td>\n<td colspan=\"42\">32 Kbps ~ 6144 Kbps par canal<\/td>\n<\/tr>\n<tr>\n<td colspan=\"18\">Mode d&#8217;enregistrement<\/td>\n<td colspan=\"42\">Manuel, programmation (g\u00e9n\u00e9ral, continu), MD (d\u00e9tection vid\u00e9o: d\u00e9tection de mouvement, perte vid\u00e9o, sabotage), alarme, arr\u00eat<\/td>\n<\/tr>\n<tr>\n<td colspan=\"18\">Intervalle d&#8217;enregistrement<\/td>\n<td colspan=\"42\">1 ~ 60 min (par d\u00e9faut: 60 min), pr\u00e9-enregistrement: 1 ~ 30 sec, post-enregistrement: 10 ~ 300 sec<\/td>\n<\/tr>\n<tr>\n<td colspan=\"18\">Compression audio<\/td>\n<td colspan=\"42\">AAC (uniquement pour le 1er canal), G.711A, G.711U, PCM<\/td>\n<\/tr>\n<tr>\n<td colspan=\"18\">Taux d&#8217;\u00e9chantillonnage audio<\/td>\n<td colspan=\"42\">8 KHz, 16 bits par canal<\/td>\n<\/tr>\n<tr>\n<td colspan=\"18\">Bitrate audio<\/td>\n<td colspan=\"42\">64 Kbps par canal<\/td>\n<\/tr>\n<tr>\n<td colspan=\"60\">\n<h2><span style=\"font-size: 14pt;\">Afficher<\/span><\/h2>\n<\/td>\n<\/tr>\n<tr>\n<td colspan=\"18\">Interface<\/td>\n<td colspan=\"42\">1 HDMI, 1 VGA<\/td>\n<\/tr>\n<tr>\n<td colspan=\"18\">R\u00e9solution<\/td>\n<td colspan=\"42\">HDMI: 2560 \u00d7 1440\u00a0<span lang=\"zh-CN\">,\u00a0<\/span>1920 \u00d7 1080, 1280 \u00d7 1024, 1280 \u00d7 720<\/p>\n<p>VGA: 1920 \u00d7 1080, 1280 \u00d7 1024, 1280 \u00d7 720<\/td>\n<\/tr>\n<tr>\n<td colspan=\"18\">Affichage multi-\u00e9crans<\/td>\n<td colspan=\"42\">Lorsque le mode d&#8217;extension IP n&#8217;est pas activ\u00e9\u00a0<span lang=\"zh-CN\">:\u00a0<\/span>1\/4<\/p>\n<p>Lorsque le mode d&#8217;extension IP est activ\u00e9\u00a0<span lang=\"zh-CN\">:\u00a0<\/span>1\/4\/6<\/td>\n<\/tr>\n<tr>\n<td colspan=\"18\">OSD<\/td>\n<td colspan=\"42\">Titre de la cam\u00e9ra, heure, perte vid\u00e9o, verrouillage de la cam\u00e9ra, d\u00e9tection de mouvement, enregistrement<\/td>\n<\/tr>\n<tr>\n<td colspan=\"60\">\n<h2><span style=\"font-size: 14pt;\">R\u00e9seau<\/span><\/h2>\n<\/td>\n<\/tr>\n<tr>\n<td colspan=\"18\">Interface<\/td>\n<td colspan=\"42\">1 port RJ-45 (100M)<\/td>\n<\/tr>\n<tr>\n<td colspan=\"18\">Fonction r\u00e9seau<\/td>\n<td colspan=\"42\">HTTP, HTTPS, TCP \/ IP, IPv4 \/ IPv6, Wi-Fi, 3G \/ 4G\u00a0<span lang=\"zh-CN\">,\u00a0<\/span>UPnP, RTSP, UDP, SMTP, NTP, DHCP, DNS, filtre IP, PPPoE, DDNS, FTP, serveur d&#8217;alarme, P2P, recherche IP (Prend en charge les cam\u00e9ras IP, DVR, NVS, etc.)<\/td>\n<\/tr>\n<tr>\n<td colspan=\"18\">Max.\u00a0Acc\u00e8s utilisateur<\/td>\n<td colspan=\"42\">128 utilisateurs<\/td>\n<\/tr>\n<tr>\n<td colspan=\"18\">T\u00e9l\u00e9phone intelligent<\/td>\n<td colspan=\"42\">iPhone, iPad, Android<\/td>\n<\/tr>\n<tr>\n<td colspan=\"18\">L&#8217;interop\u00e9rabilit\u00e9<\/td>\n<td colspan=\"42\">ONVIF 16.12, conforme CGI<\/td>\n<\/tr>\n<\/tbody>\n<\/table>\n<\/div>\n<\/div>\n<div id=\"div_left\">\n<div class=\"div-drop\">\n<table id=\"table002\" class=\"NEW-TABLE TableOverride-1 tab-drag\" style=\"width: 100%;\">\n<tbody>\n<tr>\n<td style=\"width: 28.7132%;\" colspan=\"60\">\n<h2><span style=\"font-size: 14pt;\">D\u00e9tection vid\u00e9o et alarme<\/span><\/h2>\n<\/td>\n<\/tr>\n<tr>\n<td style=\"width: 13.789%;\" colspan=\"18\">\u00c9v\u00e9nements d\u00e9clencheurs<\/td>\n<td style=\"width: 14.9241%;\" colspan=\"42\">Enregistrement, PTZ, Tour, Video Push, Email, FTP, Snapshot, Buzzer et Screen Tips<\/td>\n<\/tr>\n<tr>\n<td style=\"width: 13.789%;\" colspan=\"18\">D\u00e9tection vid\u00e9o<\/td>\n<td style=\"width: 14.9241%;\" colspan=\"42\">D\u00e9tection de mouvement, zones MD: 396 (22 \u00d7 18), perte vid\u00e9o, sabotage et diagnostic<\/td>\n<\/tr>\n<tr>\n<td style=\"width: 13.789%;\" colspan=\"18\">Entr\u00e9e d&#8217;alarme<\/td>\n<td style=\"width: 14.9241%;\" colspan=\"42\">8<\/td>\n<\/tr>\n<tr>\n<td style=\"width: 13.789%;\" colspan=\"18\">Sortie relais<\/td>\n<td style=\"width: 14.9241%;\" colspan=\"42\">3<\/td>\n<\/tr>\n<tr>\n<td style=\"width: 28.7132%;\" colspan=\"60\">\n<h2><span style=\"font-size: 14pt;\">Lire et sauvegarde<\/span><\/h2>\n<\/td>\n<\/tr>\n<tr>\n<td style=\"width: 13.789%;\" colspan=\"18\">Relecture<\/td>\n<td style=\"width: 14.9241%;\" colspan=\"42\">1\/4<\/td>\n<\/tr>\n<tr>\n<td style=\"width: 13.789%;\" colspan=\"18\">Mode de recherche<\/td>\n<td style=\"width: 14.9241%;\" colspan=\"42\">Heure \/ date, alarme, MD et recherche exacte (pr\u00e9cise \u00e0 la seconde)<\/td>\n<\/tr>\n<tr>\n<td style=\"width: 13.789%;\" colspan=\"18\">Fonction de lecture<\/td>\n<td style=\"width: 14.9241%;\" colspan=\"42\">Lecture, pause, arr\u00eat, rembobinage, lecture rapide, lecture lente, fichier suivant, fichier pr\u00e9c\u00e9dent, cam\u00e9ra suivante, cam\u00e9ra pr\u00e9c\u00e9dente, plein \u00e9cran, r\u00e9p\u00e9tition, lecture al\u00e9atoire, s\u00e9lection de sauvegarde, zoom num\u00e9rique<\/td>\n<\/tr>\n<tr>\n<td style=\"width: 13.789%;\" colspan=\"18\">Mode de sauvegarde<\/td>\n<td style=\"width: 14.9241%;\" colspan=\"42\">P\u00e9riph\u00e9rique \/ r\u00e9seau USB<\/td>\n<\/tr>\n<tr>\n<td style=\"width: 28.7132%;\" colspan=\"60\">\n<h2><span style=\"font-size: 14pt;\">Espace de rangement<\/span><\/h2>\n<\/td>\n<\/tr>\n<tr>\n<td style=\"width: 13.789%;\" colspan=\"18\">Disque dur interne<\/td>\n<td style=\"width: 14.9241%;\" colspan=\"42\">1 port SATA, jusqu&#8217;\u00e0 10 To de capacit\u00e9 pour chaque disque<\/td>\n<\/tr>\n<tr>\n<td style=\"width: 13.789%;\" colspan=\"18\">eSATA<\/td>\n<td style=\"width: 14.9241%;\" colspan=\"42\">N \/ A<\/td>\n<\/tr>\n<tr>\n<td style=\"width: 28.7132%;\" colspan=\"60\">\n<h2><span style=\"font-size: 14pt;\">Interface auxiliaire<\/span><\/h2>\n<\/td>\n<\/tr>\n<tr>\n<td style=\"width: 13.789%;\" colspan=\"18\">USB<\/td>\n<td style=\"width: 14.9241%;\" colspan=\"42\">2 ports USB (2 USB 2.0)<\/td>\n<\/tr>\n<tr>\n<td style=\"width: 13.789%;\" colspan=\"18\">RS232<\/td>\n<td style=\"width: 14.9241%;\" colspan=\"42\">N \/ A<\/td>\n<\/tr>\n<tr>\n<td style=\"width: 13.789%;\" colspan=\"18\">RS485<\/td>\n<td style=\"width: 14.9241%;\" colspan=\"42\">1 port, pour contr\u00f4le PTZ<\/td>\n<\/tr>\n<tr>\n<td style=\"width: 28.7132%;\" colspan=\"60\">\n<h2><span style=\"font-size: 14pt;\">\u00c9lectrique<\/span><\/h2>\n<\/td>\n<\/tr>\n<tr>\n<td style=\"width: 13.789%;\" colspan=\"18\">Source de courant<\/td>\n<td style=\"width: 14.9241%;\" colspan=\"42\">DC12V \/ 2A<\/td>\n<\/tr>\n<tr>\n<td style=\"width: 13.789%;\" colspan=\"18\">Consommation d&#8217;\u00e9nergie<\/p>\n<p>(sans disque dur)<\/td>\n<td style=\"width: 14.9241%;\" colspan=\"42\">&lt;10W<\/td>\n<\/tr>\n<tr>\n<td style=\"width: 28.7132%;\" colspan=\"60\">\n<h2><span style=\"font-size: 14pt;\">Construction<\/span><\/h2>\n<\/td>\n<\/tr>\n<tr>\n<td style=\"width: 13.789%;\" colspan=\"18\">Dimensions<\/td>\n<td style=\"width: 14.9241%;\" colspan=\"42\"><span lang=\"zh-CN\">Mini 1U, 325 mm \u00d7 255 mm \u00d7 55 mm (12,8 &#8220;x 10&#8221; x 2,2 &#8220;)<\/span><\/td>\n<\/tr>\n<tr>\n<td style=\"width: 13.789%;\" colspan=\"18\">Poids net<\/p>\n<p>(sans disque dur)<\/td>\n<td style=\"width: 14.9241%;\" colspan=\"42\">1,2 kg (2,6 lb)<\/td>\n<\/tr>\n<tr>\n<td style=\"width: 13.789%;\" colspan=\"18\">Poids brut<\/td>\n<td style=\"width: 14.9241%;\" colspan=\"42\">1,9 kg (4,2 lb)<\/td>\n<\/tr>\n<tr>\n<td style=\"width: 13.789%;\" colspan=\"18\">Installation<\/td>\n<td style=\"width: 14.9241%;\" colspan=\"42\">Installation sur le bureau<\/td>\n<\/tr>\n<tr>\n<td style=\"width: 28.7132%;\" colspan=\"60\">\n<h2><span style=\"font-size: 14pt;\">Environnement<\/span><\/h2>\n<\/td>\n<\/tr>\n<tr>\n<td style=\"width: 13.789%;\" colspan=\"18\">Des conditions de fonctionnement<\/td>\n<td style=\"width: 14.9241%;\" colspan=\"42\">-10 \u00b0 C ~ + 55 \u00b0 C (+ 14 \u00b0 F ~ + 131 \u00b0 F), 10% ~ 90% HR<\/td>\n<\/tr>\n<tr>\n<td style=\"width: 13.789%;\" colspan=\"18\">Conditions de stockage<\/td>\n<td style=\"width: 14.9241%;\" colspan=\"42\">-20 \u00b0 C ~ + 70 \u00b0 C (-4 \u00b0 F ~ + 158 \u00b0 F), 0 ~ 90% HR<\/td>\n<\/tr>\n<tr>\n<td style=\"width: 28.7132%;\" colspan=\"60\">\n<h2><span style=\"font-size: 14pt;\">Support tiers<\/span><\/h2>\n<\/td>\n<\/tr>\n<tr>\n<td style=\"width: 13.789%;\" colspan=\"18\">Support tiers<\/td>\n<td style=\"width: 14.9241%;\" colspan=\"42\">Arecont Vision, AXIS, Bosch, Brickcom, Canon, CP Plus, Dynacolor, Honeywell, Panasonic, Pelco, Samsung, Sanyo, Sony, Videotec, Vivotek, etc.<\/td>\n<\/tr>\n<tr>\n<td style=\"width: 28.7132%;\" colspan=\"60\">\n<h2><span style=\"font-size: 14pt;\">Certifications<\/span><\/h2>\n<\/td>\n<\/tr>\n<tr>\n<td style=\"width: 13.789%;\" colspan=\"18\" rowspan=\"3\">Certifications<\/td>\n<td style=\"width: 14.9241%;\" colspan=\"42\">FCC: Partie 15, sous-partie B<\/td>\n<\/tr>\n<tr>\n<td style=\"width: 14.9241%;\" colspan=\"42\">CE: CE-LVD: EN 60950-1 \/ IEC 60950-1<\/p>\n<p>CE-EMC: EN 61000-3-2, EN 61000-3-3, EN 55032, EN 50130, EN 55024<\/td>\n<\/tr>\n<tr>\n<td style=\"width: 14.9241%;\" colspan=\"42\">UL: UL 60950-1<\/td>\n<\/tr>\n<\/tbody>\n<\/table>\n<\/div>\n<\/div>\n<\/div>\n<\/div>\n<div id=\"div_left\"><\/div>\n<div id=\"gtx-trans\" style=\"position: absolute; left: 73px; top: 3548.81px;\">\n<div class=\"gtx-trans-icon\"><\/div>\n<\/div>\n","protected":false},"excerpt":{"rendered":"<div class=\"desc font28\">\n<h1 class=\"text\"><span style=\"font-size: 10pt; color: #000000;\"><strong>Enregistreur vid\u00e9o num\u00e9rique 4 canaux Penta-brid 4K Mini 1U<\/strong><\/span><\/h1>\n<ul>\n<li>Compression vid\u00e9o double flux H.265 + \/ H.265<\/li>\n<li>Prend en charge les entr\u00e9es\u00a0vid\u00e9o\u00a0HDCVI \/ AHD \/ TVI \/ CVBS \/ IP<\/li>\n<li>Prend en charge 8 canaux d&#8217;acc\u00e8s IPC, chaque canal jusqu&#8217;\u00e0 8 MP d&#8217;entr\u00e9e;\u00a0Bande passante entrante max 32 Mbps<\/li>\n<li>Fonctionnalit\u00e9s IoT et POS<\/li>\n<li>Recherche intelligente et syst\u00e8me vid\u00e9o intelligent<\/li>\n<\/ul>\n<\/div>\n<p><img decoding=\"async\" class=\"alignnone size-medium wp-image-5095\" src=\"http:\/\/tthcompany.com\/wp-content\/uploads\/2019\/03\/XVR7104HE-4KL-X-1-300x71.png\" alt=\"DVR XVR7104HE-4KL-X Dahua\" width=\"300\" height=\"71\" \/><\/p>\n","protected":false},"featured_media":18906,"comment_status":"open","ping_status":"closed","template":"","meta":{"om_disable_all_campaigns":false,"_monsterinsights_skip_tracking":false,"_monsterinsights_sitenote_active":false,"_monsterinsights_sitenote_note":"","_monsterinsights_sitenote_category":0},"product_cat":[186,187,401],"product_tag":[204,205,206,260,208,261,262,209,210,263,264,211,228,212,213,189,265,190,214,229,192,266,215,193,267,216,217,268,195,218,269,196,270,271,272,197,198,199,220,273,241,200,274,221,402,275,201,276,277,222,278,279,280,281,282,283,284,285,286,224,225,287,288,289,226,290,291,292,403],"class_list":{"0":"post-18888","1":"product","2":"type-product","3":"status-publish","4":"has-post-thumbnail","6":"product_cat-produits-hdcvi","7":"product_cat-xvr","8":"product_cat-xvr-4k","9":"product_tag-afrique-du-sud","10":"product_tag-alarme","11":"product_tag-camera","12":"product_tag-camera-de-surveillance-tanger","13":"product_tag-camera-ip","14":"product_tag-camera-ip-dahua","15":"product_tag-camera-maroc","16":"product_tag-camera-surveillance","17":"product_tag-camera-surveillance-afrique","18":"product_tag-camera-surveillance-avec-un-bon-prix","19":"product_tag-camera-surveillance-casablanca","20":"product_tag-camera-surveillance-dahua","21":"product_tag-camera-surveillance-maroc","22":"product_tag-camera-surveillance-tanger","23":"product_tag-camera-dahua","24":"product_tag-camera-dahua-sd59230t-hn","25":"product_tag-control-dacces-tanger","26":"product_tag-dahua","27":"product_tag-dahua-afrique","28":"product_tag-dahua-agadir","29":"product_tag-dahua-assila","30":"product_tag-dahua-azrou","31":"product_tag-dahua-camera","32":"product_tag-dahua-casablanca","33":"product_tag-dahua-dakhla","34":"product_tag-dahua-el-jadida","35":"product_tag-dahua-eljadida","36":"product_tag-dahua-errachidia","37":"product_tag-dahua-fes","38":"product_tag-dahua-hoceima","39":"product_tag-dahua-ifrane","40":"product_tag-dahua-kenitra","41":"product_tag-dahua-khemisset","42":"product_tag-dahua-khouribga","43":"product_tag-dahua-laayoune","44":"product_tag-dahua-maroc","45":"product_tag-dahua-marrakech","46":"product_tag-dahua-meknes","47":"product_tag-dahua-nador","48":"product_tag-dahua-ouarzazate","49":"product_tag-dahua-oujda","50":"product_tag-dahua-rabat","51":"product_tag-dahua-safi","52":"product_tag-dahua-sale","53":"product_tag-dahua-securite","54":"product_tag-dahua-settat","55":"product_tag-dahua-tanger","56":"product_tag-dahua-taroudant","57":"product_tag-dahua-taza","58":"product_tag-dahua-tetouan","59":"product_tag-dahua-tiflet","60":"product_tag-dahua-tiznit","61":"product_tag-desenfumage-tanger","62":"product_tag-detection-incendie","63":"product_tag-distributeur-dahua","64":"product_tag-installation-alarme","65":"product_tag-installations-camera-de-surveillance-maroc","66":"product_tag-moniteur-dimage","67":"product_tag-pack-camera-de-surveillance","68":"product_tag-pack-camera-de-surveillance-dahua","69":"product_tag-pointeuse","70":"product_tag-porte-automatiques","71":"product_tag-portes-coup-feu-tanger","72":"product_tag-skydome-tanger","73":"product_tag-smart-lock","74":"product_tag-sprinkler-tanger","75":"product_tag-travaux-d-incendie-tanger","76":"product_tag-video-surveillance-tanger","77":"product_tag-xvr7104he-4kl-x","79":"first","80":"instock","81":"shipping-taxable","82":"purchasable","83":"product-type-simple","84":"add-to-wishlist-after_add_to_cart"},"aioseo_notices":[],"_links":{"self":[{"href":"https:\/\/tthcompany.ma\/index.php\/wp-json\/wp\/v2\/product\/18888","targetHints":{"allow":["GET"]}}],"collection":[{"href":"https:\/\/tthcompany.ma\/index.php\/wp-json\/wp\/v2\/product"}],"about":[{"href":"https:\/\/tthcompany.ma\/index.php\/wp-json\/wp\/v2\/types\/product"}],"replies":[{"embeddable":true,"href":"https:\/\/tthcompany.ma\/index.php\/wp-json\/wp\/v2\/comments?post=18888"}],"wp:featuredmedia":[{"embeddable":true,"href":"https:\/\/tthcompany.ma\/index.php\/wp-json\/wp\/v2\/media\/18906"}],"wp:attachment":[{"href":"https:\/\/tthcompany.ma\/index.php\/wp-json\/wp\/v2\/media?parent=18888"}],"wp:term":[{"taxonomy":"product_cat","embeddable":true,"href":"https:\/\/tthcompany.ma\/index.php\/wp-json\/wp\/v2\/product_cat?post=18888"},{"taxonomy":"product_tag","embeddable":true,"href":"https:\/\/tthcompany.ma\/index.php\/wp-json\/wp\/v2\/product_tag?post=18888"}],"curies":[{"name":"wp","href":"https:\/\/api.w.org\/{rel}","templated":true}]}}