{"id":18883,"date":"2022-08-17T10:14:31","date_gmt":"2022-08-17T10:14:31","guid":{"rendered":"https:\/\/tthcompany.ma\/?post_type=product&#038;p=18883"},"modified":"2022-08-17T10:14:38","modified_gmt":"2022-08-17T10:14:38","slug":"xvr4104hs-x","status":"publish","type":"product","link":"https:\/\/tthcompany.ma\/index.php\/product\/xvr4104hs-x\/","title":{"rendered":"XVR4104HS-X"},"content":{"rendered":"<div id=\"div_left\">\n<div class=\"div-drop\">\n<p>XVR4104HS-X1 Enregistreur vid\u00e9o num\u00e9rique compact 1U 720P Penta-brid \u00e0 4 canaux<\/p>\n<table id=\"table001\" class=\"NEW-TABLE TableOverride-1 tab-drag\">\n<tbody>\n<tr>\n<td colspan=\"60\">\n<h2><span style=\"font-size: 14pt;\">Syst\u00e8me<\/span><\/h2>\n<\/td>\n<\/tr>\n<tr>\n<td colspan=\"18\">Processeur principal<\/td>\n<td colspan=\"42\">Processeur Embarqu\u00e9<\/td>\n<\/tr>\n<tr>\n<td colspan=\"18\">Syst\u00e8me op\u00e9rateur<\/td>\n<td colspan=\"42\">LINUX int\u00e9gr\u00e9<\/td>\n<\/tr>\n<tr>\n<td colspan=\"60\">\n<h2><span style=\"font-size: 14pt;\">Vid\u00e9o et audio<\/span><\/h2>\n<\/td>\n<\/tr>\n<tr>\n<td colspan=\"18\">Entr\u00e9e cam\u00e9ra analogique<\/td>\n<td colspan=\"42\">4 canaux, BNC<\/td>\n<\/tr>\n<tr>\n<td colspan=\"18\">Cam\u00e9ra HDCVI<\/td>\n<td colspan=\"42\">1080P \u00e0 25 \/ 30fps, 720P \u00e0 50 \/ 60fps, 720P \u00e0 25 \/ 30fps<\/td>\n<\/tr>\n<tr>\n<td colspan=\"18\">Cam\u00e9ra AHD<\/td>\n<td colspan=\"42\">1080P \u00e0 25\/30, 720P \u00e0 25 \/ 30fps<\/td>\n<\/tr>\n<tr>\n<td colspan=\"18\">Cam\u00e9ra TVI<\/td>\n<td colspan=\"42\">1080P \u00e0 25\/30, 720P \u00e0 25 \/ 30fps<\/td>\n<\/tr>\n<tr>\n<td colspan=\"18\">Cam\u00e9ra CVBS<\/td>\n<td colspan=\"42\">PAL \/ NTSC<\/td>\n<\/tr>\n<tr>\n<td colspan=\"18\">Entr\u00e9e de cam\u00e9ra IP<\/td>\n<td colspan=\"42\">4 + 1, chaque canal jusqu&#8217;\u00e0 2MP<\/td>\n<\/tr>\n<tr>\n<td colspan=\"18\">Audio In \/ Out<\/td>\n<td colspan=\"42\">1\/1, RCA<\/td>\n<\/tr>\n<tr>\n<td colspan=\"18\">Conversation \u00e0 double sens<\/td>\n<td colspan=\"42\">R\u00e9utilisation des entr\u00e9es \/ sorties audio, RCA<\/td>\n<\/tr>\n<tr>\n<td colspan=\"60\">\n<h2><span style=\"font-size: 14pt;\">Enregistrement<\/span><\/h2>\n<\/td>\n<\/tr>\n<tr>\n<td colspan=\"18\">Compression de vid\u00e9o<\/td>\n<td colspan=\"42\">H.265 + \/ H.265 \/ H.264 + \/ H.264<\/td>\n<\/tr>\n<tr>\n<td colspan=\"18\">R\u00e9solution<\/td>\n<td colspan=\"42\">1080 N, 720P, 960H, D1, CAF<\/td>\n<\/tr>\n<tr>\n<td colspan=\"18\">Taux d&#8217;enregistrement<\/td>\n<td colspan=\"42\">Courant dominant:<\/p>\n<p>1080N \/ 720P \/ 960H \/ D1 \/ CIF (1 ~ 25 \/ 30fps)<\/p>\n<p>Sous flux: CIF (1 ~ 15fps)<\/td>\n<\/tr>\n<tr>\n<td colspan=\"18\">Bitrate vid\u00e9o<\/td>\n<td colspan=\"42\">32Kbps ~ 4096Kbps par canal<\/td>\n<\/tr>\n<tr>\n<td colspan=\"18\">Mode d&#8217;enregistrement<\/td>\n<td colspan=\"42\">Manuel, Calendrier (G\u00e9n\u00e9ral, Continu), MD (D\u00e9tection vid\u00e9o: D\u00e9tection de mouvement, Perte vid\u00e9o, falsification), Alarme, Arr\u00eat<\/td>\n<\/tr>\n<tr>\n<td colspan=\"18\">Record Interval<\/td>\n<td colspan=\"42\">1 ~ 60 min (par d\u00e9faut: 60 min), pr\u00e9-enregistrement: 1 ~ 30 sec, post-enregistrement: 10 ~ 300 sec<\/td>\n<\/tr>\n<tr>\n<td colspan=\"18\">Compression audio<\/td>\n<td colspan=\"42\">AAC (uniquement pour le 1er canal), G.711A, G.711U, PCM<\/td>\n<\/tr>\n<tr>\n<td colspan=\"18\">Taux d&#8217;\u00e9chantillonnage audio<\/td>\n<td colspan=\"42\">8KHz, 16 bits par canal<\/td>\n<\/tr>\n<tr>\n<td colspan=\"18\">Bitrate audio<\/td>\n<td colspan=\"42\">64Kbps par canal<\/td>\n<\/tr>\n<tr>\n<td colspan=\"60\">\n<h2><span style=\"font-size: 14pt;\">Afficher<\/span><\/h2>\n<\/td>\n<\/tr>\n<tr>\n<td colspan=\"18\">Interface<\/td>\n<td colspan=\"42\">1 HDMI, 1 VGA<\/td>\n<\/tr>\n<tr>\n<td colspan=\"18\">R\u00e9solution<\/td>\n<td colspan=\"42\">1920 \u00d7 1080, 1280 \u00d7 1024, 1280 \u00d7 720<\/td>\n<\/tr>\n<tr>\n<td colspan=\"18\">Affichage multi-\u00e9crans<\/td>\n<td colspan=\"42\">Lorsque le mode extension IP n&#8217;est pas activ\u00e9\u00a0<span lang=\"zh-CN\">:\u00a0<\/span>1\/4<\/p>\n<p>Lorsque le mode extension IP est activ\u00e9\u00a0<span lang=\"zh-CN\">:\u00a0<\/span>1\/4\/6<\/td>\n<\/tr>\n<tr>\n<td colspan=\"18\">OSD<\/td>\n<td colspan=\"42\">Titre de la cam\u00e9ra, Heure, Perte de la vid\u00e9o, Verrou de la cam\u00e9ra, D\u00e9tection de mouvement, Enregistrement<\/td>\n<\/tr>\n<tr>\n<td colspan=\"60\">\n<h2><span style=\"font-size: 14pt;\">R\u00e9seau<\/span><\/h2>\n<\/td>\n<\/tr>\n<tr>\n<td colspan=\"18\">Interface<\/td>\n<td colspan=\"42\">1 port RJ-45 (100 M)<\/td>\n<\/tr>\n<tr>\n<td colspan=\"18\">Fonction r\u00e9seau<\/td>\n<td colspan=\"42\">HTTP, HTTPS, TCP \/ IP, IPv4 \/ IPv6, 3G \/ 4G, UPnP, RTSP, UDP, SMTP, NTP, DHCP, DNS, Filtre IP, PPPoE, DDNS, FTP, Serveur d\u2019alarme, P2P, Recherche IP (Prend en charge l\u2019IP Dahua cam\u00e9ra, DVR, NVS, etc.)<\/td>\n<\/tr>\n<tr>\n<td colspan=\"18\">Max.\u00a0Acc\u00e8s utilisateur<\/td>\n<td colspan=\"42\">128 utilisateurs<\/td>\n<\/tr>\n<tr>\n<td colspan=\"18\">T\u00e9l\u00e9phone intelligent<\/td>\n<td colspan=\"42\">iPhone, iPad, Android<\/td>\n<\/tr>\n<tr>\n<td colspan=\"18\">L&#8217;interop\u00e9rabilit\u00e9<\/td>\n<td colspan=\"42\">ONVIF 16.12, conforme \u00e0 CGI<\/td>\n<\/tr>\n<\/tbody>\n<\/table>\n<\/div>\n<\/div>\n<div id=\"div_left\">\n<div class=\"div-drop\">\n<table id=\"table002\" class=\"NEW-TABLE TableOverride-1 tab-drag\" style=\"width: 100%;\">\n<tbody>\n<tr>\n<td style=\"width: 28.3768%;\" colspan=\"60\">\n<h2><span style=\"font-size: 14pt;\">D\u00e9tection vid\u00e9o et alarme<\/span><\/h2>\n<\/td>\n<\/tr>\n<tr>\n<td style=\"width: 13.6209%;\" colspan=\"18\">\u00c9v\u00e9nements d\u00e9clencheurs<\/td>\n<td style=\"width: 14.756%;\" colspan=\"42\">Enregistrement, PTZ, Visite guid\u00e9e, Push vid\u00e9o, Email, FTP, Snapshot, Buzzer et Screen Tips<\/td>\n<\/tr>\n<tr>\n<td style=\"width: 13.6209%;\" colspan=\"18\">D\u00e9tection vid\u00e9o<\/td>\n<td style=\"width: 14.756%;\" colspan=\"42\">D\u00e9tection de mouvement, zones MD: 396 (22 \u00d7 18), perte vid\u00e9o, alt\u00e9ration et diagnostic<\/td>\n<\/tr>\n<tr>\n<td style=\"width: 13.6209%;\" colspan=\"18\">Entr\u00e9e d&#8217;alarme<\/td>\n<td style=\"width: 14.756%;\" colspan=\"42\">N \/ A<\/td>\n<\/tr>\n<tr>\n<td style=\"width: 13.6209%;\" colspan=\"18\">Sortie relais<\/td>\n<td style=\"width: 14.756%;\" colspan=\"42\">N \/ A<\/td>\n<\/tr>\n<tr>\n<td style=\"width: 28.3768%;\" colspan=\"60\">\n<h2><span style=\"font-size: 14pt;\">Lire et sauvegarde<\/span><\/h2>\n<\/td>\n<\/tr>\n<tr>\n<td style=\"width: 13.6209%;\" colspan=\"18\">Lecture<\/td>\n<td style=\"width: 14.756%;\" colspan=\"42\">1\/4<\/td>\n<\/tr>\n<tr>\n<td style=\"width: 13.6209%;\" colspan=\"18\">Mode de recherche<\/td>\n<td style=\"width: 14.756%;\" colspan=\"42\">Heure \/ Date, Alarme, MD et Recherche Exacte (pr\u00e9cision \u00e0 la seconde)<\/td>\n<\/tr>\n<tr>\n<td style=\"width: 13.6209%;\" colspan=\"18\">Fonction de lecture<\/td>\n<td style=\"width: 14.756%;\" colspan=\"42\">Lecture, Pause, Arr\u00eater, Rembobiner, Lecture rapide, Lecture lente, Fichier suivant, Fichier pr\u00e9c\u00e9dent, Appareil photo suivant, Appareil photo pr\u00e9c\u00e9dent, Plein \u00e9cran, R\u00e9p\u00e9ter, Al\u00e9atoire, S\u00e9lection en cours, Zoom num\u00e9rique<\/td>\n<\/tr>\n<tr>\n<td style=\"width: 13.6209%;\" colspan=\"18\">Mode de sauvegarde<\/td>\n<td style=\"width: 14.756%;\" colspan=\"42\">P\u00e9riph\u00e9rique USB \/ r\u00e9seau<\/td>\n<\/tr>\n<tr>\n<td style=\"width: 28.3768%;\" colspan=\"60\">\n<h2><span style=\"font-size: 14pt;\">Espace de rangement<\/span><\/h2>\n<\/td>\n<\/tr>\n<tr>\n<td style=\"width: 13.6209%;\" colspan=\"18\">Disque dur interne<\/td>\n<td style=\"width: 14.756%;\" colspan=\"42\">1 port SATA, jusqu&#8217;\u00e0 6 To de capacit\u00e9<\/td>\n<\/tr>\n<tr>\n<td style=\"width: 13.6209%;\" colspan=\"18\">eSATA<\/td>\n<td style=\"width: 14.756%;\" colspan=\"42\">N \/ A<\/td>\n<\/tr>\n<tr>\n<td style=\"width: 28.3768%;\" colspan=\"60\">\n<h2><span style=\"font-size: 14pt;\">Interface auxiliaire<\/span><\/h2>\n<\/td>\n<\/tr>\n<tr>\n<td style=\"width: 13.6209%;\" colspan=\"18\">USB<\/td>\n<td style=\"width: 14.756%;\" colspan=\"42\">2 USB 2.0<\/td>\n<\/tr>\n<tr>\n<td style=\"width: 13.6209%;\" colspan=\"18\">RS232<\/td>\n<td style=\"width: 14.756%;\" colspan=\"42\">N \/ A<\/td>\n<\/tr>\n<tr>\n<td style=\"width: 13.6209%;\" colspan=\"18\">RS485<\/td>\n<td style=\"width: 14.756%;\" colspan=\"42\">1 port, pour contr\u00f4le PTZ<\/td>\n<\/tr>\n<tr>\n<td style=\"width: 28.3768%;\" colspan=\"60\">\n<h2><span style=\"font-size: 14pt;\">\u00c9lectrique<\/span><\/h2>\n<\/td>\n<\/tr>\n<tr>\n<td style=\"width: 13.6209%;\" colspan=\"18\">Source de courant<\/td>\n<td style=\"width: 14.756%;\" colspan=\"42\">DC12V \/ 1.5A<\/td>\n<\/tr>\n<tr>\n<td style=\"width: 13.6209%;\" colspan=\"18\">Consommation d&#8217;\u00e9nergie<\/p>\n<p>(sans disque dur)<\/td>\n<td style=\"width: 14.756%;\" colspan=\"42\">&lt;10W<\/td>\n<\/tr>\n<tr>\n<td style=\"width: 28.3768%;\" colspan=\"60\">\n<h2><span style=\"font-size: 14pt;\">Construction<\/span><\/h2>\n<\/td>\n<\/tr>\n<tr>\n<td style=\"width: 13.6209%;\" colspan=\"18\">Dimensions<\/td>\n<td style=\"width: 14.756%;\" colspan=\"42\">1U compacte, 260 \u00d7 236 \u00d7 48mm (10.2 &#8220;\u00d7 9.3&#8221; \u00d7 1.9 &#8220;)<\/td>\n<\/tr>\n<tr>\n<td style=\"width: 13.6209%;\" colspan=\"18\">Poids net<\/p>\n<p>(sans disque dur)<\/td>\n<td style=\"width: 14.756%;\" colspan=\"42\">0,9 kg (2,0 lb)<\/td>\n<\/tr>\n<tr>\n<td style=\"width: 13.6209%;\" colspan=\"18\">Poids brut<\/td>\n<td style=\"width: 14.756%;\" colspan=\"42\">1,6 kg (3,5 lb)<\/td>\n<\/tr>\n<tr>\n<td style=\"width: 13.6209%;\" colspan=\"18\">Installation<\/td>\n<td style=\"width: 14.756%;\" colspan=\"42\">Installation de bureau<\/td>\n<\/tr>\n<tr>\n<td style=\"width: 28.3768%;\" colspan=\"60\">\n<h2><span style=\"font-size: 14pt;\">Environnement<\/span><\/h2>\n<\/td>\n<\/tr>\n<tr>\n<td style=\"width: 13.6209%;\" colspan=\"18\">Des conditions de fonctionnement<\/td>\n<td style=\"width: 14.756%;\" colspan=\"42\">-10 \u00b0 C ~ + 45 \u00b0 C, jusqu&#8217;\u00e0 55 \u00b0 C avec ventilateur \u00e0 bo\u00eetier, 10 ~ 90% HR<\/td>\n<\/tr>\n<tr>\n<td style=\"width: 13.6209%;\" colspan=\"18\">Conditions de stockage<\/td>\n<td style=\"width: 14.756%;\" colspan=\"42\">-20 \u00b0 C ~ + 70 \u00b0 C (0 ~ 90% HR)<\/td>\n<\/tr>\n<tr>\n<td style=\"width: 28.3768%;\" colspan=\"60\">\n<h2><span style=\"font-size: 14pt;\">Assistance tierce<\/span><\/h2>\n<\/td>\n<\/tr>\n<tr>\n<td style=\"width: 13.6209%;\" colspan=\"18\">Assistance tierce<\/td>\n<td style=\"width: 14.756%;\" colspan=\"42\">Dahua, Arecont Vision, AXIS, Bosch, Brickcom, Canon, CP Plus, Dynacolor, Honeywell, Panasonic, Pelco, Samsung, Sanyo, Sony, Videotec, Vivotek, etc.<\/td>\n<\/tr>\n<tr>\n<td style=\"width: 28.3768%;\" colspan=\"60\">\n<h2><span style=\"font-size: 14pt;\">Certifications<\/span><\/h2>\n<\/td>\n<\/tr>\n<tr>\n<td style=\"width: 13.6209%;\" colspan=\"18\" rowspan=\"2\">Certifications<\/td>\n<td style=\"width: 14.756%;\" colspan=\"42\">FCC: Partie 15, sous-partie B<\/td>\n<\/tr>\n<tr>\n<td style=\"width: 14.756%;\" colspan=\"42\">CE: CE-LVD: EN 60950-1 \/ IEC 60950-1<\/p>\n<p>CE-EMC: EN 61000-3-2, EN 61000-3-3, EN 55032, EN 50130, EN 55024<\/td>\n<\/tr>\n<\/tbody>\n<\/table>\n<\/div>\n<\/div>\n<div id=\"gtx-trans\" style=\"position: absolute; left: 44px; top: 3493.4px;\">\n<div class=\"gtx-trans-icon\"><\/div>\n<\/div>\n","protected":false},"excerpt":{"rendered":"<h1 class=\"text\" data-gtm-vis-has-fired-10552706_195=\"1\" data-gtm-vis-has-fired-10552706_181=\"1\" data-gtm-vis-recent-on-screen-10552706_196=\"104074\" data-gtm-vis-first-on-screen-10552706_196=\"104074\" data-gtm-vis-total-visible-time-10552706_196=\"100\" data-gtm-vis-has-fired-10552706_196=\"1\" data-gtm-vis-recent-on-screen-10552706_194=\"104077\" data-gtm-vis-first-on-screen-10552706_194=\"104077\" data-gtm-vis-total-visible-time-10552706_194=\"100\" data-gtm-vis-has-fired-10552706_194=\"1\" data-gtm-vis-recent-on-screen-10552706_192=\"104080\" data-gtm-vis-first-on-screen-10552706_192=\"104080\" data-gtm-vis-total-visible-time-10552706_192=\"100\" data-gtm-vis-has-fired-10552706_192=\"1\" data-gtm-vis-recent-on-screen-10552706_193=\"104097\" data-gtm-vis-first-on-screen-10552706_193=\"104097\" data-gtm-vis-total-visible-time-10552706_193=\"100\" data-gtm-vis-has-fired-10552706_193=\"1\" data-gtm-vis-recent-on-screen-10552706_217=\"104098\" data-gtm-vis-first-on-screen-10552706_217=\"104098\" data-gtm-vis-total-visible-time-10552706_217=\"100\" data-gtm-vis-has-fired-10552706_217=\"1\" data-gtm-vis-recent-on-screen-10552706_184=\"104100\" data-gtm-vis-first-on-screen-10552706_184=\"104101\" data-gtm-vis-total-visible-time-10552706_184=\"100\" data-gtm-vis-has-fired-10552706_184=\"1\"><span style=\"font-size: 10pt; color: #000000;\"><strong>Enregistreur vid\u00e9o num\u00e9rique compact 1U Penta-brid 720P 4 canaux<\/strong><\/span><\/h1>\n<ul>\n<li>Compression vid\u00e9o H.265<\/li>\n<li>Prend en charge les entr\u00e9es vid\u00e9o HDCVI \/ AHD \/ TVI \/ CVBS \/ IP<\/li>\n<li>Entr\u00e9es de cam\u00e9ra IP 5 canaux maximum, chaque canal jusqu&#8217;\u00e0 2MP; Bande passante entrante maximale de 20 Mbps<\/li>\n<li>Longue distance de transmission sur c\u00e2ble coaxial<\/li>\n<li>Prend en charge 1 disque dur SATA, jusqu&#8217;\u00e0 10 To<\/li>\n<\/ul>\n<p><img decoding=\"async\" class=\"alignnone size-medium wp-image-5085\" src=\"http:\/\/tthcompany.com\/wp-content\/uploads\/2019\/03\/XVR4104HS-X-300x72.png\" alt=\"\" width=\"300\" height=\"72\" \/><\/p>\n","protected":false},"featured_media":18905,"comment_status":"open","ping_status":"closed","template":"","meta":{"om_disable_all_campaigns":false,"_monsterinsights_skip_tracking":false,"_monsterinsights_sitenote_active":false,"_monsterinsights_sitenote_note":"","_monsterinsights_sitenote_category":0},"product_cat":[186,187,188],"product_tag":[204,205,206,260,207,208,261,262,209,210,263,264,211,228,212,213,265,386,214,229,266,215,230,239,193,267,216,268,195,218,269,240,196,270,271,272,197,198,387,199,220,273,241,200,274,275,201,276,277,388,222,278,279,280,281,282,389,283,284,285,286,224,225,226,390,391,392],"class_list":{"0":"post-18883","1":"product","2":"type-product","3":"status-publish","4":"has-post-thumbnail","6":"product_cat-produits-hdcvi","7":"product_cat-xvr","8":"product_cat-xvr-2mp","9":"product_tag-afrique-du-sud","10":"product_tag-alarme","11":"product_tag-camera","12":"product_tag-camera-de-surveillance-tanger","13":"product_tag-camera-hdcvi","14":"product_tag-camera-ip","15":"product_tag-camera-ip-dahua","16":"product_tag-camera-maroc","17":"product_tag-camera-surveillance","18":"product_tag-camera-surveillance-afrique","19":"product_tag-camera-surveillance-avec-un-bon-prix","20":"product_tag-camera-surveillance-casablanca","21":"product_tag-camera-surveillance-dahua","22":"product_tag-camera-surveillance-maroc","23":"product_tag-camera-surveillance-tanger","24":"product_tag-camera-dahua","25":"product_tag-control-dacces-tanger","26":"product_tag-daha-eljadida","27":"product_tag-dahua-afrique","28":"product_tag-dahua-agadir","29":"product_tag-dahua-azrou","30":"product_tag-dahua-camera","31":"product_tag-dahua-camera-4mp","32":"product_tag-dahua-casa","33":"product_tag-dahua-casablanca","34":"product_tag-dahua-dakhla","35":"product_tag-dahua-el-jadida","36":"product_tag-dahua-errachidia","37":"product_tag-dahua-fes","38":"product_tag-dahua-hoceima","39":"product_tag-dahua-ifrane","40":"product_tag-dahua-jadida","41":"product_tag-dahua-kenitra","42":"product_tag-dahua-khemisset","43":"product_tag-dahua-khouribga","44":"product_tag-dahua-laayoune","45":"product_tag-dahua-maroc","46":"product_tag-dahua-marrakech","47":"product_tag-dahua-mekenas","48":"product_tag-dahua-meknes","49":"product_tag-dahua-nador","50":"product_tag-dahua-ouarzazate","51":"product_tag-dahua-oujda","52":"product_tag-dahua-rabat","53":"product_tag-dahua-safi","54":"product_tag-dahua-settat","55":"product_tag-dahua-tanger","56":"product_tag-dahua-taroudant","57":"product_tag-dahua-taza","58":"product_tag-dahua-temara","59":"product_tag-dahua-tetouan","60":"product_tag-dahua-tiflet","61":"product_tag-dahua-tiznit","62":"product_tag-desenfumage-tanger","63":"product_tag-detection-incendie","64":"product_tag-distributeur-dahua","65":"product_tag-enregistreur-video","66":"product_tag-installation-alarme","67":"product_tag-installations-camera-de-surveillance-maroc","68":"product_tag-moniteur-dimage","69":"product_tag-pack-camera-de-surveillance","70":"product_tag-pack-camera-de-surveillance-dahua","71":"product_tag-pointeuse","72":"product_tag-smart-lock","73":"product_tag-xvr4104hs-x1","74":"product_tag-xvr4104hs-x1-dahua","75":"product_tag-xvr4104hs-x1-enregistreur-video-numerique-compact-1u-penta-brid-720p-a-4-canaux","77":"first","78":"instock","79":"shipping-taxable","80":"purchasable","81":"product-type-simple","82":"add-to-wishlist-after_add_to_cart"},"aioseo_notices":[],"_links":{"self":[{"href":"https:\/\/tthcompany.ma\/index.php\/wp-json\/wp\/v2\/product\/18883","targetHints":{"allow":["GET"]}}],"collection":[{"href":"https:\/\/tthcompany.ma\/index.php\/wp-json\/wp\/v2\/product"}],"about":[{"href":"https:\/\/tthcompany.ma\/index.php\/wp-json\/wp\/v2\/types\/product"}],"replies":[{"embeddable":true,"href":"https:\/\/tthcompany.ma\/index.php\/wp-json\/wp\/v2\/comments?post=18883"}],"wp:featuredmedia":[{"embeddable":true,"href":"https:\/\/tthcompany.ma\/index.php\/wp-json\/wp\/v2\/media\/18905"}],"wp:attachment":[{"href":"https:\/\/tthcompany.ma\/index.php\/wp-json\/wp\/v2\/media?parent=18883"}],"wp:term":[{"taxonomy":"product_cat","embeddable":true,"href":"https:\/\/tthcompany.ma\/index.php\/wp-json\/wp\/v2\/product_cat?post=18883"},{"taxonomy":"product_tag","embeddable":true,"href":"https:\/\/tthcompany.ma\/index.php\/wp-json\/wp\/v2\/product_tag?post=18883"}],"curies":[{"name":"wp","href":"https:\/\/api.w.org\/{rel}","templated":true}]}}