{"id":18880,"date":"2022-08-17T10:14:30","date_gmt":"2022-08-17T10:14:30","guid":{"rendered":"https:\/\/tthcompany.ma\/?post_type=product&#038;p=18880"},"modified":"2023-05-29T14:00:26","modified_gmt":"2023-05-29T14:00:26","slug":"hac-hfw1400tp","status":"publish","type":"product","link":"https:\/\/tthcompany.ma\/index.php\/product\/hac-hfw1400tp\/","title":{"rendered":"HAC-HFW1400TP-S3"},"content":{"rendered":"<div id=\"div_left\">\n<div class=\"div-drop\">\n<div id=\"div_left\">\n<div class=\"div-drop\">\n<table id=\"table001\" class=\"NEW-TABLE TableOverride-1 tab-drag\">\n<tbody>\n<tr>\n<td colspan=\"60\">\n<h2><span style=\"font-size: 14pt;\">Cam\u00e9ra<\/span><\/h2>\n<\/td>\n<\/tr>\n<tr>\n<td colspan=\"18\">Capteur d&#8217;image<\/td>\n<td colspan=\"42\">CMOS 1 \/ 2,7 &#8220;<\/td>\n<\/tr>\n<tr>\n<td colspan=\"18\">Pixels efficaces<\/td>\n<td colspan=\"42\">2560 (H) \u00d7 1440 (V), 4MP<\/td>\n<\/tr>\n<tr>\n<td colspan=\"18\">Syst\u00e8me de num\u00e9risation<\/td>\n<td colspan=\"42\">Progressive<\/td>\n<\/tr>\n<tr>\n<td colspan=\"18\">Vitesse d&#8217;obturation \u00e9lectronique<\/td>\n<td colspan=\"42\">PAL: 1\/25 ~ 1 \/ 100000s<\/p>\n<p>NTSC: 1\/30 ~ 1 \/ 100000s<\/td>\n<\/tr>\n<tr>\n<td colspan=\"18\">\u00c9clairage minimum<\/td>\n<td colspan=\"42\">0.03Lux \/ F2.0, 30IRE, 0Lux IR activ\u00e9<\/td>\n<\/tr>\n<tr>\n<td colspan=\"18\">Rapport S \/ N<\/td>\n<td colspan=\"42\">Plus de 65 dB<\/td>\n<\/tr>\n<tr>\n<td colspan=\"18\">Distance IR<\/td>\n<td colspan=\"42\">Jusqu&#8217;\u00e0 30 m (98 pieds)<\/td>\n<\/tr>\n<tr>\n<td colspan=\"18\">Contr\u00f4le marche \/ arr\u00eat infrarouge<\/td>\n<td colspan=\"42\">Auto \/ Manuel<\/td>\n<\/tr>\n<tr>\n<td colspan=\"18\">LED IR<\/td>\n<td colspan=\"42\">1<\/td>\n<\/tr>\n<tr>\n<td colspan=\"60\">\n<h2><span style=\"font-size: 14pt;\">Capture<\/span><\/h2>\n<\/td>\n<\/tr>\n<tr>\n<td colspan=\"18\">Type d&#8217;objectif<\/td>\n<td colspan=\"42\">Lentille fixe \/ Iris fixe<\/td>\n<\/tr>\n<tr>\n<td colspan=\"18\">Type de montage<\/td>\n<td colspan=\"42\">Embarquement<\/td>\n<\/tr>\n<tr>\n<td colspan=\"18\">Distance focale<\/td>\n<td colspan=\"42\">3,6 mm (2,8 mm en option)<\/td>\n<\/tr>\n<tr>\n<td colspan=\"18\">Ouverture max.<\/td>\n<td colspan=\"42\">F2.0<\/td>\n<\/tr>\n<tr>\n<td colspan=\"18\">Angle de vue<\/td>\n<td colspan=\"42\">H: 76,4 \u00b0 (97,0 \u00b0)<br \/>\nV: 41,6 \u00b0 (52 \u00b0)<\/td>\n<\/tr>\n<tr>\n<td colspan=\"18\">Contr\u00f4le de la mise au point<\/td>\n<td colspan=\"42\">N \/ A<\/td>\n<\/tr>\n<tr>\n<td colspan=\"18\">Distance de mise au point rapproch\u00e9e<\/td>\n<td colspan=\"42\">1400 mm (800 mm)<\/p>\n<p>55,1 &#8221; (31,5 &#8221;)<\/td>\n<\/tr>\n<tr>\n<td colspan=\"60\">\n<h2><span style=\"font-size: 14pt;\">Distance DORI<\/span><\/h2>\n<\/td>\n<\/tr>\n<tr>\n<td colspan=\"60\">Remarque: La distance DORI est une \u00abproximit\u00e9 g\u00e9n\u00e9rale\u00bb de la distance qui permet de localiser facilement la cam\u00e9ra adapt\u00e9e \u00e0 vos besoins.\u00a0La distance DORI est calcul\u00e9e sur la base des sp\u00e9cifications du capteur et du r\u00e9sultat du test de laboratoire selon EN 62676-4 qui d\u00e9finit respectivement les crit\u00e8res de d\u00e9tection, d&#8217;observation, de reconnaissance et d&#8217;identification.<\/td>\n<\/tr>\n<tr>\n<td colspan=\"18\"><\/td>\n<td colspan=\"21\">DORI<\/p>\n<p>D\u00e9finition<\/td>\n<td colspan=\"21\">Distance<\/td>\n<\/tr>\n<tr>\n<td colspan=\"18\">D\u00e9tecter<\/td>\n<td colspan=\"21\">25px \/ m<\/p>\n<p>(8 px \/ pi)<\/td>\n<td colspan=\"21\">2,8 mm: 56 m (184 pi)<\/p>\n<p>3,6 mm: 80 m (262 pi)<\/td>\n<\/tr>\n<tr>\n<td colspan=\"18\">Observer<\/td>\n<td colspan=\"21\">63px \/ m<\/p>\n<p>(19 px \/ pi)<\/td>\n<td colspan=\"21\">2,8 mm: 22 m (73 pi)<\/p>\n<p>3,6 mm: 32 m (105 pieds)<\/td>\n<\/tr>\n<tr>\n<td colspan=\"18\">Reconna\u00eetre<\/td>\n<td colspan=\"21\">125px \/ m<\/p>\n<p>(38 px \/ pi)<\/td>\n<td colspan=\"21\">2,8 mm: 11 m (37 pieds)<\/p>\n<p>3,6 mm: 16 m (52 \u200b\u200bpi)<\/td>\n<\/tr>\n<tr>\n<td colspan=\"18\">Identifier<\/td>\n<td colspan=\"21\">250ppm<\/p>\n<p>(76 px \/ pi)<\/td>\n<td colspan=\"21\">2,8 mm: 6 m (18 pi)<\/p>\n<p>3,6 mm: 8 m (26 pieds)<\/td>\n<\/tr>\n<tr>\n<td colspan=\"60\">\n<h2><span style=\"font-size: 14pt;\">Pan \/ Tilt \/ Rotation<\/span><\/h2>\n<\/td>\n<\/tr>\n<tr>\n<td colspan=\"18\">Pan \/ Tilt \/ Rotation<\/td>\n<td colspan=\"42\">Pan: 0 \u00b0 ~ 360 \u00b0<\/p>\n<p>Inclinaison: 0 \u00b0 ~ 90 \u00b0<\/p>\n<p>Rotation: 0 \u00b0 ~ 360 \u00b0<\/td>\n<\/tr>\n<tr>\n<td colspan=\"60\">\n<h2><span style=\"font-size: 14pt;\">Vid\u00e9o<\/span><\/h2>\n<\/td>\n<\/tr>\n<tr>\n<td colspan=\"18\">R\u00e9solution<\/td>\n<td colspan=\"42\">4MP (2560 \u00d7 1440)<\/td>\n<\/tr>\n<tr>\n<td colspan=\"18\">Fr\u00e9quence d&#8217;images<\/td>\n<td colspan=\"42\">25 \/ 30fps @ 4MP, 25 \/ 30fps @ 1080P<\/td>\n<\/tr>\n<tr>\n<td colspan=\"18\">Sortie vid\u00e9o<\/td>\n<td colspan=\"42\">Sortie vid\u00e9o haute d\u00e9finition BNC \u00e0 1 canal \/ sortie vid\u00e9o CVBS (peut basculer)<\/td>\n<\/tr>\n<tr>\n<td colspan=\"18\">Jour Nuit<\/td>\n<td colspan=\"42\">Auto (ICR) \/ Manuel<\/td>\n<\/tr>\n<tr>\n<td colspan=\"18\">Menu OSD<\/td>\n<td colspan=\"42\">Multi-langue<\/td>\n<\/tr>\n<tr>\n<td colspan=\"18\">Mode BLC<\/td>\n<td colspan=\"42\">BLC \/ HLC \/ DWDR<\/td>\n<\/tr>\n<tr>\n<td colspan=\"18\">WDR<\/td>\n<td colspan=\"42\">DWDR<\/td>\n<\/tr>\n<tr>\n<td colspan=\"18\">Prendre le contr\u00f4le<\/td>\n<td colspan=\"42\">AGC<\/td>\n<\/tr>\n<tr>\n<td colspan=\"18\">R\u00e9duction de bruit<\/td>\n<td colspan=\"42\">2D<\/td>\n<\/tr>\n<tr>\n<td colspan=\"18\">Balance des blancs<\/td>\n<td colspan=\"42\">Auto \/ Manuel<\/td>\n<\/tr>\n<tr>\n<td colspan=\"18\">Smart IR<\/td>\n<td colspan=\"42\">Auto \/ Manuel<\/td>\n<\/tr>\n<\/tbody>\n<\/table>\n<\/div>\n<\/div>\n<div id=\"div_left\">\n<div class=\"div-drop\">\n<table id=\"table002\" class=\"NEW-TABLE TableOverride-1 tab-drag\">\n<tbody>\n<tr>\n<td colspan=\"60\">\n<h2><span style=\"font-size: 14pt;\">Certiafictions<\/span><\/h2>\n<\/td>\n<\/tr>\n<tr>\n<td colspan=\"18\">Certifications<\/td>\n<td colspan=\"42\">CE (EN55032, EN55024, EN50130-4)<\/p>\n<p>FCC (CFR 47 FCC Partie 15 sous-partie B, ANSI C63.4-2014)<\/p>\n<p>UL (UL60950-1 + CAN \/ CSA C22.2 No.60950-1)<\/td>\n<\/tr>\n<tr>\n<td colspan=\"60\">\n<h2><span style=\"font-size: 14pt;\">Interface<\/span><\/h2>\n<\/td>\n<\/tr>\n<tr>\n<td colspan=\"18\">Interface audio<\/td>\n<td colspan=\"42\">N \/ A<\/td>\n<\/tr>\n<tr>\n<td colspan=\"60\">\n<h2><span style=\"font-size: 14pt;\">\u00c9lectrique<\/span><\/h2>\n<\/td>\n<\/tr>\n<tr>\n<td colspan=\"18\">Source de courant<\/td>\n<td colspan=\"42\">POC\u00a0<span lang=\"zh-CN\">\/\u00a0<\/span>12V DC \u00b1 30%<\/td>\n<\/tr>\n<tr>\n<td colspan=\"18\">Consommation d&#8217;\u00e9nergie<\/td>\n<td colspan=\"42\">Max.\u00a03,6 W (12 V CC, IR activ\u00e9)<\/td>\n<\/tr>\n<tr>\n<td colspan=\"60\">\n<h2><span style=\"font-size: 14pt;\">Environnement<\/span><\/h2>\n<\/td>\n<\/tr>\n<tr>\n<td colspan=\"18\">Des conditions de fonctionnement<\/td>\n<td colspan=\"42\">-40 \u00b0 C ~ + 60 \u00b0 C (-40 \u00b0 F ~ + 140 \u00b0 F) \/ Moins de 95% HR<\/p>\n<p>* Le d\u00e9marrage doit \u00eatre effectu\u00e9 \u00e0 plus de -40 \u00b0 C (-40 \u00b0 F)<\/td>\n<\/tr>\n<tr>\n<td colspan=\"18\">Conditions de stockage<\/td>\n<td colspan=\"42\">-40 \u00b0 C ~ + 60 \u00b0 C (-40 \u00b0 F ~ + 140 \u00b0 F) \/ Moins de 95% HR<\/td>\n<\/tr>\n<tr>\n<td colspan=\"18\">Protection contre les infiltrations et\u00a0r\u00e9sistance au vandalisme<\/td>\n<td colspan=\"42\">IP67<\/td>\n<\/tr>\n<tr>\n<td colspan=\"60\">\n<h2><span style=\"font-size: 14pt;\">Construction<\/span><\/h2>\n<\/td>\n<\/tr>\n<tr>\n<td colspan=\"18\">Enveloppe<\/td>\n<td colspan=\"42\">Aluminium<\/td>\n<\/tr>\n<tr>\n<td colspan=\"18\">Dimensions<\/td>\n<td colspan=\"42\">176 mm \u00d7 72,4 mm \u00d7 72,5 mm (6,93 &#8220;\u00d7 2,85&#8221; \u00d7 2,85 &#8220;)<\/td>\n<\/tr>\n<tr>\n<td colspan=\"18\">Poids net<\/td>\n<td colspan=\"42\">0,37 kg (0,82 lb)<\/td>\n<\/tr>\n<tr>\n<td colspan=\"18\">Poids brut<\/td>\n<td colspan=\"42\">0,48 kg (1,06 lb)<\/td>\n<\/tr>\n<\/tbody>\n<\/table>\n<\/div>\n<\/div>\n<\/div>\n<\/div>\n<div id=\"div_left\"><\/div>\n<div id=\"gtx-trans\" style=\"position: absolute; left: 75px; top: 2850.29px;\">\n<div class=\"gtx-trans-icon\"><\/div>\n<\/div>\n","protected":false},"excerpt":{"rendered":"<h1 class=\"title\"><span style=\"color: #000000; font-size: 10pt;\"><strong>Cam\u00e9ra Dahua Bullet HDCVI 4MP IR\u00a0<\/strong><\/span><\/h1>\n<ul>\n<li>Max. 30pfs@4MP<\/li>\n<li>HD and SD output switchable<\/li>\n<li>3.6mm fixed lens (2.8mm, 6mm optional)<\/li>\n<li>Max. IR length 30m, Smart IR<\/li>\n<li>IP67, DC12V<br \/>\n<img decoding=\"async\" class=\"alignnone size-medium wp-image-6148\" src=\"http:\/\/tthcompany.com\/wp-content\/uploads\/2019\/03\/20181217141425_65560-300x32.png\" alt=\"\" width=\"300\" height=\"32\" \/><\/li>\n<\/ul>\n","protected":false},"featured_media":18859,"comment_status":"open","ping_status":"closed","template":"","meta":{"om_disable_all_campaigns":false,"_monsterinsights_skip_tracking":false,"_monsterinsights_sitenote_active":false,"_monsterinsights_sitenote_note":"","_monsterinsights_sitenote_category":0},"product_cat":[248,235,234,186],"product_tag":[204,205,1034,260,208,261,262,209,210,263,264,211,228,212,213,189,265,214,229,191,266,215,230,193,267,216,268,195,218,269,240,196,270,271,272,197,198,219,199,220,231,273,241,200,274,275,201,276,277,222,278,279,323,280,281,282,374,375,283,284,285,286,224,225,287,288,289,226,290,291,292],"class_list":{"0":"post-18880","1":"product","2":"type-product","3":"status-publish","4":"has-post-thumbnail","6":"product_cat-4mp","7":"product_cat-cameras-4mp","8":"product_cat-cameras-hdcvi","9":"product_cat-produits-hdcvi","10":"product_tag-afrique-du-sud","11":"product_tag-alarme","12":"product_tag-camera-de-surveillance","13":"product_tag-camera-de-surveillance-tanger","14":"product_tag-camera-ip","15":"product_tag-camera-ip-dahua","16":"product_tag-camera-maroc","17":"product_tag-camera-surveillance","18":"product_tag-camera-surveillance-afrique","19":"product_tag-camera-surveillance-avec-un-bon-prix","20":"product_tag-camera-surveillance-casablanca","21":"product_tag-camera-surveillance-dahua","22":"product_tag-camera-surveillance-maroc","23":"product_tag-camera-surveillance-tanger","24":"product_tag-camera-dahua","25":"product_tag-camera-dahua-sd59230t-hn","26":"product_tag-control-dacces-tanger","27":"product_tag-dahua-afrique","28":"product_tag-dahua-agadir","29":"product_tag-dahua-algerie","30":"product_tag-dahua-azrou","31":"product_tag-dahua-camera","32":"product_tag-dahua-camera-4mp","33":"product_tag-dahua-casablanca","34":"product_tag-dahua-dakhla","35":"product_tag-dahua-el-jadida","36":"product_tag-dahua-errachidia","37":"product_tag-dahua-fes","38":"product_tag-dahua-hoceima","39":"product_tag-dahua-ifrane","40":"product_tag-dahua-jadida","41":"product_tag-dahua-kenitra","42":"product_tag-dahua-khemisset","43":"product_tag-dahua-khouribga","44":"product_tag-dahua-laayoune","45":"product_tag-dahua-maroc","46":"product_tag-dahua-marrakech","47":"product_tag-dahua-meknas","48":"product_tag-dahua-meknes","49":"product_tag-dahua-nador","50":"product_tag-dahua-nvr","51":"product_tag-dahua-ouarzazate","52":"product_tag-dahua-oujda","53":"product_tag-dahua-rabat","54":"product_tag-dahua-safi","55":"product_tag-dahua-settat","56":"product_tag-dahua-tanger","57":"product_tag-dahua-taroudant","58":"product_tag-dahua-taza","59":"product_tag-dahua-tetouan","60":"product_tag-dahua-tiflet","61":"product_tag-dahua-tiznit","62":"product_tag-dahua-tunisie","63":"product_tag-desenfumage-tanger","64":"product_tag-detection-incendie","65":"product_tag-distributeur-dahua","66":"product_tag-hac-hfw1400t","67":"product_tag-hac-hfw1400t-4mp","68":"product_tag-installation-alarme","69":"product_tag-installations-camera-de-surveillance-maroc","70":"product_tag-moniteur-dimage","71":"product_tag-pack-camera-de-surveillance","72":"product_tag-pack-camera-de-surveillance-dahua","73":"product_tag-pointeuse","74":"product_tag-porte-automatiques","75":"product_tag-portes-coup-feu-tanger","76":"product_tag-skydome-tanger","77":"product_tag-smart-lock","78":"product_tag-sprinkler-tanger","79":"product_tag-travaux-d-incendie-tanger","80":"product_tag-video-surveillance-tanger","82":"first","83":"instock","84":"shipping-taxable","85":"purchasable","86":"product-type-simple","87":"add-to-wishlist-after_add_to_cart"},"aioseo_notices":[],"_links":{"self":[{"href":"https:\/\/tthcompany.ma\/index.php\/wp-json\/wp\/v2\/product\/18880","targetHints":{"allow":["GET"]}}],"collection":[{"href":"https:\/\/tthcompany.ma\/index.php\/wp-json\/wp\/v2\/product"}],"about":[{"href":"https:\/\/tthcompany.ma\/index.php\/wp-json\/wp\/v2\/types\/product"}],"replies":[{"embeddable":true,"href":"https:\/\/tthcompany.ma\/index.php\/wp-json\/wp\/v2\/comments?post=18880"}],"wp:featuredmedia":[{"embeddable":true,"href":"https:\/\/tthcompany.ma\/index.php\/wp-json\/wp\/v2\/media\/18859"}],"wp:attachment":[{"href":"https:\/\/tthcompany.ma\/index.php\/wp-json\/wp\/v2\/media?parent=18880"}],"wp:term":[{"taxonomy":"product_cat","embeddable":true,"href":"https:\/\/tthcompany.ma\/index.php\/wp-json\/wp\/v2\/product_cat?post=18880"},{"taxonomy":"product_tag","embeddable":true,"href":"https:\/\/tthcompany.ma\/index.php\/wp-json\/wp\/v2\/product_tag?post=18880"}],"curies":[{"name":"wp","href":"https:\/\/api.w.org\/{rel}","templated":true}]}}