{"id":18879,"date":"2022-08-17T10:14:30","date_gmt":"2022-08-17T10:14:30","guid":{"rendered":"https:\/\/tthcompany.ma\/?post_type=product&#038;p=18879"},"modified":"2022-08-17T10:14:35","modified_gmt":"2022-08-17T10:14:35","slug":"hcvr7204-08-16an-4m","status":"publish","type":"product","link":"https:\/\/tthcompany.ma\/index.php\/product\/hcvr7204-08-16an-4m\/","title":{"rendered":"HCVR7204\/08\/16AN-4M"},"content":{"rendered":"<div id=\"div_left\">\n<div class=\"div-drop\">\n<div id=\"div_left\">\n<div class=\"div-drop\">\n<table id=\"table001\" class=\"NEW-TABLE TableOverride-1 tab-drag\">\n<tbody>\n<tr>\n<td colspan=\"60\">\n<h2><span style=\"font-size: 14pt;\">Syst\u00e8me<\/span><\/h2>\n<\/td>\n<\/tr>\n<tr>\n<td colspan=\"18\">Processeur principal<\/td>\n<td colspan=\"42\">Processeur int\u00e9gr\u00e9<\/td>\n<\/tr>\n<tr>\n<td colspan=\"18\">Syst\u00e8me op\u00e9rateur<\/td>\n<td colspan=\"42\">LINUX embarqu\u00e9<\/td>\n<\/tr>\n<tr>\n<td colspan=\"60\">\n<h2><span style=\"font-size: 14pt;\">Afficher<\/span><\/h2>\n<\/td>\n<\/tr>\n<tr>\n<td colspan=\"18\">Interface<\/td>\n<td colspan=\"42\">1 HDMI (jusqu&#8217;\u00e0 3840&#215;2160), 1 VGA<\/td>\n<\/tr>\n<tr>\n<td colspan=\"18\">R\u00e9solution<\/td>\n<td colspan=\"42\">3840&#215;2160, 2560 \u00d7 1440, 1920 \u00d7 1080, 1280 \u00d7 1024, 1280 \u00d7 720, 1024 \u00d7 768<\/td>\n<\/tr>\n<tr>\n<td colspan=\"18\">Affichage multi-\u00e9crans<\/td>\n<td colspan=\"42\">4CH: 1\/4\/6<\/p>\n<p>8CH: 1\/4\/8\/9\/16<\/p>\n<p>16CH: 1\/4\/8\/9\/16\/25<\/td>\n<\/tr>\n<tr>\n<td colspan=\"18\">OSD<\/td>\n<td colspan=\"42\">Titre de la cam\u00e9ra, heure, perte vid\u00e9o, verrouillage de la cam\u00e9ra, d\u00e9tection de mouvement, enregistrement<\/td>\n<\/tr>\n<tr>\n<td colspan=\"60\">\n<h2><span style=\"font-size: 14pt;\">D\u00e9tection vid\u00e9o et alarme<\/span><\/h2>\n<\/td>\n<\/tr>\n<tr>\n<td colspan=\"18\">\u00c9v\u00e9nements d\u00e9clencheurs<\/td>\n<td colspan=\"42\">Enregistrement, PTZ, Tour, Video Push, Email, FTP, Snapshot, Buzzer et Screen Tips<\/td>\n<\/tr>\n<tr>\n<td colspan=\"18\">D\u00e9tection vid\u00e9o<\/td>\n<td colspan=\"42\">D\u00e9tection de mouvement, zones MD: 396 (22 \u00d7 18), vid\u00e9o<\/p>\n<p>Perte, alt\u00e9ration et diagnostic<\/td>\n<\/tr>\n<tr>\n<td colspan=\"18\">Entr\u00e9e d&#8217;alarme<\/td>\n<td colspan=\"42\">N \/ A<\/td>\n<\/tr>\n<tr>\n<td colspan=\"18\">Sortie relais<\/td>\n<td colspan=\"42\">N \/ A<\/td>\n<\/tr>\n<tr>\n<td colspan=\"60\">\n<h2><span style=\"font-size: 14pt;\">Lecture et sauvegarde<\/span><\/h2>\n<\/td>\n<\/tr>\n<tr>\n<td colspan=\"18\">Relecture<\/td>\n<td colspan=\"42\">4CH: 1\/4<\/p>\n<p>8CH: 1\/4\/9<\/p>\n<p>16CH: 1\/4\/9\/16<\/td>\n<\/tr>\n<tr>\n<td colspan=\"18\">Mode de recherche<\/td>\n<td colspan=\"42\">Heure \/ date, alarme, MD et recherche exacte (pr\u00e9cise \u00e0 la seconde)<\/td>\n<\/tr>\n<tr>\n<td colspan=\"18\">Fonction de lecture<\/td>\n<td colspan=\"42\">Lecture, pause, arr\u00eat, rembobinage, lecture rapide, lecture lente, fichier suivant, fichier pr\u00e9c\u00e9dent, cam\u00e9ra suivante, cam\u00e9ra pr\u00e9c\u00e9dente, plein \u00e9cran, r\u00e9p\u00e9tition, lecture al\u00e9atoire, s\u00e9lection de sauvegarde, zoom num\u00e9rique<\/td>\n<\/tr>\n<tr>\n<td colspan=\"18\">Mode de sauvegarde<\/td>\n<td colspan=\"42\">P\u00e9riph\u00e9rique \/ r\u00e9seau USB<\/td>\n<\/tr>\n<tr>\n<td colspan=\"60\">\n<h2><span style=\"font-size: 14pt;\">Espace de Stockage<\/span><\/h2>\n<\/td>\n<\/tr>\n<tr>\n<td colspan=\"18\">Disque dur interne<\/td>\n<td colspan=\"42\">2 ports SATA, jusqu&#8217;\u00e0 8 To de capacit\u00e9 pour chaque disque<\/td>\n<\/tr>\n<tr>\n<td colspan=\"18\">eSATA<\/td>\n<td colspan=\"42\">N \/ A<\/td>\n<\/tr>\n<tr>\n<td colspan=\"60\">\n<h2><span style=\"font-size: 14pt;\">Interface auxiliaire<\/span><\/h2>\n<\/td>\n<\/tr>\n<tr>\n<td colspan=\"18\">USB<\/td>\n<td colspan=\"42\">2 ports USB (1 USB 2.0, 1 USB 3.0)<\/td>\n<\/tr>\n<tr>\n<td colspan=\"18\">RS232<\/td>\n<td colspan=\"42\">N \/ A<\/td>\n<\/tr>\n<tr>\n<td colspan=\"18\">RS485<\/td>\n<td colspan=\"42\">1 port, pour contr\u00f4le PTZ<\/td>\n<\/tr>\n<tr>\n<td colspan=\"60\">\n<h2><span style=\"font-size: 14pt;\">Support tiers<\/span><\/h2>\n<\/td>\n<\/tr>\n<tr>\n<td colspan=\"18\">Support tiers<\/td>\n<td colspan=\"42\">Arecont Vision, AXIS, Bosch, Brickcom, Canon, CP Plus, Dynacolor, Honeywell, Panasonic, Pelco, Samsung, Sanyo, Sony, Videotec, Vivotek, etc.<\/td>\n<\/tr>\n<\/tbody>\n<\/table>\n<\/div>\n<\/div>\n<div id=\"div_left\">\n<div class=\"div-drop\">\n<table id=\"table002\" class=\"NEW-TABLE TableOverride-1 tab-drag\">\n<tbody>\n<tr>\n<td colspan=\"60\">\n<h2><span style=\"font-size: 14pt;\">Audio et vid\u00e9o<\/span><\/h2>\n<\/td>\n<\/tr>\n<tr>\n<td colspan=\"18\">Entr\u00e9e cam\u00e9ra HDCVI<\/td>\n<td colspan=\"42\">4\/8\/16 Channel<\/td>\n<\/tr>\n<tr>\n<td colspan=\"18\">Entr\u00e9e cam\u00e9ra IP<\/td>\n<td colspan=\"42\">4 + 2\/8 + 4\/16 + 8 canaux, chaque canal jusqu&#8217;\u00e0 8MP<\/td>\n<\/tr>\n<tr>\n<td colspan=\"18\">Entr\u00e9e \/ sortie audio<\/td>\n<td colspan=\"42\">1\/1<\/td>\n<\/tr>\n<tr>\n<td colspan=\"18\">Discussion bidirectionnelle<\/td>\n<td colspan=\"42\">R\u00e9utilisation de l&#8217;entr\u00e9e \/ sortie audio, RCA<\/td>\n<\/tr>\n<tr>\n<td colspan=\"60\">\n<h2><span style=\"font-size: 14pt;\">Enregistrement<\/span><\/h2>\n<\/td>\n<\/tr>\n<tr>\n<td colspan=\"18\">Compression<\/td>\n<td colspan=\"42\">H.264 + \/ H.264<\/td>\n<\/tr>\n<tr>\n<td colspan=\"18\">R\u00e9solution<\/td>\n<td colspan=\"42\">4K\u00a0<span lang=\"zh-CN\">,\u00a0<\/span>4MP, 1080P, 720P, 960H, D1, HD1, BCIF, CIF, QCIF<\/td>\n<\/tr>\n<tr>\n<td colspan=\"18\">Taux d&#8217;enregistrement<\/td>\n<td colspan=\"42\">Flux\u00a0principal: 1er canal 4K\u00a0<span lang=\"zh-CN\">(1\u00a0<\/span>~\u00a0<span lang=\"zh-CN\">12\u00a0<\/span><span lang=\"zh-CN\">\/\u00a0<\/span>15fps)\u00a0<span lang=\"zh-CN\">\/ 4MP (\u00a0<\/span>1 ~ 15fps\u00a0<span lang=\"zh-CN\">), autres 4MP (1\u00a0<\/span>~\u00a0<span lang=\"zh-CN\">15fps);<\/span><\/p>\n<p>1080P \/ 720P \/ 960H \/ D1 \/ HD1 \/ BCIF \/ CIF \/ QCIF (1 ~ 25 \/ 30fps)<\/p>\n<p>Sous Steram: D1 \/ CIF \/ QCIF (1 ~ 25 \/ 30fps)<\/td>\n<\/tr>\n<tr>\n<td colspan=\"18\">D\u00e9bit binaire<\/td>\n<td colspan=\"42\">1Kbps ~ 8192Kbps par canal<\/td>\n<\/tr>\n<tr>\n<td colspan=\"18\">Mode d&#8217;enregistrement<\/td>\n<td colspan=\"42\">Manuel, horaire (r\u00e9gulier, continu), MD (d\u00e9tection vid\u00e9o: d\u00e9tection de mouvement, perte vid\u00e9o, sabotage), alarme, arr\u00eat<\/td>\n<\/tr>\n<tr>\n<td colspan=\"18\">Intervalle d&#8217;enregistrement<\/td>\n<td colspan=\"42\">1 ~ 60 min (par d\u00e9faut: 60 min), pr\u00e9-enregistrement: 1 ~ 30 sec,<\/p>\n<p>Post-enregistrement: 10 ~ 300 sec<\/td>\n<\/tr>\n<tr>\n<td colspan=\"60\">\n<h2><span style=\"font-size: 14pt;\">R\u00e9seau<\/span><\/h2>\n<\/td>\n<\/tr>\n<tr>\n<td colspan=\"18\">Interface<\/td>\n<td colspan=\"42\">1 port RJ-45 (1000M)<\/td>\n<\/tr>\n<tr>\n<td colspan=\"18\">Fonction r\u00e9seau<\/td>\n<td colspan=\"42\">HTTP, TCP \/ IP, IPv4 \/ IPv6, UPnP, RTSP, UDP, SMTP,<\/p>\n<p>NTP, DHCP, DNS, filtre IP, PPPoE, DDNS, FTP, alarme<\/p>\n<p>Serveur, P2P, recherche IP (prise en charge de la cam\u00e9ra IP,<\/p>\n<p>DVR, NVS, etc.)<\/td>\n<\/tr>\n<tr>\n<td colspan=\"18\">Max.\u00a0Acc\u00e8s utilisateur<\/td>\n<td colspan=\"42\">128 utilisateurs<\/td>\n<\/tr>\n<tr>\n<td colspan=\"18\">T\u00e9l\u00e9phone intelligent<\/td>\n<td colspan=\"42\">iPhone, iPad, Android<\/td>\n<\/tr>\n<tr>\n<td colspan=\"18\">L&#8217;interop\u00e9rabilit\u00e9<\/td>\n<td colspan=\"42\">ONVIF 2.42, conforme CGI<\/td>\n<\/tr>\n<tr>\n<td colspan=\"60\">\n<h2><span style=\"font-size: 14pt;\">\u00c9lectrique<\/span><\/h2>\n<\/td>\n<\/tr>\n<tr>\n<td colspan=\"18\">Source de courant<\/td>\n<td colspan=\"42\">4 \/ 8CH: DC12V \/ 4A, 16CH: DC12V \/ 5A<\/td>\n<\/tr>\n<tr>\n<td colspan=\"18\">Consommation d&#8217;\u00e9nergie<\/td>\n<td colspan=\"42\">&lt;15 W (sans disque dur)<\/td>\n<\/tr>\n<tr>\n<td colspan=\"60\">\n<h2><span style=\"font-size: 14pt;\">Environnement<\/span><\/h2>\n<\/td>\n<\/tr>\n<tr>\n<td colspan=\"18\">Des conditions de fonctionnement<\/td>\n<td colspan=\"42\">-10 \u00b0 C ~ + 55 \u00b0 C (+ 14 \u00b0 F ~ + 131 \u00b0 F), 0 ~ 90% HR<\/td>\n<\/tr>\n<tr>\n<td colspan=\"18\">Conditions de stockage<\/td>\n<td colspan=\"42\">-20 \u00b0 C ~ + 70 \u00b0 C (-4 \u00b0 F ~ + 158 \u00b0 F), 0 ~ 90% HR<\/td>\n<\/tr>\n<tr>\n<td colspan=\"60\">\n<h2><span style=\"font-size: 14pt;\">Construction<\/span><\/h2>\n<\/td>\n<\/tr>\n<tr>\n<td colspan=\"18\">Dimensions<\/td>\n<td colspan=\"42\">1U, 375 mm \u00d7 287 mm \u00d7 53 mm (14,8 &#8220;x 11,3&#8221; x 2,1 &#8220;)<\/td>\n<\/tr>\n<tr>\n<td colspan=\"18\">Poids net<\/td>\n<td colspan=\"42\">2,35 kg (5,2 lb) (sans disque dur)<\/td>\n<\/tr>\n<tr>\n<td colspan=\"18\">Poids brut<\/td>\n<td colspan=\"42\">3,2 kg (7,05 lb)<\/td>\n<\/tr>\n<tr>\n<td colspan=\"18\">Installation<\/td>\n<td colspan=\"42\">Installation sur le bureau<\/td>\n<\/tr>\n<tr>\n<td colspan=\"60\">\n<h2><span style=\"font-size: 14pt;\">Certifications<\/span><\/h2>\n<\/td>\n<\/tr>\n<tr>\n<td colspan=\"18\" rowspan=\"3\">Certifications<\/td>\n<td colspan=\"42\">FCC: Partie 15 Sous-partie B ICES 003 Num\u00e9ro 6<\/td>\n<\/tr>\n<tr>\n<td colspan=\"42\">CE: EN 55032: 2012 + AC: 2013 (classe B)<\/p>\n<p>EN 55024: 2010 EN 61000-3-2: 2014<\/p>\n<p>EN 50130-4: 2011 EN 61000-3-3: 2013<\/td>\n<\/tr>\n<tr>\n<td colspan=\"42\">UL: 60950-1 et CAN \/ CSA C22.2 no 60950-1-07<\/td>\n<\/tr>\n<\/tbody>\n<\/table>\n<\/div>\n<\/div>\n<\/div>\n<\/div>\n<div id=\"div_left\"><\/div>\n<div id=\"gtx-trans\" style=\"position: absolute; left: 83px; top: 3205.74px;\">\n<div class=\"gtx-trans-icon\"><\/div>\n<\/div>\n","protected":false},"excerpt":{"rendered":"<h1 class=\"text\"><span style=\"font-size: 10pt; color: #000000;\"><strong>Enregistreur vid\u00e9o num\u00e9rique 4\/8\/16 canaux 4MP 1U<\/strong><\/span><\/h1>\n<ul>\n<li>Processeur int\u00e9gr\u00e9<\/li>\n<li>Compression vid\u00e9o double flux H.264 + \/ H.264<\/li>\n<li>Prise en charge des entr\u00e9es vid\u00e9o HDCVI \/ CVBS<\/li>\n<li>Entr\u00e9es de cam\u00e9ra IP 6\/12\/24 canaux max, chaque canal jusqu&#8217;\u00e0 8MP<\/li>\n<li>Bande passante entrante max 24\/48 \/ 96Mbps<\/li>\n<li>Sortie HDMI jusqu&#8217;\u00e0 une r\u00e9solution 4K (3840&#215;2160)<\/li>\n<li>Recherche intelligente et syst\u00e8me vid\u00e9o intelligen<img decoding=\"async\" class=\"alignnone size-medium wp-image-6149\" src=\"http:\/\/tthcompany.com\/wp-content\/uploads\/2019\/03\/20160928025052_30997-300x32.png\" alt=\"\" width=\"300\" height=\"32\" \/><\/li>\n<\/ul>\n","protected":false},"featured_media":18858,"comment_status":"open","ping_status":"closed","template":"","meta":{"om_disable_all_campaigns":false,"_monsterinsights_skip_tracking":false,"_monsterinsights_sitenote_active":false,"_monsterinsights_sitenote_note":"","_monsterinsights_sitenote_category":0},"product_cat":[186],"product_tag":[204,205,206,260,207,208,261,262,209,210,263,264,211,228,212,213,265,190,214,229,192,266,215,230,239,193,267,216,268,195,218,269,196,270,271,272,197,198,199,220,273,241,200,274,275,201,276,277,222,278,279,280,281,282,372,373,283,284,285,286,224,225,287,288,289,226,290,291,292],"class_list":{"0":"post-18879","1":"product","2":"type-product","3":"status-publish","4":"has-post-thumbnail","6":"product_cat-produits-hdcvi","7":"product_tag-afrique-du-sud","8":"product_tag-alarme","9":"product_tag-camera","10":"product_tag-camera-de-surveillance-tanger","11":"product_tag-camera-hdcvi","12":"product_tag-camera-ip","13":"product_tag-camera-ip-dahua","14":"product_tag-camera-maroc","15":"product_tag-camera-surveillance","16":"product_tag-camera-surveillance-afrique","17":"product_tag-camera-surveillance-avec-un-bon-prix","18":"product_tag-camera-surveillance-casablanca","19":"product_tag-camera-surveillance-dahua","20":"product_tag-camera-surveillance-maroc","21":"product_tag-camera-surveillance-tanger","22":"product_tag-camera-dahua","23":"product_tag-control-dacces-tanger","24":"product_tag-dahua","25":"product_tag-dahua-afrique","26":"product_tag-dahua-agadir","27":"product_tag-dahua-assila","28":"product_tag-dahua-azrou","29":"product_tag-dahua-camera","30":"product_tag-dahua-camera-4mp","31":"product_tag-dahua-casa","32":"product_tag-dahua-casablanca","33":"product_tag-dahua-dakhla","34":"product_tag-dahua-el-jadida","35":"product_tag-dahua-errachidia","36":"product_tag-dahua-fes","37":"product_tag-dahua-hoceima","38":"product_tag-dahua-ifrane","39":"product_tag-dahua-kenitra","40":"product_tag-dahua-khemisset","41":"product_tag-dahua-khouribga","42":"product_tag-dahua-laayoune","43":"product_tag-dahua-maroc","44":"product_tag-dahua-marrakech","45":"product_tag-dahua-meknes","46":"product_tag-dahua-nador","47":"product_tag-dahua-ouarzazate","48":"product_tag-dahua-oujda","49":"product_tag-dahua-rabat","50":"product_tag-dahua-safi","51":"product_tag-dahua-settat","52":"product_tag-dahua-tanger","53":"product_tag-dahua-taroudant","54":"product_tag-dahua-taza","55":"product_tag-dahua-tetouan","56":"product_tag-dahua-tiflet","57":"product_tag-dahua-tiznit","58":"product_tag-desenfumage-tanger","59":"product_tag-detection-incendie","60":"product_tag-distributeur-dahua","61":"product_tag-hcvr7204-08-16an-4m","62":"product_tag-hcvr7204-08-16an-4m-4-8-16-channel-4mp-1u-digital-video-recorder","63":"product_tag-installation-alarme","64":"product_tag-installations-camera-de-surveillance-maroc","65":"product_tag-moniteur-dimage","66":"product_tag-pack-camera-de-surveillance","67":"product_tag-pack-camera-de-surveillance-dahua","68":"product_tag-pointeuse","69":"product_tag-porte-automatiques","70":"product_tag-portes-coup-feu-tanger","71":"product_tag-skydome-tanger","72":"product_tag-smart-lock","73":"product_tag-sprinkler-tanger","74":"product_tag-travaux-d-incendie-tanger","75":"product_tag-video-surveillance-tanger","77":"first","78":"instock","79":"shipping-taxable","80":"purchasable","81":"product-type-simple","82":"add-to-wishlist-after_add_to_cart"},"aioseo_notices":[],"_links":{"self":[{"href":"https:\/\/tthcompany.ma\/index.php\/wp-json\/wp\/v2\/product\/18879","targetHints":{"allow":["GET"]}}],"collection":[{"href":"https:\/\/tthcompany.ma\/index.php\/wp-json\/wp\/v2\/product"}],"about":[{"href":"https:\/\/tthcompany.ma\/index.php\/wp-json\/wp\/v2\/types\/product"}],"replies":[{"embeddable":true,"href":"https:\/\/tthcompany.ma\/index.php\/wp-json\/wp\/v2\/comments?post=18879"}],"wp:featuredmedia":[{"embeddable":true,"href":"https:\/\/tthcompany.ma\/index.php\/wp-json\/wp\/v2\/media\/18858"}],"wp:attachment":[{"href":"https:\/\/tthcompany.ma\/index.php\/wp-json\/wp\/v2\/media?parent=18879"}],"wp:term":[{"taxonomy":"product_cat","embeddable":true,"href":"https:\/\/tthcompany.ma\/index.php\/wp-json\/wp\/v2\/product_cat?post=18879"},{"taxonomy":"product_tag","embeddable":true,"href":"https:\/\/tthcompany.ma\/index.php\/wp-json\/wp\/v2\/product_tag?post=18879"}],"curies":[{"name":"wp","href":"https:\/\/api.w.org\/{rel}","templated":true}]}}