{"id":18872,"date":"2022-08-17T10:14:30","date_gmt":"2022-08-17T10:14:30","guid":{"rendered":"https:\/\/tthcompany.ma\/?post_type=product&#038;p=18872"},"modified":"2022-08-17T10:14:32","modified_gmt":"2022-08-17T10:14:32","slug":"nvr4208-4216-4232-8p","status":"publish","type":"product","link":"https:\/\/tthcompany.ma\/index.php\/product\/nvr4208-4216-4232-8p\/","title":{"rendered":"NVR4208\/4216\/4232-8P"},"content":{"rendered":"<div id=\"div_left\">\n<div class=\"div-drop ui-droppable\">\n<table id=\"table001\" class=\"NEW-TABLE TableOverride-1 tab-drag ui-draggable ui-draggable-handle\">\n<tbody>\n<tr>\n<td colspan=\"2\">\n<h2><span style=\"font-size: 14pt;\">Syst\u00e8me<\/span><\/h2>\n<\/td>\n<\/tr>\n<tr>\n<td>Processeur principal<\/td>\n<td>Processeur int\u00e9gr\u00e9 \u00e0 double c\u0153ur<\/td>\n<\/tr>\n<tr>\n<td>Syst\u00e8me op\u00e9rateur<\/td>\n<td>LINUX embarqu\u00e9<\/td>\n<\/tr>\n<tr>\n<td colspan=\"2\">\n<h2><span style=\"font-size: 14pt;\">Afficher<\/span><\/h2>\n<\/td>\n<\/tr>\n<tr>\n<td>Interface<\/td>\n<td>1 HDMI, 1 VGA<\/td>\n<\/tr>\n<tr>\n<td>R\u00e9solution<\/td>\n<td>1920 \u00d7 1080, 1280 \u00d7 1024, 1280 \u00d7 720, 1024 \u00d7 768<\/td>\n<\/tr>\n<tr>\n<td rowspan=\"2\">Affichage\u00a0multi-\u00e9crans<\/td>\n<td>8CH: 1\/4\/8\/9<\/td>\n<\/tr>\n<tr>\n<td>16 \/ 32CH: 1\/4\/8\/9\/16<\/td>\n<\/tr>\n<tr>\n<td>OSD<\/td>\n<td>Titre de la cam\u00e9ra, heure, perte vid\u00e9o, verrouillage de la cam\u00e9ra, d\u00e9tection de mouvement, enregistrement<\/td>\n<\/tr>\n<tr>\n<td colspan=\"2\">\n<h2><span style=\"font-size: 14pt;\">D\u00e9tection vid\u00e9o et alarme<\/span><\/h2>\n<\/td>\n<\/tr>\n<tr>\n<td>\u00c9v\u00e9nements d\u00e9clencheurs<\/td>\n<td>Enregistrement, PTZ, Tour, Sortie d&#8217;alarme, Push vid\u00e9o, Email, FTP, Instantan\u00e9, Buzzer et Conseils d&#8217;\u00e9cran<\/td>\n<\/tr>\n<tr>\n<td>D\u00e9tection vid\u00e9o<\/td>\n<td>D\u00e9tection de mouvement, zones MD: 396 (22 \u00d7 18),<\/p>\n<p>Perte vid\u00e9o et cam\u00e9ra vierge<\/td>\n<\/tr>\n<tr>\n<td>Entr\u00e9e d&#8217;alarme<\/td>\n<td>4 canaux, bas niveau efficace,<\/p>\n<p>Interface de borne verte<\/td>\n<\/tr>\n<tr>\n<td>Sortie relais<\/td>\n<td>2 canaux, NO \/ NC programmable,<\/p>\n<p>Interface de borne verte<\/td>\n<\/tr>\n<tr>\n<td colspan=\"2\">\n<h2><span style=\"font-size: 14pt;\">Lire et sauvegarde<\/span><\/h2>\n<\/td>\n<\/tr>\n<tr>\n<td rowspan=\"2\">Relecture<\/td>\n<td>8CH: 1\/4\/8<\/td>\n<\/tr>\n<tr>\n<td>16 \/ 32CH: 1\/4\/8\/16<\/td>\n<\/tr>\n<tr>\n<td>Mode de recherche<\/td>\n<td>Heure \/ date, alarme,\u00a0MD et recherche exacte<\/p>\n<p>(pr\u00e9cis \u00e0 la seconde), Recherche intelligente<\/td>\n<\/tr>\n<tr>\n<td>Fonction de lecture<\/td>\n<td>Lecture, pause, arr\u00eat, rembobinage, lecture rapide, lecture lente,<\/p>\n<p>Fichier suivant, Fichier pr\u00e9c\u00e9dent, Appareil photo suivant,<\/p>\n<p>Appareil photo pr\u00e9c\u00e9dent, plein \u00e9cran, r\u00e9p\u00e9tition, lecture al\u00e9atoire, s\u00e9lection de sauvegarde, zoom num\u00e9rique<\/td>\n<\/tr>\n<tr>\n<td>Mode de sauvegarde<\/td>\n<td>P\u00e9riph\u00e9rique \/ r\u00e9seau USB<\/td>\n<\/tr>\n<tr>\n<td colspan=\"2\">\n<h2><span style=\"font-size: 14pt;\">Espace de rangement<\/span><\/h2>\n<\/td>\n<\/tr>\n<tr>\n<td>Disque dur interne<\/td>\n<td>2 ports SATA III, jusqu&#8217;\u00e0 6 To de capacit\u00e9 pour chaque disque dur<\/td>\n<\/tr>\n<tr>\n<td>Mode disque dur<\/td>\n<td>C\u00e9libataire<\/td>\n<\/tr>\n<tr>\n<td>eSATA<\/td>\n<td>N \/ A<\/td>\n<\/tr>\n<tr>\n<td colspan=\"2\">\n<h2><span style=\"font-size: 14pt;\">Interface auxiliaire<\/span><\/h2>\n<\/td>\n<\/tr>\n<tr>\n<td>USB<\/td>\n<td>2 ports USB (1 USB 2.0, 1 USB 3.0)<\/td>\n<\/tr>\n<tr>\n<td>RS232<\/td>\n<td>1 port, pour communication PC et clavier<\/td>\n<\/tr>\n<tr>\n<td>RS485<\/td>\n<td>1 port, pour contr\u00f4le PTZ<\/td>\n<\/tr>\n<tr>\n<td colspan=\"2\">\n<h2><span style=\"font-size: 14pt;\">Support tiers<\/span><\/h2>\n<\/td>\n<\/tr>\n<tr>\n<td>Support tiers<\/td>\n<td>Arecont Vision, AXIS, Bosch, Brickcom, Canon, CP Plus, Dynacolor, Honeywell, Panasonic, Pelco, Samsung, Sanyo, Sony, Videotec, Vivotek, etc.<\/td>\n<\/tr>\n<\/tbody>\n<\/table>\n<\/div>\n<\/div>\n<div id=\"div_right\">\n<div class=\"div-drop ui-droppable\">\n<table id=\"table002\" class=\"NEW-TABLE TableOverride-1 tab-drag ui-draggable ui-draggable-handle\">\n<tbody>\n<tr>\n<td colspan=\"2\">\n<h2><span style=\"font-size: 14pt;\">Audio et vid\u00e9o<\/span><\/h2>\n<\/td>\n<\/tr>\n<tr>\n<td>Entr\u00e9e cam\u00e9ra IP<\/td>\n<td>8\/16\/32 Channel<\/td>\n<\/tr>\n<tr>\n<td>Discussion bidirectionnelle<\/td>\n<td>1 entr\u00e9e de canal, 1 sortie de canal, RCA<\/td>\n<\/tr>\n<tr>\n<td colspan=\"2\">\n<h2><span style=\"font-size: 14pt;\">Enregistrement<\/span><\/h2>\n<\/td>\n<\/tr>\n<tr>\n<td>Compression<\/td>\n<td>H.264 + \/ H.264 \/ MJPEG<\/td>\n<\/tr>\n<tr>\n<td>R\u00e9solution<\/td>\n<td>5MP\u00a0<span lang=\"zh-CN\">\/\u00a0<\/span>4MP \/ 3MP \/ 1080P \/ 1,3MP \/ 720P etc.<\/td>\n<\/tr>\n<tr>\n<td>Taux d&#8217;enregistrement<\/td>\n<td>200 Mbps<\/td>\n<\/tr>\n<tr>\n<td>D\u00e9bit binaire<\/td>\n<td>16 Kbit \/ s ~ 20 Mbit \/ s par canal<\/td>\n<\/tr>\n<tr>\n<td>Mode d&#8217;enregistrement<\/td>\n<td>Manuel, horaire (r\u00e9gulier, continu), MD (d\u00e9tection vid\u00e9o: d\u00e9tection de mouvement, vide de la cam\u00e9ra, perte vid\u00e9o), alarme, arr\u00eat<\/td>\n<\/tr>\n<tr>\n<td>Intervalle d&#8217;enregistrement<\/td>\n<td>1 ~ 120 min (par d\u00e9faut: 60 min), pr\u00e9-enregistrement:<\/p>\n<p>1 ~ 30 sec, post-enregistrement: 10 ~ 300 sec<\/td>\n<\/tr>\n<tr>\n<td colspan=\"2\">\n<h2><span style=\"font-size: 14pt;\">R\u00e9seau<\/span><\/h2>\n<\/td>\n<\/tr>\n<tr>\n<td>Interface<\/td>\n<td>1 port RJ-45 (10\/100\/1 000 Mbps)<\/td>\n<\/tr>\n<tr>\n<td>Port Ethernet<\/td>\n<td>1 port Ethernet 1000 Mbps ind\u00e9pendant<\/td>\n<\/tr>\n<tr>\n<td>PoE<\/td>\n<td>8 ports (IEEE802.3at \/ af)<\/td>\n<\/tr>\n<tr>\n<td>Fonction r\u00e9seau<\/td>\n<td>HTTP, TCP \/ IP, IPv4 \/ IPv6, UPnP, RTSP, UDP, SMTP, NTP, DHCP, DNS, Filtre IP, PPPoE, DDNS, FTP,<\/p>\n<p>Serveur d&#8217;alarme, recherche IP (prise en charge de cam\u00e9ra IP, DVR, NVS, etc.)<\/td>\n<\/tr>\n<tr>\n<td>Max.\u00a0Acc\u00e8s utilisateur<\/td>\n<td>128 utilisateurs<\/td>\n<\/tr>\n<tr>\n<td>T\u00e9l\u00e9phone intelligent<\/td>\n<td>iPhone, iPad, Android<\/td>\n<\/tr>\n<tr>\n<td>L&#8217;interop\u00e9rabilit\u00e9<\/td>\n<td>ONVIF 2.4, conforme CGI<\/td>\n<\/tr>\n<tr>\n<td colspan=\"2\">\n<h2><span style=\"font-size: 14pt;\">\u00c9lectrique<\/span><\/h2>\n<\/td>\n<\/tr>\n<tr>\n<td>Source de courant<\/td>\n<td>AC100V ~ 240V, 50 ~ 60 Hz<\/td>\n<\/tr>\n<tr>\n<td>Consommation d&#8217;\u00e9nergie<\/td>\n<td>&lt;20 W (sans disque dur)<\/td>\n<\/tr>\n<tr>\n<td colspan=\"2\">\n<h2><span style=\"font-size: 14pt;\">Environnement<\/span><\/h2>\n<\/td>\n<\/tr>\n<tr>\n<td>Des conditions de fonctionnement<\/td>\n<td>-10 \u00b0 C ~ + 55 \u00b0 C (+ 14 \u00b0 F ~ + 131 \u00b0 F), 86 ~ 106kpa<\/td>\n<\/tr>\n<tr>\n<td>Conditions de stockage<\/td>\n<td>-20 \u00b0 C ~ + 70 \u00b0 C (-4 \u00b0 F ~ + 158 \u00b0 F), 0 ~ 90% HR<\/td>\n<\/tr>\n<tr>\n<td colspan=\"2\">\n<h2><span style=\"font-size: 14pt;\">Construction<\/span><\/h2>\n<\/td>\n<\/tr>\n<tr>\n<td>Dimensions<\/td>\n<td>1U, 375 mm \u00d7 327 mm \u00d7 53 mm<\/p>\n<p>(14,8 &#8220;x 12,9&#8221; x 2,1 &#8220;)<\/td>\n<\/tr>\n<tr>\n<td>Poids net<\/td>\n<td>2,6 kg (5,7 lb) (sans disque dur)<\/td>\n<\/tr>\n<tr>\n<td>Poids brut<\/td>\n<td>4 kg (7,1 lb) (sans disque dur)<\/td>\n<\/tr>\n<tr>\n<td colspan=\"2\">\n<h2><span style=\"font-size: 14pt;\">Certifications<\/span><\/h2>\n<\/td>\n<\/tr>\n<tr>\n<td>CE<\/td>\n<td>EN55022, EN55024, EN50130-4, EN60950-1<\/td>\n<\/tr>\n<tr>\n<td>FCC<\/td>\n<td>Partie 15 sous-partie B, ANSI C63.4-2014<\/td>\n<\/tr>\n<tr>\n<td>UL<\/td>\n<td>UL60950-1 + CAN \/ CSA C22.2 No.60950-1<\/td>\n<\/tr>\n<\/tbody>\n<\/table>\n<\/div>\n<\/div>\n<div id=\"gtx-trans\" style=\"position: absolute; left: 33px; top: 3222.03px;\">\n<div class=\"gtx-trans-icon\"><\/div>\n<\/div>\n","protected":false},"excerpt":{"rendered":"<h1 class=\"text\"><span style=\"color: #000000;\"><strong><span style=\"font-size: 10pt;\">Enregistreur vid\u00e9o r\u00e9seau 8\/16\/32 canaux 8PoE 1U Lite<\/span><\/strong><\/span><\/h1>\n<div data-v-19072eeb=\"\">\n<ul>\n<li>D\u00e9codage H.264 + \/ H.264 codec<\/li>\n<li>Bande passante entrante max 200 Mbps<\/li>\n<li>R\u00e9solution jusqu&#8217;\u00e0 5 Mpx pour l&#8217;aper\u00e7u et la lecture<\/li>\n<li>Sortie vid\u00e9o simultan\u00e9e HDMI \/ VGA<\/li>\n<li>Prise en charge des ports IPC UPnP, 8PoE<\/li>\n<li>Prise en charge de la technologie ANR pour am\u00e9liorer la fiabilit\u00e9 du stockage lorsque le r\u00e9seau tombe en panne<\/li>\n<\/ul>\n<p><img decoding=\"async\" class=\"alignnone size-medium wp-image-6131\" src=\"http:\/\/tthcompany.com\/wp-content\/uploads\/2017\/08\/20160923061544_89497-300x32.png\" alt=\"\" width=\"300\" height=\"32\" \/><\/p>\n<\/div>\n","protected":false},"featured_media":18871,"comment_status":"open","ping_status":"closed","template":"","meta":{"om_disable_all_campaigns":false,"_monsterinsights_skip_tracking":false,"_monsterinsights_sitenote_active":false,"_monsterinsights_sitenote_note":"","_monsterinsights_sitenote_category":0},"product_cat":[334,335,302],"product_tag":[204,205,338,206,260,208,261,262,209,210,263,264,211,228,212,213,237,341,342,343,265,360,214,229,191,266,230,193,267,216,268,195,218,269,361,196,270,271,272,197,198,219,199,220,273,241,200,274,275,201,276,277,222,278,279,280,281,223,282,345,346,255,347,283,284,348,349,350,351,300,352,285,353,354,257,362,286,224,225,287,288,289,226,357,290,358,359,291,292,202],"class_list":{"0":"post-18872","1":"product","2":"type-product","3":"status-publish","4":"has-post-thumbnail","6":"product_cat-nvr-dahua","7":"product_cat-nvr-serie-lite","8":"product_cat-produits-ip","9":"product_tag-afrique-du-sud","10":"product_tag-alarme","11":"product_tag-algerie","12":"product_tag-camera","13":"product_tag-camera-de-surveillance-tanger","14":"product_tag-camera-ip","15":"product_tag-camera-ip-dahua","16":"product_tag-camera-maroc","17":"product_tag-camera-surveillance","18":"product_tag-camera-surveillance-afrique","19":"product_tag-camera-surveillance-avec-un-bon-prix","20":"product_tag-camera-surveillance-casablanca","21":"product_tag-camera-surveillance-dahua","22":"product_tag-camera-surveillance-maroc","23":"product_tag-camera-surveillance-tanger","24":"product_tag-camera-dahua","25":"product_tag-cameroun","26":"product_tag-centre-afrique","27":"product_tag-congo-brazavile","28":"product_tag-congo-kinshasa","29":"product_tag-control-dacces-tanger","30":"product_tag-cote-divoire","31":"product_tag-dahua-afrique","32":"product_tag-dahua-agadir","33":"product_tag-dahua-algerie","34":"product_tag-dahua-azrou","35":"product_tag-dahua-camera-4mp","36":"product_tag-dahua-casablanca","37":"product_tag-dahua-dakhla","38":"product_tag-dahua-el-jadida","39":"product_tag-dahua-errachidia","40":"product_tag-dahua-fes","41":"product_tag-dahua-hoceima","42":"product_tag-dahua-ifrane","43":"product_tag-dahua-jadida-nvr4208-4216-4232-8p-dahua","44":"product_tag-dahua-kenitra","45":"product_tag-dahua-khemisset","46":"product_tag-dahua-khouribga","47":"product_tag-dahua-laayoune","48":"product_tag-dahua-maroc","49":"product_tag-dahua-marrakech","50":"product_tag-dahua-meknas","51":"product_tag-dahua-meknes","52":"product_tag-dahua-nador","53":"product_tag-dahua-ouarzazate","54":"product_tag-dahua-oujda","55":"product_tag-dahua-rabat","56":"product_tag-dahua-safi","57":"product_tag-dahua-settat","58":"product_tag-dahua-tanger","59":"product_tag-dahua-taroudant","60":"product_tag-dahua-taza","61":"product_tag-dahua-tetouan","62":"product_tag-dahua-tiflet","63":"product_tag-dahua-tiznit","64":"product_tag-desenfumage-tanger","65":"product_tag-detection-incendie","66":"product_tag-disque-dur","67":"product_tag-distributeur-dahua","68":"product_tag-gabon","69":"product_tag-guinee","70":"product_tag-hdcvi","71":"product_tag-hikvision-tanger","72":"product_tag-installation-alarme","73":"product_tag-installations-camera-de-surveillance-maroc","74":"product_tag-kenia","75":"product_tag-liberia","76":"product_tag-libye","77":"product_tag-mali","78":"product_tag-maroc","79":"product_tag-mauritanie","80":"product_tag-moniteur-dimage","81":"product_tag-niger","82":"product_tag-nigeria","83":"product_tag-nvr","84":"product_tag-nvr4208-4216-4232-8p","85":"product_tag-pack-camera-de-surveillance","86":"product_tag-pack-camera-de-surveillance-dahua","87":"product_tag-pointeuse","88":"product_tag-porte-automatiques","89":"product_tag-portes-coup-feu-tanger","90":"product_tag-skydome-tanger","91":"product_tag-smart-lock","92":"product_tag-soudan","93":"product_tag-sprinkler-tanger","94":"product_tag-tchad","95":"product_tag-togo","96":"product_tag-travaux-d-incendie-tanger","97":"product_tag-video-surveillance-tanger","98":"product_tag-x-securite","100":"first","101":"instock","102":"shipping-taxable","103":"purchasable","104":"product-type-simple","105":"add-to-wishlist-after_add_to_cart"},"aioseo_notices":[],"_links":{"self":[{"href":"https:\/\/tthcompany.ma\/index.php\/wp-json\/wp\/v2\/product\/18872","targetHints":{"allow":["GET"]}}],"collection":[{"href":"https:\/\/tthcompany.ma\/index.php\/wp-json\/wp\/v2\/product"}],"about":[{"href":"https:\/\/tthcompany.ma\/index.php\/wp-json\/wp\/v2\/types\/product"}],"replies":[{"embeddable":true,"href":"https:\/\/tthcompany.ma\/index.php\/wp-json\/wp\/v2\/comments?post=18872"}],"wp:featuredmedia":[{"embeddable":true,"href":"https:\/\/tthcompany.ma\/index.php\/wp-json\/wp\/v2\/media\/18871"}],"wp:attachment":[{"href":"https:\/\/tthcompany.ma\/index.php\/wp-json\/wp\/v2\/media?parent=18872"}],"wp:term":[{"taxonomy":"product_cat","embeddable":true,"href":"https:\/\/tthcompany.ma\/index.php\/wp-json\/wp\/v2\/product_cat?post=18872"},{"taxonomy":"product_tag","embeddable":true,"href":"https:\/\/tthcompany.ma\/index.php\/wp-json\/wp\/v2\/product_tag?post=18872"}],"curies":[{"name":"wp","href":"https:\/\/api.w.org\/{rel}","templated":true}]}}