{"id":18855,"date":"2022-08-17T10:14:14","date_gmt":"2022-08-17T10:14:14","guid":{"rendered":"https:\/\/tthcompany.ma\/?post_type=product&#038;p=18855"},"modified":"2023-09-26T14:11:09","modified_gmt":"2023-09-26T14:11:09","slug":"nvr4204-4208-4216-4232-p","status":"publish","type":"product","link":"https:\/\/tthcompany.ma\/index.php\/product\/nvr4204-4208-4216-4232-p\/","title":{"rendered":"NVR4204\/4208\/4216\/4232-P"},"content":{"rendered":"<div id=\"div_left\">\n<div class=\"div-drop ui-droppable\">\n<table id=\"table001\" class=\"NEW-TABLE TableOverride-1 tab-drag ui-draggable ui-draggable-handle\">\n<tbody>\n<tr>\n<td colspan=\"2\">\n<h2><span style=\"font-size: 14pt;\">System<\/span><\/h2>\n<\/td>\n<\/tr>\n<tr>\n<td>Main\u00a0 Processor<\/td>\n<td>Dual-core embedded processor<\/td>\n<\/tr>\n<tr>\n<td>Operating System<\/td>\n<td>Embedded LINUX<\/td>\n<\/tr>\n<tr>\n<td colspan=\"2\">\n<h2><span style=\"font-size: 14pt;\">Display<\/span><\/h2>\n<\/td>\n<\/tr>\n<tr>\n<td>Interface<\/td>\n<td>1 HDMI, 1 VGA<\/td>\n<\/tr>\n<tr>\n<td>Resolution<\/td>\n<td>1920 \u00d7 1080 , 1280 \u00d7 1024, 1280 \u00d7 720 , 1024 \u00d7 768<\/td>\n<\/tr>\n<tr>\n<td rowspan=\"3\">Multi-screen\u00a0Display<\/td>\n<td>4CH: 1\/4<\/td>\n<\/tr>\n<tr>\n<td>8CH: 1\/4\/8\/9<\/td>\n<\/tr>\n<tr>\n<td>16\/32CH: 1\/4\/8\/9\/16<\/td>\n<\/tr>\n<tr>\n<td>OSD<\/td>\n<td>Camera title, Time, Video loss, Camera lock, Motion detection, Recording<\/td>\n<\/tr>\n<tr>\n<td colspan=\"2\">\n<h2><span style=\"font-size: 14pt;\">Video Detection and Alarm<\/span><\/h2>\n<\/td>\n<\/tr>\n<tr>\n<td>Trigger Events<\/td>\n<td>Recording, PTZ, Tour, Alarm Out, Video Push, Email, FTP, Snapshot, Buzzer and Screen Tips<\/td>\n<\/tr>\n<tr>\n<td>Video Detection<\/td>\n<td>Motion Detection, MD Zones: 396 (22 \u00d7 18),<\/p>\n<p>Video Loss and Camera Blank<\/td>\n<\/tr>\n<tr>\n<td>Alarm input<\/td>\n<td>4 Channel, Low Level Effective,<\/p>\n<p>Green Terminal Interface<\/td>\n<\/tr>\n<tr>\n<td>Relay Output<\/td>\n<td>2 Channel, NO\/NC Programmable,<\/p>\n<p>Green Terminal Interface<\/td>\n<\/tr>\n<tr>\n<td colspan=\"2\">\n<h2><span style=\"font-size: 14pt;\">Playback and Backup<\/span><\/h2>\n<\/td>\n<\/tr>\n<tr>\n<td rowspan=\"3\">Playback<\/td>\n<td>4CH: 1\/4<\/td>\n<\/tr>\n<tr>\n<td>8CH: 1\/4\/8<\/td>\n<\/tr>\n<tr>\n<td>16\/32CH: 1\/4\/8\/16<\/td>\n<\/tr>\n<tr>\n<td>Search Mode<\/td>\n<td>Time \/Date, Alarm,\u00a0MD and Exact Search<\/p>\n<p>(accurate to second), Smart search<\/td>\n<\/tr>\n<tr>\n<td>Playback Function<\/td>\n<td>Play, Pause, Stop, Rewind, Fast play, Slow Play,<\/p>\n<p>Next File, Previous File, Next Camera,<\/p>\n<p>Previous Camera, Full Screen, Repeat, Shuffle, Backup Selection, Digital Zoom<\/td>\n<\/tr>\n<tr>\n<td>Backup Mode<\/td>\n<td>USB Device\/Network<\/td>\n<\/tr>\n<tr>\n<td colspan=\"2\">\n<h2><span style=\"font-size: 14pt;\">Storage<\/span><\/h2>\n<\/td>\n<\/tr>\n<tr>\n<td>Internal HDD<\/td>\n<td>2 SATA III Ports, Up to 6 TB capacity for each HDD<\/td>\n<\/tr>\n<tr>\n<td>HDD Mode<\/td>\n<td>Single<\/td>\n<\/tr>\n<tr>\n<td>eSATA<\/td>\n<td>N\/A<\/td>\n<\/tr>\n<tr>\n<td colspan=\"2\">\n<h2><span style=\"font-size: 14pt;\">Auxiliary Interface<\/span><\/h2>\n<\/td>\n<\/tr>\n<tr>\n<td>USB<\/td>\n<td>2 USB Ports (1 USB 2.0 , 1 USB 3.0 )<\/td>\n<\/tr>\n<tr>\n<td>RS232<\/td>\n<td>1 Port, for PC Communication and Keyboard<\/td>\n<\/tr>\n<tr>\n<td>RS485<\/td>\n<td>1 Port, for PTZ Control<\/td>\n<\/tr>\n<tr>\n<td colspan=\"2\">\n<h2><span style=\"font-size: 14pt;\">Third-party Support<\/span><\/h2>\n<\/td>\n<\/tr>\n<tr>\n<td>Third-party Support<\/td>\n<td>Dahua, Arecont Vision, AXIS, Bosch, Brickcom, Canon, CP Plus, Dynacolor, Honeywell, Panasonic, Pelco, Samsung, Sanyo, Sony, Videotec, Vivotek, and more<\/td>\n<\/tr>\n<\/tbody>\n<\/table>\n<\/div>\n<\/div>\n<div id=\"div_right\">\n<div class=\"div-drop ui-droppable\">\n<table id=\"table002\" class=\"NEW-TABLE TableOverride-1 tab-drag ui-draggable ui-draggable-handle\">\n<tbody>\n<tr>\n<td colspan=\"2\">\n<h2><span style=\"font-size: 14pt;\">Audio and Video<\/span><\/h2>\n<\/td>\n<\/tr>\n<tr>\n<td>IP Camera Input<\/td>\n<td>4\/8\/16\/32 Channel<\/td>\n<\/tr>\n<tr>\n<td>Two-way Talk<\/td>\n<td>1 Channel Input, 1 Channel Output, RCA<\/td>\n<\/tr>\n<tr>\n<td colspan=\"2\">\n<h2><span style=\"font-size: 14pt;\">Recording<\/span><\/h2>\n<\/td>\n<\/tr>\n<tr>\n<td>Compression<\/td>\n<td>H.264+\/H.264\/MJPEG<\/td>\n<\/tr>\n<tr>\n<td>Resolution<\/td>\n<td>5MP<span lang=\"zh-CN\">\/\u00a0<\/span>4MP\/ 3MP\/ 1080P\/ 1.3MP\/ 720P etc.<\/td>\n<\/tr>\n<tr>\n<td>Record Rate<\/td>\n<td>200Mbps<\/td>\n<\/tr>\n<tr>\n<td>Bit Rate<\/td>\n<td>16Kbps ~ 20Mbps Per Channel<\/td>\n<\/tr>\n<tr>\n<td>Record Mode<\/td>\n<td>Manual, Schedule (Regular, Continuous), MD (Video detection: Motion Detection, Camera Blank, Video Loss), Alarm, Stop<\/td>\n<\/tr>\n<tr>\n<td>Record Interval<\/td>\n<td>1 ~ 120 min (default: 60 min), Pre-record:<\/p>\n<p>1 ~ 30 sec, Post-record: 10 ~ 300 sec<\/td>\n<\/tr>\n<tr>\n<td colspan=\"2\">\n<h2><span style=\"font-size: 14pt;\">Network<\/span><\/h2>\n<\/td>\n<\/tr>\n<tr>\n<td>Interface<\/td>\n<td>1 RJ-45 Port (10\/100\/1000Mbps)<\/td>\n<\/tr>\n<tr>\n<td>Ethernet Port<\/td>\n<td>1 Independent 1000Mbps Ethernet Port<\/td>\n<\/tr>\n<tr>\n<td>PoE<\/td>\n<td>4 ports (IEEE802.3at\/af)<\/td>\n<\/tr>\n<tr>\n<td>Network Function<\/td>\n<td>HTTP, TCP\/IP, IPv4\/IPv6, UPnP, RTSP, UDP, SMTP, NTP, DHCP, DNS, IP Filter, PPPoE,DDNS, FTP,<\/p>\n<p>Alarm Server, IP Search (Support Dahua IP camera, DVR, NVS, etc.)<\/td>\n<\/tr>\n<tr>\n<td>Max. User Access<\/td>\n<td>128 users<\/td>\n<\/tr>\n<tr>\n<td>Smart Phone<\/td>\n<td>iPhone, iPad, Android<\/td>\n<\/tr>\n<tr>\n<td>Interoperability<\/td>\n<td>ONVIF 2.4, CGI Conformant<\/td>\n<\/tr>\n<tr>\n<td colspan=\"2\">\n<h2><span style=\"font-size: 14pt;\">Electrical<\/span><\/h2>\n<\/td>\n<\/tr>\n<tr>\n<td rowspan=\"2\">Power Supply<\/td>\n<td>NVR: DC12V\/4A<\/td>\n<\/tr>\n<tr>\n<td>PoE: DC48V\/1.05A<\/td>\n<\/tr>\n<tr>\n<td>Power Consumption<\/td>\n<td>&lt;20W (Without HDD)<\/td>\n<\/tr>\n<tr>\n<td colspan=\"2\">\n<h2><span style=\"font-size: 14pt;\">Environmental<\/span><\/h2>\n<\/td>\n<\/tr>\n<tr>\n<td>Operating Conditions<\/td>\n<td>-10\u00b0C ~ +55\u00b0C (+14\u00b0F ~ +131\u00b0F), 86 ~ 106kpa<\/td>\n<\/tr>\n<tr>\n<td>Storage Conditions<\/td>\n<td>-20\u00b0C ~ +70\u00b0C (-4\u00b0F ~ +158\u00b0F), 0 ~ 90% RH<\/td>\n<\/tr>\n<tr>\n<td colspan=\"2\">\n<h2><span style=\"font-size: 14pt;\">Construction<\/span><\/h2>\n<\/td>\n<\/tr>\n<tr>\n<td>Dimensions<\/td>\n<td>1U, 375mm\u00d7285.8mm\u00d756mm<\/p>\n<p>(14.8&#8243; x 11.3&#8243; x 2.2&#8243;)<\/td>\n<\/tr>\n<tr>\n<td>Net Weight<\/td>\n<td>1.6kg (3.5 lb) (without HDD)<\/td>\n<\/tr>\n<tr>\n<td>Gross Weight<\/td>\n<td>3.2kg(7.1 lb)(without HDD)<\/td>\n<\/tr>\n<tr>\n<td colspan=\"2\">\n<h2><span style=\"font-size: 14pt;\">Certifications<\/span><\/h2>\n<\/td>\n<\/tr>\n<tr>\n<td>CE<\/td>\n<td>EN55022, EN55024, EN50130-4, EN60950-1<\/td>\n<\/tr>\n<tr>\n<td>FCC<\/td>\n<td>Part 15 Subpart B, ANSI C63.4-2014<\/td>\n<\/tr>\n<tr>\n<td>UL<\/td>\n<td>UL60950-1+CAN\/CSA C22.2 No.60950-1<\/td>\n<\/tr>\n<\/tbody>\n<\/table>\n<\/div>\n<\/div>\n<div id=\"gtx-trans\" style=\"position: absolute; left: 88px; top: 3285.11px;\">\n<div class=\"gtx-trans-icon\"><\/div>\n<\/div>\n","protected":false},"excerpt":{"rendered":"<h1 class=\"text\" data-gtm-vis-has-fired-10552706_195=\"1\" data-gtm-vis-has-fired-10552706_181=\"1\" data-gtm-vis-recent-on-screen-10552706_217=\"3736\" data-gtm-vis-first-on-screen-10552706_217=\"3736\" data-gtm-vis-total-visible-time-10552706_217=\"100\" data-gtm-vis-has-fired-10552706_217=\"1\" data-gtm-vis-recent-on-screen-10552706_194=\"3737\" data-gtm-vis-first-on-screen-10552706_194=\"3737\" data-gtm-vis-total-visible-time-10552706_194=\"100\" data-gtm-vis-has-fired-10552706_194=\"1\" data-gtm-vis-recent-on-screen-10552706_192=\"3738\" data-gtm-vis-first-on-screen-10552706_192=\"3738\" data-gtm-vis-total-visible-time-10552706_192=\"100\" data-gtm-vis-has-fired-10552706_192=\"1\" data-gtm-vis-recent-on-screen-10552706_196=\"3739\" data-gtm-vis-first-on-screen-10552706_196=\"3739\" data-gtm-vis-total-visible-time-10552706_196=\"100\" data-gtm-vis-has-fired-10552706_196=\"1\" data-gtm-vis-recent-on-screen-10552706_184=\"3739\" data-gtm-vis-first-on-screen-10552706_184=\"3739\" data-gtm-vis-total-visible-time-10552706_184=\"100\" data-gtm-vis-has-fired-10552706_184=\"1\" data-gtm-vis-recent-on-screen-10552706_193=\"3805\" data-gtm-vis-first-on-screen-10552706_193=\"3805\" data-gtm-vis-total-visible-time-10552706_193=\"100\" data-gtm-vis-has-fired-10552706_193=\"1\"><span style=\"font-size: 10pt; color: #000000;\"><strong>Enregistreur vid\u00e9o r\u00e9seau 4\/8\/16\/32 canaux 4PoE 1U Lite<\/strong><\/span><\/h1>\n<ul>\n<li>D\u00e9codage codec H.264 + \/ H.264<\/li>\n<li>Bande passante entrante maximale de 200 Mbps<\/li>\n<li>R\u00e9solution jusqu&#8217;\u00e0 5MP pour l&#8217;aper\u00e7u et la lecture<\/li>\n<li>Sortie vid\u00e9o simultan\u00e9e HDMI \/ VGA<\/li>\n<li>Prise en charge des ports IPC UPnP, 4PoE<\/li>\n<li>Prise en charge de la technologie ANR pour am\u00e9liorer la fiabilit\u00e9 du stockage lorsque le r\u00e9seau tombe en panne<\/li>\n<\/ul>\n","protected":false},"featured_media":18871,"comment_status":"open","ping_status":"closed","template":"","meta":{"om_disable_all_campaigns":false,"_monsterinsights_skip_tracking":false,"_monsterinsights_sitenote_active":false,"_monsterinsights_sitenote_note":"","_monsterinsights_sitenote_category":0},"product_cat":[334,335,302],"product_tag":[204,205,206,260,261,262,209,210,263,264,211,228,212,213,265,214,229,192,266,336,193,267,216,268,195,218,269,240,196,270,271,272,197,198,219,199,220,231,273,241,200,274,275,201,276,277,222,278,279,280,281,282,283,284,285,337,1093,286,224,225,287,288,289,226,290,291,292,202],"class_list":{"0":"post-18855","1":"product","2":"type-product","3":"status-publish","4":"has-post-thumbnail","6":"product_cat-nvr-dahua","7":"product_cat-nvr-serie-lite","8":"product_cat-produits-ip","9":"product_tag-afrique-du-sud","10":"product_tag-alarme","11":"product_tag-camera","12":"product_tag-camera-de-surveillance-tanger","13":"product_tag-camera-ip-dahua","14":"product_tag-camera-maroc","15":"product_tag-camera-surveillance","16":"product_tag-camera-surveillance-afrique","17":"product_tag-camera-surveillance-avec-un-bon-prix","18":"product_tag-camera-surveillance-casablanca","19":"product_tag-camera-surveillance-dahua","20":"product_tag-camera-surveillance-maroc","21":"product_tag-camera-surveillance-tanger","22":"product_tag-camera-dahua","23":"product_tag-control-dacces-tanger","24":"product_tag-dahua-afrique","25":"product_tag-dahua-agadir","26":"product_tag-dahua-assila","27":"product_tag-dahua-azrou","28":"product_tag-dahua-casabalannca","29":"product_tag-dahua-casablanca","30":"product_tag-dahua-dakhla","31":"product_tag-dahua-el-jadida","32":"product_tag-dahua-errachidia","33":"product_tag-dahua-fes","34":"product_tag-dahua-hoceima","35":"product_tag-dahua-ifrane","36":"product_tag-dahua-jadida","37":"product_tag-dahua-kenitra","38":"product_tag-dahua-khemisset","39":"product_tag-dahua-khouribga","40":"product_tag-dahua-laayoune","41":"product_tag-dahua-maroc","42":"product_tag-dahua-marrakech","43":"product_tag-dahua-meknas","44":"product_tag-dahua-meknes","45":"product_tag-dahua-nador","46":"product_tag-dahua-nvr","47":"product_tag-dahua-ouarzazate","48":"product_tag-dahua-oujda","49":"product_tag-dahua-rabat","50":"product_tag-dahua-safi","51":"product_tag-dahua-settat","52":"product_tag-dahua-tanger","53":"product_tag-dahua-taroudant","54":"product_tag-dahua-taza","55":"product_tag-dahua-tetouan","56":"product_tag-dahua-tiflet","57":"product_tag-dahua-tiznit","58":"product_tag-desenfumage-tanger","59":"product_tag-detection-incendie","60":"product_tag-distributeur-dahua","61":"product_tag-installation-alarme","62":"product_tag-installations-camera-de-surveillance-maroc","63":"product_tag-moniteur-dimage","64":"product_tag-nvr4204-4208-4216-4232-p","65":"product_tag-onstuck","66":"product_tag-pack-camera-de-surveillance","67":"product_tag-pack-camera-de-surveillance-dahua","68":"product_tag-pointeuse","69":"product_tag-porte-automatiques","70":"product_tag-portes-coup-feu-tanger","71":"product_tag-skydome-tanger","72":"product_tag-smart-lock","73":"product_tag-sprinkler-tanger","74":"product_tag-travaux-d-incendie-tanger","75":"product_tag-video-surveillance-tanger","76":"product_tag-x-securite","77":"ts_product_brand-dahua","79":"first","80":"instock","81":"shipping-taxable","82":"purchasable","83":"product-type-simple","84":"add-to-wishlist-after_add_to_cart"},"aioseo_notices":[],"_links":{"self":[{"href":"https:\/\/tthcompany.ma\/index.php\/wp-json\/wp\/v2\/product\/18855","targetHints":{"allow":["GET"]}}],"collection":[{"href":"https:\/\/tthcompany.ma\/index.php\/wp-json\/wp\/v2\/product"}],"about":[{"href":"https:\/\/tthcompany.ma\/index.php\/wp-json\/wp\/v2\/types\/product"}],"replies":[{"embeddable":true,"href":"https:\/\/tthcompany.ma\/index.php\/wp-json\/wp\/v2\/comments?post=18855"}],"wp:featuredmedia":[{"embeddable":true,"href":"https:\/\/tthcompany.ma\/index.php\/wp-json\/wp\/v2\/media\/18871"}],"wp:attachment":[{"href":"https:\/\/tthcompany.ma\/index.php\/wp-json\/wp\/v2\/media?parent=18855"}],"wp:term":[{"taxonomy":"product_cat","embeddable":true,"href":"https:\/\/tthcompany.ma\/index.php\/wp-json\/wp\/v2\/product_cat?post=18855"},{"taxonomy":"product_tag","embeddable":true,"href":"https:\/\/tthcompany.ma\/index.php\/wp-json\/wp\/v2\/product_tag?post=18855"}],"curies":[{"name":"wp","href":"https:\/\/api.w.org\/{rel}","templated":true}]}}