{"id":18848,"date":"2022-08-17T10:14:13","date_gmt":"2022-08-17T10:14:13","guid":{"rendered":"https:\/\/tthcompany.ma\/?post_type=product&#038;p=18848"},"modified":"2022-08-17T10:14:24","modified_gmt":"2022-08-17T10:14:24","slug":"ipc-hfw1420s","status":"publish","type":"product","link":"https:\/\/tthcompany.ma\/index.php\/product\/ipc-hfw1420s\/","title":{"rendered":"IPC-HFW1420S"},"content":{"rendered":"<div id=\"div_left\">\n<table id=\"table001\" class=\"NEW-TABLE TableOverride-1 tab-drag\" style=\"width: 82%; height: 1079px;\">\n<tbody>\n<tr style=\"height: 74px;\">\n<td style=\"height: 74px;\" colspan=\"60\">\n<h2><span style=\"font-size: 14pt;\">Cam\u00e9ra<\/span><\/h2>\n<\/td>\n<\/tr>\n<tr style=\"height: 23px;\">\n<td style=\"height: 23px;\" colspan=\"18\">Capteur d&#8217;image<\/td>\n<td style=\"height: 23px;\" colspan=\"42\">CMOS progressif\u00a01\/3 \u201d\u00a04\u00a0m\u00e9gapixels<\/td>\n<\/tr>\n<tr style=\"height: 23px;\">\n<td style=\"height: 23px;\" colspan=\"18\">Pixels efficaces<\/td>\n<td style=\"height: 23px;\" colspan=\"42\">2688H) x1520 (V)<\/td>\n<\/tr>\n<tr style=\"height: 23px;\">\n<td style=\"height: 23px;\" colspan=\"18\">RAM \/ ROM<\/td>\n<td style=\"height: 23px;\" colspan=\"42\">256 Mo \/ 16 Mo<\/td>\n<\/tr>\n<tr style=\"height: 23px;\">\n<td style=\"height: 23px;\" colspan=\"18\">Syst\u00e8me de num\u00e9risation<\/td>\n<td style=\"height: 23px;\" colspan=\"42\">Progressive<\/td>\n<\/tr>\n<tr style=\"height: 23px;\">\n<td style=\"height: 23px;\" colspan=\"18\">Vitesse d&#8217;obturation \u00e9lectronique<\/td>\n<td style=\"height: 23px;\" colspan=\"42\">Auto \/ Manuel, 1\/3 (4) ~ 1 \/ 100000s<\/td>\n<\/tr>\n<tr style=\"height: 23px;\">\n<td style=\"height: 23px;\" colspan=\"18\">Illumination minimale<\/td>\n<td style=\"height: 23px;\" colspan=\"42\">0.31Lux \/ F2.2 (Couleur), 0Lux \/ F2.2 (IR activ\u00e9)<\/td>\n<\/tr>\n<tr style=\"height: 23px;\">\n<td style=\"height: 23px;\" colspan=\"18\">Ratio S \/ N<\/td>\n<td style=\"height: 23px;\" colspan=\"42\">Plus que 40dB<\/td>\n<\/tr>\n<tr style=\"height: 23px;\">\n<td style=\"height: 23px;\" colspan=\"18\">Distance IR<\/td>\n<td style=\"height: 23px;\" colspan=\"42\">Distance jusqu&#8217;\u00e0 30m<\/td>\n<\/tr>\n<tr style=\"height: 23px;\">\n<td style=\"height: 23px;\" colspan=\"18\">Contr\u00f4le IR On \/ Off<\/td>\n<td style=\"height: 23px;\" colspan=\"42\">Auto \/ Manuel<\/td>\n<\/tr>\n<tr style=\"height: 23px;\">\n<td style=\"height: 23px;\" colspan=\"18\">LED IR<\/td>\n<td style=\"height: 23px;\" colspan=\"42\">24<\/td>\n<\/tr>\n<tr style=\"height: 74px;\">\n<td style=\"height: 74px;\" colspan=\"60\">\n<h2><span style=\"font-size: 14pt;\">Lentille<\/span><\/h2>\n<\/td>\n<\/tr>\n<tr style=\"height: 23px;\">\n<td style=\"height: 23px;\" colspan=\"18\">Type de lentille<\/td>\n<td style=\"height: 23px;\" colspan=\"42\">Fix\u00e9<\/td>\n<\/tr>\n<tr style=\"height: 23px;\">\n<td style=\"height: 23px;\" colspan=\"18\">Type de montage<\/td>\n<td style=\"height: 23px;\" colspan=\"42\">Embarquement<\/td>\n<\/tr>\n<tr style=\"height: 23px;\">\n<td style=\"height: 23px;\" colspan=\"18\">Distance focale<\/td>\n<td style=\"height: 23px;\" colspan=\"42\">2,8 mm (3,6 mm en option)<\/td>\n<\/tr>\n<tr style=\"height: 23px;\">\n<td style=\"height: 23px;\" colspan=\"18\">Max.\u00a0Ouverture<\/td>\n<td style=\"height: 23px;\" colspan=\"42\">F2.0 \/ F2.2<\/td>\n<\/tr>\n<tr style=\"height: 23px;\">\n<td style=\"height: 23px;\" colspan=\"18\">Angle de vue<\/td>\n<td style=\"height: 23px;\" colspan=\"42\">H: 106 \u00b0 \/ 83 \u00b0, V: 56 \u00b0 \/ 44 \u00b0<\/td>\n<\/tr>\n<tr style=\"height: 23px;\">\n<td style=\"height: 23px;\" colspan=\"18\">Contr\u00f4le de la mise au point<\/td>\n<td style=\"height: 23px;\" colspan=\"42\">Fix\u00e9<\/td>\n<\/tr>\n<tr style=\"height: 23px;\">\n<td style=\"height: 23px;\" colspan=\"18\">Distance de mise au point proche<\/td>\n<td style=\"height: 23px;\" colspan=\"42\">N \/ A<\/td>\n<\/tr>\n<tr style=\"height: 23px;\">\n<td style=\"height: 69px;\" colspan=\"18\" rowspan=\"3\">DORI Distance<\/td>\n<td style=\"height: 23px;\" colspan=\"8\">Lentille<\/td>\n<td style=\"height: 23px;\" colspan=\"8\">D\u00e9tecter<\/td>\n<td style=\"height: 23px;\" colspan=\"8\">Observer<\/td>\n<td style=\"height: 23px;\" colspan=\"8\">Reconna\u00eetre<\/td>\n<td style=\"height: 23px;\" colspan=\"10\">Identifier<\/td>\n<\/tr>\n<tr style=\"height: 23px;\">\n<td style=\"height: 23px;\" colspan=\"8\">2,8 mm<\/td>\n<td style=\"height: 23px;\" colspan=\"8\">63m<\/td>\n<td style=\"height: 23px;\" colspan=\"8\">25m<\/td>\n<td style=\"height: 23px;\" colspan=\"8\">13m (43ft)<\/td>\n<td style=\"height: 23px;\" colspan=\"10\">6m (20ft)<\/td>\n<\/tr>\n<tr style=\"height: 23px;\">\n<td style=\"height: 23px;\" colspan=\"8\">3,6 mm<\/td>\n<td style=\"height: 23px;\" colspan=\"8\">80m (262ft)<\/td>\n<td style=\"height: 23px;\" colspan=\"8\">32m (105ft)<\/td>\n<td style=\"height: 23px;\" colspan=\"8\">16m (52ft)<\/td>\n<td style=\"height: 23px;\" colspan=\"10\">8m (26ft)<\/td>\n<\/tr>\n<tr style=\"height: 65px;\">\n<td style=\"height: 65px;\" colspan=\"60\">\n<h2><span style=\"font-size: 14pt;\">PTZ<\/span><\/h2>\n<\/td>\n<\/tr>\n<tr style=\"height: 23px;\">\n<td style=\"height: 23px;\" colspan=\"18\">Gamme Pan \/ Tilt<\/td>\n<td style=\"height: 23px;\" colspan=\"42\">Casserole: 0 \u00b0 ~ 360 \u00b0; Inclinaison: 0 \u00b0 ~ 90 \u00b0; Rotation: 0 \u00b0 ~ 360 \u00b0<\/td>\n<\/tr>\n<tr style=\"height: 65px;\">\n<td style=\"height: 65px;\" colspan=\"60\">\n<h2><span style=\"font-size: 14pt;\">Vid\u00e9o<\/span><\/h2>\n<\/td>\n<\/tr>\n<tr style=\"height: 23px;\">\n<td style=\"height: 23px;\" colspan=\"18\">Compression<\/td>\n<td style=\"height: 23px;\" colspan=\"42\">H.264 + \/ H.264<\/td>\n<\/tr>\n<tr style=\"height: 23px;\">\n<td style=\"height: 23px;\" colspan=\"18\">Capacit\u00e9 de streaming<\/td>\n<td style=\"height: 23px;\" colspan=\"42\">2 flux<\/td>\n<\/tr>\n<tr style=\"height: 134px;\">\n<td style=\"height: 134px;\" colspan=\"18\">R\u00e9solution<\/td>\n<td style=\"height: 134px;\" colspan=\"42\">4M (2688&#215;1520 \/ 2560&#215;1440) \/ 3M (2304 \u00d7 1296) \/<\/p>\n<p>1080P (1920 \u00d7 1080) \/ 720P (1280 \u00d7 720) \/<\/p>\n<p>D1 (704 \u00d7 576\/704 \u00d7 480) \/ CIF (352 \u00d7 288\/352 \u00d7 240)<\/td>\n<\/tr>\n<tr style=\"height: 23px;\">\n<td style=\"height: 46px;\" colspan=\"18\" rowspan=\"2\">Taux de trame<\/td>\n<td style=\"height: 23px;\" colspan=\"42\">4M (1 ~ 20fps) \/ 3M (1 ~ 25 \/ 30fps) \/ 2M (1 ~ 25 \/ 30fps)<\/td>\n<\/tr>\n<tr style=\"height: 23px;\">\n<td style=\"height: 23px;\" colspan=\"42\">D1 \/ CIF (1 ~ 25 \/ 30fps)<\/td>\n<\/tr>\n<tr style=\"height: 23px;\">\n<td style=\"height: 23px;\" colspan=\"18\">Contr\u00f4le du d\u00e9bit binaire<\/td>\n<td style=\"height: 23px;\" colspan=\"42\">CBR \/ VBR<\/td>\n<\/tr>\n<tr style=\"height: 23px;\">\n<td style=\"height: 23px;\" colspan=\"18\">D\u00e9bit binaire<\/td>\n<td style=\"height: 23px;\" colspan=\"42\">H264H: 80K ~ 10240Kbps<\/td>\n<\/tr>\n<tr style=\"height: 23px;\">\n<td style=\"height: 23px;\" colspan=\"18\">Jour Nuit<\/td>\n<td style=\"height: 23px;\" colspan=\"42\">Auto (ICR) \/ Couleur \/ N \/ B<\/td>\n<\/tr>\n<tr style=\"height: 23px;\">\n<td style=\"height: 23px;\" colspan=\"18\">Mode BLC<\/td>\n<td style=\"height: 23px;\" colspan=\"42\">BLC \/ HLC \/ DWDR<\/td>\n<\/tr>\n<\/tbody>\n<\/table>\n<\/div>\n<div id=\"div_left\">\n<div class=\"div-drop\">\n<table id=\"table002\" class=\"NEW-TABLE TableOverride-1 tab-drag\">\n<tbody>\n<tr>\n<td colspan=\"18\">Balance des blancs<\/td>\n<td colspan=\"42\">Auto \/ Naturel \/ Lampadaire \/ Ext\u00e9rieur \/ Manuel<\/td>\n<\/tr>\n<tr>\n<td colspan=\"18\">Prendre le contr\u00f4le<\/td>\n<td colspan=\"42\">Auto \/ Manuel<\/td>\n<\/tr>\n<tr>\n<td colspan=\"18\">R\u00e9duction de bruit<\/td>\n<td colspan=\"42\">DNR 3D<\/td>\n<\/tr>\n<tr>\n<td colspan=\"18\">D\u00e9tection de mouvement<\/td>\n<td colspan=\"42\">Arr\u00eat \/ Marche (4 zones, rectangle)<\/td>\n<\/tr>\n<tr>\n<td colspan=\"18\">R\u00e9gion d&#8217;int\u00e9r\u00eat<\/td>\n<td colspan=\"42\">Off \/ On (4 zones)<\/td>\n<\/tr>\n<tr>\n<td colspan=\"18\">Image \u00e9lectronique<\/td>\n<td colspan=\"42\">Soutien<\/td>\n<\/tr>\n<tr>\n<td colspan=\"18\">IR intelligent<\/td>\n<td colspan=\"42\">Soutien<\/td>\n<\/tr>\n<tr>\n<td colspan=\"18\">Zoom num\u00e9rique<\/td>\n<td colspan=\"42\">16x<\/td>\n<\/tr>\n<tr>\n<td colspan=\"18\">Flip<\/td>\n<td colspan=\"42\">0 \u00b0 \/ 90 \u00b0 \/ 180 \u00b0 \/ 270 \u00b0<\/td>\n<\/tr>\n<tr>\n<td colspan=\"18\">Miroir<\/td>\n<td colspan=\"42\">\u00c9teint allum\u00e9<\/td>\n<\/tr>\n<tr>\n<td colspan=\"18\">Masquage de confidentialit\u00e9<\/td>\n<td colspan=\"42\">Arr\u00eat \/ Marche (4 zones, rectangle)<\/td>\n<\/tr>\n<tr>\n<td colspan=\"60\">l&#8217;audio<\/td>\n<\/tr>\n<tr>\n<td colspan=\"18\">Compression<\/td>\n<td colspan=\"42\">N \/ A<\/td>\n<\/tr>\n<tr>\n<td colspan=\"60\">\n<h2><span style=\"font-size: 14pt;\">R\u00e9seau<\/span><\/h2>\n<\/td>\n<\/tr>\n<tr>\n<td colspan=\"18\">Ethernet<\/td>\n<td colspan=\"42\">RJ-45 (10 \/ 100Base-T)<\/td>\n<\/tr>\n<tr>\n<td colspan=\"18\">Protocole<\/td>\n<td colspan=\"42\">HTTP; HTTPs; TCP; ARP; RTSP; RTP; UDP; SMTP; FTP;<\/p>\n<p>DHCP; DNS; DDNS; PPPOE; IPv4 \/ v6; QoS; UPnP; NTP;<\/p>\n<p>Bonjour; 802.1x; Multicast; ICMP; IGMP;<\/td>\n<\/tr>\n<tr>\n<td colspan=\"18\">L&#8217;interop\u00e9rabilit\u00e9<\/td>\n<td colspan=\"42\">ONVIF, PSIA, CGI<\/td>\n<\/tr>\n<tr>\n<td colspan=\"18\">M\u00e9thode de streaming<\/td>\n<td colspan=\"42\">Unicast \/ Multicast<\/td>\n<\/tr>\n<tr>\n<td colspan=\"18\">Max.\u00a0Acc\u00e8s utilisateur<\/td>\n<td colspan=\"42\">10 utilisateurs \/ 20 utilisateurs<\/td>\n<\/tr>\n<tr>\n<td colspan=\"18\">Stockage de bord<\/td>\n<td colspan=\"42\">NAS (stockage en r\u00e9seau)<\/p>\n<p>PC local pour enregistrement instantan\u00e9<\/td>\n<\/tr>\n<tr>\n<td colspan=\"18\">Web Viewer<\/td>\n<td colspan=\"42\">IE, Chrome, Firefox, Safari<\/td>\n<\/tr>\n<tr>\n<td colspan=\"18\">Logiciel de gestion<\/td>\n<td colspan=\"42\">Smart PSS, DSS, Easy4ip<\/td>\n<\/tr>\n<tr>\n<td colspan=\"18\">T\u00e9l\u00e9phone intelligent<\/td>\n<td colspan=\"42\">iPhone, iPad, t\u00e9l\u00e9phone Android<\/td>\n<\/tr>\n<tr>\n<td colspan=\"60\">\n<h2><span style=\"font-size: 14pt;\">Certifications<\/span><\/h2>\n<\/td>\n<\/tr>\n<tr>\n<td colspan=\"18\">Certifications<\/td>\n<td colspan=\"42\">CE (EN 60950: 2000)<\/p>\n<p>UL: UL60950-1<\/p>\n<p>FCC: FCC Partie 15, sous-partie B<\/td>\n<\/tr>\n<tr>\n<td colspan=\"60\">\n<h2><span style=\"font-size: 14pt;\">Interface<\/span><\/h2>\n<\/td>\n<\/tr>\n<tr>\n<td colspan=\"18\">Interface vid\u00e9o<\/td>\n<td colspan=\"42\">N \/ A<\/td>\n<\/tr>\n<tr>\n<td colspan=\"18\">Interface audio<\/td>\n<td colspan=\"42\">N \/ A<\/td>\n<\/tr>\n<tr>\n<td colspan=\"18\">RS485<\/td>\n<td colspan=\"42\">N \/ A<\/td>\n<\/tr>\n<tr>\n<td colspan=\"18\">Alarme<\/td>\n<td colspan=\"42\">N \/ A<\/td>\n<\/tr>\n<tr>\n<td colspan=\"60\">\n<h2><span style=\"font-size: 14pt;\">\u00c9lectrique<\/span><\/h2>\n<\/td>\n<\/tr>\n<tr>\n<td colspan=\"18\">Source de courant<\/td>\n<td colspan=\"42\">DC12V PoE (802.3af) (Classe 0)<\/td>\n<\/tr>\n<tr>\n<td colspan=\"18\">Consommation d&#8217;\u00e9nergie<\/td>\n<td colspan=\"42\">&lt;4.3W<\/td>\n<\/tr>\n<\/tbody>\n<\/table>\n<\/div>\n<\/div>\n<div id=\"div_left\">\n<div class=\"div-drop\">\n<table id=\"table003\" class=\"NEW-TABLE TableOverride-1 tab-drag\">\n<tbody>\n<tr>\n<td colspan=\"60\">\n<h2><span style=\"font-size: 14pt;\">Environnement<\/span><\/h2>\n<\/td>\n<\/tr>\n<tr>\n<td colspan=\"18\">Des conditions de fonctionnement<\/td>\n<td colspan=\"42\">-30 \u00b0 C ~ + 60 \u00b0 C \/ moins de 95% d&#8217;humidit\u00e9 relative<\/td>\n<\/tr>\n<tr>\n<td colspan=\"18\">Conditions de Strorage<\/td>\n<td colspan=\"42\">-30 \u00b0 C ~ + 60 \u00b0 C \/ moins de 95% d&#8217;humidit\u00e9 relative<\/td>\n<\/tr>\n<tr>\n<td colspan=\"18\">Protection contre la p\u00e9n\u00e9tration<\/td>\n<td colspan=\"42\">IP67<\/td>\n<\/tr>\n<tr>\n<td colspan=\"18\">R\u00e9sistance vandale<\/td>\n<td colspan=\"42\">N \/ A<\/td>\n<\/tr>\n<tr>\n<td colspan=\"60\">\n<h2><span style=\"font-size: 14pt;\">Construction<\/span><\/h2>\n<\/td>\n<\/tr>\n<tr>\n<td colspan=\"18\">Enveloppe<\/td>\n<td colspan=\"42\">M\u00e9tal + plastique<\/td>\n<\/tr>\n<tr>\n<td colspan=\"18\">Dimensions<\/td>\n<td colspan=\"42\">Mm70mm \u00d7 164.7mm (2.76&#8221;x6.49 &#8221;)<\/td>\n<\/tr>\n<tr>\n<td colspan=\"18\">Poids net<\/td>\n<td colspan=\"42\">0,38 kg (0,84 lb)<\/td>\n<\/tr>\n<tr>\n<td colspan=\"18\">Poids brut<\/td>\n<td colspan=\"42\">0,44 kg (0,97 lb)<\/td>\n<\/tr>\n<\/tbody>\n<\/table>\n<\/div>\n<\/div>\n","protected":false},"excerpt":{"rendered":"<h1 class=\"text\"><span style=\"color: #000000;\"><strong><span style=\"font-size: 10pt;\">Cam\u00e9ra r\u00e9seau mini-balle IR 4MP<\/span><\/strong><\/span><\/h1>\n<ul>\n<li>CMOS progressif 1\/3 &#8220;4 m\u00e9gapixels<\/li>\n<li>Encodage double flux H.264 + &amp; H.264<\/li>\n<li>20fps @ 4M (2688 \u00d7 1520) &amp; 25 \/ 30fps @ 3M (2304 \u00d7 1296)<\/li>\n<li>DWDR, jour \/ nuit (ICR), 3DNR, AWB, AGC, BLC<\/li>\n<li>Surveillance de r\u00e9seaux multiples: visionneuse Web, CMS (DSS \/ PSS) et DMSS<\/li>\n<li>Objectif fixe de 2,8 mm (3,6 mm en option)<\/li>\n<li>LED IR max. Longueur 30 m<\/li>\n<li>IP67, PoE<br \/>\n<img decoding=\"async\" class=\"alignnone size-medium wp-image-6141\" src=\"http:\/\/tthcompany.com\/wp-content\/uploads\/2017\/08\/20171102135351_11403-300x32.png\" alt=\"\" width=\"300\" height=\"32\" \/><\/li>\n<\/ul>\n","protected":false},"featured_media":18859,"comment_status":"open","ping_status":"closed","template":"","meta":{"om_disable_all_campaigns":false,"_monsterinsights_skip_tracking":false,"_monsterinsights_sitenote_active":false,"_monsterinsights_sitenote_note":"","_monsterinsights_sitenote_category":0},"product_cat":[302],"product_tag":[204,205,206,260,208,261,315,262,209,210,263,264,211,228,212,213,265,190,214,229,192,266,215,230,193,267,216,268,195,218,269,196,270,271,272,197,198,199,220,273,241,200,274,221,275,201,276,277,222,278,279,323,280,281,223,282,283,284,324,285,257,286,224,225,287,288,289,226,290,291,292],"class_list":{"0":"post-18848","1":"product","2":"type-product","3":"status-publish","4":"has-post-thumbnail","6":"product_cat-produits-ip","7":"product_tag-afrique-du-sud","8":"product_tag-alarme","9":"product_tag-camera","10":"product_tag-camera-de-surveillance-tanger","11":"product_tag-camera-ip","12":"product_tag-camera-ip-dahua","13":"product_tag-camera-ipc-hfw1420s-4mp-dahua-maroc","14":"product_tag-camera-maroc","15":"product_tag-camera-surveillance","16":"product_tag-camera-surveillance-afrique","17":"product_tag-camera-surveillance-avec-un-bon-prix","18":"product_tag-camera-surveillance-casablanca","19":"product_tag-camera-surveillance-dahua","20":"product_tag-camera-surveillance-maroc","21":"product_tag-camera-surveillance-tanger","22":"product_tag-camera-dahua","23":"product_tag-control-dacces-tanger","24":"product_tag-dahua","25":"product_tag-dahua-afrique","26":"product_tag-dahua-agadir","27":"product_tag-dahua-assila","28":"product_tag-dahua-azrou","29":"product_tag-dahua-camera","30":"product_tag-dahua-camera-4mp","31":"product_tag-dahua-casablanca","32":"product_tag-dahua-dakhla","33":"product_tag-dahua-el-jadida","34":"product_tag-dahua-errachidia","35":"product_tag-dahua-fes","36":"product_tag-dahua-hoceima","37":"product_tag-dahua-ifrane","38":"product_tag-dahua-kenitra","39":"product_tag-dahua-khemisset","40":"product_tag-dahua-khouribga","41":"product_tag-dahua-laayoune","42":"product_tag-dahua-maroc","43":"product_tag-dahua-marrakech","44":"product_tag-dahua-meknes","45":"product_tag-dahua-nador","46":"product_tag-dahua-ouarzazate","47":"product_tag-dahua-oujda","48":"product_tag-dahua-rabat","49":"product_tag-dahua-safi","50":"product_tag-dahua-sale","51":"product_tag-dahua-settat","52":"product_tag-dahua-tanger","53":"product_tag-dahua-taroudant","54":"product_tag-dahua-taza","55":"product_tag-dahua-tetouan","56":"product_tag-dahua-tiflet","57":"product_tag-dahua-tiznit","58":"product_tag-dahua-tunisie","59":"product_tag-desenfumage-tanger","60":"product_tag-detection-incendie","61":"product_tag-disque-dur","62":"product_tag-distributeur-dahua","63":"product_tag-installation-alarme","64":"product_tag-installations-camera-de-surveillance-maroc","65":"product_tag-ipc-hfw1420s","66":"product_tag-moniteur-dimage","67":"product_tag-nvr","68":"product_tag-pack-camera-de-surveillance","69":"product_tag-pack-camera-de-surveillance-dahua","70":"product_tag-pointeuse","71":"product_tag-porte-automatiques","72":"product_tag-portes-coup-feu-tanger","73":"product_tag-skydome-tanger","74":"product_tag-smart-lock","75":"product_tag-sprinkler-tanger","76":"product_tag-travaux-d-incendie-tanger","77":"product_tag-video-surveillance-tanger","79":"first","80":"instock","81":"shipping-taxable","82":"purchasable","83":"product-type-simple","84":"add-to-wishlist-after_add_to_cart"},"aioseo_notices":[],"_links":{"self":[{"href":"https:\/\/tthcompany.ma\/index.php\/wp-json\/wp\/v2\/product\/18848","targetHints":{"allow":["GET"]}}],"collection":[{"href":"https:\/\/tthcompany.ma\/index.php\/wp-json\/wp\/v2\/product"}],"about":[{"href":"https:\/\/tthcompany.ma\/index.php\/wp-json\/wp\/v2\/types\/product"}],"replies":[{"embeddable":true,"href":"https:\/\/tthcompany.ma\/index.php\/wp-json\/wp\/v2\/comments?post=18848"}],"wp:featuredmedia":[{"embeddable":true,"href":"https:\/\/tthcompany.ma\/index.php\/wp-json\/wp\/v2\/media\/18859"}],"wp:attachment":[{"href":"https:\/\/tthcompany.ma\/index.php\/wp-json\/wp\/v2\/media?parent=18848"}],"wp:term":[{"taxonomy":"product_cat","embeddable":true,"href":"https:\/\/tthcompany.ma\/index.php\/wp-json\/wp\/v2\/product_cat?post=18848"},{"taxonomy":"product_tag","embeddable":true,"href":"https:\/\/tthcompany.ma\/index.php\/wp-json\/wp\/v2\/product_tag?post=18848"}],"curies":[{"name":"wp","href":"https:\/\/api.w.org\/{rel}","templated":true}]}}