{"id":18843,"date":"2022-08-17T10:14:13","date_gmt":"2022-08-17T10:14:13","guid":{"rendered":"https:\/\/tthcompany.ma\/?post_type=product&#038;p=18843"},"modified":"2024-04-24T08:53:34","modified_gmt":"2024-04-24T08:53:34","slug":"disque-dur-3tb","status":"publish","type":"product","link":"https:\/\/tthcompany.ma\/index.php\/product\/disque-dur-3tb\/","title":{"rendered":"DISQUE DUR 3TB"},"content":{"rendered":"<h3>Disque dur 3 TB<\/h3>\n<p>Disque dur de 3 TB en format 3.5&#8243; avec interface SATA 6 Gb\/s.<\/p>\n<p>Mod\u00e8le WD30PURX du fabricant Western Digital. Fabriqu\u00e9 sp\u00e9cialement pour le stockage dans les r\u00e9seaux de vid\u00e9o Surveillance jusqu\u00b4\u00e0 32 cam\u00e9ras \u00e0 haute d\u00e9finition et 8 disques durs. Ils assurent un fonctionnement parfait de mani\u00e8re permanente durant les 24 des heures, les 7 des jours de la semaine, \u00e0 de hautes temp\u00e9ratures.<\/p>\n<p>Ce mod\u00e8le r\u00e9duit au minime le niveau de bruit, la vibration et la consommation de puissance, en allongeant la vie utile du disque par rapport aux HDD conventionnels. D&#8217;un autre c\u00f4t\u00e9, elle augmente, la fiabilit\u00e9 du stockage d&#8217;audio\/vid\u00e9o au moyen de la technologie AllFrame, qui permet de r\u00e9duire la perte d&#8217;images, d&#8217;am\u00e9liorer la reproduction et d&#8217;augmenter le nombre de compartiments support\u00e9s. Taux de fautes est consid\u00e9rablement r\u00e9duite gr\u00e2ce \u00e0 quelques tests strictes d&#8217;int\u00e9grit\u00e9 fonctionnelle r\u00e9alis\u00e9es dans une fabrique.<\/p>\n<p>Disque dur seul ou install\u00e9 dans n\u00b4importe quels enregistreurs.<\/p>\n","protected":false},"excerpt":{"rendered":"<p>Disque dur<\/p>\n<ul>\n<li>Capacit\u00e9 3 TB<\/li>\n<li>Interface SATA 6 GB\/s<\/li>\n<li>Mod\u00e8le WD30PURX<\/li>\n<li>Sp\u00e9cial pour les enregistreurs vid\u00e9o<\/li>\n<li>Individuel ou install\u00e9 dans DVR<\/li>\n<\/ul>\n","protected":false},"featured_media":18866,"comment_status":"open","ping_status":"closed","template":"","meta":{"om_disable_all_campaigns":false,"_monsterinsights_skip_tracking":false,"_monsterinsights_sitenote_active":false,"_monsterinsights_sitenote_note":"","_monsterinsights_sitenote_category":0},"product_cat":[294],"product_tag":[204,205,206,260,208,261,262,209,210,263,264,211,228,212,213,265,214,229,266,193,267,216,268,195,218,269,196,270,271,272,197,198,199,220,273,241,200,274,275,201,276,277,222,278,279,280,281,282,283,284,285,257,286,224,225,287,288,289,226,290,291,292],"class_list":{"0":"post-18843","1":"product","2":"type-product","3":"status-publish","4":"has-post-thumbnail","6":"product_cat-disques-durs","7":"product_tag-afrique-du-sud","8":"product_tag-alarme","9":"product_tag-camera","10":"product_tag-camera-de-surveillance-tanger","11":"product_tag-camera-ip","12":"product_tag-camera-ip-dahua","13":"product_tag-camera-maroc","14":"product_tag-camera-surveillance","15":"product_tag-camera-surveillance-afrique","16":"product_tag-camera-surveillance-avec-un-bon-prix","17":"product_tag-camera-surveillance-casablanca","18":"product_tag-camera-surveillance-dahua","19":"product_tag-camera-surveillance-maroc","20":"product_tag-camera-surveillance-tanger","21":"product_tag-camera-dahua","22":"product_tag-control-dacces-tanger","23":"product_tag-dahua-afrique","24":"product_tag-dahua-agadir","25":"product_tag-dahua-azrou","26":"product_tag-dahua-casablanca","27":"product_tag-dahua-dakhla","28":"product_tag-dahua-el-jadida","29":"product_tag-dahua-errachidia","30":"product_tag-dahua-fes","31":"product_tag-dahua-hoceima","32":"product_tag-dahua-ifrane","33":"product_tag-dahua-kenitra","34":"product_tag-dahua-khemisset","35":"product_tag-dahua-khouribga","36":"product_tag-dahua-laayoune","37":"product_tag-dahua-maroc","38":"product_tag-dahua-marrakech","39":"product_tag-dahua-meknes","40":"product_tag-dahua-nador","41":"product_tag-dahua-ouarzazate","42":"product_tag-dahua-oujda","43":"product_tag-dahua-rabat","44":"product_tag-dahua-safi","45":"product_tag-dahua-settat","46":"product_tag-dahua-tanger","47":"product_tag-dahua-taroudant","48":"product_tag-dahua-taza","49":"product_tag-dahua-tetouan","50":"product_tag-dahua-tiflet","51":"product_tag-dahua-tiznit","52":"product_tag-desenfumage-tanger","53":"product_tag-detection-incendie","54":"product_tag-distributeur-dahua","55":"product_tag-installation-alarme","56":"product_tag-installations-camera-de-surveillance-maroc","57":"product_tag-moniteur-dimage","58":"product_tag-nvr","59":"product_tag-pack-camera-de-surveillance","60":"product_tag-pack-camera-de-surveillance-dahua","61":"product_tag-pointeuse","62":"product_tag-porte-automatiques","63":"product_tag-portes-coup-feu-tanger","64":"product_tag-skydome-tanger","65":"product_tag-smart-lock","66":"product_tag-sprinkler-tanger","67":"product_tag-travaux-d-incendie-tanger","68":"product_tag-video-surveillance-tanger","69":"ts_product_brand-seagate","71":"first","72":"instock","73":"shipping-taxable","74":"purchasable","75":"product-type-simple","76":"add-to-wishlist-after_add_to_cart"},"aioseo_notices":[],"_links":{"self":[{"href":"https:\/\/tthcompany.ma\/index.php\/wp-json\/wp\/v2\/product\/18843","targetHints":{"allow":["GET"]}}],"collection":[{"href":"https:\/\/tthcompany.ma\/index.php\/wp-json\/wp\/v2\/product"}],"about":[{"href":"https:\/\/tthcompany.ma\/index.php\/wp-json\/wp\/v2\/types\/product"}],"replies":[{"embeddable":true,"href":"https:\/\/tthcompany.ma\/index.php\/wp-json\/wp\/v2\/comments?post=18843"}],"wp:featuredmedia":[{"embeddable":true,"href":"https:\/\/tthcompany.ma\/index.php\/wp-json\/wp\/v2\/media\/18866"}],"wp:attachment":[{"href":"https:\/\/tthcompany.ma\/index.php\/wp-json\/wp\/v2\/media?parent=18843"}],"wp:term":[{"taxonomy":"product_cat","embeddable":true,"href":"https:\/\/tthcompany.ma\/index.php\/wp-json\/wp\/v2\/product_cat?post=18843"},{"taxonomy":"product_tag","embeddable":true,"href":"https:\/\/tthcompany.ma\/index.php\/wp-json\/wp\/v2\/product_tag?post=18843"}],"curies":[{"name":"wp","href":"https:\/\/api.w.org\/{rel}","templated":true}]}}