{"id":18836,"date":"2022-08-17T10:14:12","date_gmt":"2022-08-17T10:14:12","guid":{"rendered":"https:\/\/tthcompany.ma\/?post_type=product&#038;p=18836"},"modified":"2022-08-17T10:14:16","modified_gmt":"2022-08-17T10:14:16","slug":"hac-hdw2401mp","status":"publish","type":"product","link":"https:\/\/tthcompany.ma\/index.php\/product\/hac-hdw2401mp\/","title":{"rendered":"HAC-HDW2401MP"},"content":{"rendered":"<div id=\"div_left\">\n<div class=\"div-drop\">\n<p class=\"title\">\n<div id=\"div_left\">\n<div class=\"div-drop\">\n<table id=\"table001\" class=\"NEW-TABLE TableOverride-1 tab-drag\" style=\"width: 93.7484%; height: 1180px;\">\n<tbody>\n<tr style=\"height: 65px;\">\n<td style=\"height: 65px;\" colspan=\"60\">\n<h2><span style=\"font-size: 14pt;\">Cam\u00e9ra<\/span><\/h2>\n<\/td>\n<\/tr>\n<tr style=\"height: 23px;\">\n<td style=\"height: 23px;\" colspan=\"18\">Capteur d&#8217;image<\/td>\n<td style=\"height: 23px;\" colspan=\"42\">1\/3 &#8220;CMOS<\/td>\n<\/tr>\n<tr style=\"height: 23px;\">\n<td style=\"height: 23px;\" colspan=\"18\">Pixels efficaces<\/td>\n<td style=\"height: 23px;\" colspan=\"42\">2688 (H) \u00d7 1520 (V), 4.1MP<\/td>\n<\/tr>\n<tr style=\"height: 23px;\">\n<td style=\"height: 23px;\" colspan=\"18\">Syst\u00e8me de num\u00e9risation<\/td>\n<td style=\"height: 23px;\" colspan=\"42\">Progressive<\/td>\n<\/tr>\n<tr style=\"height: 94px;\">\n<td style=\"height: 94px;\" colspan=\"18\">Vitesse d&#8217;obturation \u00e9lectronique<\/td>\n<td style=\"height: 94px;\" colspan=\"42\">PAL: 1\/4 \u00e0 1\/100 000<\/p>\n<p>NTSC: 1\/3 ~ 1\/100 000<\/td>\n<\/tr>\n<tr style=\"height: 23px;\">\n<td style=\"height: 23px;\" colspan=\"18\">Illumination minimale<\/td>\n<td style=\"height: 23px;\" colspan=\"42\">0.01Lux \/ F1.5, 30IRE, 0Lux IR on<\/td>\n<\/tr>\n<tr style=\"height: 23px;\">\n<td style=\"height: 23px;\" colspan=\"18\">Ratio S \/ N<\/td>\n<td style=\"height: 23px;\" colspan=\"42\">Plus de 65dB<\/td>\n<\/tr>\n<tr style=\"height: 23px;\">\n<td style=\"height: 23px;\" colspan=\"18\">Distance IR<\/td>\n<td style=\"height: 23px;\" colspan=\"42\">Jusqu&#8217;\u00e0\u00a030m<\/td>\n<\/tr>\n<tr style=\"height: 23px;\">\n<td style=\"height: 23px;\" colspan=\"18\">Contr\u00f4le IR On \/ Off<\/td>\n<td style=\"height: 23px;\" colspan=\"42\">Auto \/ Manuel<\/td>\n<\/tr>\n<tr style=\"height: 23px;\">\n<td style=\"height: 23px;\" colspan=\"18\">LED IR<\/td>\n<td style=\"height: 23px;\" colspan=\"42\">12<\/td>\n<\/tr>\n<tr style=\"height: 65px;\">\n<td style=\"height: 65px;\" colspan=\"60\">\n<h2><span style=\"font-size: 14pt;\">Lentille<\/span><\/h2>\n<\/td>\n<\/tr>\n<tr style=\"height: 23px;\">\n<td style=\"height: 23px;\" colspan=\"18\">Type de\u00a0L\u00a0es<\/td>\n<td style=\"height: 23px;\" colspan=\"42\">Objectif fixe \/ Iris fixe<\/td>\n<\/tr>\n<tr style=\"height: 23px;\">\n<td style=\"height: 23px;\" colspan=\"18\">Type de montage<\/td>\n<td style=\"height: 23px;\" colspan=\"42\">Embarquement<\/td>\n<\/tr>\n<tr style=\"height: 23px;\">\n<td style=\"height: 23px;\" colspan=\"18\">Distance focale<\/td>\n<td style=\"height: 23px;\" colspan=\"42\">3.6mm (2.8mm, 6mm en option)<\/td>\n<\/tr>\n<tr style=\"height: 23px;\">\n<td style=\"height: 23px;\" colspan=\"18\">Ouverture maximale<\/td>\n<td style=\"height: 23px;\" colspan=\"42\">F1.5<\/td>\n<\/tr>\n<tr style=\"height: 23px;\">\n<td style=\"height: 23px;\" colspan=\"18\">Angle de vue<\/td>\n<td style=\"height: 23px;\" colspan=\"42\">H: 79 \u00b0 (99,7 \u00b0 \/ 48,6 \u00b0)<\/td>\n<\/tr>\n<tr style=\"height: 23px;\">\n<td style=\"height: 23px;\" colspan=\"18\">Contr\u00f4le de la mise au point<\/td>\n<td style=\"height: 23px;\" colspan=\"42\">N \/ A<\/td>\n<\/tr>\n<tr style=\"height: 94px;\">\n<td style=\"height: 94px;\" colspan=\"18\">Distance de mise au point proche<\/td>\n<td style=\"height: 94px;\" colspan=\"42\">1500mm (900mm, 1700mm)<\/p>\n<p>59.06 &#8221; (35.43 &#8221;, 66.93 &#8221;)<\/td>\n<\/tr>\n<tr style=\"height: 65px;\">\n<td style=\"height: 65px;\" colspan=\"60\">\n<h2><span style=\"font-size: 14pt;\">Pan \/ Tilt \/ Rotation<\/span><\/h2>\n<\/td>\n<\/tr>\n<tr style=\"height: 134px;\">\n<td style=\"height: 134px;\" colspan=\"18\">Pan \/ Tilt \/ Rotation<\/td>\n<td style=\"height: 134px;\" colspan=\"42\">Pan: 0 \u00b0 ~ 360 \u00b0<\/p>\n<p>Inclinaison: 0 \u00b0 ~ 90 \u00b0<\/p>\n<p>Rotation: 0 \u00b0 ~ 360 \u00b0<\/td>\n<\/tr>\n<tr style=\"height: 65px;\">\n<td style=\"height: 65px;\" colspan=\"60\">\n<h2><span style=\"font-size: 14pt;\">Vid\u00e9o<\/span><\/h2>\n<\/td>\n<\/tr>\n<tr style=\"height: 23px;\">\n<td style=\"height: 23px;\" colspan=\"18\">R\u00e9solution<\/td>\n<td style=\"height: 23px;\" colspan=\"42\">4MP (2560 \u00d7 1440)<\/td>\n<\/tr>\n<tr style=\"height: 23px;\">\n<td style=\"height: 23px;\" colspan=\"18\">Taux de trame<\/td>\n<td style=\"height: 23px;\" colspan=\"42\">25 ips @ 4MP, 25\/30 images @ 1080p, 25\/30 images @ 720p<\/td>\n<\/tr>\n<tr style=\"height: 46px;\">\n<td style=\"height: 46px;\" colspan=\"18\">Sortie vid\u00e9o<\/td>\n<td style=\"height: 46px;\" colspan=\"42\">Sortie vid\u00e9o haute d\u00e9finition HDCVI BNC 1 canal et sortie vid\u00e9o CVBS BNC 1 canal<\/td>\n<\/tr>\n<tr style=\"height: 23px;\">\n<td style=\"height: 23px;\" colspan=\"18\">Jour Nuit<\/td>\n<td style=\"height: 23px;\" colspan=\"42\">Auto (ICR) \/ Manuel<\/td>\n<\/tr>\n<tr style=\"height: 23px;\">\n<td style=\"height: 23px;\" colspan=\"18\">Menu OSD<\/td>\n<td style=\"height: 23px;\" colspan=\"42\">Multi-langue<\/td>\n<\/tr>\n<tr style=\"height: 23px;\">\n<td style=\"height: 23px;\" colspan=\"18\">Mode BLC<\/td>\n<td style=\"height: 23px;\" colspan=\"42\">BLC \/ HLC \/ WDR<\/td>\n<\/tr>\n<tr style=\"height: 23px;\">\n<td style=\"height: 23px;\" colspan=\"18\">WDR<\/td>\n<td style=\"height: 23px;\" colspan=\"42\">120dB<\/td>\n<\/tr>\n<tr style=\"height: 23px;\">\n<td style=\"height: 23px;\" colspan=\"18\">Prendre le contr\u00f4le<\/td>\n<td style=\"height: 23px;\" colspan=\"42\">AGC<\/td>\n<\/tr>\n<tr style=\"height: 23px;\">\n<td style=\"height: 23px;\" colspan=\"18\">R\u00e9duction de bruit<\/td>\n<td style=\"height: 23px;\" colspan=\"42\">2D \/ 3D<\/td>\n<\/tr>\n<tr style=\"height: 23px;\">\n<td style=\"height: 23px;\" colspan=\"18\">Balance des blancs<\/td>\n<td style=\"height: 23px;\" colspan=\"42\">Auto \/ Manuel<\/td>\n<\/tr>\n<tr style=\"height: 23px;\">\n<td style=\"height: 23px;\" colspan=\"18\">IR intelligent<\/td>\n<td style=\"height: 23px;\" colspan=\"42\">Auto \/ Manuel<\/td>\n<\/tr>\n<\/tbody>\n<\/table>\n<\/div>\n<\/div>\n<div id=\"div_left\">\n<div class=\"div-drop\">\n<table id=\"table002\" class=\"NEW-TABLE TableOverride-1 tab-drag\">\n<tbody>\n<tr>\n<td colspan=\"60\">\n<h2><span style=\"font-size: 14pt;\">DORI Distance<\/span><\/h2>\n<\/td>\n<\/tr>\n<tr>\n<td colspan=\"60\">Remarque: la distance DORI est une \u00abproximit\u00e9 g\u00e9n\u00e9rale\u00bb qui permet de d\u00e9terminer facilement la cam\u00e9ra qui convient \u00e0 vos besoins.\u00a0La distance DORI est calcul\u00e9e sur la base de la sp\u00e9cification du capteur et du r\u00e9sultat du test de laboratoire selon la norme EN 62676-4, qui d\u00e9finit respectivement les crit\u00e8res de d\u00e9tection, d&#8217;observation, de reconnaissance et d&#8217;identification.<\/td>\n<\/tr>\n<tr>\n<td colspan=\"18\"><\/td>\n<td colspan=\"21\">DORI<\/p>\n<p>D\u00e9finition<\/td>\n<td colspan=\"21\">Distance<\/td>\n<\/tr>\n<tr>\n<td colspan=\"18\">D\u00e9tecter<\/td>\n<td colspan=\"21\">25px \/ m (8px \/ ft)<\/td>\n<td colspan=\"21\">2,8mm: 63m<\/p>\n<p>3.6mm: 80m (262ft)<\/p>\n<p>6mm: 120m<\/td>\n<\/tr>\n<tr>\n<td colspan=\"18\">Observer<\/td>\n<td colspan=\"21\">63px \/ m (19px \/ ft)<\/td>\n<td colspan=\"21\">2.8mm: 25m (83ft)<\/p>\n<p>3.6mm: 32m (105ft)<\/p>\n<p>6mm: 48m<\/td>\n<\/tr>\n<tr>\n<td colspan=\"18\">Reconna\u00eetre<\/td>\n<td colspan=\"21\">125px \/ m (38px \/ ft)<\/td>\n<td colspan=\"21\">2.8mm: 13m (42ft)<\/p>\n<p>3.6mm: 16m (52ft)<\/p>\n<p>6mm: 24m<\/td>\n<\/tr>\n<tr>\n<td colspan=\"18\">Identifier<\/td>\n<td colspan=\"21\">250 px \/ m (76 px \/ ft)<\/td>\n<td colspan=\"21\">2.8mm: 6m (21ft)<\/p>\n<p>3.6mm: 8m (26ft)<\/p>\n<p>6mm: 12m (39ft)<\/td>\n<\/tr>\n<\/tbody>\n<\/table>\n<\/div>\n<\/div>\n<div id=\"div_left\">\n<div class=\"div-drop\">\n<table id=\"table003\" class=\"NEW-TABLE TableOverride-1 tab-drag\">\n<tbody>\n<tr>\n<td colspan=\"60\">\n<h2><span style=\"font-size: 14pt;\">Certifications<\/span><\/h2>\n<\/td>\n<\/tr>\n<tr>\n<td colspan=\"18\">Certifications<\/td>\n<td colspan=\"42\">CE (EN55032, EN55024, EN50130-4)<\/p>\n<p>FCC (CFR 47 FCC Part 15, sous-partie B, ANSI C63.4-2014)<\/p>\n<p>UL (UL60950-1 + CAN \/ CSA C22.2 No.60950-1)<\/td>\n<\/tr>\n<tr>\n<td colspan=\"60\">\n<h2><span style=\"font-size: 14pt;\">Interface<\/span><\/h2>\n<\/td>\n<\/tr>\n<tr>\n<td colspan=\"18\">Interface audio<\/td>\n<td colspan=\"42\">N \/ A<\/td>\n<\/tr>\n<tr>\n<td colspan=\"60\">\n<h2><span style=\"font-size: 14pt;\">\u00c9lectrique<\/span><\/h2>\n<\/td>\n<\/tr>\n<tr>\n<td colspan=\"18\">Source de courant<\/td>\n<td colspan=\"42\">12V DC \u00b1 25%<\/td>\n<\/tr>\n<tr>\n<td colspan=\"18\">Consommation d&#8217;\u00e9nergie<\/td>\n<td colspan=\"42\">Max 4.1W (12V DC, IR allum\u00e9)<\/td>\n<\/tr>\n<tr>\n<td colspan=\"60\">\n<h2><span style=\"font-size: 14pt;\">Environnement<\/span><\/h2>\n<\/td>\n<\/tr>\n<tr>\n<td colspan=\"18\">Des conditions de fonctionnement<\/td>\n<td colspan=\"42\">-30 \u00b0 C ~ + 60 \u00b0 C \/ moins de 90% d&#8217;humidit\u00e9 relative<\/p>\n<p>* La mise en route doit \u00eatre effectu\u00e9e \u00e0 une temp\u00e9rature sup\u00e9rieure \u00e0 -30 \u00b0 C (-22 \u00b0 F)<\/td>\n<\/tr>\n<tr>\n<td colspan=\"18\">Conditions de stockage<\/td>\n<td colspan=\"42\">-30 \u00b0 C ~ + 60 \u00b0 C \/ moins de 90% d&#8217;humidit\u00e9 relative<\/td>\n<\/tr>\n<tr>\n<td colspan=\"18\">Protection d&#8217;entr\u00e9e et r\u00e9sistance au vandalisme<\/td>\n<td colspan=\"42\">IP67<\/td>\n<\/tr>\n<tr>\n<td colspan=\"60\">\n<h2><span style=\"font-size: 14pt;\">Construction<\/span><\/h2>\n<\/td>\n<\/tr>\n<tr>\n<td colspan=\"18\">Enveloppe<\/td>\n<td colspan=\"42\">Aluminium<\/td>\n<\/tr>\n<tr>\n<td colspan=\"18\">Dimensions<\/td>\n<td colspan=\"42\">93,4 mm \u00d7 79,4 mm (\u03a63,68 &#8220;\u00d7 3,13&#8221;)<\/td>\n<\/tr>\n<tr>\n<td colspan=\"18\">Poids net<\/td>\n<td colspan=\"42\">0,28 kg (0,62 lb)<\/td>\n<\/tr>\n<tr>\n<td colspan=\"18\">Poids brut<\/td>\n<td colspan=\"42\">0,35 kg (0,77 lb)<\/td>\n<\/tr>\n<\/tbody>\n<\/table>\n<\/div>\n<\/div>\n<\/div>\n<\/div>\n<div id=\"div_left\"><\/div>\n<div id=\"gtx-trans\" style=\"position: absolute; left: 40px; top: 3116.36px;\">\n<div class=\"gtx-trans-icon\"><\/div>\n<\/div>\n","protected":false},"excerpt":{"rendered":"<h1 class=\"text\"><span style=\"font-size: 10pt; color: #000000;\"><strong>Cam\u00e9ra \u00e0 globe oculaire 4MP HDCVI WDR IR<\/strong><\/span><\/h1>\n<ul>\n<li>120dB True WDR, 3DNR<\/li>\n<li>Max 4MP en temps r\u00e9el<\/li>\n<li>Sortie double HD et SD<\/li>\n<li>Objectif fixe 3,6 mm (2,8 mm, 6 mm en option)<\/li>\n<li>Max.\u00a0Longueur IR 30m, IR intelligent<\/li>\n<li>IP67, DC12V<br \/>\n<img decoding=\"async\" class=\"alignnone size-medium wp-image-6119\" src=\"http:\/\/tthcompany.com\/wp-content\/uploads\/2017\/08\/20161125014532_75563-300x32.png\" alt=\"\" width=\"300\" height=\"32\" \/><\/li>\n<\/ul>\n","protected":false},"featured_media":18861,"comment_status":"open","ping_status":"closed","template":"","meta":{"om_disable_all_campaigns":false,"_monsterinsights_skip_tracking":false,"_monsterinsights_sitenote_active":false,"_monsterinsights_sitenote_note":"","_monsterinsights_sitenote_category":0},"product_cat":[235,186],"product_tag":[246,204,206,209,213,190,214,191,192,230,239,193,216,195,218,240,196,219,199,200,201,222,247],"class_list":{"0":"post-18836","1":"product","2":"type-product","3":"status-publish","4":"has-post-thumbnail","6":"product_cat-cameras-4mp","7":"product_cat-produits-hdcvi","8":"product_tag-4mp","9":"product_tag-afrique-du-sud","10":"product_tag-camera","11":"product_tag-camera-surveillance","12":"product_tag-camera-dahua","13":"product_tag-dahua","14":"product_tag-dahua-afrique","15":"product_tag-dahua-algerie","16":"product_tag-dahua-assila","17":"product_tag-dahua-camera-4mp","18":"product_tag-dahua-casa","19":"product_tag-dahua-casablanca","20":"product_tag-dahua-el-jadida","21":"product_tag-dahua-fes","22":"product_tag-dahua-hoceima","23":"product_tag-dahua-jadida","24":"product_tag-dahua-kenitra","25":"product_tag-dahua-meknas","26":"product_tag-dahua-meknes","27":"product_tag-dahua-rabat","28":"product_tag-dahua-tanger","29":"product_tag-dahua-tetouan","30":"product_tag-hac-hdw2401m","32":"first","33":"instock","34":"shipping-taxable","35":"purchasable","36":"product-type-simple","37":"add-to-wishlist-after_add_to_cart"},"aioseo_notices":[],"_links":{"self":[{"href":"https:\/\/tthcompany.ma\/index.php\/wp-json\/wp\/v2\/product\/18836","targetHints":{"allow":["GET"]}}],"collection":[{"href":"https:\/\/tthcompany.ma\/index.php\/wp-json\/wp\/v2\/product"}],"about":[{"href":"https:\/\/tthcompany.ma\/index.php\/wp-json\/wp\/v2\/types\/product"}],"replies":[{"embeddable":true,"href":"https:\/\/tthcompany.ma\/index.php\/wp-json\/wp\/v2\/comments?post=18836"}],"wp:featuredmedia":[{"embeddable":true,"href":"https:\/\/tthcompany.ma\/index.php\/wp-json\/wp\/v2\/media\/18861"}],"wp:attachment":[{"href":"https:\/\/tthcompany.ma\/index.php\/wp-json\/wp\/v2\/media?parent=18836"}],"wp:term":[{"taxonomy":"product_cat","embeddable":true,"href":"https:\/\/tthcompany.ma\/index.php\/wp-json\/wp\/v2\/product_cat?post=18836"},{"taxonomy":"product_tag","embeddable":true,"href":"https:\/\/tthcompany.ma\/index.php\/wp-json\/wp\/v2\/product_tag?post=18836"}],"curies":[{"name":"wp","href":"https:\/\/api.w.org\/{rel}","templated":true}]}}