{"id":18832,"date":"2022-08-17T10:14:11","date_gmt":"2022-08-17T10:14:11","guid":{"rendered":"https:\/\/tthcompany.ma\/?post_type=product&#038;p=18832"},"modified":"2022-08-17T10:14:15","modified_gmt":"2022-08-17T10:14:15","slug":"xvr4108c","status":"publish","type":"product","link":"https:\/\/tthcompany.ma\/index.php\/product\/xvr4108c\/","title":{"rendered":"XVR4108C"},"content":{"rendered":"<div id=\"div_left\">\n<div class=\"div-drop\">\n<table id=\"table001\" class=\"NEW-TABLE TableOverride-1 tab-drag\">\n<tbody>\n<tr>\n<td colspan=\"60\">\n<h2><span style=\"font-size: 14pt;\">Syst\u00e8me<\/span><\/h2>\n<\/td>\n<\/tr>\n<tr>\n<td colspan=\"18\">Processeur principal<\/td>\n<td colspan=\"42\">Processeur Embarqu\u00e9<\/td>\n<\/tr>\n<tr>\n<td colspan=\"18\">Syst\u00e8me op\u00e9rateur<\/td>\n<td colspan=\"42\">LINUX int\u00e9gr\u00e9<\/td>\n<\/tr>\n<tr>\n<td colspan=\"60\">\n<h2><span style=\"font-size: 14pt;\">Afficher<\/span><\/h2>\n<\/td>\n<\/tr>\n<tr>\n<td colspan=\"18\">Interface<\/td>\n<td colspan=\"42\">1 HDMI, 1 VGA<\/td>\n<\/tr>\n<tr>\n<td colspan=\"18\">R\u00e9solution<\/td>\n<td colspan=\"42\">1920 \u00d7 1080, 1280 \u00d7 1024, 1280 \u00d7 720, 1024 \u00d7 768<\/td>\n<\/tr>\n<tr>\n<td colspan=\"18\">Affichage multi-\u00e9crans<\/td>\n<td colspan=\"42\">8CH: 1\/4\/8\/9\/16<\/td>\n<\/tr>\n<tr>\n<td colspan=\"18\">OSD<\/td>\n<td colspan=\"42\">Titre de la cam\u00e9ra, Heure, Perte de la vid\u00e9o, Verrou de la cam\u00e9ra, D\u00e9tection de mouvement, Enregistrement<\/td>\n<\/tr>\n<tr>\n<td colspan=\"60\">\n<h2><span style=\"font-size: 14pt;\">D\u00e9tection vid\u00e9o et alarme<\/span><\/h2>\n<\/td>\n<\/tr>\n<tr>\n<td colspan=\"18\">\u00c9v\u00e9nements d\u00e9clencheurs<\/td>\n<td colspan=\"42\">Enregistrement, PTZ, Visite guid\u00e9e, Push vid\u00e9o, Email, FTP, Snapshot, Buzzer et Screen Tips<\/td>\n<\/tr>\n<tr>\n<td colspan=\"18\">D\u00e9tection vid\u00e9o<\/td>\n<td colspan=\"42\">D\u00e9tection de mouvement, zones MD: 396 (22 \u00d7 18), perte vid\u00e9o et<\/td>\n<\/tr>\n<tr>\n<td colspan=\"18\">Entr\u00e9e d&#8217;alarme<\/td>\n<td colspan=\"42\">N \/ A<\/td>\n<\/tr>\n<tr>\n<td colspan=\"18\">Sortie relais<\/td>\n<td colspan=\"42\">N \/ A<\/td>\n<\/tr>\n<tr>\n<td colspan=\"60\">\n<h2><span style=\"font-size: 14pt;\">Lire\u00a0et\u00a0Enregistrement<\/span><\/h2>\n<\/td>\n<\/tr>\n<tr>\n<td colspan=\"18\">Lecture<\/td>\n<td colspan=\"42\">8CH: 1\/4\/9<\/td>\n<\/tr>\n<tr>\n<td colspan=\"18\">Mode de recherche<\/td>\n<td colspan=\"42\">Heure \/ Date, Alarme, MD et Recherche Exacte (pr\u00e9cision \u00e0 la seconde)<\/td>\n<\/tr>\n<tr>\n<td colspan=\"18\">Fonction de lecture<\/td>\n<td colspan=\"42\">Lecture, Pause, Arr\u00eater, Rembobiner, Lecture rapide, Lecture lente, Fichier suivant, Fichier pr\u00e9c\u00e9dent, Appareil photo suivant, Appareil photo pr\u00e9c\u00e9dent, Plein \u00e9cran, R\u00e9p\u00e9ter, Al\u00e9atoire, S\u00e9lection en cours, Zoom num\u00e9rique<\/td>\n<\/tr>\n<tr>\n<td colspan=\"18\">Mode de sauvegarde<\/td>\n<td colspan=\"42\">P\u00e9riph\u00e9rique USB \/ r\u00e9seau<\/td>\n<\/tr>\n<tr>\n<td colspan=\"60\">\n<h2><span style=\"font-size: 14pt;\">Stockage<\/span><\/h2>\n<\/td>\n<\/tr>\n<tr>\n<td colspan=\"18\">Disque dur interne<\/td>\n<td colspan=\"42\">1 port SATA, jusqu&#8217;\u00e0 8 To de capacit\u00e9<\/td>\n<\/tr>\n<tr>\n<td colspan=\"18\">eSATA<\/td>\n<td colspan=\"42\">N \/ A<\/td>\n<\/tr>\n<tr>\n<td colspan=\"60\">\n<h2><span style=\"font-size: 14pt;\">Interface auxiliaire<\/span><\/h2>\n<\/td>\n<\/tr>\n<tr>\n<td colspan=\"18\">USB<\/td>\n<td colspan=\"42\">2 ports USB (2 USB 2.0)<\/td>\n<\/tr>\n<tr>\n<td colspan=\"18\">RS232<\/td>\n<td colspan=\"42\">N \/ A<\/td>\n<\/tr>\n<tr>\n<td colspan=\"18\">RS485<\/td>\n<td colspan=\"42\">N \/ A<\/td>\n<\/tr>\n<tr>\n<td colspan=\"60\">\n<h2><span style=\"font-size: 14pt;\">Assistance tierce<\/span><\/h2>\n<\/td>\n<\/tr>\n<tr>\n<td colspan=\"18\">Assistance tierce<\/td>\n<td colspan=\"42\">Dahua, Arecont Vision, AXIS, Bosch, Brickcom, Canon, CP Plus, Dynacolor, Honeywell, Panasonic, Pelco, Samsung, Sanyo, Sony, Videotec, Vivotek, etc.<\/td>\n<\/tr>\n<\/tbody>\n<\/table>\n<\/div>\n<\/div>\n<div id=\"div_left\">\n<div class=\"div-drop\">\n<table id=\"table002\" class=\"NEW-TABLE TableOverride-1 tab-drag\">\n<tbody>\n<tr>\n<td colspan=\"60\">\n<h2><span style=\"font-size: 14pt;\">Audio et vid\u00e9o<\/span><\/h2>\n<\/td>\n<\/tr>\n<tr>\n<td colspan=\"18\">Entr\u00e9e cam\u00e9ra HDCVI<\/td>\n<td colspan=\"42\">8 canaux<\/td>\n<\/tr>\n<tr>\n<td colspan=\"18\">Entr\u00e9e de cam\u00e9ra IP<\/td>\n<td colspan=\"42\">8 + 2 canaux: chaque canal jusqu&#8217;\u00e0 5MP<\/td>\n<\/tr>\n<tr>\n<td colspan=\"18\">Audio In \/ Out<\/td>\n<td colspan=\"42\">1\/1, RCA<\/td>\n<\/tr>\n<tr>\n<td colspan=\"18\">Conversation \u00e0 double sens<\/td>\n<td colspan=\"42\">R\u00e9utilisation des entr\u00e9es \/ sorties audio, RCA<\/td>\n<\/tr>\n<tr>\n<td colspan=\"60\">\n<h2><span style=\"font-size: 14pt;\">Enregistrement<\/span><\/h2>\n<\/td>\n<\/tr>\n<tr>\n<td colspan=\"18\">Compression<\/td>\n<td colspan=\"42\">H.264<\/td>\n<\/tr>\n<tr>\n<td colspan=\"18\">R\u00e9solution<\/td>\n<td colspan=\"42\">1080N, 720P, 960H, D1, HD1, BCIF, CAF, QCIF<\/td>\n<\/tr>\n<tr>\n<td colspan=\"18\">Taux d&#8217;enregistrement<\/td>\n<td colspan=\"42\">Flux principal:<\/p>\n<p>8CH: 1080N (12fps) \/ 720P (15fps) \/ 960H \/ D1 \/ HD1 \/ BCIF \/ CIF \/ QCIF (1 ~ 25 \/ 30fps)<\/p>\n<p>Sub steram:<\/p>\n<p>8CH: CAF \/ QCIF (1 ~ 7fps)<\/td>\n<\/tr>\n<tr>\n<td colspan=\"18\">D\u00e9bit binaire<\/td>\n<td colspan=\"42\">1Kbps ~ 6144Kbps par canal<\/td>\n<\/tr>\n<tr>\n<td colspan=\"18\">Mode d&#8217;enregistrement<\/td>\n<td colspan=\"42\">Manuel, Programme (normal, continu), MD (D\u00e9tection vid\u00e9o: D\u00e9tection de mouvement, Perte vid\u00e9o, falsification), Alarme, Arr\u00eat<\/td>\n<\/tr>\n<tr>\n<td colspan=\"18\">Record Interval<\/td>\n<td colspan=\"42\">1 ~ 60 min (par d\u00e9faut: 60 min), pr\u00e9-enregistrement: 1 ~ 30 sec, post-enregistrement: 10 ~ 300 sec<\/td>\n<\/tr>\n<tr>\n<td colspan=\"60\">\n<h2><span style=\"font-size: 14pt;\">R\u00e9seau<\/span><\/h2>\n<\/td>\n<\/tr>\n<tr>\n<td colspan=\"18\">Interface<\/td>\n<td colspan=\"42\">1 port RJ-45 (100 M)<\/td>\n<\/tr>\n<tr>\n<td colspan=\"18\">Fonction r\u00e9seau<\/td>\n<td colspan=\"42\">HTTP, TCP \/ IP, IPv4 \/ IPv6, UPnP, RTSP, UDP, SMTP, NTP, DHCP, DNS, Filtre IP, PPPoE, DDNS, FTP, Serveur d\u2019alarme, P2P, Recherche IP (Cam\u00e9ra IP Dahua prise en charge, DVR, NVS, etc.)<\/td>\n<\/tr>\n<tr>\n<td colspan=\"18\">Max.\u00a0Acc\u00e8s utilisateur<\/td>\n<td colspan=\"42\">128 utilisateurs<\/td>\n<\/tr>\n<tr>\n<td colspan=\"18\">T\u00e9l\u00e9phone intelligent<\/td>\n<td colspan=\"42\">iPhone, iPad, Android<\/td>\n<\/tr>\n<tr>\n<td colspan=\"18\">L&#8217;interop\u00e9rabilit\u00e9<\/td>\n<td colspan=\"42\">ONVIF 2.42, conforme \u00e0 CGI<\/td>\n<\/tr>\n<tr>\n<td colspan=\"60\">\n<h2><span style=\"font-size: 14pt; font-family: georgia, palatino, serif;\">\u00c9lectrique<\/span><\/h2>\n<\/td>\n<\/tr>\n<tr>\n<td colspan=\"18\">Source de courant<\/td>\n<td colspan=\"42\">DC12V \/ 2A<\/td>\n<\/tr>\n<tr>\n<td colspan=\"18\">Consommation d&#8217;\u00e9nergie<\/td>\n<td colspan=\"42\">&lt;10W (sans disque dur)<\/td>\n<\/tr>\n<tr>\n<td colspan=\"60\">\n<h2><span style=\"font-size: 14pt;\">Environnement<\/span><\/h2>\n<\/td>\n<\/tr>\n<tr>\n<td colspan=\"18\">Des conditions de fonctionnement<\/td>\n<td colspan=\"42\">-10 \u00b0 C ~ + 55 \u00b0 C (0 ~ 90% HR)<\/td>\n<\/tr>\n<tr>\n<td colspan=\"18\">Conditions de stockage<\/td>\n<td colspan=\"42\">-20 \u00b0 C ~ + 70 \u00b0 C (0 ~ 90% HR)<\/td>\n<\/tr>\n<tr>\n<td colspan=\"60\">\n<h2><span style=\"font-size: 14pt;\">Construction<\/span><\/h2>\n<\/td>\n<\/tr>\n<tr>\n<td colspan=\"18\">Dimensions<\/td>\n<td colspan=\"42\">Intelligent 1U, 205mm \u00d7 211mm \u00d7 45mm (8,1 \u201c\u00d7 8,3\u201d \u00d7 1,8 \u201c)<\/td>\n<\/tr>\n<tr>\n<td colspan=\"18\">Poids net<\/td>\n<td colspan=\"42\">0,55 kg (1,2 lb) (sans disque dur)<\/td>\n<\/tr>\n<tr>\n<td colspan=\"18\">Poids brut<\/td>\n<td colspan=\"42\">1 kg (2,2 lb)<\/td>\n<\/tr>\n<tr>\n<td colspan=\"18\">Installation<\/td>\n<td colspan=\"42\">Installation de bureau<\/td>\n<\/tr>\n<tr>\n<td colspan=\"60\">\n<h3>Certifications<\/h3>\n<\/td>\n<\/tr>\n<tr>\n<td colspan=\"18\" rowspan=\"3\">Certifications<\/td>\n<td colspan=\"42\">FCC: Partie 15, sous-partie B, ICES 003, num\u00e9ro 6<\/td>\n<\/tr>\n<tr>\n<td colspan=\"42\">CE: EN 55032: 2012 + AC: 2013 (classe B)<\/p>\n<p>EN 55024: 2010 EN 61000-3-2: 2014<\/p>\n<p>EN 50130-4: 2011 EN 61000-3-3: 2013<\/td>\n<\/tr>\n<tr>\n<td colspan=\"42\">UL: IEC 61000-4-3\u00a0<span lang=\"zh-CN\">:\u00a0<\/span><span lang=\"zh-CN\">2006 + A1\u00a0<\/span><span lang=\"zh-CN\">:\u00a0<\/span><span lang=\"zh-CN\">2007 + A2\u00a0<\/span><span lang=\"zh-CN\">:\u00a0<\/span><span lang=\"zh-CN\">2010<\/span><\/td>\n<\/tr>\n<\/tbody>\n<\/table>\n<\/div>\n<\/div>\n<div id=\"gtx-trans\" style=\"position: absolute; left: 122px; top: 469.681px;\">\n<div class=\"gtx-trans-icon\"><\/div>\n<\/div>\n","protected":false},"excerpt":{"rendered":"<h1 class=\"text\"><strong><span style=\"color: #000000; font-size: 10pt; font-family: georgia, palatino, serif;\">Enregistreur vid\u00e9o num\u00e9rique Smart 1U Penta-brid 8 canaux<\/span><\/strong><\/h1>\n<ul>\n<li>Processeur int\u00e9gr\u00e9<\/li>\n<li>Compression vid\u00e9o H.264<\/li>\n<li>Entr\u00e9es\u00a0vid\u00e9o\u00a0HDCVI \/ AHD \/ TVI \/ CVBS \/\u00a0IP prises en charge<\/li>\n<li>Entr\u00e9es de cam\u00e9ra IP 10 canaux max.<\/li>\n<li>Longue distance de transmission sur c\u00e2ble coaxial<\/li>\n<li>Un disque dur SATA, jusqu&#8217;\u00e0 8 To<\/li>\n<li>Prend en charge ONVIF 2.4.1<\/li>\n<li>Connectez les cam\u00e9ras IP avec une r\u00e9solution de 5MP<img decoding=\"async\" class=\"alignnone size-medium wp-image-6056\" src=\"http:\/\/tthcompany.com\/wp-content\/uploads\/2017\/06\/20170510111728_11678-300x32.png\" alt=\"\" width=\"300\" height=\"32\" \/><\/li>\n<\/ul>\n","protected":false},"featured_media":18857,"comment_status":"open","ping_status":"closed","template":"","meta":{"om_disable_all_campaigns":false,"_monsterinsights_skip_tracking":false,"_monsterinsights_sitenote_active":false,"_monsterinsights_sitenote_note":"","_monsterinsights_sitenote_category":0},"product_cat":[186,187,188],"product_tag":[204,205,206,207,208,209,210,211,212,213,190,214,192,215,193,216,217,218,196,197,198,219,199,220,200,221,201,222,223,224,225,226,227],"class_list":{"0":"post-18832","1":"product","2":"type-product","3":"status-publish","4":"has-post-thumbnail","6":"product_cat-produits-hdcvi","7":"product_cat-xvr","8":"product_cat-xvr-2mp","9":"product_tag-afrique-du-sud","10":"product_tag-alarme","11":"product_tag-camera","12":"product_tag-camera-hdcvi","13":"product_tag-camera-ip","14":"product_tag-camera-surveillance","15":"product_tag-camera-surveillance-afrique","16":"product_tag-camera-surveillance-dahua","17":"product_tag-camera-surveillance-tanger","18":"product_tag-camera-dahua","19":"product_tag-dahua","20":"product_tag-dahua-afrique","21":"product_tag-dahua-assila","22":"product_tag-dahua-camera","23":"product_tag-dahua-casablanca","24":"product_tag-dahua-el-jadida","25":"product_tag-dahua-eljadida","26":"product_tag-dahua-hoceima","27":"product_tag-dahua-kenitra","28":"product_tag-dahua-maroc","29":"product_tag-dahua-marrakech","30":"product_tag-dahua-meknas","31":"product_tag-dahua-meknes","32":"product_tag-dahua-nador","33":"product_tag-dahua-rabat","34":"product_tag-dahua-sale","35":"product_tag-dahua-tanger","36":"product_tag-dahua-tetouan","37":"product_tag-disque-dur","38":"product_tag-pack-camera-de-surveillance-dahua","39":"product_tag-pointeuse","40":"product_tag-smart-lock","41":"product_tag-xvr4108c","43":"first","44":"instock","45":"shipping-taxable","46":"purchasable","47":"product-type-simple","48":"add-to-wishlist-after_add_to_cart"},"aioseo_notices":[],"_links":{"self":[{"href":"https:\/\/tthcompany.ma\/index.php\/wp-json\/wp\/v2\/product\/18832","targetHints":{"allow":["GET"]}}],"collection":[{"href":"https:\/\/tthcompany.ma\/index.php\/wp-json\/wp\/v2\/product"}],"about":[{"href":"https:\/\/tthcompany.ma\/index.php\/wp-json\/wp\/v2\/types\/product"}],"replies":[{"embeddable":true,"href":"https:\/\/tthcompany.ma\/index.php\/wp-json\/wp\/v2\/comments?post=18832"}],"wp:featuredmedia":[{"embeddable":true,"href":"https:\/\/tthcompany.ma\/index.php\/wp-json\/wp\/v2\/media\/18857"}],"wp:attachment":[{"href":"https:\/\/tthcompany.ma\/index.php\/wp-json\/wp\/v2\/media?parent=18832"}],"wp:term":[{"taxonomy":"product_cat","embeddable":true,"href":"https:\/\/tthcompany.ma\/index.php\/wp-json\/wp\/v2\/product_cat?post=18832"},{"taxonomy":"product_tag","embeddable":true,"href":"https:\/\/tthcompany.ma\/index.php\/wp-json\/wp\/v2\/product_tag?post=18832"}],"curies":[{"name":"wp","href":"https:\/\/api.w.org\/{rel}","templated":true}]}}