{"id":27477,"date":"2024-11-11T13:54:41","date_gmt":"2024-11-11T13:54:41","guid":{"rendered":"https:\/\/tthcompany.ma\/?page_id=27477"},"modified":"2024-11-11T15:18:56","modified_gmt":"2024-11-11T15:18:56","slug":"ecrans-led-pour-interieurs","status":"publish","type":"page","link":"https:\/\/tthcompany.ma\/index.php\/ecrans-led-pour-interieurs\/","title":{"rendered":"\u00c9CRANS LED POUR INT\u00c9RIEURS"},"content":{"rendered":"\t\t<div data-elementor-type=\"wp-page\" data-elementor-id=\"27477\" class=\"elementor elementor-27477\" data-elementor-post-type=\"page\">\n\t\t\t\t\t\t<section class=\"elementor-section elementor-top-section elementor-element elementor-element-16d7a34 elementor-section-content-middle elementor-section-stretched elementor-section-boxed elementor-section-height-default elementor-section-height-default\" data-id=\"16d7a34\" data-element_type=\"section\" data-settings=\"{&quot;stretch_section&quot;:&quot;section-stretched&quot;}\">\n\t\t\t\t\t\t<div class=\"elementor-container elementor-column-gap-no\">\n\t\t\t\t\t<div class=\"elementor-column elementor-col-100 elementor-top-column elementor-element elementor-element-de0f5bf\" data-id=\"de0f5bf\" data-element_type=\"column\">\n\t\t\t<div class=\"elementor-widget-wrap elementor-element-populated\">\n\t\t\t\t\t\t<div class=\"elementor-element elementor-element-1d5abd7 elementor-widget elementor-widget-heading\" data-id=\"1d5abd7\" data-element_type=\"widget\" data-widget_type=\"heading.default\">\n\t\t\t\t<div class=\"elementor-widget-container\">\n\t\t\t<style>\/*! elementor - v3.21.0 - 24-04-2024 *\/\n.elementor-heading-title{padding:0;margin:0;line-height:1}.elementor-widget-heading .elementor-heading-title[class*=elementor-size-]>a{color:inherit;font-size:inherit;line-height:inherit}.elementor-widget-heading .elementor-heading-title.elementor-size-small{font-size:15px}.elementor-widget-heading .elementor-heading-title.elementor-size-medium{font-size:19px}.elementor-widget-heading .elementor-heading-title.elementor-size-large{font-size:29px}.elementor-widget-heading .elementor-heading-title.elementor-size-xl{font-size:39px}.elementor-widget-heading .elementor-heading-title.elementor-size-xxl{font-size:59px}<\/style><h4 class=\"elementor-heading-title elementor-size-default\">SOLUTIONS D'AFFICHAGE PROFESSIONNEL<\/h4>\t\t<\/div>\n\t\t\t\t<\/div>\n\t\t\t\t<div class=\"elementor-element elementor-element-25ac9eb elementor-widget elementor-widget-image\" data-id=\"25ac9eb\" data-element_type=\"widget\" data-widget_type=\"image.default\">\n\t\t\t\t<div class=\"elementor-widget-container\">\n\t\t\t<style>\/*! elementor - v3.21.0 - 24-04-2024 *\/\n.elementor-widget-image{text-align:center}.elementor-widget-image a{display:inline-block}.elementor-widget-image a img[src$=\".svg\"]{width:48px}.elementor-widget-image img{vertical-align:middle;display:inline-block}<\/style>\t\t\t\t\t\t\t\t\t\t<img fetchpriority=\"high\" decoding=\"async\" width=\"984\" height=\"575\" src=\"https:\/\/tthcompany.ma\/wp-content\/uploads\/2024\/11\/Capture-decran-2024-11-11-145359.png\" class=\"attachment-large size-large wp-image-27479\" alt=\"SOLUTIONS D&#039;AFFICHAGE PROFESSIONNEL\" srcset=\"https:\/\/tthcompany.ma\/wp-content\/uploads\/2024\/11\/Capture-decran-2024-11-11-145359.png 984w, https:\/\/tthcompany.ma\/wp-content\/uploads\/2024\/11\/Capture-decran-2024-11-11-145359-300x175.png 300w, https:\/\/tthcompany.ma\/wp-content\/uploads\/2024\/11\/Capture-decran-2024-11-11-145359-768x449.png 768w, https:\/\/tthcompany.ma\/wp-content\/uploads\/2024\/11\/Capture-decran-2024-11-11-145359-600x351.png 600w\" sizes=\"(max-width: 984px) 100vw, 984px\" \/>\t\t\t\t\t\t\t\t\t\t\t\t\t<\/div>\n\t\t\t\t<\/div>\n\t\t\t\t<div class=\"elementor-element elementor-element-442e447 elementor-widget elementor-widget-text-editor\" data-id=\"442e447\" data-element_type=\"widget\" data-widget_type=\"text-editor.default\">\n\t\t\t\t<div class=\"elementor-widget-container\">\n\t\t\t<style>\/*! elementor - v3.21.0 - 24-04-2024 *\/\n.elementor-widget-text-editor.elementor-drop-cap-view-stacked .elementor-drop-cap{background-color:#69727d;color:#fff}.elementor-widget-text-editor.elementor-drop-cap-view-framed .elementor-drop-cap{color:#69727d;border:3px solid;background-color:transparent}.elementor-widget-text-editor:not(.elementor-drop-cap-view-default) .elementor-drop-cap{margin-top:8px}.elementor-widget-text-editor:not(.elementor-drop-cap-view-default) .elementor-drop-cap-letter{width:1em;height:1em}.elementor-widget-text-editor .elementor-drop-cap{float:left;text-align:center;line-height:1;font-size:50px}.elementor-widget-text-editor .elementor-drop-cap-letter{display:inline-block}<\/style>\t\t\t\t<div class=\"group w-full text-gray-800 dark:text-gray-100 border-b border-black\/10 dark:border-gray-900\/50 bg-gray-50 dark:bg-[#444654] sm:AIPRM__conversation__response\"><div class=\"flex p-4 gap-4 text-base md:gap-6 md:max-w-2xl lg:max-w-[38rem] xl:max-w-3xl md:py-6 lg:px-0 m-auto\"><div class=\"relative flex w-[calc(100%-50px)] flex-col gap-1 md:gap-3 lg:w-[calc(100%-115px)]\"><div class=\"flex flex-grow flex-col gap-3\"><div class=\"min-h-[20px] flex items-start overflow-x-auto whitespace-pre-wrap break-words flex-col gap-4\"><div class=\"markdown prose w-full break-words dark:prose-invert light AIPRM__conversation__response\"><div class=\"group w-full text-gray-800 dark:text-gray-100 border-b border-black\/10 dark:border-gray-900\/50 bg-gray-50 dark:bg-[#444654] sm:AIPRM__conversation__response\"><div class=\"flex p-4 gap-4 text-base md:gap-6 md:max-w-2xl lg:max-w-[38rem] xl:max-w-3xl md:py-6 lg:px-0 m-auto\"><div class=\"relative flex w-[calc(100%-50px)] flex-col gap-1 md:gap-3 lg:w-[calc(100%-115px)]\"><div class=\"flex flex-grow flex-col gap-3\"><div class=\"min-h-[20px] flex items-start overflow-x-auto whitespace-pre-wrap break-words flex-col gap-4\"><div class=\"markdown prose w-full break-words dark:prose-invert light AIPRM__conversation__response\"><p>Offrant des technologies visuelles pour des applications critiques, le portefeuille de solutions professionnelles LED d&#8217;Unilumin propose non seulement des murs vid\u00e9o (avec un pitch de pixel allant de 0,5 mm \u00e0 1,5 mm), mais \u00e9galement des solutions assurant une s\u00e9curit\u00e9 optimale. Nos solutions couvrent l&#8217;ensemble du paysage, incluant la s\u00e9curit\u00e9 publique, les centres de contr\u00f4le et de commande d&#8217;urgence, les centres de gestion des villes intelligentes, ainsi que les salles de diffusion et de conf\u00e9rence.<\/p><\/div><\/div><\/div><\/div><\/div><\/div><\/div><\/div><\/div><\/div><\/div><\/div>\t\t\t\t\t\t<\/div>\n\t\t\t\t<\/div>\n\t\t\t\t\t<\/div>\n\t\t<\/div>\n\t\t\t\t\t<\/div>\n\t\t<\/section>\n\t\t\t\t<section class=\"elementor-section elementor-top-section elementor-element elementor-element-9e91ee3 elementor-section-content-middle elementor-section-stretched elementor-section-boxed elementor-section-height-default elementor-section-height-default\" data-id=\"9e91ee3\" data-element_type=\"section\" data-settings=\"{&quot;stretch_section&quot;:&quot;section-stretched&quot;,&quot;background_background&quot;:&quot;classic&quot;}\">\n\t\t\t\t\t\t<div class=\"elementor-container elementor-column-gap-no\">\n\t\t\t\t\t<div class=\"elementor-column elementor-col-100 elementor-top-column elementor-element elementor-element-67915c1\" data-id=\"67915c1\" data-element_type=\"column\">\n\t\t\t<div class=\"elementor-widget-wrap elementor-element-populated\">\n\t\t\t\t\t\t<div class=\"elementor-element elementor-element-de97606 elementor-widget elementor-widget-heading\" data-id=\"de97606\" data-element_type=\"widget\" data-widget_type=\"heading.default\">\n\t\t\t\t<div class=\"elementor-widget-container\">\n\t\t\t<h4 class=\"elementor-heading-title elementor-size-default\">SOLUTIONS D'AFFICHAGE\nCOMMERCIAL\n\n\n\n\n\n<\/span><\/h4>\t\t<\/div>\n\t\t\t\t<\/div>\n\t\t\t\t<div class=\"elementor-element elementor-element-6ac90cf elementor-widget elementor-widget-image\" data-id=\"6ac90cf\" data-element_type=\"widget\" data-widget_type=\"image.default\">\n\t\t\t\t<div class=\"elementor-widget-container\">\n\t\t\t\t\t\t\t\t\t\t\t\t\t<img decoding=\"async\" width=\"949\" height=\"641\" src=\"https:\/\/tthcompany.ma\/wp-content\/uploads\/2024\/11\/Capture-decran-2024-11-11-155022.jpg\" class=\"attachment-large size-large wp-image-27487\" alt=\"\" srcset=\"https:\/\/tthcompany.ma\/wp-content\/uploads\/2024\/11\/Capture-decran-2024-11-11-155022.jpg 949w, https:\/\/tthcompany.ma\/wp-content\/uploads\/2024\/11\/Capture-decran-2024-11-11-155022-300x203.jpg 300w, https:\/\/tthcompany.ma\/wp-content\/uploads\/2024\/11\/Capture-decran-2024-11-11-155022-768x519.jpg 768w, https:\/\/tthcompany.ma\/wp-content\/uploads\/2024\/11\/Capture-decran-2024-11-11-155022-600x405.jpg 600w\" sizes=\"(max-width: 949px) 100vw, 949px\" \/>\t\t\t\t\t\t\t\t\t\t\t\t\t<\/div>\n\t\t\t\t<\/div>\n\t\t\t\t<div class=\"elementor-element elementor-element-73cbb1a elementor-widget elementor-widget-text-editor\" data-id=\"73cbb1a\" data-element_type=\"widget\" data-widget_type=\"text-editor.default\">\n\t\t\t\t<div class=\"elementor-widget-container\">\n\t\t\t\t\t\t\t<p>Les solutions d&#8217;Unilumin pour l&#8217;affichage commercial en int\u00e9rieur et ext\u00e9rieur proposent l&#8217;int\u00e9gration de la planification de projet, des syst\u00e8mes de contr\u00f4le, de la conception de produits et de la construction, afin de r\u00e9aliser une solution sur-mesure et synth\u00e9tique pour les cha\u00eenes de magasins haut de gamme, l&#8217;ensemble urbain, la publicit\u00e9 ext\u00e9rieure, la d\u00e9coration architecturale, etc. La performance exceptionnelle d&#8217;Unilumin dans cette fili\u00e8re particuli\u00e8re a gagn\u00e9 la confiance et le respect des entreprises du Fortune 500, notamment Huawei, Volkswagen et Nike.<\/p>\t\t\t\t\t\t<\/div>\n\t\t\t\t<\/div>\n\t\t\t\t\t<\/div>\n\t\t<\/div>\n\t\t\t\t\t<\/div>\n\t\t<\/section>\n\t\t\t\t<section class=\"elementor-section elementor-top-section elementor-element elementor-element-1678572 elementor-section-content-middle elementor-section-stretched elementor-section-boxed elementor-section-height-default elementor-section-height-default\" data-id=\"1678572\" data-element_type=\"section\" data-settings=\"{&quot;stretch_section&quot;:&quot;section-stretched&quot;}\">\n\t\t\t\t\t\t<div class=\"elementor-container elementor-column-gap-no\">\n\t\t\t\t\t<div class=\"elementor-column elementor-col-100 elementor-top-column elementor-element elementor-element-5a3cd62\" data-id=\"5a3cd62\" data-element_type=\"column\">\n\t\t\t<div class=\"elementor-widget-wrap elementor-element-populated\">\n\t\t\t\t\t\t<div class=\"elementor-element elementor-element-6d84144 elementor-widget elementor-widget-heading\" data-id=\"6d84144\" data-element_type=\"widget\" data-widget_type=\"heading.default\">\n\t\t\t\t<div class=\"elementor-widget-container\">\n\t\t\t<h4 class=\"elementor-heading-title elementor-size-default\">SOLUTIONS DE SITE\nSPORTIF<\/h4>\t\t<\/div>\n\t\t\t\t<\/div>\n\t\t\t\t<div class=\"elementor-element elementor-element-ed3585b elementor-widget elementor-widget-image\" data-id=\"ed3585b\" data-element_type=\"widget\" data-widget_type=\"image.default\">\n\t\t\t\t<div class=\"elementor-widget-container\">\n\t\t\t\t\t\t\t\t\t\t\t\t\t<img decoding=\"async\" width=\"952\" height=\"646\" src=\"https:\/\/tthcompany.ma\/wp-content\/uploads\/2024\/11\/Capture-decran-2024-11-11-160534.jpg\" class=\"attachment-large size-large wp-image-27488\" alt=\"SOLUTIONS DE SITE SPORTIF\" srcset=\"https:\/\/tthcompany.ma\/wp-content\/uploads\/2024\/11\/Capture-decran-2024-11-11-160534.jpg 952w, https:\/\/tthcompany.ma\/wp-content\/uploads\/2024\/11\/Capture-decran-2024-11-11-160534-300x204.jpg 300w, https:\/\/tthcompany.ma\/wp-content\/uploads\/2024\/11\/Capture-decran-2024-11-11-160534-768x521.jpg 768w, https:\/\/tthcompany.ma\/wp-content\/uploads\/2024\/11\/Capture-decran-2024-11-11-160534-600x407.jpg 600w\" sizes=\"(max-width: 952px) 100vw, 952px\" \/>\t\t\t\t\t\t\t\t\t\t\t\t\t<\/div>\n\t\t\t\t<\/div>\n\t\t\t\t<div class=\"elementor-element elementor-element-03c7eb0 elementor-widget elementor-widget-text-editor\" data-id=\"03c7eb0\" data-element_type=\"widget\" data-widget_type=\"text-editor.default\">\n\t\t\t\t<div class=\"elementor-widget-container\">\n\t\t\t\t\t\t\t<div class=\"group w-full text-gray-800 dark:text-gray-100 border-b border-black\/10 dark:border-gray-900\/50 bg-gray-50 dark:bg-[#444654] sm:AIPRM__conversation__response\"><div class=\"flex p-4 gap-4 text-base md:gap-6 md:max-w-2xl lg:max-w-[38rem] xl:max-w-3xl md:py-6 lg:px-0 m-auto\"><div class=\"relative flex w-[calc(100%-50px)] flex-col gap-1 md:gap-3 lg:w-[calc(100%-115px)]\"><div class=\"flex flex-grow flex-col gap-3\"><div class=\"min-h-[20px] flex items-start overflow-x-auto whitespace-pre-wrap break-words flex-col gap-4\"><div class=\"markdown prose w-full break-words dark:prose-invert light AIPRM__conversation__response\"><div class=\"group w-full text-gray-800 dark:text-gray-100 border-b border-black\/10 dark:border-gray-900\/50 bg-gray-50 dark:bg-[#444654] sm:AIPRM__conversation__response\"><div class=\"flex p-4 gap-4 text-base md:gap-6 md:max-w-2xl lg:max-w-[38rem] xl:max-w-3xl md:py-6 lg:px-0 m-auto\"><div class=\"relative flex w-[calc(100%-50px)] flex-col gap-1 md:gap-3 lg:w-[calc(100%-115px)]\"><div class=\"flex flex-grow flex-col gap-3\"><div class=\"min-h-[20px] flex items-start overflow-x-auto whitespace-pre-wrap break-words flex-col gap-4\"><div class=\"markdown prose w-full break-words dark:prose-invert light AIPRM__conversation__response\"><p>Unilumin Sports s&#8217;engage \u00e0 fournir des solutions LED de premi\u00e8re classe pour les \u00e9v\u00e9nements internationaux dans des cat\u00e9gories telles que le baseball, le cricket, le hockey sur glace, le basketball, l&#8217;\u00e9quitation, le rugby, la course, la natation et les sports \u00e9lectroniques.<\/p><\/div><\/div><\/div><\/div><\/div><\/div><\/div><\/div><\/div><\/div><\/div><\/div>\t\t\t\t\t\t<\/div>\n\t\t\t\t<\/div>\n\t\t\t\t<div class=\"elementor-element elementor-element-770bc99 elementor-widget elementor-widget-text-editor\" data-id=\"770bc99\" data-element_type=\"widget\" data-widget_type=\"text-editor.default\">\n\t\t\t\t<div class=\"elementor-widget-container\">\n\t\t\t\t\t\t\t<div class=\"group w-full text-gray-800 dark:text-gray-100 border-b border-black\/10 dark:border-gray-900\/50 bg-gray-50 dark:bg-[#444654] sm:AIPRM__conversation__response\"><div class=\"flex p-4 gap-4 text-base md:gap-6 md:max-w-2xl lg:max-w-[38rem] xl:max-w-3xl md:py-6 lg:px-0 m-auto\"><div class=\"relative flex w-[calc(100%-50px)] flex-col gap-1 md:gap-3 lg:w-[calc(100%-115px)]\"><div class=\"flex flex-grow flex-col gap-3\"><div class=\"min-h-[20px] flex items-start overflow-x-auto whitespace-pre-wrap break-words flex-col gap-4\"><div class=\"markdown prose w-full break-words dark:prose-invert light AIPRM__conversation__response\"><div class=\"group w-full text-gray-800 dark:text-gray-100 border-b border-black\/10 dark:border-gray-900\/50 bg-gray-50 dark:bg-[#444654] sm:AIPRM__conversation__response\"><div class=\"flex p-4 gap-4 text-base md:gap-6 md:max-w-2xl lg:max-w-[38rem] xl:max-w-3xl md:py-6 lg:px-0 m-auto\"><div class=\"relative flex w-[calc(100%-50px)] flex-col gap-1 md:gap-3 lg:w-[calc(100%-115px)]\"><div class=\"flex flex-grow flex-col gap-3\"><div class=\"min-h-[20px] flex items-start overflow-x-auto whitespace-pre-wrap break-words flex-col gap-4\"><div class=\"markdown prose w-full break-words dark:prose-invert light AIPRM__conversation__response\"><p>Unilumin Sports est le partenaire et fournisseur officiel de la F\u00e9d\u00e9ration Internationale de Basketball (FIBA). Unilumin Sports propose des solutions de gestion sur-mesure pour les sites et \u00e9v\u00e9nements sportifs, qui int\u00e8grent de mani\u00e8re innovante des syst\u00e8mes audiovisuels, d&#8217;\u00e9clairage et de contr\u00f4le. Les solutions d&#8217;Unilumin Sports ont \u00e9t\u00e9 appliqu\u00e9es dans des \u00e9v\u00e9nements internationaux tels que la Coupe du Monde de la FIFA en Russie, la Coupe du Monde de Basketball FIBA en Chine, l&#8217;Universiade de Kazan et les Jeux olympiques d&#8217;hiver \u00e0 Sotchi.<\/p><\/div><\/div><\/div><\/div><\/div><\/div><\/div><\/div><\/div><\/div><\/div><\/div>\t\t\t\t\t\t<\/div>\n\t\t\t\t<\/div>\n\t\t\t\t\t<\/div>\n\t\t<\/div>\n\t\t\t\t\t<\/div>\n\t\t<\/section>\n\t\t\t\t<section class=\"elementor-section elementor-top-section elementor-element elementor-element-46fd4bf elementor-section-content-middle elementor-section-stretched elementor-section-boxed elementor-section-height-default elementor-section-height-default\" data-id=\"46fd4bf\" data-element_type=\"section\" data-settings=\"{&quot;stretch_section&quot;:&quot;section-stretched&quot;,&quot;background_background&quot;:&quot;classic&quot;}\">\n\t\t\t\t\t\t<div class=\"elementor-container elementor-column-gap-no\">\n\t\t\t\t\t<div class=\"elementor-column elementor-col-100 elementor-top-column elementor-element elementor-element-8bfd073\" data-id=\"8bfd073\" data-element_type=\"column\">\n\t\t\t<div class=\"elementor-widget-wrap elementor-element-populated\">\n\t\t\t\t\t\t<div class=\"elementor-element elementor-element-6fa3994 elementor-widget elementor-widget-heading\" data-id=\"6fa3994\" data-element_type=\"widget\" data-widget_type=\"heading.default\">\n\t\t\t\t<div class=\"elementor-widget-container\">\n\t\t\t<h4 class=\"elementor-heading-title elementor-size-default\">SOLUTIONS DE CONF\u00c9RENCE\nINTELLIGENTE\n\n\n\n\n\n<\/span><\/h4>\t\t<\/div>\n\t\t\t\t<\/div>\n\t\t\t\t<div class=\"elementor-element elementor-element-39cb2fb elementor-widget elementor-widget-image\" data-id=\"39cb2fb\" data-element_type=\"widget\" data-widget_type=\"image.default\">\n\t\t\t\t<div class=\"elementor-widget-container\">\n\t\t\t\t\t\t\t\t\t\t\t\t\t<img loading=\"lazy\" decoding=\"async\" width=\"980\" height=\"578\" src=\"https:\/\/tthcompany.ma\/wp-content\/uploads\/2024\/11\/Capture-decran-2024-11-11-161300.png\" class=\"attachment-large size-large wp-image-27489\" alt=\"SOLUTIONS DE CONF\u00c9RENCE INTELLIGENTE\" srcset=\"https:\/\/tthcompany.ma\/wp-content\/uploads\/2024\/11\/Capture-decran-2024-11-11-161300.png 980w, https:\/\/tthcompany.ma\/wp-content\/uploads\/2024\/11\/Capture-decran-2024-11-11-161300-300x177.png 300w, https:\/\/tthcompany.ma\/wp-content\/uploads\/2024\/11\/Capture-decran-2024-11-11-161300-768x453.png 768w, https:\/\/tthcompany.ma\/wp-content\/uploads\/2024\/11\/Capture-decran-2024-11-11-161300-600x354.png 600w\" sizes=\"(max-width: 980px) 100vw, 980px\" \/>\t\t\t\t\t\t\t\t\t\t\t\t\t<\/div>\n\t\t\t\t<\/div>\n\t\t\t\t<div class=\"elementor-element elementor-element-afcbb9f elementor-widget elementor-widget-text-editor\" data-id=\"afcbb9f\" data-element_type=\"widget\" data-widget_type=\"text-editor.default\">\n\t\t\t\t<div class=\"elementor-widget-container\">\n\t\t\t\t\t\t\t<p>La gamme d&#8217;\u00e9crans de conf\u00e9rence intelligente d&#8217;Unilumin comprend des solutions tout-en-un, avec des \u00e9crans LED de conf\u00e9rence et des \u00e9crans LCD tactiles de 55 \u00e0 98 pouces. Gr\u00e2ce \u00e0 l&#8217;int\u00e9gration d&#8217;un syst\u00e8me de contr\u00f4le et de s\u00e9curit\u00e9 pour les conf\u00e9rences, cette gamme s&#8217;adapte aux solutions d&#8217;\u00e9crans LED et LCD pour tous types de r\u00e9unions.<\/p>\t\t\t\t\t\t<\/div>\n\t\t\t\t<\/div>\n\t\t\t\t\t<\/div>\n\t\t<\/div>\n\t\t\t\t\t<\/div>\n\t\t<\/section>\n\t\t\t\t<section class=\"elementor-section elementor-top-section elementor-element elementor-element-ee8ec85 elementor-section-content-middle elementor-section-stretched elementor-section-boxed elementor-section-height-default elementor-section-height-default\" data-id=\"ee8ec85\" data-element_type=\"section\" data-settings=\"{&quot;stretch_section&quot;:&quot;section-stretched&quot;}\">\n\t\t\t\t\t\t<div class=\"elementor-container elementor-column-gap-no\">\n\t\t\t\t\t<div class=\"elementor-column elementor-col-100 elementor-top-column elementor-element elementor-element-141c50d\" data-id=\"141c50d\" data-element_type=\"column\">\n\t\t\t<div class=\"elementor-widget-wrap elementor-element-populated\">\n\t\t\t\t\t\t<div class=\"elementor-element elementor-element-27bd5fb elementor-widget elementor-widget-heading\" data-id=\"27bd5fb\" data-element_type=\"widget\" data-widget_type=\"heading.default\">\n\t\t\t\t<div class=\"elementor-widget-container\">\n\t\t\t<h4 class=\"elementor-heading-title elementor-size-default\">SOLUTIONS DE LOCATION<\/h4>\t\t<\/div>\n\t\t\t\t<\/div>\n\t\t\t\t<div class=\"elementor-element elementor-element-f868319 elementor-widget elementor-widget-image\" data-id=\"f868319\" data-element_type=\"widget\" data-widget_type=\"image.default\">\n\t\t\t\t<div class=\"elementor-widget-container\">\n\t\t\t\t\t\t\t\t\t\t\t\t\t<img loading=\"lazy\" decoding=\"async\" width=\"947\" height=\"649\" src=\"https:\/\/tthcompany.ma\/wp-content\/uploads\/2024\/11\/Capture-decran-2024-11-11-161736.jpg\" class=\"attachment-large size-large wp-image-27490\" alt=\"\" srcset=\"https:\/\/tthcompany.ma\/wp-content\/uploads\/2024\/11\/Capture-decran-2024-11-11-161736.jpg 947w, https:\/\/tthcompany.ma\/wp-content\/uploads\/2024\/11\/Capture-decran-2024-11-11-161736-300x206.jpg 300w, https:\/\/tthcompany.ma\/wp-content\/uploads\/2024\/11\/Capture-decran-2024-11-11-161736-768x526.jpg 768w, https:\/\/tthcompany.ma\/wp-content\/uploads\/2024\/11\/Capture-decran-2024-11-11-161736-600x411.jpg 600w\" sizes=\"(max-width: 947px) 100vw, 947px\" \/>\t\t\t\t\t\t\t\t\t\t\t\t\t<\/div>\n\t\t\t\t<\/div>\n\t\t\t\t<div class=\"elementor-element elementor-element-ef90c55 elementor-widget elementor-widget-text-editor\" data-id=\"ef90c55\" data-element_type=\"widget\" data-widget_type=\"text-editor.default\">\n\t\t\t\t<div class=\"elementor-widget-container\">\n\t\t\t\t\t\t\t<div class=\"group w-full text-gray-800 dark:text-gray-100 border-b border-black\/10 dark:border-gray-900\/50 bg-gray-50 dark:bg-[#444654] sm:AIPRM__conversation__response\"><div class=\"flex p-4 gap-4 text-base md:gap-6 md:max-w-2xl lg:max-w-[38rem] xl:max-w-3xl md:py-6 lg:px-0 m-auto\"><div class=\"relative flex w-[calc(100%-50px)] flex-col gap-1 md:gap-3 lg:w-[calc(100%-115px)]\"><div class=\"flex flex-grow flex-col gap-3\"><div class=\"min-h-[20px] flex items-start overflow-x-auto whitespace-pre-wrap break-words flex-col gap-4\"><div class=\"markdown prose w-full break-words dark:prose-invert light AIPRM__conversation__response\"><div class=\"group w-full text-gray-800 dark:text-gray-100 border-b border-black\/10 dark:border-gray-900\/50 bg-gray-50 dark:bg-[#444654] sm:AIPRM__conversation__response\"><div class=\"flex p-4 gap-4 text-base md:gap-6 md:max-w-2xl lg:max-w-[38rem] xl:max-w-3xl md:py-6 lg:px-0 m-auto\"><div class=\"relative flex w-[calc(100%-50px)] flex-col gap-1 md:gap-3 lg:w-[calc(100%-115px)]\"><div class=\"flex flex-grow flex-col gap-3\"><div class=\"min-h-[20px] flex items-start overflow-x-auto whitespace-pre-wrap break-words flex-col gap-4\"><div class=\"markdown prose w-full break-words dark:prose-invert light AIPRM__conversation__response\"><p>Les \u00e9crans LED de location d&#8217;Unilumin \u00e9blouissent votre audience par une performance visuelle impressionnante et captivante. Unilumin propose les meilleurs \u00e9crans LED de location pour des retransmissions en direct exceptionnelles, des conf\u00e9rences, des expositions, et des lieux de culte, offrant une facilit\u00e9 d&#8217;utilisation, une grande durabilit\u00e9, et une excellence visuelle pour tous types de spectacles.<\/p><\/div><\/div><\/div><\/div><\/div><\/div><\/div><\/div><\/div><\/div><\/div><\/div>\t\t\t\t\t\t<\/div>\n\t\t\t\t<\/div>\n\t\t\t\t\t<\/div>\n\t\t<\/div>\n\t\t\t\t\t<\/div>\n\t\t<\/section>\n\t\t\t\t<\/div>\n\t\t","protected":false},"excerpt":{"rendered":"<p>SOLUTIONS D&#8217;AFFICHAGE PROFESSIONNEL Offrant des technologies visuelles pour des applications critiques, le portefeuille de solutions professionnelles LED d&#8217;Unilumin propose non seulement des murs vid\u00e9o (avec un pitch de pixel allant de 0,5 mm \u00e0 1,5 mm), mais \u00e9galement des solutions assurant une s\u00e9curit\u00e9 optimale. Nos solutions couvrent l&#8217;ensemble du paysage, incluant la s\u00e9curit\u00e9 publique, les [&hellip;]<\/p>\n","protected":false},"author":113,"featured_media":0,"parent":0,"menu_order":0,"comment_status":"closed","ping_status":"closed","template":"","meta":{"om_disable_all_campaigns":false,"_monsterinsights_skip_tracking":false,"_monsterinsights_sitenote_active":false,"_monsterinsights_sitenote_note":"","_monsterinsights_sitenote_category":0,"footnotes":""},"class_list":["post-27477","page","type-page","status-publish","hentry"],"aioseo_notices":[],"_links":{"self":[{"href":"https:\/\/tthcompany.ma\/index.php\/wp-json\/wp\/v2\/pages\/27477","targetHints":{"allow":["GET"]}}],"collection":[{"href":"https:\/\/tthcompany.ma\/index.php\/wp-json\/wp\/v2\/pages"}],"about":[{"href":"https:\/\/tthcompany.ma\/index.php\/wp-json\/wp\/v2\/types\/page"}],"author":[{"embeddable":true,"href":"https:\/\/tthcompany.ma\/index.php\/wp-json\/wp\/v2\/users\/113"}],"replies":[{"embeddable":true,"href":"https:\/\/tthcompany.ma\/index.php\/wp-json\/wp\/v2\/comments?post=27477"}],"version-history":[{"count":7,"href":"https:\/\/tthcompany.ma\/index.php\/wp-json\/wp\/v2\/pages\/27477\/revisions"}],"predecessor-version":[{"id":27493,"href":"https:\/\/tthcompany.ma\/index.php\/wp-json\/wp\/v2\/pages\/27477\/revisions\/27493"}],"wp:attachment":[{"href":"https:\/\/tthcompany.ma\/index.php\/wp-json\/wp\/v2\/media?parent=27477"}],"curies":[{"name":"wp","href":"https:\/\/api.w.org\/{rel}","templated":true}]}}