{"id":25191,"date":"2023-08-02T10:19:57","date_gmt":"2023-08-02T10:19:57","guid":{"rendered":"https:\/\/tthcompany.ma\/?page_id=25191"},"modified":"2023-08-02T10:54:31","modified_gmt":"2023-08-02T10:54:31","slug":"entree-sortie-pour-les-vehicules","status":"publish","type":"page","link":"https:\/\/tthcompany.ma\/index.php\/entree-sortie-pour-les-vehicules\/","title":{"rendered":"Entr\u00e9e \/ Sortie pour les V\u00e9hicules"},"content":{"rendered":"\t\t<div data-elementor-type=\"wp-page\" data-elementor-id=\"25191\" class=\"elementor elementor-25191\" data-elementor-post-type=\"page\">\n\t\t\t\t\t\t<section class=\"elementor-section elementor-top-section elementor-element elementor-element-7cdfc9e elementor-section-boxed elementor-section-height-default elementor-section-height-default\" data-id=\"7cdfc9e\" data-element_type=\"section\">\n\t\t\t\t\t\t<div class=\"elementor-container elementor-column-gap-default\">\n\t\t\t\t\t<div class=\"elementor-column elementor-col-100 elementor-top-column elementor-element elementor-element-1a1a2db\" data-id=\"1a1a2db\" data-element_type=\"column\">\n\t\t\t<div class=\"elementor-widget-wrap elementor-element-populated\">\n\t\t\t\t\t\t<div class=\"elementor-element elementor-element-db6b5e1 elementor-widget elementor-widget-heading\" data-id=\"db6b5e1\" data-element_type=\"widget\" data-widget_type=\"heading.default\">\n\t\t\t\t<div class=\"elementor-widget-container\">\n\t\t\t<style>\/*! elementor - v3.21.0 - 24-04-2024 *\/\n.elementor-heading-title{padding:0;margin:0;line-height:1}.elementor-widget-heading .elementor-heading-title[class*=elementor-size-]>a{color:inherit;font-size:inherit;line-height:inherit}.elementor-widget-heading .elementor-heading-title.elementor-size-small{font-size:15px}.elementor-widget-heading .elementor-heading-title.elementor-size-medium{font-size:19px}.elementor-widget-heading .elementor-heading-title.elementor-size-large{font-size:29px}.elementor-widget-heading .elementor-heading-title.elementor-size-xl{font-size:39px}.elementor-widget-heading .elementor-heading-title.elementor-size-xxl{font-size:59px}<\/style><h2 class=\"elementor-heading-title elementor-size-default\">D\u00e9fis du sc\u00e9nario\n\n\n\n\n\n\n\n\n\n<\/h2>\t\t<\/div>\n\t\t\t\t<\/div>\n\t\t\t\t<section class=\"elementor-section elementor-inner-section elementor-element elementor-element-9a757b5 elementor-section-boxed elementor-section-height-default elementor-section-height-default\" data-id=\"9a757b5\" data-element_type=\"section\">\n\t\t\t\t\t\t<div class=\"elementor-container elementor-column-gap-default\">\n\t\t\t\t\t<div class=\"elementor-column elementor-col-33 elementor-inner-column elementor-element elementor-element-c3edca6\" data-id=\"c3edca6\" data-element_type=\"column\" data-settings=\"{&quot;background_background&quot;:&quot;classic&quot;}\">\n\t\t\t<div class=\"elementor-widget-wrap elementor-element-populated\">\n\t\t\t\t\t\t<div class=\"elementor-element elementor-element-faebb33 elementor-widget elementor-widget-image\" data-id=\"faebb33\" data-element_type=\"widget\" data-widget_type=\"image.default\">\n\t\t\t\t<div class=\"elementor-widget-container\">\n\t\t\t<style>\/*! elementor - v3.21.0 - 24-04-2024 *\/\n.elementor-widget-image{text-align:center}.elementor-widget-image a{display:inline-block}.elementor-widget-image a img[src$=\".svg\"]{width:48px}.elementor-widget-image img{vertical-align:middle;display:inline-block}<\/style>\t\t\t\t\t\t\t\t\t\t<img decoding=\"async\" width=\"72\" height=\"72\" src=\"https:\/\/tthcompany.ma\/wp-content\/uploads\/2023\/08\/vehicle-entrance02.png\" class=\"attachment-large size-large wp-image-25195\" alt=\"\" srcset=\"https:\/\/tthcompany.ma\/wp-content\/uploads\/2023\/08\/vehicle-entrance02.png 72w, https:\/\/tthcompany.ma\/wp-content\/uploads\/2023\/08\/vehicle-entrance02-46x46.png 46w\" sizes=\"(max-width: 72px) 100vw, 72px\" \/>\t\t\t\t\t\t\t\t\t\t\t\t\t<\/div>\n\t\t\t\t<\/div>\n\t\t\t\t<div class=\"elementor-element elementor-element-fe1bb73 elementor-widget elementor-widget-heading\" data-id=\"fe1bb73\" data-element_type=\"widget\" data-widget_type=\"heading.default\">\n\t\t\t\t<div class=\"elementor-widget-container\">\n\t\t\t<h6 class=\"elementor-heading-title elementor-size-default\">Des personnes non autoris\u00e9es escaladant la cl\u00f4ture\n\n\n<\/h6>\t\t<\/div>\n\t\t\t\t<\/div>\n\t\t\t\t\t<\/div>\n\t\t<\/div>\n\t\t\t\t<div class=\"elementor-column elementor-col-33 elementor-inner-column elementor-element elementor-element-63f64bc\" data-id=\"63f64bc\" data-element_type=\"column\" data-settings=\"{&quot;background_background&quot;:&quot;classic&quot;}\">\n\t\t\t<div class=\"elementor-widget-wrap elementor-element-populated\">\n\t\t\t\t\t\t<div class=\"elementor-element elementor-element-008f9f5 elementor-widget elementor-widget-image\" data-id=\"008f9f5\" data-element_type=\"widget\" data-widget_type=\"image.default\">\n\t\t\t\t<div class=\"elementor-widget-container\">\n\t\t\t\t\t\t\t\t\t\t\t\t\t<img decoding=\"async\" width=\"72\" height=\"72\" src=\"https:\/\/tthcompany.ma\/wp-content\/uploads\/2023\/08\/vehicle-entrance03.png\" class=\"attachment-large size-large wp-image-25196\" alt=\"\" srcset=\"https:\/\/tthcompany.ma\/wp-content\/uploads\/2023\/08\/vehicle-entrance03.png 72w, https:\/\/tthcompany.ma\/wp-content\/uploads\/2023\/08\/vehicle-entrance03-46x46.png 46w\" sizes=\"(max-width: 72px) 100vw, 72px\" \/>\t\t\t\t\t\t\t\t\t\t\t\t\t<\/div>\n\t\t\t\t<\/div>\n\t\t\t\t<div class=\"elementor-element elementor-element-b584627 elementor-widget elementor-widget-heading\" data-id=\"b584627\" data-element_type=\"widget\" data-widget_type=\"heading.default\">\n\t\t\t\t<div class=\"elementor-widget-container\">\n\t\t\t<h6 class=\"elementor-heading-title elementor-size-default\">Trop d'alarmes inutiles\n\n\n\n<\/h6>\t\t<\/div>\n\t\t\t\t<\/div>\n\t\t\t\t\t<\/div>\n\t\t<\/div>\n\t\t\t\t<div class=\"elementor-column elementor-col-33 elementor-inner-column elementor-element elementor-element-7a1d630\" data-id=\"7a1d630\" data-element_type=\"column\">\n\t\t\t<div class=\"elementor-widget-wrap\">\n\t\t\t\t\t\t\t<\/div>\n\t\t<\/div>\n\t\t\t\t\t<\/div>\n\t\t<\/section>\n\t\t\t\t\t<\/div>\n\t\t<\/div>\n\t\t\t\t\t<\/div>\n\t\t<\/section>\n\t\t\t\t<section class=\"elementor-section elementor-top-section elementor-element elementor-element-cdb1471 elementor-section-stretched elementor-section-boxed elementor-section-height-default elementor-section-height-default\" data-id=\"cdb1471\" data-element_type=\"section\" data-settings=\"{&quot;stretch_section&quot;:&quot;section-stretched&quot;,&quot;background_background&quot;:&quot;classic&quot;}\">\n\t\t\t\t\t\t<div class=\"elementor-container elementor-column-gap-default\">\n\t\t\t\t\t<div class=\"elementor-column elementor-col-100 elementor-top-column elementor-element elementor-element-8926ad2\" data-id=\"8926ad2\" data-element_type=\"column\">\n\t\t\t<div class=\"elementor-widget-wrap elementor-element-populated\">\n\t\t\t\t\t\t<div class=\"elementor-element elementor-element-3daf293 elementor-widget elementor-widget-heading\" data-id=\"3daf293\" data-element_type=\"widget\" data-widget_type=\"heading.default\">\n\t\t\t\t<div class=\"elementor-widget-container\">\n\t\t\t<h2 class=\"elementor-heading-title elementor-size-default\">Valeurs de la solution\n\n\n\n\n\n\n\n\n<\/h2>\t\t<\/div>\n\t\t\t\t<\/div>\n\t\t\t\t<section class=\"elementor-section elementor-inner-section elementor-element elementor-element-2935a78 elementor-section-boxed elementor-section-height-default elementor-section-height-default\" data-id=\"2935a78\" data-element_type=\"section\">\n\t\t\t\t\t\t<div class=\"elementor-container elementor-column-gap-default\">\n\t\t\t\t\t<div class=\"elementor-column elementor-col-50 elementor-inner-column elementor-element elementor-element-03bce81\" data-id=\"03bce81\" data-element_type=\"column\">\n\t\t\t<div class=\"elementor-widget-wrap elementor-element-populated\">\n\t\t\t\t\t\t<div class=\"elementor-element elementor-element-10b83ad elementor-widget elementor-widget-video\" data-id=\"10b83ad\" data-element_type=\"widget\" data-settings=\"{&quot;video_type&quot;:&quot;hosted&quot;,&quot;controls&quot;:&quot;yes&quot;}\" data-widget_type=\"video.default\">\n\t\t\t\t<div class=\"elementor-widget-container\">\n\t\t\t<style>\/*! elementor - v3.21.0 - 24-04-2024 *\/\n.elementor-widget-video .elementor-widget-container{overflow:hidden;transform:translateZ(0)}.elementor-widget-video .elementor-wrapper{aspect-ratio:var(--video-aspect-ratio)}.elementor-widget-video .elementor-wrapper iframe,.elementor-widget-video .elementor-wrapper video{height:100%;width:100%;display:flex;border:none;background-color:#000}@supports not (aspect-ratio:1\/1){.elementor-widget-video .elementor-wrapper{position:relative;overflow:hidden;height:0;padding-bottom:calc(100% \/ var(--video-aspect-ratio))}.elementor-widget-video .elementor-wrapper iframe,.elementor-widget-video .elementor-wrapper video{position:absolute;top:0;right:0;bottom:0;left:0}}.elementor-widget-video .elementor-open-inline .elementor-custom-embed-image-overlay{position:absolute;top:0;right:0;bottom:0;left:0;background-size:cover;background-position:50%}.elementor-widget-video .elementor-custom-embed-image-overlay{cursor:pointer;text-align:center}.elementor-widget-video .elementor-custom-embed-image-overlay:hover .elementor-custom-embed-play i{opacity:1}.elementor-widget-video .elementor-custom-embed-image-overlay img{display:block;width:100%;aspect-ratio:var(--video-aspect-ratio);-o-object-fit:cover;object-fit:cover;-o-object-position:center center;object-position:center center}@supports not (aspect-ratio:1\/1){.elementor-widget-video .elementor-custom-embed-image-overlay{position:relative;overflow:hidden;height:0;padding-bottom:calc(100% \/ var(--video-aspect-ratio))}.elementor-widget-video .elementor-custom-embed-image-overlay img{position:absolute;top:0;right:0;bottom:0;left:0}}.elementor-widget-video .e-hosted-video .elementor-video{-o-object-fit:cover;object-fit:cover}.e-con-inner>.elementor-widget-video,.e-con>.elementor-widget-video{width:var(--container-widget-width);--flex-grow:var(--container-widget-flex-grow)}<\/style>\t\t<div class=\"e-hosted-video elementor-wrapper elementor-open-inline\">\n\t\t\t\t\t<video class=\"elementor-video\" src=\"https:\/\/material.dahuasecurity.com\/uploads\/soft\/20230619\/Vehicle-Entrance--Exit.mp4\" controls=\"\" preload=\"metadata\" controlsList=\"nodownload\"><\/video>\n\t\t\t\t<\/div>\n\t\t\t\t<\/div>\n\t\t\t\t<\/div>\n\t\t\t\t\t<\/div>\n\t\t<\/div>\n\t\t\t\t<div class=\"elementor-column elementor-col-50 elementor-inner-column elementor-element elementor-element-deb93ac\" data-id=\"deb93ac\" data-element_type=\"column\">\n\t\t\t<div class=\"elementor-widget-wrap elementor-element-populated\">\n\t\t\t\t\t\t<div class=\"elementor-element elementor-element-0d75b7e elementor-icon-list--layout-traditional elementor-list-item-link-full_width elementor-widget elementor-widget-icon-list\" data-id=\"0d75b7e\" data-element_type=\"widget\" data-widget_type=\"icon-list.default\">\n\t\t\t\t<div class=\"elementor-widget-container\">\n\t\t\t<link rel=\"stylesheet\" href=\"https:\/\/tthcompany.ma\/wp-content\/plugins\/elementor\/assets\/css\/widget-icon-list.min.css\">\t\t<ul class=\"elementor-icon-list-items\">\n\t\t\t\t\t\t\t<li class=\"elementor-icon-list-item\">\n\t\t\t\t\t\t\t\t\t\t\t<span class=\"elementor-icon-list-icon\">\n\t\t\t\t\t\t\t<i aria-hidden=\"true\" class=\"fas fa-check-circle\"><\/i>\t\t\t\t\t\t<\/span>\n\t\t\t\t\t\t\t\t\t\t<span class=\"elementor-icon-list-text\">Am\u00e9liore l'efficacit\u00e9 du passage<\/span>\n\t\t\t\t\t\t\t\t\t<\/li>\n\t\t\t\t\t\t<\/ul>\n\t\t\t\t<\/div>\n\t\t\t\t<\/div>\n\t\t\t\t<div class=\"elementor-element elementor-element-ee60cd7 elementor-icon-list--layout-traditional elementor-list-item-link-full_width elementor-widget elementor-widget-icon-list\" data-id=\"ee60cd7\" data-element_type=\"widget\" data-widget_type=\"icon-list.default\">\n\t\t\t\t<div class=\"elementor-widget-container\">\n\t\t\t\t\t<ul class=\"elementor-icon-list-items\">\n\t\t\t\t\t\t\t<li class=\"elementor-icon-list-item\">\n\t\t\t\t\t\t\t\t\t\t\t<span class=\"elementor-icon-list-icon\">\n\t\t\t\t\t\t\t<i aria-hidden=\"true\" class=\"fas fa-check-circle\"><\/i>\t\t\t\t\t\t<\/span>\n\t\t\t\t\t\t\t\t\t\t<span class=\"elementor-icon-list-text\">Am\u00e9liore l'efficacit\u00e9 de la gestion des v\u00e9hicules<\/span>\n\t\t\t\t\t\t\t\t\t<\/li>\n\t\t\t\t\t\t<\/ul>\n\t\t\t\t<\/div>\n\t\t\t\t<\/div>\n\t\t\t\t<div class=\"elementor-element elementor-element-2f8f25f elementor-icon-list--layout-traditional elementor-list-item-link-full_width elementor-widget elementor-widget-icon-list\" data-id=\"2f8f25f\" data-element_type=\"widget\" data-widget_type=\"icon-list.default\">\n\t\t\t\t<div class=\"elementor-widget-container\">\n\t\t\t\t\t<ul class=\"elementor-icon-list-items\">\n\t\t\t\t\t\t\t<li class=\"elementor-icon-list-item\">\n\t\t\t\t\t\t\t\t\t\t\t<span class=\"elementor-icon-list-icon\">\n\t\t\t\t\t\t\t<i aria-hidden=\"true\" class=\"fas fa-check-circle\"><\/i>\t\t\t\t\t\t<\/span>\n\t\t\t\t\t\t\t\t\t\t<span class=\"elementor-icon-list-text\">Int\u00e9gration facile avec des barri\u00e8res tierces<\/span>\n\t\t\t\t\t\t\t\t\t<\/li>\n\t\t\t\t\t\t<\/ul>\n\t\t\t\t<\/div>\n\t\t\t\t<\/div>\n\t\t\t\t\t<\/div>\n\t\t<\/div>\n\t\t\t\t\t<\/div>\n\t\t<\/section>\n\t\t\t\t\t<\/div>\n\t\t<\/div>\n\t\t\t\t\t<\/div>\n\t\t<\/section>\n\t\t\t\t<section class=\"elementor-section elementor-top-section elementor-element elementor-element-d3044a5 elementor-section-boxed elementor-section-height-default elementor-section-height-default\" data-id=\"d3044a5\" data-element_type=\"section\">\n\t\t\t\t\t\t<div class=\"elementor-container elementor-column-gap-default\">\n\t\t\t\t\t<div class=\"elementor-column elementor-col-100 elementor-top-column elementor-element elementor-element-eb0487c\" data-id=\"eb0487c\" data-element_type=\"column\">\n\t\t\t<div class=\"elementor-widget-wrap elementor-element-populated\">\n\t\t\t\t\t\t<div class=\"elementor-element elementor-element-c5e4a9c elementor-widget elementor-widget-heading\" data-id=\"c5e4a9c\" data-element_type=\"widget\" data-widget_type=\"heading.default\">\n\t\t\t\t<div class=\"elementor-widget-container\">\n\t\t\t<h2 class=\"elementor-heading-title elementor-size-default\">\nProduits recommand\u00e9s\n<\/h2>\t\t<\/div>\n\t\t\t\t<\/div>\n\t\t\t\t<div class=\"elementor-element elementor-element-c7596e8 elementor-widget elementor-widget-ts-products\" data-id=\"c7596e8\" data-element_type=\"widget\" data-widget_type=\"ts-products.default\">\n\t\t\t\t<div class=\"elementor-widget-container\">\n\t\t\t\t\t<div class=\"ts-product-wrapper ts-shortcode ts-product woocommerce columns-4 recent\" >\n\t\t\n\t\t\t\t\t\t\n\t\t\t\t\t\t\n\t\t\t\t<div class=\"content-wrapper \">\n\t\t\t\t\t<div class=\"products\"><section class=\"product add-to-wishlist-after_add_to_cart type-product post-25198 status-publish first instock product_cat-videophone product_tag-dahua product_tag-dahua-agadir product_tag-dahua-casabalannca product_tag-dahua-fes product_tag-dahua-hoceima product_tag-dahua-maroc product_tag-dahua-tetouan product_tag-videophone has-post-thumbnail shipping-taxable purchasable product-type-simple\" data-product_id=\"25198\">\n\t<div class=\"product-wrapper\">\n\t\t\t\n\t\t<div class=\"thumbnail-wrapper\">\n\t\t\t<a href=\"https:\/\/tthcompany.ma\/index.php\/product\/vto3311q-wp\/\">\n\n\t\t\t\t<figure class=\"no-back-image\"><img fetchpriority=\"high\" decoding=\"async\" src=\"https:\/\/tthcompany.ma\/wp-content\/themes\/gostore\/images\/prod_loading.gif\" data-src=\"https:\/\/tthcompany.ma\/wp-content\/uploads\/2023\/08\/vt5_thumb-min.png\" class=\"attachment-shop_catalog wp-post-image ts-lazy-load\" alt=\"VTO3311Q-WP\" width=\"450\" height=\"450\" \/><\/figure>\n\t\t\t<\/a>\n\t\t\t\t\t<div class=\"product-label\">\n\t\t<\/div>\n\t<div class=\"product-group-button\"><div class=\"button-in compare\"><a class=\"compare\" href=\"https:\/\/tthcompany.ma?action=yith-woocompare-add-product&id=25198\" data-product_id=\"25198\"><span class=\"ts-tooltip button-tooltip\">Comparer<\/span><\/a><\/div><div class=\"button-in wishlist\">\n<div\n\tclass=\"yith-wcwl-add-to-wishlist add-to-wishlist-25198 yith-wcwl-add-to-wishlist--link-style wishlist-fragment on-first-load\"\n\tdata-fragment-ref=\"25198\"\n\tdata-fragment-options=\"{&quot;base_url&quot;:&quot;&quot;,&quot;product_id&quot;:25198,&quot;parent_product_id&quot;:0,&quot;product_type&quot;:&quot;simple&quot;,&quot;is_single&quot;:false,&quot;in_default_wishlist&quot;:false,&quot;show_view&quot;:false,&quot;browse_wishlist_text&quot;:&quot;Parcourir la liste de souhaits&quot;,&quot;already_in_wishslist_text&quot;:&quot;Le produit est d\\u00e9j\\u00e0 dans votre liste de souhaits!&quot;,&quot;product_added_text&quot;:&quot;Produit ajout\\u00e9!&quot;,&quot;available_multi_wishlist&quot;:false,&quot;disable_wishlist&quot;:false,&quot;show_count&quot;:false,&quot;ajax_loading&quot;:false,&quot;loop_position&quot;:&quot;after_add_to_cart&quot;,&quot;item&quot;:&quot;add_to_wishlist&quot;}\"\n>\n\t\t\t\n\t\t\t<!-- ADD TO WISHLIST -->\n\t\t\t\n<div class=\"yith-wcwl-add-button\">\n\t\t<a\n\t\thref=\"?add_to_wishlist=25198&#038;_wpnonce=77480da25c\"\n\t\tclass=\"add_to_wishlist single_add_to_wishlist\"\n\t\tdata-product-id=\"25198\"\n\t\tdata-product-type=\"simple\"\n\t\tdata-original-product-id=\"0\"\n\t\tdata-title=\"&lt;span class=&quot;ts-tooltip button-tooltip&quot;&gt;Souhaits&lt;\/span&gt;\"\n\t\trel=\"nofollow\"\n\t>\n\t\t<svg id=\"yith-wcwl-icon-heart-outline\" class=\"yith-wcwl-icon-svg\" fill=\"none\" stroke-width=\"1.5\" stroke=\"currentColor\" viewBox=\"0 0 24 24\" xmlns=\"http:\/\/www.w3.org\/2000\/svg\">\n  <path stroke-linecap=\"round\" stroke-linejoin=\"round\" d=\"M21 8.25c0-2.485-2.099-4.5-4.688-4.5-1.935 0-3.597 1.126-4.312 2.733-.715-1.607-2.377-2.733-4.313-2.733C5.1 3.75 3 5.765 3 8.25c0 7.22 9 12 9 12s9-4.78 9-12Z\"><\/path>\n<\/svg>\t\t<span><span class=\"ts-tooltip button-tooltip\">Souhaits<\/span><\/span>\n\t<\/a>\n<\/div>\n\n\t\t\t<!-- COUNT TEXT -->\n\t\t\t\n\t\t\t<\/div>\n<\/div><\/div>\t\t\t\n\t\t<\/div>\n\t\t<div class=\"meta-wrapper\">\n\t\t\t<h3 class=\"heading-title product-name\"><a href=\"https:\/\/tthcompany.ma\/index.php\/product\/vto3311q-wp\/\">DHI-VTO3311Q-WP<\/a><\/h3><a href=\"https:\/\/tthcompany.ma?action=yith-woocompare-add-product&id=25198\" class=\"compare button\" data-product_id=\"25198\" rel=\"nofollow\"><span class=\"ts-tooltip button-tooltip\">Comparer<\/span><\/a><div class=\"product-group-price-button-meta-wrapper\"><div class=\"product-group-price-button-meta\">\n<div class=\"product-group-button-meta\"><div class=\"loop-add-to-cart\"><a href=\"?add-to-cart=25198\" data-quantity=\"1\" class=\"button product_type_simple add_to_cart_button ajax_add_to_cart\" data-product_id=\"25198\" data-product_sku=\"\" aria-label=\"Add to cart: &ldquo;DHI-VTO3311Q-WP&rdquo;\" rel=\"nofollow\"><span class=\"ts-tooltip button-tooltip\">Add to cart<\/span><\/a><\/div><div class=\"button-in quickshop\"><a class=\"quickshop\" href=\"#\" data-product_id=\"25198\"><span class=\"ts-tooltip button-tooltip\">Quick view<\/span><\/a><\/div><\/div><\/div><\/div>\t\t<\/div>\n\t<\/div>\n<\/section><section class=\"product add-to-wishlist-after_add_to_cart type-product post-23732 status-publish instock product_cat-uncategorized product_tag-onstuck has-post-thumbnail shipping-taxable purchasable product-type-simple\" data-product_id=\"23732\">\n\t<div class=\"product-wrapper\">\n\t\t\t\n\t\t<div class=\"thumbnail-wrapper\">\n\t\t\t<a href=\"https:\/\/tthcompany.ma\/index.php\/product\/itc413-pw4d-series\/\">\n\n\t\t\t\t<figure class=\"no-back-image\"><img loading=\"lazy\" decoding=\"async\" src=\"https:\/\/tthcompany.ma\/wp-content\/themes\/gostore\/images\/prod_loading.gif\" data-src=\"https:\/\/tthcompany.ma\/wp-content\/uploads\/2023\/06\/ITC413-PW4D-Series_1_thumb.png\" class=\"attachment-shop_catalog wp-post-image ts-lazy-load\" alt=\"ITC413-PW4D Series\" width=\"450\" height=\"450\" \/><\/figure>\n\t\t\t<\/a>\n\t\t\t\t\t<div class=\"product-label\">\n\t\t<\/div>\n\t<div class=\"product-group-button\"><div class=\"button-in compare\"><a class=\"compare\" href=\"https:\/\/tthcompany.ma?action=yith-woocompare-add-product&id=23732\" data-product_id=\"23732\"><span class=\"ts-tooltip button-tooltip\">Comparer<\/span><\/a><\/div><div class=\"button-in wishlist\">\n<div\n\tclass=\"yith-wcwl-add-to-wishlist add-to-wishlist-23732 yith-wcwl-add-to-wishlist--link-style wishlist-fragment on-first-load\"\n\tdata-fragment-ref=\"23732\"\n\tdata-fragment-options=\"{&quot;base_url&quot;:&quot;&quot;,&quot;product_id&quot;:23732,&quot;parent_product_id&quot;:0,&quot;product_type&quot;:&quot;simple&quot;,&quot;is_single&quot;:false,&quot;in_default_wishlist&quot;:false,&quot;show_view&quot;:false,&quot;browse_wishlist_text&quot;:&quot;Parcourir la liste de souhaits&quot;,&quot;already_in_wishslist_text&quot;:&quot;Le produit est d\\u00e9j\\u00e0 dans votre liste de souhaits!&quot;,&quot;product_added_text&quot;:&quot;Produit ajout\\u00e9!&quot;,&quot;available_multi_wishlist&quot;:false,&quot;disable_wishlist&quot;:false,&quot;show_count&quot;:false,&quot;ajax_loading&quot;:false,&quot;loop_position&quot;:&quot;after_add_to_cart&quot;,&quot;item&quot;:&quot;add_to_wishlist&quot;}\"\n>\n\t\t\t\n\t\t\t<!-- ADD TO WISHLIST -->\n\t\t\t\n<div class=\"yith-wcwl-add-button\">\n\t\t<a\n\t\thref=\"?add_to_wishlist=23732&#038;_wpnonce=77480da25c\"\n\t\tclass=\"add_to_wishlist single_add_to_wishlist\"\n\t\tdata-product-id=\"23732\"\n\t\tdata-product-type=\"simple\"\n\t\tdata-original-product-id=\"0\"\n\t\tdata-title=\"&lt;span class=&quot;ts-tooltip button-tooltip&quot;&gt;Souhaits&lt;\/span&gt;\"\n\t\trel=\"nofollow\"\n\t>\n\t\t<svg id=\"yith-wcwl-icon-heart-outline\" class=\"yith-wcwl-icon-svg\" fill=\"none\" stroke-width=\"1.5\" stroke=\"currentColor\" viewBox=\"0 0 24 24\" xmlns=\"http:\/\/www.w3.org\/2000\/svg\">\n  <path stroke-linecap=\"round\" stroke-linejoin=\"round\" d=\"M21 8.25c0-2.485-2.099-4.5-4.688-4.5-1.935 0-3.597 1.126-4.312 2.733-.715-1.607-2.377-2.733-4.313-2.733C5.1 3.75 3 5.765 3 8.25c0 7.22 9 12 9 12s9-4.78 9-12Z\"><\/path>\n<\/svg>\t\t<span><span class=\"ts-tooltip button-tooltip\">Souhaits<\/span><\/span>\n\t<\/a>\n<\/div>\n\n\t\t\t<!-- COUNT TEXT -->\n\t\t\t\n\t\t\t<\/div>\n<\/div><\/div>\t\t\t\n\t\t<\/div>\n\t\t<div class=\"meta-wrapper\">\n\t\t\t<h3 class=\"heading-title product-name\"><a href=\"https:\/\/tthcompany.ma\/index.php\/product\/itc413-pw4d-series\/\">ITC413-PW4D Series<\/a><\/h3><a href=\"https:\/\/tthcompany.ma?action=yith-woocompare-add-product&id=23732\" class=\"compare button\" data-product_id=\"23732\" rel=\"nofollow\"><span class=\"ts-tooltip button-tooltip\">Comparer<\/span><\/a><div class=\"product-group-price-button-meta-wrapper\"><div class=\"product-group-price-button-meta\">\n<div class=\"product-group-button-meta\"><div class=\"loop-add-to-cart\"><a href=\"?add-to-cart=23732\" data-quantity=\"1\" class=\"button product_type_simple add_to_cart_button ajax_add_to_cart\" data-product_id=\"23732\" data-product_sku=\"\" aria-label=\"Add to cart: &ldquo;ITC413-PW4D Series&rdquo;\" rel=\"nofollow\"><span class=\"ts-tooltip button-tooltip\">Add to cart<\/span><\/a><\/div><div class=\"button-in quickshop\"><a class=\"quickshop\" href=\"#\" data-product_id=\"23732\"><span class=\"ts-tooltip button-tooltip\">Quick view<\/span><\/a><\/div><\/div><\/div><\/div>\t\t<\/div>\n\t<\/div>\n<\/section><\/div>\t\t\t\t<\/div>\n\t\t\t\t\n\t\t\t\t\t\t\t\n\t\t\t\t\t\t\n\t\t\t\t\t\t\n\t\t<\/div>\n\t\t\t\t<\/div>\n\t\t\t\t<\/div>\n\t\t\t\t\t<\/div>\n\t\t<\/div>\n\t\t\t\t\t<\/div>\n\t\t<\/section>\n\t\t\t\t<\/div>\n\t\t","protected":false},"excerpt":{"rendered":"<p>D\u00e9fis du sc\u00e9nario Des personnes non autoris\u00e9es escaladant la cl\u00f4ture Trop d&#8217;alarmes inutiles Valeurs de la solution https:\/\/material.dahuasecurity.com\/uploads\/soft\/20230619\/Vehicle-Entrance&#8211;Exit.mp4 Am\u00e9liore l&#8217;efficacit\u00e9 du passage Am\u00e9liore l&#8217;efficacit\u00e9 de la gestion des v\u00e9hicules Int\u00e9gration facile avec des barri\u00e8res tierces Produits recommand\u00e9s Comparer Wishlist VTO3311Q-WP Add to cartQuick view Comparer Wishlist ITC413-PW4D Series Add to cartQuick view<\/p>\n","protected":false},"author":113,"featured_media":0,"parent":0,"menu_order":0,"comment_status":"closed","ping_status":"closed","template":"","meta":{"om_disable_all_campaigns":false,"_monsterinsights_skip_tracking":false,"_monsterinsights_sitenote_active":false,"_monsterinsights_sitenote_note":"","_monsterinsights_sitenote_category":0,"footnotes":""},"class_list":["post-25191","page","type-page","status-publish","hentry"],"aioseo_notices":[],"_links":{"self":[{"href":"https:\/\/tthcompany.ma\/index.php\/wp-json\/wp\/v2\/pages\/25191","targetHints":{"allow":["GET"]}}],"collection":[{"href":"https:\/\/tthcompany.ma\/index.php\/wp-json\/wp\/v2\/pages"}],"about":[{"href":"https:\/\/tthcompany.ma\/index.php\/wp-json\/wp\/v2\/types\/page"}],"author":[{"embeddable":true,"href":"https:\/\/tthcompany.ma\/index.php\/wp-json\/wp\/v2\/users\/113"}],"replies":[{"embeddable":true,"href":"https:\/\/tthcompany.ma\/index.php\/wp-json\/wp\/v2\/comments?post=25191"}],"version-history":[{"count":6,"href":"https:\/\/tthcompany.ma\/index.php\/wp-json\/wp\/v2\/pages\/25191\/revisions"}],"predecessor-version":[{"id":25206,"href":"https:\/\/tthcompany.ma\/index.php\/wp-json\/wp\/v2\/pages\/25191\/revisions\/25206"}],"wp:attachment":[{"href":"https:\/\/tthcompany.ma\/index.php\/wp-json\/wp\/v2\/media?parent=25191"}],"curies":[{"name":"wp","href":"https:\/\/api.w.org\/{rel}","templated":true}]}}