{"id":24120,"date":"2023-07-06T09:38:48","date_gmt":"2023-07-06T09:38:48","guid":{"rendered":"https:\/\/tthcompany.ma\/?page_id=24120"},"modified":"2023-07-06T09:53:45","modified_gmt":"2023-07-06T09:53:45","slug":"comptoir-de-caisse","status":"publish","type":"page","link":"https:\/\/tthcompany.ma\/index.php\/comptoir-de-caisse\/","title":{"rendered":"Comptoir de caisse"},"content":{"rendered":"\t\t<div data-elementor-type=\"wp-page\" data-elementor-id=\"24120\" class=\"elementor elementor-24120\" data-elementor-post-type=\"page\">\n\t\t\t\t\t\t<section class=\"elementor-section elementor-top-section elementor-element elementor-element-b1c54ab elementor-section-boxed elementor-section-height-default elementor-section-height-default\" data-id=\"b1c54ab\" data-element_type=\"section\">\n\t\t\t\t\t\t<div class=\"elementor-container elementor-column-gap-default\">\n\t\t\t\t\t<div class=\"elementor-column elementor-col-100 elementor-top-column elementor-element elementor-element-a5a45b3\" data-id=\"a5a45b3\" data-element_type=\"column\">\n\t\t\t<div class=\"elementor-widget-wrap elementor-element-populated\">\n\t\t\t\t\t\t<div class=\"elementor-element elementor-element-8cf722a elementor-widget elementor-widget-heading\" data-id=\"8cf722a\" data-element_type=\"widget\" data-widget_type=\"heading.default\">\n\t\t\t\t<div class=\"elementor-widget-container\">\n\t\t\t<style>\/*! elementor - v3.21.0 - 24-04-2024 *\/\n.elementor-heading-title{padding:0;margin:0;line-height:1}.elementor-widget-heading .elementor-heading-title[class*=elementor-size-]>a{color:inherit;font-size:inherit;line-height:inherit}.elementor-widget-heading .elementor-heading-title.elementor-size-small{font-size:15px}.elementor-widget-heading .elementor-heading-title.elementor-size-medium{font-size:19px}.elementor-widget-heading .elementor-heading-title.elementor-size-large{font-size:29px}.elementor-widget-heading .elementor-heading-title.elementor-size-xl{font-size:39px}.elementor-widget-heading .elementor-heading-title.elementor-size-xxl{font-size:59px}<\/style><h2 class=\"elementor-heading-title elementor-size-default\">D\u00e9fis de sc\u00e9nario<\/h2>\t\t<\/div>\n\t\t\t\t<\/div>\n\t\t\t\t<section class=\"elementor-section elementor-inner-section elementor-element elementor-element-f0af4b7 elementor-section-boxed elementor-section-height-default elementor-section-height-default\" data-id=\"f0af4b7\" data-element_type=\"section\">\n\t\t\t\t\t\t<div class=\"elementor-container elementor-column-gap-default\">\n\t\t\t\t\t<div class=\"elementor-column elementor-col-33 elementor-inner-column elementor-element elementor-element-eead57f\" data-id=\"eead57f\" data-element_type=\"column\" data-settings=\"{&quot;background_background&quot;:&quot;classic&quot;}\">\n\t\t\t<div class=\"elementor-widget-wrap elementor-element-populated\">\n\t\t\t\t\t\t<div class=\"elementor-element elementor-element-40d9c28 elementor-widget elementor-widget-image\" data-id=\"40d9c28\" data-element_type=\"widget\" data-widget_type=\"image.default\">\n\t\t\t\t<div class=\"elementor-widget-container\">\n\t\t\t<style>\/*! elementor - v3.21.0 - 24-04-2024 *\/\n.elementor-widget-image{text-align:center}.elementor-widget-image a{display:inline-block}.elementor-widget-image a img[src$=\".svg\"]{width:48px}.elementor-widget-image img{vertical-align:middle;display:inline-block}<\/style>\t\t\t\t\t\t\t\t\t\t<img decoding=\"async\" width=\"72\" height=\"72\" src=\"https:\/\/tthcompany.ma\/wp-content\/uploads\/2023\/07\/human-entrance04.png\" class=\"attachment-large size-large wp-image-24129\" alt=\"\" srcset=\"https:\/\/tthcompany.ma\/wp-content\/uploads\/2023\/07\/human-entrance04.png 72w, https:\/\/tthcompany.ma\/wp-content\/uploads\/2023\/07\/human-entrance04-46x46.png 46w\" sizes=\"(max-width: 72px) 100vw, 72px\" \/>\t\t\t\t\t\t\t\t\t\t\t\t\t<\/div>\n\t\t\t\t<\/div>\n\t\t\t\t<div class=\"elementor-element elementor-element-8c3f187 elementor-widget elementor-widget-heading\" data-id=\"8c3f187\" data-element_type=\"widget\" data-widget_type=\"heading.default\">\n\t\t\t\t<div class=\"elementor-widget-container\">\n\t\t\t<h6 class=\"elementor-heading-title elementor-size-default\"><a href=\"https:\/\/tthcompany.ma\/index.php\/application-des-feux-rouges\/\">Comment r\u00e9duire les litiges<\/a><\/h6>\t\t<\/div>\n\t\t\t\t<\/div>\n\t\t\t\t\t<\/div>\n\t\t<\/div>\n\t\t\t\t<div class=\"elementor-column elementor-col-33 elementor-inner-column elementor-element elementor-element-43660e0\" data-id=\"43660e0\" data-element_type=\"column\">\n\t\t\t<div class=\"elementor-widget-wrap\">\n\t\t\t\t\t\t\t<\/div>\n\t\t<\/div>\n\t\t\t\t<div class=\"elementor-column elementor-col-33 elementor-inner-column elementor-element elementor-element-89cd8d2\" data-id=\"89cd8d2\" data-element_type=\"column\">\n\t\t\t<div class=\"elementor-widget-wrap\">\n\t\t\t\t\t\t\t<\/div>\n\t\t<\/div>\n\t\t\t\t\t<\/div>\n\t\t<\/section>\n\t\t\t\t\t<\/div>\n\t\t<\/div>\n\t\t\t\t\t<\/div>\n\t\t<\/section>\n\t\t\t\t<section class=\"elementor-section elementor-top-section elementor-element elementor-element-bbee929 elementor-section-stretched elementor-section-boxed elementor-section-height-default elementor-section-height-default\" data-id=\"bbee929\" data-element_type=\"section\" data-settings=\"{&quot;stretch_section&quot;:&quot;section-stretched&quot;,&quot;background_background&quot;:&quot;classic&quot;}\">\n\t\t\t\t\t\t<div class=\"elementor-container elementor-column-gap-default\">\n\t\t\t\t\t<div class=\"elementor-column elementor-col-100 elementor-top-column elementor-element elementor-element-fcc1845\" data-id=\"fcc1845\" data-element_type=\"column\">\n\t\t\t<div class=\"elementor-widget-wrap elementor-element-populated\">\n\t\t\t\t\t\t<div class=\"elementor-element elementor-element-ee1682e elementor-widget elementor-widget-heading\" data-id=\"ee1682e\" data-element_type=\"widget\" data-widget_type=\"heading.default\">\n\t\t\t\t<div class=\"elementor-widget-container\">\n\t\t\t<h2 class=\"elementor-heading-title elementor-size-default\">Aper\u00e7u de la solution<\/h2>\t\t<\/div>\n\t\t\t\t<\/div>\n\t\t\t\t<section class=\"elementor-section elementor-inner-section elementor-element elementor-element-9b6d10b elementor-section-boxed elementor-section-height-default elementor-section-height-default\" data-id=\"9b6d10b\" data-element_type=\"section\">\n\t\t\t\t\t\t<div class=\"elementor-container elementor-column-gap-default\">\n\t\t\t\t\t<div class=\"elementor-column elementor-col-50 elementor-inner-column elementor-element elementor-element-26821c6\" data-id=\"26821c6\" data-element_type=\"column\">\n\t\t\t<div class=\"elementor-widget-wrap elementor-element-populated\">\n\t\t\t\t\t\t<div class=\"elementor-element elementor-element-acdcbd8 elementor-widget elementor-widget-video\" data-id=\"acdcbd8\" data-element_type=\"widget\" data-settings=\"{&quot;video_type&quot;:&quot;hosted&quot;,&quot;controls&quot;:&quot;yes&quot;}\" data-widget_type=\"video.default\">\n\t\t\t\t<div class=\"elementor-widget-container\">\n\t\t\t<style>\/*! elementor - v3.21.0 - 24-04-2024 *\/\n.elementor-widget-video .elementor-widget-container{overflow:hidden;transform:translateZ(0)}.elementor-widget-video .elementor-wrapper{aspect-ratio:var(--video-aspect-ratio)}.elementor-widget-video .elementor-wrapper iframe,.elementor-widget-video .elementor-wrapper video{height:100%;width:100%;display:flex;border:none;background-color:#000}@supports not (aspect-ratio:1\/1){.elementor-widget-video .elementor-wrapper{position:relative;overflow:hidden;height:0;padding-bottom:calc(100% \/ var(--video-aspect-ratio))}.elementor-widget-video .elementor-wrapper iframe,.elementor-widget-video .elementor-wrapper video{position:absolute;top:0;right:0;bottom:0;left:0}}.elementor-widget-video .elementor-open-inline .elementor-custom-embed-image-overlay{position:absolute;top:0;right:0;bottom:0;left:0;background-size:cover;background-position:50%}.elementor-widget-video .elementor-custom-embed-image-overlay{cursor:pointer;text-align:center}.elementor-widget-video .elementor-custom-embed-image-overlay:hover .elementor-custom-embed-play i{opacity:1}.elementor-widget-video .elementor-custom-embed-image-overlay img{display:block;width:100%;aspect-ratio:var(--video-aspect-ratio);-o-object-fit:cover;object-fit:cover;-o-object-position:center center;object-position:center center}@supports not (aspect-ratio:1\/1){.elementor-widget-video .elementor-custom-embed-image-overlay{position:relative;overflow:hidden;height:0;padding-bottom:calc(100% \/ var(--video-aspect-ratio))}.elementor-widget-video .elementor-custom-embed-image-overlay img{position:absolute;top:0;right:0;bottom:0;left:0}}.elementor-widget-video .e-hosted-video .elementor-video{-o-object-fit:cover;object-fit:cover}.e-con-inner>.elementor-widget-video,.e-con>.elementor-widget-video{width:var(--container-widget-width);--flex-grow:var(--container-widget-flex-grow)}<\/style>\t\t<div class=\"e-hosted-video elementor-wrapper elementor-open-inline\">\n\t\t\t\t\t<video class=\"elementor-video\" src=\"https:\/\/tthcompany.ma\/wp-content\/uploads\/2023\/07\/Checkout-Counter-Shop.mp4\" controls=\"\" preload=\"metadata\" controlsList=\"nodownload\"><\/video>\n\t\t\t\t<\/div>\n\t\t\t\t<\/div>\n\t\t\t\t<\/div>\n\t\t\t\t\t<\/div>\n\t\t<\/div>\n\t\t\t\t<div class=\"elementor-column elementor-col-50 elementor-inner-column elementor-element elementor-element-aec216f\" data-id=\"aec216f\" data-element_type=\"column\">\n\t\t\t<div class=\"elementor-widget-wrap elementor-element-populated\">\n\t\t\t\t\t\t<div class=\"elementor-element elementor-element-ba9c0f8 elementor-icon-list--layout-traditional elementor-list-item-link-full_width elementor-widget elementor-widget-icon-list\" data-id=\"ba9c0f8\" data-element_type=\"widget\" data-widget_type=\"icon-list.default\">\n\t\t\t\t<div class=\"elementor-widget-container\">\n\t\t\t<link rel=\"stylesheet\" href=\"https:\/\/tthcompany.ma\/wp-content\/plugins\/elementor\/assets\/css\/widget-icon-list.min.css\">\t\t<ul class=\"elementor-icon-list-items\">\n\t\t\t\t\t\t\t<li class=\"elementor-icon-list-item\">\n\t\t\t\t\t\t\t\t\t\t\t<span class=\"elementor-icon-list-icon\">\n\t\t\t\t\t\t\t<i aria-hidden=\"true\" class=\"fas fa-check-circle\"><\/i>\t\t\t\t\t\t<\/span>\n\t\t\t\t\t\t\t\t\t\t<span class=\"elementor-icon-list-text\">R\u00e9duit efficacement les litiges<\/span>\n\t\t\t\t\t\t\t\t\t<\/li>\n\t\t\t\t\t\t<\/ul>\n\t\t\t\t<\/div>\n\t\t\t\t<\/div>\n\t\t\t\t\t<\/div>\n\t\t<\/div>\n\t\t\t\t\t<\/div>\n\t\t<\/section>\n\t\t\t\t\t<\/div>\n\t\t<\/div>\n\t\t\t\t\t<\/div>\n\t\t<\/section>\n\t\t\t\t<section class=\"elementor-section elementor-top-section elementor-element elementor-element-b2b767d elementor-section-boxed elementor-section-height-default elementor-section-height-default\" data-id=\"b2b767d\" data-element_type=\"section\">\n\t\t\t\t\t\t<div class=\"elementor-container elementor-column-gap-default\">\n\t\t\t\t\t<div class=\"elementor-column elementor-col-100 elementor-top-column elementor-element elementor-element-4292cc4\" data-id=\"4292cc4\" data-element_type=\"column\">\n\t\t\t<div class=\"elementor-widget-wrap elementor-element-populated\">\n\t\t\t\t\t\t<div class=\"elementor-element elementor-element-2a48296 elementor-widget elementor-widget-heading\" data-id=\"2a48296\" data-element_type=\"widget\" data-widget_type=\"heading.default\">\n\t\t\t\t<div class=\"elementor-widget-container\">\n\t\t\t<h2 class=\"elementor-heading-title elementor-size-default\">Produits recommand\u00e9s<\/h2>\t\t<\/div>\n\t\t\t\t<\/div>\n\t\t\t\t<div class=\"elementor-element elementor-element-c6fdf71 elementor-widget elementor-widget-ts-products\" data-id=\"c6fdf71\" data-element_type=\"widget\" data-widget_type=\"ts-products.default\">\n\t\t\t\t<div class=\"elementor-widget-container\">\n\t\t\t\t\t<div class=\"ts-product-wrapper ts-shortcode ts-product woocommerce columns-4 recent\" >\n\t\t\n\t\t\t\t\t\t\n\t\t\t\t\t\t\n\t\t\t\t<div class=\"content-wrapper \">\n\t\t\t\t\t<div class=\"products\"><section class=\"product add-to-wishlist-after_add_to_cart type-product post-19492 status-publish first instock product_cat-4mp-wizmind product_cat-cameras-ip product_cat-carte-thermique product_cat-comptage-de-personnes product_cat-detection-facial product_cat-produits-ip product_cat-wizmind has-post-thumbnail shipping-taxable purchasable product-type-simple\" data-product_id=\"19492\">\n\t<div class=\"product-wrapper\">\n\t\t\t\n\t\t<div class=\"thumbnail-wrapper\">\n\t\t\t<a href=\"https:\/\/tthcompany.ma\/index.php\/product\/ipc-hdw5442tm-ase\/\">\n\n\t\t\t\t<figure class=\"no-back-image\"><img fetchpriority=\"high\" decoding=\"async\" src=\"https:\/\/tthcompany.ma\/wp-content\/themes\/gostore\/images\/prod_loading.gif\" data-src=\"https:\/\/tthcompany.ma\/wp-content\/uploads\/2022\/08\/IPC-HDW5442TM-ASE.png\" class=\"attachment-shop_catalog wp-post-image ts-lazy-load\" alt=\"\" width=\"450\" height=\"450\" \/><\/figure>\n\t\t\t<\/a>\n\t\t\t\t\t<div class=\"product-label\">\n\t\t<\/div>\n\t<div class=\"product-group-button\"><div class=\"button-in compare\"><a class=\"compare\" href=\"https:\/\/tthcompany.ma?action=yith-woocompare-add-product&id=19492\" data-product_id=\"19492\"><span class=\"ts-tooltip button-tooltip\">Comparer<\/span><\/a><\/div><div class=\"button-in wishlist\">\n<div\n\tclass=\"yith-wcwl-add-to-wishlist add-to-wishlist-19492 yith-wcwl-add-to-wishlist--link-style wishlist-fragment on-first-load\"\n\tdata-fragment-ref=\"19492\"\n\tdata-fragment-options=\"{&quot;base_url&quot;:&quot;&quot;,&quot;product_id&quot;:19492,&quot;parent_product_id&quot;:0,&quot;product_type&quot;:&quot;simple&quot;,&quot;is_single&quot;:false,&quot;in_default_wishlist&quot;:false,&quot;show_view&quot;:false,&quot;browse_wishlist_text&quot;:&quot;Parcourir la liste de souhaits&quot;,&quot;already_in_wishslist_text&quot;:&quot;Le produit est d\\u00e9j\\u00e0 dans votre liste de souhaits!&quot;,&quot;product_added_text&quot;:&quot;Produit ajout\\u00e9!&quot;,&quot;available_multi_wishlist&quot;:false,&quot;disable_wishlist&quot;:false,&quot;show_count&quot;:false,&quot;ajax_loading&quot;:false,&quot;loop_position&quot;:&quot;after_add_to_cart&quot;,&quot;item&quot;:&quot;add_to_wishlist&quot;}\"\n>\n\t\t\t\n\t\t\t<!-- ADD TO WISHLIST -->\n\t\t\t\n<div class=\"yith-wcwl-add-button\">\n\t\t<a\n\t\thref=\"?add_to_wishlist=19492&#038;_wpnonce=6ae681609f\"\n\t\tclass=\"add_to_wishlist single_add_to_wishlist\"\n\t\tdata-product-id=\"19492\"\n\t\tdata-product-type=\"simple\"\n\t\tdata-original-product-id=\"0\"\n\t\tdata-title=\"&lt;span class=&quot;ts-tooltip button-tooltip&quot;&gt;Souhaits&lt;\/span&gt;\"\n\t\trel=\"nofollow\"\n\t>\n\t\t<svg id=\"yith-wcwl-icon-heart-outline\" class=\"yith-wcwl-icon-svg\" fill=\"none\" stroke-width=\"1.5\" stroke=\"currentColor\" viewBox=\"0 0 24 24\" xmlns=\"http:\/\/www.w3.org\/2000\/svg\">\n  <path stroke-linecap=\"round\" stroke-linejoin=\"round\" d=\"M21 8.25c0-2.485-2.099-4.5-4.688-4.5-1.935 0-3.597 1.126-4.312 2.733-.715-1.607-2.377-2.733-4.313-2.733C5.1 3.75 3 5.765 3 8.25c0 7.22 9 12 9 12s9-4.78 9-12Z\"><\/path>\n<\/svg>\t\t<span><span class=\"ts-tooltip button-tooltip\">Souhaits<\/span><\/span>\n\t<\/a>\n<\/div>\n\n\t\t\t<!-- COUNT TEXT -->\n\t\t\t\n\t\t\t<\/div>\n<\/div><\/div>\t\t\t\n\t\t<\/div>\n\t\t<div class=\"meta-wrapper\">\n\t\t\t<h3 class=\"heading-title product-name\"><a href=\"https:\/\/tthcompany.ma\/index.php\/product\/ipc-hdw5442tm-ase\/\">IPC-HDW5442TM-ASE<\/a><\/h3><a href=\"https:\/\/tthcompany.ma?action=yith-woocompare-add-product&id=19492\" class=\"compare button\" data-product_id=\"19492\" rel=\"nofollow\"><span class=\"ts-tooltip button-tooltip\">Comparer<\/span><\/a><div class=\"product-group-price-button-meta-wrapper\"><div class=\"product-group-price-button-meta\">\n<div class=\"product-group-button-meta\"><div class=\"loop-add-to-cart\"><a href=\"?add-to-cart=19492\" data-quantity=\"1\" class=\"button product_type_simple add_to_cart_button ajax_add_to_cart\" data-product_id=\"19492\" data-product_sku=\"\" aria-label=\"Add to cart: &ldquo;IPC-HDW5442TM-ASE&rdquo;\" rel=\"nofollow\"><span class=\"ts-tooltip button-tooltip\">Add to cart<\/span><\/a><\/div><div class=\"button-in quickshop\"><a class=\"quickshop\" href=\"#\" data-product_id=\"19492\"><span class=\"ts-tooltip button-tooltip\">Quick view<\/span><\/a><\/div><\/div><\/div><\/div>\t\t<\/div>\n\t<\/div>\n<\/section><\/div>\t\t\t\t<\/div>\n\t\t\t\t\n\t\t\t\t\t\t\t\n\t\t\t\t\t\t\n\t\t\t\t\t\t\n\t\t<\/div>\n\t\t\t\t<\/div>\n\t\t\t\t<\/div>\n\t\t\t\t\t<\/div>\n\t\t<\/div>\n\t\t\t\t\t<\/div>\n\t\t<\/section>\n\t\t\t\t<\/div>\n\t\t","protected":false},"excerpt":{"rendered":"<p>D\u00e9fis de sc\u00e9nario Comment r\u00e9duire les litiges Aper\u00e7u de la solution https:\/\/tthcompany.ma\/wp-content\/uploads\/2023\/07\/Checkout-Counter-Shop.mp4 R\u00e9duit efficacement les litiges Produits recommand\u00e9s Comparer Wishlist IPC-HDW5442TM-ASE Add to cartQuick view<\/p>\n","protected":false},"author":113,"featured_media":0,"parent":0,"menu_order":0,"comment_status":"closed","ping_status":"closed","template":"","meta":{"om_disable_all_campaigns":false,"_monsterinsights_skip_tracking":false,"_monsterinsights_sitenote_active":false,"_monsterinsights_sitenote_note":"","_monsterinsights_sitenote_category":0,"footnotes":""},"class_list":["post-24120","page","type-page","status-publish","hentry"],"aioseo_notices":[],"_links":{"self":[{"href":"https:\/\/tthcompany.ma\/index.php\/wp-json\/wp\/v2\/pages\/24120","targetHints":{"allow":["GET"]}}],"collection":[{"href":"https:\/\/tthcompany.ma\/index.php\/wp-json\/wp\/v2\/pages"}],"about":[{"href":"https:\/\/tthcompany.ma\/index.php\/wp-json\/wp\/v2\/types\/page"}],"author":[{"embeddable":true,"href":"https:\/\/tthcompany.ma\/index.php\/wp-json\/wp\/v2\/users\/113"}],"replies":[{"embeddable":true,"href":"https:\/\/tthcompany.ma\/index.php\/wp-json\/wp\/v2\/comments?post=24120"}],"version-history":[{"count":22,"href":"https:\/\/tthcompany.ma\/index.php\/wp-json\/wp\/v2\/pages\/24120\/revisions"}],"predecessor-version":[{"id":24146,"href":"https:\/\/tthcompany.ma\/index.php\/wp-json\/wp\/v2\/pages\/24120\/revisions\/24146"}],"wp:attachment":[{"href":"https:\/\/tthcompany.ma\/index.php\/wp-json\/wp\/v2\/media?parent=24120"}],"curies":[{"name":"wp","href":"https:\/\/api.w.org\/{rel}","templated":true}]}}