{"id":23820,"date":"2023-06-23T14:38:13","date_gmt":"2023-06-23T14:38:13","guid":{"rendered":"https:\/\/tthcompany.ma\/?page_id=23820"},"modified":"2023-06-23T14:50:44","modified_gmt":"2023-06-23T14:50:44","slug":"vaffichage-en-temps-reel-de-letat-du-trafic","status":"publish","type":"page","link":"https:\/\/tthcompany.ma\/index.php\/vaffichage-en-temps-reel-de-letat-du-trafic\/","title":{"rendered":"vAffichage en temps r\u00e9el de l&#8217;\u00e9tat du trafic"},"content":{"rendered":"\t\t<div data-elementor-type=\"wp-page\" data-elementor-id=\"23820\" class=\"elementor elementor-23820\" data-elementor-post-type=\"page\">\n\t\t\t\t\t\t<section class=\"elementor-section elementor-top-section elementor-element elementor-element-16d7a34 elementor-section-content-middle elementor-section-stretched elementor-section-boxed elementor-section-height-default elementor-section-height-default\" data-id=\"16d7a34\" data-element_type=\"section\" data-settings=\"{&quot;stretch_section&quot;:&quot;section-stretched&quot;}\">\n\t\t\t\t\t\t<div class=\"elementor-container elementor-column-gap-no\">\n\t\t\t\t\t<div class=\"elementor-column elementor-col-100 elementor-top-column elementor-element elementor-element-de0f5bf\" data-id=\"de0f5bf\" data-element_type=\"column\">\n\t\t\t<div class=\"elementor-widget-wrap elementor-element-populated\">\n\t\t\t\t\t\t<div class=\"elementor-element elementor-element-1d5abd7 elementor-widget elementor-widget-heading\" data-id=\"1d5abd7\" data-element_type=\"widget\" data-widget_type=\"heading.default\">\n\t\t\t\t<div class=\"elementor-widget-container\">\n\t\t\t<style>\/*! elementor - v3.21.0 - 24-04-2024 *\/\n.elementor-heading-title{padding:0;margin:0;line-height:1}.elementor-widget-heading .elementor-heading-title[class*=elementor-size-]>a{color:inherit;font-size:inherit;line-height:inherit}.elementor-widget-heading .elementor-heading-title.elementor-size-small{font-size:15px}.elementor-widget-heading .elementor-heading-title.elementor-size-medium{font-size:19px}.elementor-widget-heading .elementor-heading-title.elementor-size-large{font-size:29px}.elementor-widget-heading .elementor-heading-title.elementor-size-xl{font-size:39px}.elementor-widget-heading .elementor-heading-title.elementor-size-xxl{font-size:59px}<\/style><h4 class=\"elementor-heading-title elementor-size-default\">\n<span style=\"color:#131f35\">\nContexte\n<\/span><\/h4>\t\t<\/div>\n\t\t\t\t<\/div>\n\t\t\t\t<div class=\"elementor-element elementor-element-442e447 elementor-widget elementor-widget-text-editor\" data-id=\"442e447\" data-element_type=\"widget\" data-widget_type=\"text-editor.default\">\n\t\t\t\t<div class=\"elementor-widget-container\">\n\t\t\t<style>\/*! elementor - v3.21.0 - 24-04-2024 *\/\n.elementor-widget-text-editor.elementor-drop-cap-view-stacked .elementor-drop-cap{background-color:#69727d;color:#fff}.elementor-widget-text-editor.elementor-drop-cap-view-framed .elementor-drop-cap{color:#69727d;border:3px solid;background-color:transparent}.elementor-widget-text-editor:not(.elementor-drop-cap-view-default) .elementor-drop-cap{margin-top:8px}.elementor-widget-text-editor:not(.elementor-drop-cap-view-default) .elementor-drop-cap-letter{width:1em;height:1em}.elementor-widget-text-editor .elementor-drop-cap{float:left;text-align:center;line-height:1;font-size:50px}.elementor-widget-text-editor .elementor-drop-cap-letter{display:inline-block}<\/style>\t\t\t\t<div class=\"group w-full text-gray-800 dark:text-gray-100 border-b border-black\/10 dark:border-gray-900\/50 bg-gray-50 dark:bg-[#444654] sm:AIPRM__conversation__response\"><div class=\"flex p-4 gap-4 text-base md:gap-6 md:max-w-2xl lg:max-w-[38rem] xl:max-w-3xl md:py-6 lg:px-0 m-auto\"><div class=\"relative flex w-[calc(100%-50px)] flex-col gap-1 md:gap-3 lg:w-[calc(100%-115px)]\"><div class=\"flex flex-grow flex-col gap-3\"><div class=\"min-h-[20px] flex items-start overflow-x-auto whitespace-pre-wrap break-words flex-col gap-4\"><div class=\"markdown prose w-full break-words dark:prose-invert light AIPRM__conversation__response\"><div class=\"group w-full text-gray-800 dark:text-gray-100 border-b border-black\/10 dark:border-gray-900\/50 bg-gray-50 dark:bg-[#444654] sm:AIPRM__conversation__response\"><div class=\"flex p-4 gap-4 text-base md:gap-6 md:max-w-2xl lg:max-w-[38rem] xl:max-w-3xl md:py-6 lg:px-0 m-auto\"><div class=\"relative flex w-[calc(100%-50px)] flex-col gap-1 md:gap-3 lg:w-[calc(100%-115px)]\"><div class=\"flex flex-grow flex-col gap-3\"><div class=\"min-h-[20px] flex items-start overflow-x-auto whitespace-pre-wrap break-words flex-col gap-4\"><div class=\"markdown prose w-full break-words dark:prose-invert light AIPRM__conversation__response\"><p>Des millions de personnes sont confront\u00e9es \u00e0 des embouteillages au quotidien. Les routes menant aux grandes villes et en sortant peuvent \u00eatre bloqu\u00e9es en raison d&#8217;accidents, de travaux routiers ou simplement d&#8217;un grand nombre de voitures sur la route.<\/p><\/div><\/div><\/div><\/div><\/div><\/div><\/div><\/div><\/div><\/div><\/div><\/div>\t\t\t\t\t\t<\/div>\n\t\t\t\t<\/div>\n\t\t\t\t<div class=\"elementor-element elementor-element-25ac9eb elementor-widget elementor-widget-image\" data-id=\"25ac9eb\" data-element_type=\"widget\" data-widget_type=\"image.default\">\n\t\t\t\t<div class=\"elementor-widget-container\">\n\t\t\t<style>\/*! elementor - v3.21.0 - 24-04-2024 *\/\n.elementor-widget-image{text-align:center}.elementor-widget-image a{display:inline-block}.elementor-widget-image a img[src$=\".svg\"]{width:48px}.elementor-widget-image img{vertical-align:middle;display:inline-block}<\/style>\t\t\t\t\t\t\t\t\t\t<img fetchpriority=\"high\" decoding=\"async\" width=\"760\" height=\"377\" src=\"https:\/\/tthcompany.ma\/wp-content\/uploads\/2023\/06\/20180228142721_91760.png\" class=\"attachment-large size-large wp-image-23822\" alt=\"\" srcset=\"https:\/\/tthcompany.ma\/wp-content\/uploads\/2023\/06\/20180228142721_91760.png 760w, https:\/\/tthcompany.ma\/wp-content\/uploads\/2023\/06\/20180228142721_91760-300x149.png 300w, https:\/\/tthcompany.ma\/wp-content\/uploads\/2023\/06\/20180228142721_91760-600x298.png 600w\" sizes=\"(max-width: 760px) 100vw, 760px\" \/>\t\t\t\t\t\t\t\t\t\t\t\t\t<\/div>\n\t\t\t\t<\/div>\n\t\t\t\t\t<\/div>\n\t\t<\/div>\n\t\t\t\t\t<\/div>\n\t\t<\/section>\n\t\t\t\t<section class=\"elementor-section elementor-top-section elementor-element elementor-element-9e91ee3 elementor-section-content-middle elementor-section-stretched elementor-section-boxed elementor-section-height-default elementor-section-height-default\" data-id=\"9e91ee3\" data-element_type=\"section\" data-settings=\"{&quot;stretch_section&quot;:&quot;section-stretched&quot;,&quot;background_background&quot;:&quot;classic&quot;}\">\n\t\t\t\t\t\t<div class=\"elementor-container elementor-column-gap-no\">\n\t\t\t\t\t<div class=\"elementor-column elementor-col-100 elementor-top-column elementor-element elementor-element-67915c1\" data-id=\"67915c1\" data-element_type=\"column\">\n\t\t\t<div class=\"elementor-widget-wrap elementor-element-populated\">\n\t\t\t\t\t\t<div class=\"elementor-element elementor-element-de97606 elementor-widget elementor-widget-heading\" data-id=\"de97606\" data-element_type=\"widget\" data-widget_type=\"heading.default\">\n\t\t\t\t<div class=\"elementor-widget-container\">\n\t\t\t<h4 class=\"elementor-heading-title elementor-size-default\">\n<span style=\"color:#131f35\">\nAper\u00e7u du syst\u00e8me\n\n\n\n\n\n<\/span><\/h4>\t\t<\/div>\n\t\t\t\t<\/div>\n\t\t\t\t<div class=\"elementor-element elementor-element-73cbb1a elementor-widget elementor-widget-text-editor\" data-id=\"73cbb1a\" data-element_type=\"widget\" data-widget_type=\"text-editor.default\">\n\t\t\t\t<div class=\"elementor-widget-container\">\n\t\t\t\t\t\t\t<p>\u2022 D\u00e9tails de la solution<\/p><p>Collecte de donn\u00e9es sur le trafic<\/p><p>Les donn\u00e9es sur le trafic sont collect\u00e9es par des cam\u00e9ras de flux de circulation utilisant des boucles virtuelles non intrusives, o\u00f9 la d\u00e9tection est r\u00e9alis\u00e9e gr\u00e2ce \u00e0 des algorithmes informatiques avanc\u00e9s et ne n\u00e9cessite aucun travaux routiers comme dans le cas d&#8217;une boucle inductive. Elle peut couvrir de 1 \u00e0 4 voies \u00e0 la fois et offre une pr\u00e9cision de d\u00e9tection de 99 % \u00e0 une vitesse inf\u00e9rieure \u00e0 80 km\/h.<\/p>\t\t\t\t\t\t<\/div>\n\t\t\t\t<\/div>\n\t\t\t\t<div class=\"elementor-element elementor-element-6ac90cf elementor-widget elementor-widget-image\" data-id=\"6ac90cf\" data-element_type=\"widget\" data-widget_type=\"image.default\">\n\t\t\t\t<div class=\"elementor-widget-container\">\n\t\t\t\t\t\t\t\t\t\t\t\t\t<img decoding=\"async\" width=\"1024\" height=\"309\" src=\"https:\/\/tthcompany.ma\/wp-content\/uploads\/2023\/06\/20180228142739_34524-1024x309.png\" class=\"attachment-large size-large wp-image-23826\" alt=\"\" srcset=\"https:\/\/tthcompany.ma\/wp-content\/uploads\/2023\/06\/20180228142739_34524-1024x309.png 1024w, https:\/\/tthcompany.ma\/wp-content\/uploads\/2023\/06\/20180228142739_34524-300x91.png 300w, https:\/\/tthcompany.ma\/wp-content\/uploads\/2023\/06\/20180228142739_34524-768x232.png 768w, https:\/\/tthcompany.ma\/wp-content\/uploads\/2023\/06\/20180228142739_34524-600x181.png 600w, https:\/\/tthcompany.ma\/wp-content\/uploads\/2023\/06\/20180228142739_34524.png 1200w\" sizes=\"(max-width: 1024px) 100vw, 1024px\" \/>\t\t\t\t\t\t\t\t\t\t\t\t\t<\/div>\n\t\t\t\t<\/div>\n\t\t\t\t<div class=\"elementor-element elementor-element-521ce63 elementor-widget elementor-widget-text-editor\" data-id=\"521ce63\" data-element_type=\"widget\" data-widget_type=\"text-editor.default\">\n\t\t\t\t<div class=\"elementor-widget-container\">\n\t\t\t\t\t\t\t<p>Diffusion d&#8217;informations<\/p><p>Une autre fonction cl\u00e9 du syst\u00e8me est la diffusion d&#8217;informations, qui peut \u00e9galement aider \u00e0 guider la circulation en fournissant les types d&#8217;informations suivants :<\/p>\t\t\t\t\t\t<\/div>\n\t\t\t\t<\/div>\n\t\t\t\t<div class=\"elementor-element elementor-element-a68c25d elementor-widget elementor-widget-image\" data-id=\"a68c25d\" data-element_type=\"widget\" data-widget_type=\"image.default\">\n\t\t\t\t<div class=\"elementor-widget-container\">\n\t\t\t\t\t\t\t\t\t\t\t\t\t<img decoding=\"async\" width=\"1024\" height=\"675\" src=\"https:\/\/tthcompany.ma\/wp-content\/uploads\/2023\/06\/20220406115108_97034-min-1024x675.png\" class=\"attachment-large size-large wp-image-23830\" alt=\"\" srcset=\"https:\/\/tthcompany.ma\/wp-content\/uploads\/2023\/06\/20220406115108_97034-min-1024x675.png 1024w, https:\/\/tthcompany.ma\/wp-content\/uploads\/2023\/06\/20220406115108_97034-min-300x198.png 300w, https:\/\/tthcompany.ma\/wp-content\/uploads\/2023\/06\/20220406115108_97034-min-768x506.png 768w, https:\/\/tthcompany.ma\/wp-content\/uploads\/2023\/06\/20220406115108_97034-min-600x396.png 600w, https:\/\/tthcompany.ma\/wp-content\/uploads\/2023\/06\/20220406115108_97034-min.png 1154w\" sizes=\"(max-width: 1024px) 100vw, 1024px\" \/>\t\t\t\t\t\t\t\t\t\t\t\t\t<\/div>\n\t\t\t\t<\/div>\n\t\t\t\t\t<\/div>\n\t\t<\/div>\n\t\t\t\t\t<\/div>\n\t\t<\/section>\n\t\t\t\t<section class=\"elementor-section elementor-top-section elementor-element elementor-element-47eb71b elementor-section-content-middle elementor-section-stretched elementor-section-boxed elementor-section-height-default elementor-section-height-default\" data-id=\"47eb71b\" data-element_type=\"section\" data-settings=\"{&quot;stretch_section&quot;:&quot;section-stretched&quot;}\">\n\t\t\t\t\t\t<div class=\"elementor-container elementor-column-gap-no\">\n\t\t\t\t\t<div class=\"elementor-column elementor-col-100 elementor-top-column elementor-element elementor-element-89c418a\" data-id=\"89c418a\" data-element_type=\"column\">\n\t\t\t<div class=\"elementor-widget-wrap elementor-element-populated\">\n\t\t\t\t\t\t<div class=\"elementor-element elementor-element-40d2c6e elementor-widget elementor-widget-text-editor\" data-id=\"40d2c6e\" data-element_type=\"widget\" data-widget_type=\"text-editor.default\">\n\t\t\t\t<div class=\"elementor-widget-container\">\n\t\t\t\t\t\t\t<p><strong>Caract\u00e9ristiques et avantages<\/strong><\/p><p>Fonctionne aussi bien sur les autoroutes que sur les routes urbaines.<\/p><p>Les cam\u00e9ras fournissent des donn\u00e9es pr\u00e9cises en temps r\u00e9el.<\/p><p>Collecte de donn\u00e9es pour les autorit\u00e9s de transport.<\/p><p>Am\u00e9liore la s\u00e9curit\u00e9 routi\u00e8re en \u00e9vitant les incidents et en r\u00e9duisant les accidents sur la route.<\/p><p>Contexte<\/p><p>De nombreux contr\u00f4leurs de feux de signalisation ne sont pas capables d&#8217;ajuster automatiquement la synchronisation des signaux en fonction des flux de circulation en temps r\u00e9el, ce qui peut entra\u00eener de longues files de circulation pendant les heures de pointe et n\u00e9cessiter plus de ressources polici\u00e8res pour diriger la circulation.<\/p><p><strong>Traitement des donn\u00e9es de circulation<\/strong><\/p><p>Un algorithme avanc\u00e9 d&#8217;analyse des informations sur le flux de circulation permet d&#8217;obtenir et d&#8217;analyser en temps r\u00e9el les conditions de circulation d&#8217;une ville, et les r\u00e9sultats sont affich\u00e9s sur des panneaux routiers sp\u00e9ciaux avec des couleurs rouge, jaune et verte pour repr\u00e9senter la vitesse du flux de circulation. Cela sert de guide pour aider les conducteurs \u00e0 choisir l&#8217;itin\u00e9raire de voyage le plus appropri\u00e9, ce qui permet de r\u00e9duire la congestion globale du trafic.<\/p>\t\t\t\t\t\t<\/div>\n\t\t\t\t<\/div>\n\t\t\t\t<div class=\"elementor-element elementor-element-71e4341 elementor-widget elementor-widget-image\" data-id=\"71e4341\" data-element_type=\"widget\" data-widget_type=\"image.default\">\n\t\t\t\t<div class=\"elementor-widget-container\">\n\t\t\t\t\t\t\t\t\t\t\t\t\t<img loading=\"lazy\" decoding=\"async\" width=\"1024\" height=\"322\" src=\"https:\/\/tthcompany.ma\/wp-content\/uploads\/2023\/06\/20220406120003_63733-min-1024x322.png\" class=\"attachment-large size-large wp-image-23837\" alt=\"\" srcset=\"https:\/\/tthcompany.ma\/wp-content\/uploads\/2023\/06\/20220406120003_63733-min-1024x322.png 1024w, https:\/\/tthcompany.ma\/wp-content\/uploads\/2023\/06\/20220406120003_63733-min-300x94.png 300w, https:\/\/tthcompany.ma\/wp-content\/uploads\/2023\/06\/20220406120003_63733-min-768x241.png 768w, https:\/\/tthcompany.ma\/wp-content\/uploads\/2023\/06\/20220406120003_63733-min-600x189.png 600w, https:\/\/tthcompany.ma\/wp-content\/uploads\/2023\/06\/20220406120003_63733-min.png 1145w\" sizes=\"(max-width: 1024px) 100vw, 1024px\" \/>\t\t\t\t\t\t\t\t\t\t\t\t\t<\/div>\n\t\t\t\t<\/div>\n\t\t\t\t\t<\/div>\n\t\t<\/div>\n\t\t\t\t\t<\/div>\n\t\t<\/section>\n\t\t\t\t<\/div>\n\t\t","protected":false},"excerpt":{"rendered":"<p>Contexte Des millions de personnes sont confront\u00e9es \u00e0 des embouteillages au quotidien. Les routes menant aux grandes villes et en sortant peuvent \u00eatre bloqu\u00e9es en raison d&#8217;accidents, de travaux routiers ou simplement d&#8217;un grand nombre de voitures sur la route. Aper\u00e7u du syst\u00e8me \u2022 D\u00e9tails de la solution Collecte de donn\u00e9es sur le trafic Les [&hellip;]<\/p>\n","protected":false},"author":113,"featured_media":0,"parent":0,"menu_order":0,"comment_status":"closed","ping_status":"closed","template":"","meta":{"om_disable_all_campaigns":false,"_monsterinsights_skip_tracking":false,"_monsterinsights_sitenote_active":false,"_monsterinsights_sitenote_note":"","_monsterinsights_sitenote_category":0,"footnotes":""},"class_list":["post-23820","page","type-page","status-publish","hentry"],"aioseo_notices":[],"_links":{"self":[{"href":"https:\/\/tthcompany.ma\/index.php\/wp-json\/wp\/v2\/pages\/23820","targetHints":{"allow":["GET"]}}],"collection":[{"href":"https:\/\/tthcompany.ma\/index.php\/wp-json\/wp\/v2\/pages"}],"about":[{"href":"https:\/\/tthcompany.ma\/index.php\/wp-json\/wp\/v2\/types\/page"}],"author":[{"embeddable":true,"href":"https:\/\/tthcompany.ma\/index.php\/wp-json\/wp\/v2\/users\/113"}],"replies":[{"embeddable":true,"href":"https:\/\/tthcompany.ma\/index.php\/wp-json\/wp\/v2\/comments?post=23820"}],"version-history":[{"count":15,"href":"https:\/\/tthcompany.ma\/index.php\/wp-json\/wp\/v2\/pages\/23820\/revisions"}],"predecessor-version":[{"id":23840,"href":"https:\/\/tthcompany.ma\/index.php\/wp-json\/wp\/v2\/pages\/23820\/revisions\/23840"}],"wp:attachment":[{"href":"https:\/\/tthcompany.ma\/index.php\/wp-json\/wp\/v2\/media?parent=23820"}],"curies":[{"name":"wp","href":"https:\/\/api.w.org\/{rel}","templated":true}]}}