{"id":23794,"date":"2023-06-23T14:12:13","date_gmt":"2023-06-23T14:12:13","guid":{"rendered":"https:\/\/tthcompany.ma\/?page_id=23794"},"modified":"2023-06-23T14:24:47","modified_gmt":"2023-06-23T14:24:47","slug":"infractions-de-stationnement","status":"publish","type":"page","link":"https:\/\/tthcompany.ma\/index.php\/infractions-de-stationnement\/","title":{"rendered":"Infractions de stationnement"},"content":{"rendered":"\t\t<div data-elementor-type=\"wp-page\" data-elementor-id=\"23794\" class=\"elementor elementor-23794\" data-elementor-post-type=\"page\">\n\t\t\t\t\t\t<section class=\"elementor-section elementor-top-section elementor-element elementor-element-16d7a34 elementor-section-content-middle elementor-section-stretched elementor-section-boxed elementor-section-height-default elementor-section-height-default\" data-id=\"16d7a34\" data-element_type=\"section\" data-settings=\"{&quot;stretch_section&quot;:&quot;section-stretched&quot;}\">\n\t\t\t\t\t\t<div class=\"elementor-container elementor-column-gap-no\">\n\t\t\t\t\t<div class=\"elementor-column elementor-col-100 elementor-top-column elementor-element elementor-element-de0f5bf\" data-id=\"de0f5bf\" data-element_type=\"column\">\n\t\t\t<div class=\"elementor-widget-wrap elementor-element-populated\">\n\t\t\t\t\t\t<div class=\"elementor-element elementor-element-1d5abd7 elementor-widget elementor-widget-heading\" data-id=\"1d5abd7\" data-element_type=\"widget\" data-widget_type=\"heading.default\">\n\t\t\t\t<div class=\"elementor-widget-container\">\n\t\t\t<style>\/*! elementor - v3.21.0 - 24-04-2024 *\/\n.elementor-heading-title{padding:0;margin:0;line-height:1}.elementor-widget-heading .elementor-heading-title[class*=elementor-size-]>a{color:inherit;font-size:inherit;line-height:inherit}.elementor-widget-heading .elementor-heading-title.elementor-size-small{font-size:15px}.elementor-widget-heading .elementor-heading-title.elementor-size-medium{font-size:19px}.elementor-widget-heading .elementor-heading-title.elementor-size-large{font-size:29px}.elementor-widget-heading .elementor-heading-title.elementor-size-xl{font-size:39px}.elementor-widget-heading .elementor-heading-title.elementor-size-xxl{font-size:59px}<\/style><h4 class=\"elementor-heading-title elementor-size-default\">\n<span style=\"color:#131f35\">\nContexte\n<\/span><\/h4>\t\t<\/div>\n\t\t\t\t<\/div>\n\t\t\t\t<div class=\"elementor-element elementor-element-442e447 elementor-widget elementor-widget-text-editor\" data-id=\"442e447\" data-element_type=\"widget\" data-widget_type=\"text-editor.default\">\n\t\t\t\t<div class=\"elementor-widget-container\">\n\t\t\t<style>\/*! elementor - v3.21.0 - 24-04-2024 *\/\n.elementor-widget-text-editor.elementor-drop-cap-view-stacked .elementor-drop-cap{background-color:#69727d;color:#fff}.elementor-widget-text-editor.elementor-drop-cap-view-framed .elementor-drop-cap{color:#69727d;border:3px solid;background-color:transparent}.elementor-widget-text-editor:not(.elementor-drop-cap-view-default) .elementor-drop-cap{margin-top:8px}.elementor-widget-text-editor:not(.elementor-drop-cap-view-default) .elementor-drop-cap-letter{width:1em;height:1em}.elementor-widget-text-editor .elementor-drop-cap{float:left;text-align:center;line-height:1;font-size:50px}.elementor-widget-text-editor .elementor-drop-cap-letter{display:inline-block}<\/style>\t\t\t\t<div class=\"group w-full text-gray-800 dark:text-gray-100 border-b border-black\/10 dark:border-gray-900\/50 bg-gray-50 dark:bg-[#444654] sm:AIPRM__conversation__response\"><div class=\"flex p-4 gap-4 text-base md:gap-6 md:max-w-2xl lg:max-w-[38rem] xl:max-w-3xl md:py-6 lg:px-0 m-auto\"><div class=\"relative flex w-[calc(100%-50px)] flex-col gap-1 md:gap-3 lg:w-[calc(100%-115px)]\"><div class=\"flex flex-grow flex-col gap-3\"><div class=\"min-h-[20px] flex items-start overflow-x-auto whitespace-pre-wrap break-words flex-col gap-4\"><div class=\"markdown prose w-full break-words dark:prose-invert light AIPRM__conversation__response\"><p>Le stationnement ill\u00e9gal est l&#8217;acte de stationner des v\u00e9hicules dans des zones restreintes telles que les voies de circulation des pompiers, les passages pour pi\u00e9tons, les trottoirs, devant les bornes d&#8217;incendie, etc.<\/p><\/div><\/div><\/div><\/div><\/div><\/div>\t\t\t\t\t\t<\/div>\n\t\t\t\t<\/div>\n\t\t\t\t<div class=\"elementor-element elementor-element-25ac9eb elementor-widget elementor-widget-image\" data-id=\"25ac9eb\" data-element_type=\"widget\" data-widget_type=\"image.default\">\n\t\t\t\t<div class=\"elementor-widget-container\">\n\t\t\t<style>\/*! elementor - v3.21.0 - 24-04-2024 *\/\n.elementor-widget-image{text-align:center}.elementor-widget-image a{display:inline-block}.elementor-widget-image a img[src$=\".svg\"]{width:48px}.elementor-widget-image img{vertical-align:middle;display:inline-block}<\/style>\t\t\t\t\t\t\t\t\t\t<img fetchpriority=\"high\" decoding=\"async\" width=\"917\" height=\"242\" src=\"https:\/\/tthcompany.ma\/wp-content\/uploads\/2023\/06\/20180228141613_21944-min.png\" class=\"attachment-large size-large wp-image-23802\" alt=\"Infractions de stationnement\" srcset=\"https:\/\/tthcompany.ma\/wp-content\/uploads\/2023\/06\/20180228141613_21944-min.png 917w, https:\/\/tthcompany.ma\/wp-content\/uploads\/2023\/06\/20180228141613_21944-min-300x79.png 300w, https:\/\/tthcompany.ma\/wp-content\/uploads\/2023\/06\/20180228141613_21944-min-768x203.png 768w, https:\/\/tthcompany.ma\/wp-content\/uploads\/2023\/06\/20180228141613_21944-min-600x158.png 600w\" sizes=\"(max-width: 917px) 100vw, 917px\" \/>\t\t\t\t\t\t\t\t\t\t\t\t\t<\/div>\n\t\t\t\t<\/div>\n\t\t\t\t\t<\/div>\n\t\t<\/div>\n\t\t\t\t\t<\/div>\n\t\t<\/section>\n\t\t\t\t<section class=\"elementor-section elementor-top-section elementor-element elementor-element-9e91ee3 elementor-section-content-middle elementor-section-stretched elementor-section-boxed elementor-section-height-default elementor-section-height-default\" data-id=\"9e91ee3\" data-element_type=\"section\" data-settings=\"{&quot;stretch_section&quot;:&quot;section-stretched&quot;,&quot;background_background&quot;:&quot;classic&quot;}\">\n\t\t\t\t\t\t<div class=\"elementor-container elementor-column-gap-no\">\n\t\t\t\t\t<div class=\"elementor-column elementor-col-50 elementor-top-column elementor-element elementor-element-67915c1\" data-id=\"67915c1\" data-element_type=\"column\">\n\t\t\t<div class=\"elementor-widget-wrap elementor-element-populated\">\n\t\t\t\t\t\t<div class=\"elementor-element elementor-element-de97606 elementor-widget elementor-widget-heading\" data-id=\"de97606\" data-element_type=\"widget\" data-widget_type=\"heading.default\">\n\t\t\t\t<div class=\"elementor-widget-container\">\n\t\t\t<h4 class=\"elementor-heading-title elementor-size-default\">\n<span style=\"color:#131f35\">\nAper\u00e7u du syst\u00e8me\n\n\n\n\n\n<\/span><\/h4>\t\t<\/div>\n\t\t\t\t<\/div>\n\t\t\t\t<div class=\"elementor-element elementor-element-73cbb1a elementor-widget elementor-widget-text-editor\" data-id=\"73cbb1a\" data-element_type=\"widget\" data-widget_type=\"text-editor.default\">\n\t\t\t\t<div class=\"elementor-widget-container\">\n\t\t\t\t\t\t\t<p>\u2022 D\u00e9tails de la solution<\/p><p>Cette illustration montre une cam\u00e9ra \u00e9quip\u00e9e d&#8217;une reconnaissance des plaques d&#8217;immatriculation (LPR), capturant \u00e0 la fois le num\u00e9ro de la plaque d&#8217;immatriculation et une photo couleur du v\u00e9hicule traversant la voie r\u00e9serv\u00e9e aux bus. Le syst\u00e8me t\u00e9l\u00e9charge ensuite les images sur la plateforme CyberCity avec le num\u00e9ro de plaque du v\u00e9hicule. La plateforme commerciale collecte ensuite la liste des v\u00e9hicules \u00e0 partir de CyberCity et v\u00e9rifie s&#8217;ils figurent sur la liste des v\u00e9hicules autoris\u00e9s fournie par la base de donn\u00e9es d&#8217;immatriculation des v\u00e9hicules. Ces enregistrements peuvent ensuite \u00eatre v\u00e9rifi\u00e9s et des contraventions peuvent \u00eatre \u00e9mises apr\u00e8s v\u00e9rification et approbation. Le DSS peut \u00e9galement trier les v\u00e9hicules selon des r\u00e8gles personnalis\u00e9es ou la couleur de la plaque, si elle est fournie.<\/p>\t\t\t\t\t\t<\/div>\n\t\t\t\t<\/div>\n\t\t\t\t\t<\/div>\n\t\t<\/div>\n\t\t\t\t<div class=\"elementor-column elementor-col-50 elementor-top-column elementor-element elementor-element-a534338\" data-id=\"a534338\" data-element_type=\"column\">\n\t\t\t<div class=\"elementor-widget-wrap elementor-element-populated\">\n\t\t\t\t\t\t<div class=\"elementor-element elementor-element-6694c79 elementor-widget elementor-widget-image\" data-id=\"6694c79\" data-element_type=\"widget\" data-widget_type=\"image.default\">\n\t\t\t\t<div class=\"elementor-widget-container\">\n\t\t\t\t\t\t\t\t\t\t\t\t\t<img decoding=\"async\" width=\"275\" height=\"155\" src=\"https:\/\/tthcompany.ma\/wp-content\/uploads\/2023\/06\/03Parking_Violations-min.png\" class=\"attachment-large size-large wp-image-23807\" alt=\"Infractions de stationnement\" \/>\t\t\t\t\t\t\t\t\t\t\t\t\t<\/div>\n\t\t\t\t<\/div>\n\t\t\t\t\t<\/div>\n\t\t<\/div>\n\t\t\t\t\t<\/div>\n\t\t<\/section>\n\t\t\t\t<section class=\"elementor-section elementor-top-section elementor-element elementor-element-47eb71b elementor-section-content-middle elementor-section-stretched elementor-section-boxed elementor-section-height-default elementor-section-height-default\" data-id=\"47eb71b\" data-element_type=\"section\" data-settings=\"{&quot;stretch_section&quot;:&quot;section-stretched&quot;}\">\n\t\t\t\t\t\t<div class=\"elementor-container elementor-column-gap-no\">\n\t\t\t\t\t<div class=\"elementor-column elementor-col-100 elementor-top-column elementor-element elementor-element-89c418a\" data-id=\"89c418a\" data-element_type=\"column\">\n\t\t\t<div class=\"elementor-widget-wrap elementor-element-populated\">\n\t\t\t\t\t\t<div class=\"elementor-element elementor-element-56bfccd elementor-widget elementor-widget-image\" data-id=\"56bfccd\" data-element_type=\"widget\" data-widget_type=\"image.default\">\n\t\t\t\t<div class=\"elementor-widget-container\">\n\t\t\t\t\t\t\t\t\t\t\t\t\t<img decoding=\"async\" width=\"1024\" height=\"183\" src=\"https:\/\/tthcompany.ma\/wp-content\/uploads\/2023\/06\/20180228141640_55184-1024x183.png\" class=\"attachment-large size-large wp-image-23812\" alt=\"\" srcset=\"https:\/\/tthcompany.ma\/wp-content\/uploads\/2023\/06\/20180228141640_55184-1024x183.png 1024w, https:\/\/tthcompany.ma\/wp-content\/uploads\/2023\/06\/20180228141640_55184-300x54.png 300w, https:\/\/tthcompany.ma\/wp-content\/uploads\/2023\/06\/20180228141640_55184-768x137.png 768w, https:\/\/tthcompany.ma\/wp-content\/uploads\/2023\/06\/20180228141640_55184-600x107.png 600w, https:\/\/tthcompany.ma\/wp-content\/uploads\/2023\/06\/20180228141640_55184.png 1102w\" sizes=\"(max-width: 1024px) 100vw, 1024px\" \/>\t\t\t\t\t\t\t\t\t\t\t\t\t<\/div>\n\t\t\t\t<\/div>\n\t\t\t\t<div class=\"elementor-element elementor-element-40d2c6e elementor-widget elementor-widget-text-editor\" data-id=\"40d2c6e\" data-element_type=\"widget\" data-widget_type=\"text-editor.default\">\n\t\t\t\t<div class=\"elementor-widget-container\">\n\t\t\t\t\t\t\t<p>Le syst\u00e8me peut patrouiller dans les rues et les zones pr\u00e9d\u00e9finies afin de d\u00e9tecter les infractions de stationnement. D\u00e8s qu&#8217;un v\u00e9hicule est d\u00e9tect\u00e9 en train de s&#8217;arr\u00eater ou de se garer dans une zone restreinte, un avis de contravention est \u00e9mis. Le proc\u00e8s-verbal de stationnement comprend un ensemble de preuves, notamment des photos du v\u00e9hicule et des images de la plaque d&#8217;immatriculation prises automatiquement par le syst\u00e8me de reconnaissance des plaques d&#8217;immatriculation (LPR).<\/p><p><strong>\u2022 Caract\u00e9ristiques et avantages<\/strong><\/p>\t\t\t\t\t\t<\/div>\n\t\t\t\t<\/div>\n\t\t\t\t<div class=\"elementor-element elementor-element-71e4341 elementor-widget elementor-widget-image\" data-id=\"71e4341\" data-element_type=\"widget\" data-widget_type=\"image.default\">\n\t\t\t\t<div class=\"elementor-widget-container\">\n\t\t\t\t\t\t\t\t\t\t\t\t\t<img loading=\"lazy\" decoding=\"async\" width=\"1024\" height=\"330\" src=\"https:\/\/tthcompany.ma\/wp-content\/uploads\/2023\/06\/20220406114226_55307-min-1024x330.png\" class=\"attachment-large size-large wp-image-23813\" alt=\"\" srcset=\"https:\/\/tthcompany.ma\/wp-content\/uploads\/2023\/06\/20220406114226_55307-min-1024x330.png 1024w, https:\/\/tthcompany.ma\/wp-content\/uploads\/2023\/06\/20220406114226_55307-min-300x97.png 300w, https:\/\/tthcompany.ma\/wp-content\/uploads\/2023\/06\/20220406114226_55307-min-768x247.png 768w, https:\/\/tthcompany.ma\/wp-content\/uploads\/2023\/06\/20220406114226_55307-min-600x193.png 600w, https:\/\/tthcompany.ma\/wp-content\/uploads\/2023\/06\/20220406114226_55307-min.png 1292w\" sizes=\"(max-width: 1024px) 100vw, 1024px\" \/>\t\t\t\t\t\t\t\t\t\t\t\t\t<\/div>\n\t\t\t\t<\/div>\n\t\t\t\t\t<\/div>\n\t\t<\/div>\n\t\t\t\t\t<\/div>\n\t\t<\/section>\n\t\t\t\t<\/div>\n\t\t","protected":false},"excerpt":{"rendered":"<p>Contexte Le stationnement ill\u00e9gal est l&#8217;acte de stationner des v\u00e9hicules dans des zones restreintes telles que les voies de circulation des pompiers, les passages pour pi\u00e9tons, les trottoirs, devant les bornes d&#8217;incendie, etc. Aper\u00e7u du syst\u00e8me \u2022 D\u00e9tails de la solution Cette illustration montre une cam\u00e9ra \u00e9quip\u00e9e d&#8217;une reconnaissance des plaques d&#8217;immatriculation (LPR), capturant \u00e0 [&hellip;]<\/p>\n","protected":false},"author":113,"featured_media":0,"parent":0,"menu_order":0,"comment_status":"closed","ping_status":"closed","template":"","meta":{"om_disable_all_campaigns":false,"_monsterinsights_skip_tracking":false,"_monsterinsights_sitenote_active":false,"_monsterinsights_sitenote_note":"","_monsterinsights_sitenote_category":0,"footnotes":""},"class_list":["post-23794","page","type-page","status-publish","hentry"],"aioseo_notices":[],"_links":{"self":[{"href":"https:\/\/tthcompany.ma\/index.php\/wp-json\/wp\/v2\/pages\/23794","targetHints":{"allow":["GET"]}}],"collection":[{"href":"https:\/\/tthcompany.ma\/index.php\/wp-json\/wp\/v2\/pages"}],"about":[{"href":"https:\/\/tthcompany.ma\/index.php\/wp-json\/wp\/v2\/types\/page"}],"author":[{"embeddable":true,"href":"https:\/\/tthcompany.ma\/index.php\/wp-json\/wp\/v2\/users\/113"}],"replies":[{"embeddable":true,"href":"https:\/\/tthcompany.ma\/index.php\/wp-json\/wp\/v2\/comments?post=23794"}],"version-history":[{"count":15,"href":"https:\/\/tthcompany.ma\/index.php\/wp-json\/wp\/v2\/pages\/23794\/revisions"}],"predecessor-version":[{"id":23816,"href":"https:\/\/tthcompany.ma\/index.php\/wp-json\/wp\/v2\/pages\/23794\/revisions\/23816"}],"wp:attachment":[{"href":"https:\/\/tthcompany.ma\/index.php\/wp-json\/wp\/v2\/media?parent=23794"}],"curies":[{"name":"wp","href":"https:\/\/api.w.org\/{rel}","templated":true}]}}